{"id":28053,"date":"2023-09-21T18:26:43","date_gmt":"2023-09-21T18:26:43","guid":{"rendered":"https:\/\/alex-elec.eu\/?post_type=product&#038;p=28053"},"modified":"2023-09-23T16:54:12","modified_gmt":"2023-09-23T16:54:12","slug":"20-pieds-standard-6m","status":"publish","type":"product","link":"https:\/\/alex-elec.eu\/pt\/product\/20-pieds-standard-6m\/","title":{"rendered":"20 p\u00e9s padr\u00e3o - 6m"},"content":{"rendered":"<p><strong>Contentor normal de 20 p\u00e9s<\/strong><br \/>\nO nosso contentor standard de 20 p\u00e9s \u00e9 o rei do painel intermodal. N\u00e3o \u00e9 de admirar: tem tudo para agradar. Com certifica\u00e7\u00e3o CSC, \u00e9 adequado para o transporte intermodal. Oferece muito espa\u00e7o, mas \u00e9 f\u00e1cil de transportar. Est\u00e1 em conformidade com a norma ISO e pode, por conseguinte, ser empilhado. Gra\u00e7as ao seu piso s\u00f3lido, \u00e9 a melhor solu\u00e7\u00e3o de transporte e armazenamento do mundo.<\/p>\n<p>&nbsp;<\/p>\n<p>Carater\u00edsticas<\/p>\n<ul>\n<li>Certifica\u00e7\u00e3o ISO<\/li>\n<li>Certifica\u00e7\u00e3o CSC<\/li>\n<li>Estanque ao vento e \u00e0 \u00e1gua<\/li>\n<li>Digno de carga<\/li>\n<li>Ch\u00e3o de madeira<\/li>\n<\/ul>\n<p>&nbsp;<\/p>\n<p>Dimens\u00f5es<\/p>\n<table>\n<tbody>\n<tr>\n<th><\/th>\n<th>Dimens\u00f5es exteriores<\/th>\n<th>Dimens\u00f5es interiores<\/th>\n<\/tr>\n<tr>\n<th>Comprimento<\/th>\n<td>6036 mm<\/td>\n<td>5898 mm<\/td>\n<\/tr>\n<tr>\n<th>Largura<\/th>\n<td>2438 mm<\/td>\n<td>2362 mm<\/td>\n<\/tr>\n<tr>\n<th>Altura<\/th>\n<td>2591 mm<\/td>\n<td>2393 mm<\/td>\n<\/tr>\n<tr>\n<th>Tara<\/th>\n<th>Carga \u00fatil m\u00e1xima<\/th>\n<th>MMA<\/th>\n<\/tr>\n<tr>\n<td>2280 kg<\/td>\n<td>28,200 kg<\/td>\n<td>30480 kg<\/td>\n<\/tr>\n<\/tbody>\n<\/table>","protected":false},"excerpt":{"rendered":"<p>Conteneur de 20 pieds standard Notre conteneur de 20 pieds standard est le roi du panel intermodal. Rien d&rsquo;\u00e9tonnant : il a tout pour plaire. Certifi\u00e9 CSC, il est apte au transport intermodal. Il offre plein d&rsquo;espace, tout en \u00e9tant facilement transportable. Il est conforme \u00e0 la norme ISO et donc empilable. Gr\u00e2ce \u00e0 son [&hellip;]<\/p>","protected":false},"featured_media":28055,"comment_status":"open","ping_status":"closed","template":"","meta":{"_monsterinsights_skip_tracking":false,"_monsterinsights_sitenote_active":false,"_monsterinsights_sitenote_note":"","_monsterinsights_sitenote_category":0},"product_cat":[15,101],"product_tag":[],"aioseo_notices":[],"_links":{"self":[{"href":"https:\/\/alex-elec.eu\/pt\/wp-json\/wp\/v2\/product\/28053"}],"collection":[{"href":"https:\/\/alex-elec.eu\/pt\/wp-json\/wp\/v2\/product"}],"about":[{"href":"https:\/\/alex-elec.eu\/pt\/wp-json\/wp\/v2\/types\/product"}],"replies":[{"embeddable":true,"href":"https:\/\/alex-elec.eu\/pt\/wp-json\/wp\/v2\/comments?post=28053"}],"wp:featuredmedia":[{"embeddable":true,"href":"https:\/\/alex-elec.eu\/pt\/wp-json\/wp\/v2\/media\/28055"}],"wp:attachment":[{"href":"https:\/\/alex-elec.eu\/pt\/wp-json\/wp\/v2\/media?parent=28053"}],"wp:term":[{"taxonomy":"product_cat","embeddable":true,"href":"https:\/\/alex-elec.eu\/pt\/wp-json\/wp\/v2\/product_cat?post=28053"},{"taxonomy":"product_tag","embeddable":true,"href":"https:\/\/alex-elec.eu\/pt\/wp-json\/wp\/v2\/product_tag?post=28053"}],"curies":[{"name":"wp","href":"https:\/\/api.w.org\/{rel}","templated":true}]}}