{"id":28051,"date":"2023-09-21T18:24:50","date_gmt":"2023-09-21T18:24:50","guid":{"rendered":"https:\/\/alex-elec.eu\/?post_type=product&#038;p=28051"},"modified":"2023-09-21T18:24:50","modified_gmt":"2023-09-21T18:24:50","slug":"40-pieds-high-cube-122m","status":"publish","type":"product","link":"https:\/\/alex-elec.eu\/pt\/product\/40-pieds-high-cube-122m\/","title":{"rendered":"Cubo de 40 p\u00e9s de altura - 12,2m"},"content":{"rendered":"<p>Contentor-cubo de 40 p\u00e9s de altura<\/p>\n<p><strong>Contentor-cubo de 40 p\u00e9s de altura<\/strong><br \/>\nO nosso contentor-cubo de 40 p\u00e9s de altura oferece um pouco mais de espa\u00e7o. O seu tamanho \u00e9 pr\u00e1tico e confort\u00e1vel. Por isso, n\u00e3o tem de se preocupar se as suas coisas cabem ou n\u00e3o. Conte com este contentor com certifica\u00e7\u00e3o CSC e ISO para um transporte e armazenamento seguros. De facto, \u00e9 um dos mais populares da gama.<\/p>\n<p>&nbsp;<\/p>\n<p>Carater\u00edsticas<\/p>\n<ul>\n<li>Certifica\u00e7\u00e3o ISO<\/li>\n<li>Certifica\u00e7\u00e3o CSC<\/li>\n<li>Estanque ao vento e \u00e0 \u00e1gua<\/li>\n<li>Digno de carga<\/li>\n<li>Ch\u00e3o de madeira<\/li>\n<\/ul>\n<p>&nbsp;<\/p>\n<p>Dimens\u00f5es<\/p>\n<table>\n<tbody>\n<tr>\n<th><\/th>\n<th>Dimens\u00f5es exteriores<\/th>\n<th>Dimens\u00f5es interiores<\/th>\n<\/tr>\n<tr>\n<th>Comprimento<\/th>\n<td>12192 mm<\/td>\n<td>12034 mm<\/td>\n<\/tr>\n<tr>\n<th>Largura<\/th>\n<td>2438 mm<\/td>\n<td>2352 mm<\/td>\n<\/tr>\n<tr>\n<th>Altura<\/th>\n<td>2896 mm<\/td>\n<td>2698 mm<\/td>\n<\/tr>\n<tr>\n<th>Tara<\/th>\n<th>Carga \u00fatil m\u00e1xima<\/th>\n<th>MMA<\/th>\n<\/tr>\n<tr>\n<td>3940 kg<\/td>\n<td>26540 kg<\/td>\n<td>30480 kg<\/td>\n<\/tr>\n<\/tbody>\n<\/table>","protected":false},"excerpt":{"rendered":"<p>Conteneur de 40 pieds high cube Conteneur de 40 pieds high cube Notre conteneur de 40 pieds high cube offre un peu plus d&rsquo;espace. Sa taille est pratique et confortable. Ne vous souciez plus de savoir si vos affaires y entreront ou non. Comptez sur ce conteneur certifi\u00e9 CSC et ISO pour un transport et [&hellip;]<\/p>","protected":false},"featured_media":28052,"comment_status":"open","ping_status":"closed","template":"","meta":{"_monsterinsights_skip_tracking":false,"_monsterinsights_sitenote_active":false,"_monsterinsights_sitenote_note":"","_monsterinsights_sitenote_category":0},"product_cat":[15,101],"product_tag":[],"aioseo_notices":[],"_links":{"self":[{"href":"https:\/\/alex-elec.eu\/pt\/wp-json\/wp\/v2\/product\/28051"}],"collection":[{"href":"https:\/\/alex-elec.eu\/pt\/wp-json\/wp\/v2\/product"}],"about":[{"href":"https:\/\/alex-elec.eu\/pt\/wp-json\/wp\/v2\/types\/product"}],"replies":[{"embeddable":true,"href":"https:\/\/alex-elec.eu\/pt\/wp-json\/wp\/v2\/comments?post=28051"}],"wp:featuredmedia":[{"embeddable":true,"href":"https:\/\/alex-elec.eu\/pt\/wp-json\/wp\/v2\/media\/28052"}],"wp:attachment":[{"href":"https:\/\/alex-elec.eu\/pt\/wp-json\/wp\/v2\/media?parent=28051"}],"wp:term":[{"taxonomy":"product_cat","embeddable":true,"href":"https:\/\/alex-elec.eu\/pt\/wp-json\/wp\/v2\/product_cat?post=28051"},{"taxonomy":"product_tag","embeddable":true,"href":"https:\/\/alex-elec.eu\/pt\/wp-json\/wp\/v2\/product_tag?post=28051"}],"curies":[{"name":"wp","href":"https:\/\/api.w.org\/{rel}","templated":true}]}}