{"id":28046,"date":"2023-09-21T18:23:25","date_gmt":"2023-09-21T18:23:25","guid":{"rendered":"https:\/\/alex-elec.eu\/?post_type=product&#038;p=28046"},"modified":"2023-09-21T18:23:25","modified_gmt":"2023-09-21T18:23:25","slug":"40ft-open-top-high-cube-rebuild-%e2%89%88-122-m","status":"publish","type":"product","link":"https:\/\/alex-elec.eu\/pt\/product\/40ft-open-top-high-cube-rebuild-%e2%89%88-122-m\/","title":{"rendered":"40ft Open Top High Cube Rebuild \u2248 12,2 m"},"content":{"rendered":"<p>Contentor<br \/>\nreconstru\u00e7\u00e3o em cubo de\u00a0<strong>40 p\u00e9s de altura utilizados<\/strong>\u00a0O nosso contentor de reconstru\u00e7\u00e3o cubo de 40 p\u00e9s de altura j\u00e1 teve uma vida atr\u00e1s de si. Come\u00e7ou por ser um contentor de teto r\u00edgido, mas mudou de carreira. Retir\u00e1mos o tejadilho para que possa carreg\u00e1-lo a partir de cima. Estique a lona inclu\u00edda sobre o topo do contentor camale\u00e3o para manter os seus bens seguros e secos. H\u00e1 muito a fazer, uma vez que este contentor cubo de 40 p\u00e9s de altura \u00e9 um p\u00e9 mais alto do que os nossos contentores normais de 40 p\u00e9s. Tem ainda um certificado Lloyds para 18 meses e, depois disso, \u00e9 perfeitamente adequado como contentor de armazenamento. Este contentor est\u00e1 pronto para a sua nova vida: est\u00e1 pronto para este contentor? Compre-o diretamente na nossa loja online.<\/p>\n<p>&nbsp;<\/p>\n<p>Especifica\u00e7\u00f5es<\/p>\n<ul>\n<li>Certifica\u00e7\u00e3o ISO<\/li>\n<li>Certificado CSC<\/li>\n<li>Resistente ao vento e \u00e0 \u00e1gua<\/li>\n<li>Carga digna<\/li>\n<li>Parquet<\/li>\n<\/ul>\n<p>Tamanho<\/p>\n<table>\n<tbody>\n<tr>\n<th><\/th>\n<th>Tamanho externo<\/th>\n<th>Tamanho interno<\/th>\n<\/tr>\n<tr>\n<th>Comprimento<\/th>\n<td>12192 mm<\/td>\n<td>12040 mm<\/td>\n<\/tr>\n<tr>\n<th>Largura<\/th>\n<td>2438 mm<\/td>\n<td>2170 mm<\/td>\n<\/tr>\n<tr>\n<th>Altura<\/th>\n<td>2890 mm<\/td>\n<td>2530 mm<\/td>\n<\/tr>\n<tr>\n<th>Tara<\/th>\n<th>Carga \u00fatil m\u00e1xima<\/th>\n<th>Peso m\u00e1ximo<\/th>\n<\/tr>\n<tr>\n<td>3980 kg<\/td>\n<td>26500 kg<\/td>\n<td>30480 kg<\/td>\n<\/tr>\n<\/tbody>\n<\/table>","protected":false},"excerpt":{"rendered":"<p>Conteneur de reconstruction de cube de\u00a040 pieds de haut usag\u00e9\u00a0Notre conteneur de reconstruction de cube de 40 pieds de haut a d\u00e9j\u00e0 eu une vie derri\u00e8re lui. Il a commenc\u00e9 comme conteneur \u00e0 toit rigide, mais a chang\u00e9 de carri\u00e8re. Nous avons enlev\u00e9 le toit afin que vous puissiez le charger d\u2019en haut. Tendez la [&hellip;]<\/p>","protected":false},"featured_media":28047,"comment_status":"open","ping_status":"closed","template":"","meta":{"_monsterinsights_skip_tracking":false,"_monsterinsights_sitenote_active":false,"_monsterinsights_sitenote_note":"","_monsterinsights_sitenote_category":0},"product_cat":[15,101],"product_tag":[],"aioseo_notices":[],"_links":{"self":[{"href":"https:\/\/alex-elec.eu\/pt\/wp-json\/wp\/v2\/product\/28046"}],"collection":[{"href":"https:\/\/alex-elec.eu\/pt\/wp-json\/wp\/v2\/product"}],"about":[{"href":"https:\/\/alex-elec.eu\/pt\/wp-json\/wp\/v2\/types\/product"}],"replies":[{"embeddable":true,"href":"https:\/\/alex-elec.eu\/pt\/wp-json\/wp\/v2\/comments?post=28046"}],"wp:featuredmedia":[{"embeddable":true,"href":"https:\/\/alex-elec.eu\/pt\/wp-json\/wp\/v2\/media\/28047"}],"wp:attachment":[{"href":"https:\/\/alex-elec.eu\/pt\/wp-json\/wp\/v2\/media?parent=28046"}],"wp:term":[{"taxonomy":"product_cat","embeddable":true,"href":"https:\/\/alex-elec.eu\/pt\/wp-json\/wp\/v2\/product_cat?post=28046"},{"taxonomy":"product_tag","embeddable":true,"href":"https:\/\/alex-elec.eu\/pt\/wp-json\/wp\/v2\/product_tag?post=28046"}],"curies":[{"name":"wp","href":"https:\/\/api.w.org\/{rel}","templated":true}]}}