{"id":28035,"date":"2023-09-21T18:15:18","date_gmt":"2023-09-21T18:15:18","guid":{"rendered":"https:\/\/alex-elec.eu\/?post_type=product&#038;p=28035"},"modified":"2023-09-21T18:15:19","modified_gmt":"2023-09-21T18:15:19","slug":"container-high-cube-pallet-wide-45-pieds-occasion-classe-a","status":"publish","type":"product","link":"https:\/\/alex-elec.eu\/pt\/product\/container-high-cube-pallet-wide-45-pieds-occasion-classe-a\/","title":{"rendered":"Contentor Alto Cubo Palete Largo 45 Pieds Ocasi\u00e3o (Classe A)"},"content":{"rendered":"<p><strong>O contentor High Cube de 45 p\u00e9s utilizado<\/strong>\u00a0\u00e9 adequado para transporte mar\u00edtimo, armazenamento e equipamento. O contentor-cubo de 45 p\u00e9s de altura \u00e9 particularmente resistente, uma vez que toda a sua estrutura em a\u00e7o Corten \u00e9 constitu\u00edda por paredes e calhas laterais em chapa ondulada, sobre as quais \u00e9 colocado um pavimento em contraplacado mar\u00edtimo de 28 mm.<\/p>\n<p>&nbsp;<\/p>\n<p>&nbsp;<\/p>\n<p>Especifica\u00e7\u00f5es t\u00e9cnicas.<\/p>\n<p>Dimens\u00f5es interiores:<\/p>\n<p>- Comprimento: 13,557 mm<br \/>\n- Largura: 2.414 mm<br \/>\n- Altura: 2.690 mm<\/p>\n<p>Dimens\u00f5es exteriores:<\/p>\n<p>- Comprimento: 13,716 mm<br \/>\n- Largura: 2.438 mm<br \/>\n- Altura: 2.896 mm<\/p>\n<p>Dimens\u00f5es da porta:<\/p>\n<p>- Largura: 2 340 mm<br \/>\n- Altura: 2.580 mm<\/p>\n<p>Estrutura: totalmente soldada em CORTEN<\/p>\n<p>Pavimento: contraplacado MARINE de 28 mm<\/p>\n<p>Duas portas robustas abrem para o exterior<br \/>\nFechaduras resistentes com 4 parafusos verticais tipo espagnolette<br \/>\nAs portas abrem-se a 270\u00b0.<\/p>\n<p>Mais informa\u00e7\u00f5es:<\/p>\n<p>- Carga m\u00e1xima: 25,600 kg<br \/>\n- Peso sem carga: 4.820 kg<br \/>\n- Peso m\u00e1ximo: 30,420 kg<\/p>\n<p>&nbsp;<\/p>\n<p>Vantagens :<\/p>\n<p>- Mais 30 cm de altura<br \/>\n- Seguro e estanque<br \/>\n- Armazenamento adicional<br \/>\n- Empilh\u00e1vel at\u00e9 7 alturas<br \/>\n- Instala\u00e7\u00e3o f\u00e1cil e ilimitada<br \/>\n- Estrutura autoportante<br \/>\n- Conformidade com a norma ISO Tipo 42G1 - Grupo ISO 42GP<\/p>\n<p>&nbsp;<\/p>\n<p>A opini\u00e3o do perito :<\/p>\n<p>O contentor mar\u00edtimo de 45 HC abre para fora numa das extremidades e est\u00e1 equipado com uma porta dupla que pode ser fechada com dois parafusos em cada abertura.<br \/>\nTrata-se de uma solu\u00e7\u00e3o multimodal: rodovi\u00e1ria, ferrovi\u00e1ria, mar\u00edtima e por batel\u00e3o. Pode ser transportado e entregue por diferentes modos.<br \/>\nO contentor de 45 p\u00e9s est\u00e1 dispon\u00edvel numa vers\u00e3o de paletes largas, o que lhe confere uma maior largura para aumentar a capacidade de disposi\u00e7\u00e3o ou o n\u00famero de euro-paletes (33 paletes ou 25% de armazenamento adicional).<br \/>\nTodos os nossos novos contentores high cube de 45 p\u00e9s (primeiras viagens) e contentores usados (\u00faltimas viagens) cumprem a norma CSC (Container Safety Certificate - placa CSC), que certifica e garante a estanquicidade dos contentores.<\/p>","protected":false},"excerpt":{"rendered":"<p>Le Container 45 pieds High Cube occasion\u00a0est adapt\u00e9 pour le fret maritime, le stockage et l\u2019am\u00e9nagement. Le conteneur 45 pieds high cube est particuli\u00e8rement r\u00e9sistant car l\u2019int\u00e9gralit\u00e9 de sa structure en acier Corten est compos\u00e9e de parois en t\u00f4le ondul\u00e9e et de longerons sur lequel r\u00e9side un plancher en contreplaqu\u00e9 marine en 28mm. &nbsp; &nbsp; [&hellip;]<\/p>","protected":false},"featured_media":28036,"comment_status":"open","ping_status":"closed","template":"","meta":{"_monsterinsights_skip_tracking":false,"_monsterinsights_sitenote_active":false,"_monsterinsights_sitenote_note":"","_monsterinsights_sitenote_category":0},"product_cat":[15,101],"product_tag":[],"aioseo_notices":[],"_links":{"self":[{"href":"https:\/\/alex-elec.eu\/pt\/wp-json\/wp\/v2\/product\/28035"}],"collection":[{"href":"https:\/\/alex-elec.eu\/pt\/wp-json\/wp\/v2\/product"}],"about":[{"href":"https:\/\/alex-elec.eu\/pt\/wp-json\/wp\/v2\/types\/product"}],"replies":[{"embeddable":true,"href":"https:\/\/alex-elec.eu\/pt\/wp-json\/wp\/v2\/comments?post=28035"}],"wp:featuredmedia":[{"embeddable":true,"href":"https:\/\/alex-elec.eu\/pt\/wp-json\/wp\/v2\/media\/28036"}],"wp:attachment":[{"href":"https:\/\/alex-elec.eu\/pt\/wp-json\/wp\/v2\/media?parent=28035"}],"wp:term":[{"taxonomy":"product_cat","embeddable":true,"href":"https:\/\/alex-elec.eu\/pt\/wp-json\/wp\/v2\/product_cat?post=28035"},{"taxonomy":"product_tag","embeddable":true,"href":"https:\/\/alex-elec.eu\/pt\/wp-json\/wp\/v2\/product_tag?post=28035"}],"curies":[{"name":"wp","href":"https:\/\/api.w.org\/{rel}","templated":true}]}}