{"id":28029,"date":"2023-09-21T18:12:02","date_gmt":"2023-09-21T18:12:02","guid":{"rendered":"https:\/\/alex-elec.eu\/?post_type=product&#038;p=28029"},"modified":"2023-09-21T18:12:02","modified_gmt":"2023-09-21T18:12:02","slug":"container-high-cube-pallet-wide-40-pieds-occasion-classe-b","status":"publish","type":"product","link":"https:\/\/alex-elec.eu\/pt\/product\/container-high-cube-pallet-wide-40-pieds-occasion-classe-b\/","title":{"rendered":"Contentor alto cubo palete largura 40 p\u00e9s usado (classe B)"},"content":{"rendered":"<p><strong>O Contentor alto cubo palete largura 40 p\u00e9s segunda m\u00e3o<\/strong>\u00a0\u00e9 tamb\u00e9m utilizado para armazenamento, constru\u00e7\u00e3o de armaz\u00e9ns e habita\u00e7\u00e3o. O contentor de 40 p\u00e9s \u00e9 particularmente robusto, uma vez que toda a sua estrutura em a\u00e7o Corten \u00e9 composta por paredes em chapa ondulada e calhas laterais sobre as quais \u00e9 colocado um pavimento em contraplacado mar\u00edtimo de 28 mm.<\/p>\n<p>&nbsp;<\/p>\n<p>&nbsp;<\/p>\n<p>Especifica\u00e7\u00f5es t\u00e9cnicas.<\/p>\n<p>Dimens\u00f5es interiores:<\/p>\n<p>- Comprimento: 12,029 mm<br \/>\n- Largura: 2 350 mm<br \/>\n- Altura: 2.690 mm<\/p>\n<p>Dimens\u00f5es exteriores:<\/p>\n<p>- Comprimento:12,192 mm<br \/>\n- Largura: 2.438 mm<br \/>\n- Altura: 2890 mm<\/p>\n<p>Dimens\u00f5es da porta:<\/p>\n<p>- Largura: 2 340 mm<br \/>\n- Altura: 2.580 mm<\/p>\n<p>Estrutura: totalmente soldada em CORTEN<\/p>\n<p>Pavimento: contraplacado MARINE de 28 mm<\/p>\n<p>Duas portas robustas abrem para o exterior<br \/>\nFechaduras resistentes com 4 parafusos verticais tipo espagnolette<br \/>\nAs portas abrem-se a 270\u00b0.<\/p>\n<p>Mais informa\u00e7\u00f5es:<\/p>\n<p>- Carga m\u00e1xima: 26,460 kg<br \/>\n- Peso sem carga: 3.940 kg<br \/>\n- Peso m\u00e1ximo: 30,480 kg<\/p>\n<p>&nbsp;<\/p>\n<p>Vantagens :<\/p>\n<p>-Seguros e estanques<br \/>\n-Armazenamento adicional<br \/>\n-Solu\u00e7\u00e3o multimodal<br \/>\n-Podem ser empilhadas at\u00e9 7 alturas<br \/>\n-Instala\u00e7\u00e3o f\u00e1cil e ilimitada<br \/>\n-Estrutura aut\u00f3noma<br \/>\n-Conformidade com a norma ISO tipo 42G1 - Grupo ISO 42GP<\/p>\n<p>&nbsp;<\/p>\n<p>A opini\u00e3o do perito :<\/p>\n<p>O contentor mar\u00edtimo de 40 p\u00e9s pode ser aberto para fora na extremidade, uma vez que est\u00e1 equipado com uma porta dupla que pode ser fechada por dois parafusos em cada porta.<br \/>\nTrata-se de uma solu\u00e7\u00e3o multimodal, rodovi\u00e1ria, ferrovi\u00e1ria, mar\u00edtima e por barca\u00e7a. Pode ser transportado e entregue por diferentes ve\u00edculos.<br \/>\nTodos os nossos contentores novos (primeiras viagens) e usados (\u00faltimas viagens) est\u00e3o em conformidade com a norma CSC (Container Safety Certificate - placa CSC), que certifica e garante a estanquicidade dos contentores.<\/p>","protected":false},"excerpt":{"rendered":"<p>Le Container high cube pallet wide 40 pieds occasion\u00a0est \u00e9galement utilis\u00e9 pour l\u2019activit\u00e9 de stockage, pour la construction d\u2019entrep\u00f4t et de base de vie. Le conteneur 40 pieds est particuli\u00e8rement r\u00e9sistant, car l\u2019int\u00e9gralit\u00e9 de sa structure en acier Corten est compos\u00e9e de parois en t\u00f4le ondul\u00e9e et de longerons sur lesquels r\u00e9side un plancher en [&hellip;]<\/p>","protected":false},"featured_media":28030,"comment_status":"open","ping_status":"closed","template":"","meta":{"_monsterinsights_skip_tracking":false,"_monsterinsights_sitenote_active":false,"_monsterinsights_sitenote_note":"","_monsterinsights_sitenote_category":0},"product_cat":[15,101],"product_tag":[],"aioseo_notices":[],"_links":{"self":[{"href":"https:\/\/alex-elec.eu\/pt\/wp-json\/wp\/v2\/product\/28029"}],"collection":[{"href":"https:\/\/alex-elec.eu\/pt\/wp-json\/wp\/v2\/product"}],"about":[{"href":"https:\/\/alex-elec.eu\/pt\/wp-json\/wp\/v2\/types\/product"}],"replies":[{"embeddable":true,"href":"https:\/\/alex-elec.eu\/pt\/wp-json\/wp\/v2\/comments?post=28029"}],"wp:featuredmedia":[{"embeddable":true,"href":"https:\/\/alex-elec.eu\/pt\/wp-json\/wp\/v2\/media\/28030"}],"wp:attachment":[{"href":"https:\/\/alex-elec.eu\/pt\/wp-json\/wp\/v2\/media?parent=28029"}],"wp:term":[{"taxonomy":"product_cat","embeddable":true,"href":"https:\/\/alex-elec.eu\/pt\/wp-json\/wp\/v2\/product_cat?post=28029"},{"taxonomy":"product_tag","embeddable":true,"href":"https:\/\/alex-elec.eu\/pt\/wp-json\/wp\/v2\/product_tag?post=28029"}],"curies":[{"name":"wp","href":"https:\/\/api.w.org\/{rel}","templated":true}]}}