{"id":28017,"date":"2023-09-21T18:04:10","date_gmt":"2023-09-21T18:04:10","guid":{"rendered":"https:\/\/alex-elec.eu\/?post_type=product&#038;p=28017"},"modified":"2023-09-21T18:04:10","modified_gmt":"2023-09-21T18:04:10","slug":"container-high-cube-pallet-wide-20-pieds-occasion-classe-c","status":"publish","type":"product","link":"https:\/\/alex-elec.eu\/pt\/product\/container-high-cube-pallet-wide-20-pieds-occasion-classe-c\/","title":{"rendered":"Contentor Alto Cubo Palete Larga 20 Pieds Occasion (Classe C)"},"content":{"rendered":"<p>O\u00a0<strong>contentores de 20 p\u00e9s de altura cubo palete de largura<\/strong>\u00a0est\u00e3o dispon\u00edveis na nossa gama de contentores para venda. O contentor mar\u00edtimo de 20 p\u00e9s c\u00fabicos de altura \u00e9 uma refer\u00eancia no dom\u00ednio dos transportes mar\u00edtimos e \u00e9 frequentemente utilizado para armazenar mercadorias e equipar contentores.<\/p>\n<p>&nbsp;<\/p>\n<p>&nbsp;<\/p>\n<p>Especifica\u00e7\u00f5es t\u00e9cnicas.<\/p>\n<p>Dimens\u00f5es interiores:<\/p>\n<p>- Comprimento: 5.009 mm<br \/>\n- Largura: 2 350 mm<br \/>\n- Altura: 2.690 mm<\/p>\n<p>Dimens\u00f5es exteriores:<\/p>\n<p>- Comprimento: 6.058 mm<br \/>\n- Largura: 2.438 mm<br \/>\n- Altura: 2890 mm<\/p>\n<p>Dimens\u00f5es da porta:<\/p>\n<p>- Largura: 2 340 mm<br \/>\n- Altura: 2.580 mm<\/p>\n<p>Estrutura: totalmente soldada em CORTEN<\/p>\n<p>Pavimento: contraplacado MARINE de 28 mm<\/p>\n<p>Duas portas robustas abrem para o exterior<br \/>\nFechaduras resistentes com 4 parafusos verticais tipo espagnolette<br \/>\nAs portas abrem-se a 270\u00b0.<\/p>\n<p>Mais informa\u00e7\u00f5es:<\/p>\n<p>- Carga m\u00e1xima: 28,250 kg<br \/>\n- Peso sem carga: 2.340 kg<br \/>\n- Peso m\u00e1ximo: 30,480 kg<\/p>\n<p>&nbsp;<\/p>\n<p>Vantagens :<\/p>\n<p>-Mais de 30 cm de altura<br \/>\n-Seguros e estanques<br \/>\n-Armazenamento adicional<br \/>\n-Podem ser empilhadas at\u00e9 7 alturas<br \/>\n-Instala\u00e7\u00e3o f\u00e1cil e ilimitada<br \/>\n-Estrutura aut\u00f3noma<br \/>\n-Conformidade com a norma ISO tipo 42G1 - Grupo ISO 42GP<\/p>\n<p>&nbsp;<\/p>\n<p>A opini\u00e3o do perito :<\/p>\n<p>O contentor mar\u00edtimo de 20 HC abre para fora numa das extremidades e est\u00e1 equipado com uma porta dupla que pode ser fechada com dois parafusos em cada abertura.<br \/>\nTrata-se de uma solu\u00e7\u00e3o multimodal: rodovi\u00e1ria, ferrovi\u00e1ria, mar\u00edtima e por batel\u00e3o. Pode ser transportado e entregue por diferentes modos.<br \/>\nTodos os nossos contentores novos (primeiras viagens) e usados (\u00faltimas viagens) est\u00e3o em conformidade com a norma CSC (Container Safety Certificate - placa CSC), que certifica e garante a estanquicidade dos contentores.<\/p>","protected":false},"excerpt":{"rendered":"<p>Les\u00a0containers 20 pieds high cube pallet wide\u00a0sont disponibles parmi notre gamme de containers \u00e0 vendre. Le container maritime 20 pieds high cube est une v\u00e9ritable r\u00e9f\u00e9rence dans le domaine du transport maritime et tr\u00e8s souvent utilis\u00e9 pour stocker des marchandises et l\u2019am\u00e9nagement de container. &nbsp; &nbsp; Caract\u00e9ristiques techniques. Dimensions int\u00e9rieures: &#8211; Longueur : 5 009 [&hellip;]<\/p>","protected":false},"featured_media":28018,"comment_status":"open","ping_status":"closed","template":"","meta":{"_monsterinsights_skip_tracking":false,"_monsterinsights_sitenote_active":false,"_monsterinsights_sitenote_note":"","_monsterinsights_sitenote_category":0},"product_cat":[15,101],"product_tag":[],"aioseo_notices":[],"_links":{"self":[{"href":"https:\/\/alex-elec.eu\/pt\/wp-json\/wp\/v2\/product\/28017"}],"collection":[{"href":"https:\/\/alex-elec.eu\/pt\/wp-json\/wp\/v2\/product"}],"about":[{"href":"https:\/\/alex-elec.eu\/pt\/wp-json\/wp\/v2\/types\/product"}],"replies":[{"embeddable":true,"href":"https:\/\/alex-elec.eu\/pt\/wp-json\/wp\/v2\/comments?post=28017"}],"wp:featuredmedia":[{"embeddable":true,"href":"https:\/\/alex-elec.eu\/pt\/wp-json\/wp\/v2\/media\/28018"}],"wp:attachment":[{"href":"https:\/\/alex-elec.eu\/pt\/wp-json\/wp\/v2\/media?parent=28017"}],"wp:term":[{"taxonomy":"product_cat","embeddable":true,"href":"https:\/\/alex-elec.eu\/pt\/wp-json\/wp\/v2\/product_cat?post=28017"},{"taxonomy":"product_tag","embeddable":true,"href":"https:\/\/alex-elec.eu\/pt\/wp-json\/wp\/v2\/product_tag?post=28017"}],"curies":[{"name":"wp","href":"https:\/\/api.w.org\/{rel}","templated":true}]}}