{"id":27964,"date":"2023-09-21T17:26:57","date_gmt":"2023-09-21T17:26:57","guid":{"rendered":"https:\/\/alex-elec.eu\/?post_type=product&#038;p=27964"},"modified":"2023-09-21T17:26:57","modified_gmt":"2023-09-21T17:26:57","slug":"container-de-stockage-neuf-15-pieds","status":"publish","type":"product","link":"https:\/\/alex-elec.eu\/pt\/product\/container-de-stockage-neuf-15-pieds\/","title":{"rendered":"Novo contentor de armazenamento de 15 p\u00e9s"},"content":{"rendered":"<p>Le\u00a0<strong>Novo contentor de armazenamento de 15 p\u00e9s<\/strong>\u00a0\u00e9 o modelo anterior ao modelo de 20 p\u00e9s, com uma capacidade de armazenamento de\u00a0<strong>18 m\u00b3<\/strong>\u00a0e 9000 kg, para um peso sem carga de 1400 kg.<\/p>\n<p>&nbsp;<\/p>\n<div>Descri\u00e7\u00e3o<\/div>\n<div>\n<div>\n<p>Contentor de armazenagem 15 p\u00e9s Novo<\/p>\n<p>Os nossos contentores-armaz\u00e9m podem ser utilizados para satisfazer as necessidades de armazenamento em estaleiros de constru\u00e7\u00e3o, armaz\u00e9ns, dep\u00f3sitos exteriores, terrenos agr\u00edcolas ou em casa. Trata-se de contentores-armaz\u00e9m NOVOS, sa\u00eddos diretamente da f\u00e1brica, e n\u00e3o de contentores mar\u00edtimos de \"1\u00aa viagem\" que j\u00e1 partiram.<\/p>\n<p>O nosso contentor de armazenamento de 15 p\u00e9s tem uma estrutura feita de<strong>\u00a0perfis de a\u00e7o, 3 mm de espessura<\/strong>,<strong>\u00a0totalmente soldada<\/strong>. As paredes e o teto s\u00e3o feitos de\u00a0<strong>Chapa laminada com 1,5 mm de espessura<\/strong>\u00a0e o ch\u00e3o \u00e9 feito de\u00a0<strong>madeira maci\u00e7a, 25 mm de espessura<\/strong>\u00e0 prova de humidade. Possui uma aba de prote\u00e7\u00e3o para o cadeado.<\/p>\n<p>O manuseamento \u00e9 poss\u00edvel com estropos ou ganchos de eleva\u00e7\u00e3o gra\u00e7as aos 4 suportes no tejadilho, ou atrav\u00e9s de um empilhador gra\u00e7as \u00e0 passagem de garfos na subestrutura. Os garfos est\u00e3o situados lateralmente, com uma dist\u00e2ncia centro a centro de 90 cm.<\/p>\n<p>Especifica\u00e7\u00f5es t\u00e9cnicas<\/p>\n<p>DIMENS\u00d5ES EXTERNAS<\/p>\n<ul>\n<li>Altura: 225 cm<\/li>\n<li>Largura: 220 cm<\/li>\n<li>Profundidade: 450 cm<\/li>\n<\/ul>\n<p>DIMENS\u00d5ES INTERNAS<\/p>\n<ul>\n<li>Altura: 202 cm<\/li>\n<li>Largura: 207 cm<\/li>\n<li>Profundidade: 430 cm<\/li>\n<\/ul>\n<p>QUADRO<\/p>\n<ul>\n<li>Material: Sec\u00e7\u00f5es de a\u00e7o totalmente soldadas e lacadas<\/li>\n<li>Cor: Branco RAL 9010<\/li>\n<li>Espessura: 3 mm<\/li>\n<li>Manuseamento: 4 tomadas no tejadilho para ganchos de eleva\u00e7\u00e3o. Estrutura inferior com passagem de garfos para empilhador equipado com garfos longos (250 cm).<\/li>\n<\/ul>\n<p>PAREDES E TECTO<\/p>\n<ul>\n<li>Material: chapa de a\u00e7o laminado lacado branco RAL 9010<\/li>\n<li>Espessura: 1,5 mm<\/li>\n<li>Ventila\u00e7\u00e3o: 4 entradas de ar<\/li>\n<\/ul>\n<p>PORTAS<\/p>\n<ul>\n<li>Material: A\u00e7o laminado lacado branco RAL 9010<\/li>\n<li>Localiza\u00e7\u00e3o: em toda a largura<\/li>\n<li>Caixilho: 2<\/li>\n<li>Veda\u00e7\u00e3o: vedantes de borracha preta<\/li>\n<li>Seguran\u00e7a: Aba de prote\u00e7\u00e3o para cadeado<\/li>\n<\/ul>\n<p>PISO<\/p>\n<ul>\n<li>Material: madeira maci\u00e7a resistente \u00e0 humidade<\/li>\n<li>Espessura: 25 mm<\/li>\n<li>Capacidade: 700 kg\/m\u00b2.<\/li>\n<\/ul>\n<p>DESLOCA\u00c7\u00c3O \/ ELEVA\u00c7\u00c3O<\/p>\n<ul>\n<li>Por empilhador: garfos afastados 90 cm na largura<\/li>\n<li>Por grua: 4 sa\u00eddas de tejadilho para ganchos ou lingas de eleva\u00e7\u00e3o<\/li>\n<li>Peso sem carga: 1400 kg<\/li>\n<\/ul>\n<p>CAPACIDADE<\/p>\n<ul>\n<li>Carga: 9000 kg<\/li>\n<li>Volume: 18 m\u00b3<\/li>\n<\/ul>\n<p>Op\u00e7\u00f5es poss\u00edveis<\/p>\n<ul>\n<li>Instala\u00e7\u00e3o el\u00e9ctrica (1 interrutor + 2 luzes de n\u00e9on LED + 2 tomadas, com quadro el\u00e9trico e caixa de deriva\u00e7\u00e3o)<\/li>\n<li>Ch\u00e3o de a\u00e7o<\/li>\n<li>Cores espec\u00edficas (de acordo com a paleta RAL)<\/li>\n<li>Cadeado<\/li>\n<\/ul>\n<\/div>\n<\/div>","protected":false},"excerpt":{"rendered":"<p>Le\u00a0Container de stockage neuf de 15 pieds\u00a0est le mod\u00e8le avant le mod\u00e8le 20 pieds, avec une capacit\u00e9 de stockage de\u00a018 m\u00b3\u00a0et de 9000kg, pour un poids \u00e0 vide de 1400 kg. &nbsp; Description Container de Stockage 15 pieds Neuf Nos containers de stockage permettent de r\u00e9pondre aux besoins de stockage sur les chantiers, dans les [&hellip;]<\/p>","protected":false},"featured_media":27965,"comment_status":"open","ping_status":"closed","template":"","meta":{"_monsterinsights_skip_tracking":false,"_monsterinsights_sitenote_active":false,"_monsterinsights_sitenote_note":"","_monsterinsights_sitenote_category":0},"product_cat":[15,102],"product_tag":[],"aioseo_notices":[],"_links":{"self":[{"href":"https:\/\/alex-elec.eu\/pt\/wp-json\/wp\/v2\/product\/27964"}],"collection":[{"href":"https:\/\/alex-elec.eu\/pt\/wp-json\/wp\/v2\/product"}],"about":[{"href":"https:\/\/alex-elec.eu\/pt\/wp-json\/wp\/v2\/types\/product"}],"replies":[{"embeddable":true,"href":"https:\/\/alex-elec.eu\/pt\/wp-json\/wp\/v2\/comments?post=27964"}],"wp:featuredmedia":[{"embeddable":true,"href":"https:\/\/alex-elec.eu\/pt\/wp-json\/wp\/v2\/media\/27965"}],"wp:attachment":[{"href":"https:\/\/alex-elec.eu\/pt\/wp-json\/wp\/v2\/media?parent=27964"}],"wp:term":[{"taxonomy":"product_cat","embeddable":true,"href":"https:\/\/alex-elec.eu\/pt\/wp-json\/wp\/v2\/product_cat?post=27964"},{"taxonomy":"product_tag","embeddable":true,"href":"https:\/\/alex-elec.eu\/pt\/wp-json\/wp\/v2\/product_tag?post=27964"}],"curies":[{"name":"wp","href":"https:\/\/api.w.org\/{rel}","templated":true}]}}