{"id":27946,"date":"2023-09-21T17:13:51","date_gmt":"2023-09-21T17:13:51","guid":{"rendered":"https:\/\/alex-elec.eu\/?post_type=product&#038;p=27946"},"modified":"2023-09-21T17:13:51","modified_gmt":"2023-09-21T17:13:51","slug":"container-20-pieds-open-side-neuf","status":"publish","type":"product","link":"https:\/\/alex-elec.eu\/pt\/product\/container-20-pieds-open-side-neuf\/","title":{"rendered":"Contentor 20 p\u00e9s lado aberto Novo"},"content":{"rendered":"<p>Le\u00a0<strong>Contentor lateral aberto de 20 p\u00e9s<\/strong>\u00a0 novo. O contentor de 20 p\u00e9s com abertura lateral \u00e9 muito robusto, com a sua estrutura em a\u00e7o corten e cobertura com cadeado, garantindo a seguran\u00e7a dos produtos armazenados.<\/p>\n<p>&nbsp;<\/p>\n<p>&nbsp;<\/p>\n<p>Especifica\u00e7\u00f5es t\u00e9cnicas.<\/p>\n<p>Dimens\u00f5es interiores:<\/p>\n<p>- Comprimento: 5844 mm<br \/>\n- Largura: 2350 mm<br \/>\n- Altura: 2495 mm<\/p>\n<p>Dimens\u00f5es exteriores:<\/p>\n<p>- Comprimento: 6058 mm<br \/>\n- Largura: 2438 mm<br \/>\n- Altura: 2591 mm<\/p>\n<p>Dimens\u00f5es da porta:<\/p>\n<p>- Largura: 2114 mm<br \/>\n- Altura: 2474 mm<\/p>\n<p><strong>Abertura da porta lateral: 5508 mm<\/strong><\/p>\n<p>Estrutura: totalmente soldada em CORTEN<\/p>\n<p>Ch\u00e3o: OSB 22 mm \/ Contraplacado mar\u00edtimo 21 mm \/ Ch\u00e3o de a\u00e7o 3+1 mm<\/p>\n<p>As portas abrem-se a 270\u00b0.<\/p>\n<p>Mais informa\u00e7\u00f5es:<\/p>\n<p>-Peso: 3,400 kg<\/p>\n<p>-Carga m\u00e1xima: 20.100 kg<\/p>\n<p>-Peso m\u00e1ximo: 24,600 kg<\/p>\n<p>&nbsp;<\/p>\n<p>Le\u00a0<strong>Contentor lateral aberto de 20 p\u00e9s<\/strong>\u00a0 1st trip ou tamb\u00e9m conhecido como novo contentor 20' open side. O contentor 20' open side \u00e9 muito robusto com a sua estrutura em a\u00e7o corten e cobertura com cadeado, garantindo a seguran\u00e7a dos produtos armazenados.<\/p>\n<p>&nbsp;<\/p>\n<p>Laterais e frente em chapa de a\u00e7o com ventila\u00e7\u00e3o lateral, porta de duas folhas com barras de fecho. Cantos e bolsas de garfo ISO, estanques e herm\u00e9ticos, ch\u00e3o de madeira sobre travessas de a\u00e7o.<\/p>","protected":false},"excerpt":{"rendered":"<p>Le\u00a0conteneur 20 pieds open side\u00a0 neuf. Le container 20 pieds ouverture lat\u00e9rale est tr\u00e8s robuste avec sa structure en acier corten et son cache cadenas, il vous garantit la s\u00e9curit\u00e9 des produits stock\u00e9. &nbsp; &nbsp; Caract\u00e9ristiques techniques. Dimensions int\u00e9rieures: &#8211; Longueur : 5844 mm &#8211; Largeur :\u00a0 \u00a02350 mm &#8211; Hauteur :\u00a0 \u00a02495 mm Dimensions [&hellip;]<\/p>","protected":false},"featured_media":27947,"comment_status":"open","ping_status":"closed","template":"","meta":{"_monsterinsights_skip_tracking":false,"_monsterinsights_sitenote_active":false,"_monsterinsights_sitenote_note":"","_monsterinsights_sitenote_category":0},"product_cat":[15,102],"product_tag":[],"aioseo_notices":[],"_links":{"self":[{"href":"https:\/\/alex-elec.eu\/pt\/wp-json\/wp\/v2\/product\/27946"}],"collection":[{"href":"https:\/\/alex-elec.eu\/pt\/wp-json\/wp\/v2\/product"}],"about":[{"href":"https:\/\/alex-elec.eu\/pt\/wp-json\/wp\/v2\/types\/product"}],"replies":[{"embeddable":true,"href":"https:\/\/alex-elec.eu\/pt\/wp-json\/wp\/v2\/comments?post=27946"}],"wp:featuredmedia":[{"embeddable":true,"href":"https:\/\/alex-elec.eu\/pt\/wp-json\/wp\/v2\/media\/27947"}],"wp:attachment":[{"href":"https:\/\/alex-elec.eu\/pt\/wp-json\/wp\/v2\/media?parent=27946"}],"wp:term":[{"taxonomy":"product_cat","embeddable":true,"href":"https:\/\/alex-elec.eu\/pt\/wp-json\/wp\/v2\/product_cat?post=27946"},{"taxonomy":"product_tag","embeddable":true,"href":"https:\/\/alex-elec.eu\/pt\/wp-json\/wp\/v2\/product_tag?post=27946"}],"curies":[{"name":"wp","href":"https:\/\/api.w.org\/{rel}","templated":true}]}}