{"id":27893,"date":"2023-09-21T12:24:50","date_gmt":"2023-09-21T12:24:50","guid":{"rendered":"https:\/\/alex-elec.eu\/?post_type=product&#038;p=27893"},"modified":"2023-09-21T12:24:50","modified_gmt":"2023-09-21T12:24:50","slug":"container-flat-40-neuf","status":"publish","type":"product","link":"https:\/\/alex-elec.eu\/pt\/product\/container-flat-40-neuf\/","title":{"rendered":"Contentor Flat 40 Novo"},"content":{"rendered":"<p><strong>Contentores planos de 40 p\u00e9s<\/strong>\u00a0est\u00e3o dispon\u00edveis com paredes terminais fixas ou dobr\u00e1veis. S\u00e3o utilizados para transportar cargas pesadas.<\/p>\n<p>Os contentores s\u00e3o meticulosamente controlados antes da entrega e t\u00eam uma data CSC v\u00e1lida, garantindo a qualidade e a seguran\u00e7a das normas internacionais;<\/p>\n<p>Os contentores podem ser expedidos para todo o mundo.<\/p>\n<p>&nbsp;<\/p>\n<p>&nbsp;<\/p>\n<p>Especifica\u00e7\u00f5es t\u00e9cnicas.<\/p>\n<p>Dimens\u00f5es interiores:<\/p>\n<p>- Comprimento: 11.650 mm<br \/>\n- Largura: 2 350 mm<br \/>\n- Altura: 1.960 mm<\/p>\n<p>Dimens\u00f5es exteriores:<\/p>\n<p>- Comprimento: 12,192 mm<br \/>\n- Largura: 2.438 mm<br \/>\n- Altura: 2.591 mm<\/p>\n<p>Mais informa\u00e7\u00f5es:<\/p>\n<p>-Capacidade de carga: 44.650 kg<\/p>\n<p>&nbsp;<\/p>\n<p>Vantagens :<\/p>\n<p>- Dedicado a equipamento normalizado de grandes dimens\u00f5es<\/p>\n<p>- Cargas pesadas at\u00e9 50 toneladas<br \/>\n- Feito para importa\u00e7\u00e3o-exporta\u00e7\u00e3o<br \/>\n- Solu\u00e7\u00e3o multimodal<br \/>\n- Transporte f\u00e1cil e ilimitado<br \/>\n&nbsp;<\/p>\n<p>A opini\u00e3o do perito :<\/p>\n<p>O contentor mar\u00edtimo 40 Flat \u00e9 utilizado para o carregamento de mercadorias volumosas, tais como ve\u00edculos, toros, m\u00e1quinas agr\u00edcolas, maquinaria pesada, equipamento mineiro, tanques de armazenamento, bobinas de tubos, bobinas de cabos, bobinas de a\u00e7o, etc.<\/p>\n<p>O contentor plano \u00e9 feito para si, uma vez que ultrapassa a largura e a altura normais e \u00e9 imperme\u00e1vel aos elementos.<\/p>\n<p>O contentor Flat apresenta-se em 3 formas:<\/p>\n<p>O contentor de 40 p\u00e9s Plataforma plana: Plataformas simples com garfos para manusear o contentor.<\/p>\n<p>O contentor Flat Fix Hands de 40 p\u00e9s: Plataformas com 4 postes ou duas paredes fixas com cantos iso.<\/p>\n<p>Contentor dobr\u00e1vel Flat Rack de 40 p\u00e9s: Plataformas com 2 paredes amov\u00edveis e incorporadas. Trata-se de uma solu\u00e7\u00e3o ideal para armazenar um grande n\u00famero de contentores planos num espa\u00e7o reduzido.<\/p>\n<p>\u00c9 particularmente forte porque toda a sua estrutura \u00e9 feita de a\u00e7o Corten. N\u00e3o tem paredes, exceto nos lados de alguns produtos. O ch\u00e3o \u00e9 feito de chapa met\u00e1lica refor\u00e7ada ou de madeira.<\/p>\n<p>Trata-se de uma solu\u00e7\u00e3o multimodal, rodovi\u00e1ria, ferrovi\u00e1ria, mar\u00edtima e por batel\u00e3o. Pode ser transportado e entregue por diferentes meios.<\/p>","protected":false},"excerpt":{"rendered":"<p>Les Containers flat 40 pieds\u00a0existent avec des parois d&rsquo;extr\u00e9mit\u00e9 fixes ou rabattables. Ils sont utilis\u00e9s pour empoter des cargaisons lourdes. Les conteneurs sont minutieusement contr\u00f4l\u00e9s avant la livraison et qu&rsquo;ils ont un CSC-date valide, ce qui garantit la qualit\u00e9 et la s\u00e9curit\u00e9 des normes internationales; Les conteneurs peuvent \u00eatre exp\u00e9di\u00e9s dans le monde entier. &nbsp; [&hellip;]<\/p>","protected":false},"featured_media":27894,"comment_status":"open","ping_status":"closed","template":"","meta":{"_monsterinsights_skip_tracking":false,"_monsterinsights_sitenote_active":false,"_monsterinsights_sitenote_note":"","_monsterinsights_sitenote_category":0},"product_cat":[15,102],"product_tag":[],"aioseo_notices":[],"_links":{"self":[{"href":"https:\/\/alex-elec.eu\/pt\/wp-json\/wp\/v2\/product\/27893"}],"collection":[{"href":"https:\/\/alex-elec.eu\/pt\/wp-json\/wp\/v2\/product"}],"about":[{"href":"https:\/\/alex-elec.eu\/pt\/wp-json\/wp\/v2\/types\/product"}],"replies":[{"embeddable":true,"href":"https:\/\/alex-elec.eu\/pt\/wp-json\/wp\/v2\/comments?post=27893"}],"wp:featuredmedia":[{"embeddable":true,"href":"https:\/\/alex-elec.eu\/pt\/wp-json\/wp\/v2\/media\/27894"}],"wp:attachment":[{"href":"https:\/\/alex-elec.eu\/pt\/wp-json\/wp\/v2\/media?parent=27893"}],"wp:term":[{"taxonomy":"product_cat","embeddable":true,"href":"https:\/\/alex-elec.eu\/pt\/wp-json\/wp\/v2\/product_cat?post=27893"},{"taxonomy":"product_tag","embeddable":true,"href":"https:\/\/alex-elec.eu\/pt\/wp-json\/wp\/v2\/product_tag?post=27893"}],"curies":[{"name":"wp","href":"https:\/\/api.w.org\/{rel}","templated":true}]}}