{"id":27879,"date":"2023-09-21T10:46:54","date_gmt":"2023-09-21T10:46:54","guid":{"rendered":"https:\/\/alex-elec.eu\/?post_type=product&#038;p=27879"},"modified":"2023-09-21T10:46:54","modified_gmt":"2023-09-21T10:46:54","slug":"container-de-stockage-de-20-pieds-avec-ouverture-porte-garage-sectionnelle","status":"publish","type":"product","link":"https:\/\/alex-elec.eu\/pt\/product\/container-de-stockage-de-20-pieds-avec-ouverture-porte-garage-sectionnelle\/","title":{"rendered":"Contentor de armazenagem de 20 p\u00e9s com abertura de porta de garagem seccionada"},"content":{"rendered":"<p>Este contentor de armazenamento \u00e9 uma solu\u00e7\u00e3o pr\u00e1tica e econ\u00f3mica para o armazenamento tempor\u00e1rio e o transporte de materiais e equipamento.<\/p>\n<p>Foi concebido para se adaptar a uma s\u00e9rie de utiliza\u00e7\u00f5es diferentes e pode ser colocado no interior ou no exterior. Este tipo de contentor de armazenamento pode ser utilizado tanto para armazenamento a curto como a longo prazo.<\/p>\n<p>Resistente \u00e0 neve do solo Sk 2,5 kN\/m\u00b2.<\/p>\n<ul>\n<li><strong>Manuseamento :<\/strong>\u00a0por grua ou elevador de mercadorias<\/li>\n<li><strong>Tipo de pavimento :<\/strong>\u00a0Contraplacado lacado com 21 mm de espessura<\/li>\n<li><strong>Bolsas de garfo centradas :<\/strong>\u00a02050 mm de comprimento<\/li>\n<li><strong>Peso :<\/strong>\u00a01226 kg<\/li>\n<li><strong>Dimens\u00f5es exteriores :<\/strong>\u00a06058 x 2438 x 2591 mm<\/li>\n<\/ul>\n<p>Informa\u00e7\u00f5es sobre portas seccionadas de garagem<\/p>\n<p>Pintura cat\u00f3dica por imers\u00e3o (tom cinzento) com uma espessura m\u00e9dia de 20\u03bcm (min. 15\u03bcm).<\/p>\n<p>Tinta em p\u00f3 secund\u00e1ria \u00e0 base de poli\u00e9ster de alta qualidade (qualidade de fachada) com uma espessura m\u00e9dia de 70 \u03bcm (m\u00edn. 60\u03bcm).<\/p>\n<p>Elevada resist\u00eancia \u00e0 corros\u00e3o e aos raios UV.<\/p>\n<ul>\n<li><strong>Cor do port\u00e3o seccionado de garagem :<\/strong>\u00a0RAL 9010 branco puro<\/li>\n<li><strong>Como encomendar:<\/strong>\u00a0Controlo manual<\/li>\n<\/ul>\n<p>Mais informa\u00e7\u00f5es<\/p>\n<ul>\n<li><strong>Cor do recipiente :<\/strong>\u00a0RAL 9010 branco puro<\/li>\n<li><strong>Constru\u00e7\u00e3o do quadro :<\/strong>\u00a0Sec\u00e7\u00f5es de a\u00e7o soldadas de 2 - 3 mm<\/li>\n<li><strong>Carga \u00fatil m\u00e1xima :<\/strong>\u00a010000 kg<\/li>\n<li><strong>Volume de carga :<\/strong>\u00a015,76 m\u00b3<\/li>\n<\/ul>\n<p>Os contentores devem ser empilhados em 3 n\u00edveis, respeitando as instru\u00e7\u00f5es e as cargas m\u00e1ximas.<\/p>","protected":false},"excerpt":{"rendered":"<p>Ce Conteneur de Stockage est une solution pratique et peu co\u00fbteuse pour le stockage temporaire et le transport des mat\u00e9riaux et des \u00e9quipements Il est con\u00e7u pour s&rsquo;adapter \u00e0 un certain nombre d&rsquo;utilisations diff\u00e9rentes et peut \u00eatre plac\u00e9 \u00e0 l&rsquo;int\u00e9rieur ou \u00e0 l&rsquo;ext\u00e9rieur. Ce type de conteneur de stockage peut \u00eatre utilis\u00e9 pour le stockage [&hellip;]<\/p>","protected":false},"featured_media":27880,"comment_status":"open","ping_status":"closed","template":"","meta":{"_monsterinsights_skip_tracking":false,"_monsterinsights_sitenote_active":false,"_monsterinsights_sitenote_note":"","_monsterinsights_sitenote_category":0},"product_cat":[15,102],"product_tag":[],"aioseo_notices":[],"_links":{"self":[{"href":"https:\/\/alex-elec.eu\/pt\/wp-json\/wp\/v2\/product\/27879"}],"collection":[{"href":"https:\/\/alex-elec.eu\/pt\/wp-json\/wp\/v2\/product"}],"about":[{"href":"https:\/\/alex-elec.eu\/pt\/wp-json\/wp\/v2\/types\/product"}],"replies":[{"embeddable":true,"href":"https:\/\/alex-elec.eu\/pt\/wp-json\/wp\/v2\/comments?post=27879"}],"wp:featuredmedia":[{"embeddable":true,"href":"https:\/\/alex-elec.eu\/pt\/wp-json\/wp\/v2\/media\/27880"}],"wp:attachment":[{"href":"https:\/\/alex-elec.eu\/pt\/wp-json\/wp\/v2\/media?parent=27879"}],"wp:term":[{"taxonomy":"product_cat","embeddable":true,"href":"https:\/\/alex-elec.eu\/pt\/wp-json\/wp\/v2\/product_cat?post=27879"},{"taxonomy":"product_tag","embeddable":true,"href":"https:\/\/alex-elec.eu\/pt\/wp-json\/wp\/v2\/product_tag?post=27879"}],"curies":[{"name":"wp","href":"https:\/\/api.w.org\/{rel}","templated":true}]}}