{"id":27869,"date":"2023-09-21T10:35:51","date_gmt":"2023-09-21T10:35:51","guid":{"rendered":"https:\/\/alex-elec.eu\/?post_type=product&#038;p=27869"},"modified":"2023-09-21T10:35:51","modified_gmt":"2023-09-21T10:35:51","slug":"container-car-box-20%e2%80%b2","status":"publish","type":"product","link":"https:\/\/alex-elec.eu\/pt\/product\/container-car-box-20%e2%80%b2\/","title":{"rendered":"Contentor CAR-BOX 20\u2032"},"content":{"rendered":"<ul>\n<li>Tipo : Contentores<\/li>\n<li>Dimens\u00e3o: 6,05 metros (20\u2032)<\/li>\n<li>Type de container :\u00a0Atelier<\/li>\n<\/ul>\n<p>&nbsp;<\/p>\n<p>Base produit:\u00a0Container maritime \/ stockage<br \/>\n<strong>Modelo:<\/strong>\u00a020\u2032 CAR-BOX<br \/>\n<strong>Estado:<\/strong>\u00a01\u00aa viagem*<br \/>\nDimensions ext\u00e9rieures:\u00a0L.6.058 x l.2.438 x H.2.591 m<br \/>\nDimensions int\u00e9rieures:\u00a0L.5.900 x l.2.350 x H.2.390 m<br \/>\n<strong>Refer\u00eancia:\u00a0<\/strong>DEVCARBOX<br \/>\nPoids \u00e0 vide:\u00a02300 kg<br \/>\nVolume:\u00a033 m3<br \/>\nSurface:\u00a014m2<\/p>\n<p>&nbsp;<\/p>\n<p>EQUIPEMENTS \/ AMENAGEMENTS<\/p>\n<p>\u2013 Ouverture 3 faces<br \/>\n\u2013 Encadrement des ouvertures<br \/>\n\u2013 1 rev\u00eatement de sol acier<br \/>\n- Pintar os elementos modificados<br \/>\n\u2013 Pr\u00e9-\u00e9quipement \u00e9lectrique (\u00e0 raccorder et \u00e0 prot\u00e9ger par le client)<br \/>\n\u2013 7 Rampes led LED multicolores avec 1 t\u00e9l\u00e9commande<br \/>\n\u2013 Traitement des surfaces D\u00e9coup\u00e9es en PLEXIGLASS 8mm<br \/>\n\u2013 Traitement des surfaces en panneaux alu 3mm (hors portes et toit)<\/p>","protected":false},"excerpt":{"rendered":"<p>Type :\u00a0Containers Dimension :\u00a06.05 m\u00e8tres (20&prime;) Type de container :\u00a0Atelier &nbsp; Base produit:\u00a0Container maritime \/ stockage Mod\u00e8le:\u00a020\u2032 CAR-BOX Etat:\u00a01er Voyage* Dimensions ext\u00e9rieures:\u00a0L.6.058 x l.2.438 x H.2.591 m Dimensions int\u00e9rieures:\u00a0L.5.900 x l.2.350 x H.2.390 m R\u00e9f\u00e9rence:\u00a0DEVCARBOX Poids \u00e0 vide:\u00a02300 kg Volume:\u00a033 m3 Surface:\u00a014m2 &nbsp; EQUIPEMENTS \/ AMENAGEMENTS \u2013 Ouverture 3 faces \u2013 Encadrement des ouvertures \u2013 [&hellip;]<\/p>","protected":false},"featured_media":27870,"comment_status":"open","ping_status":"closed","template":"","meta":{"_monsterinsights_skip_tracking":false,"_monsterinsights_sitenote_active":false,"_monsterinsights_sitenote_note":"","_monsterinsights_sitenote_category":0},"product_cat":[15,102],"product_tag":[],"aioseo_notices":[],"_links":{"self":[{"href":"https:\/\/alex-elec.eu\/pt\/wp-json\/wp\/v2\/product\/27869"}],"collection":[{"href":"https:\/\/alex-elec.eu\/pt\/wp-json\/wp\/v2\/product"}],"about":[{"href":"https:\/\/alex-elec.eu\/pt\/wp-json\/wp\/v2\/types\/product"}],"replies":[{"embeddable":true,"href":"https:\/\/alex-elec.eu\/pt\/wp-json\/wp\/v2\/comments?post=27869"}],"wp:featuredmedia":[{"embeddable":true,"href":"https:\/\/alex-elec.eu\/pt\/wp-json\/wp\/v2\/media\/27870"}],"wp:attachment":[{"href":"https:\/\/alex-elec.eu\/pt\/wp-json\/wp\/v2\/media?parent=27869"}],"wp:term":[{"taxonomy":"product_cat","embeddable":true,"href":"https:\/\/alex-elec.eu\/pt\/wp-json\/wp\/v2\/product_cat?post=27869"},{"taxonomy":"product_tag","embeddable":true,"href":"https:\/\/alex-elec.eu\/pt\/wp-json\/wp\/v2\/product_tag?post=27869"}],"curies":[{"name":"wp","href":"https:\/\/api.w.org\/{rel}","templated":true}]}}