{"id":27822,"date":"2023-09-21T08:17:00","date_gmt":"2023-09-21T08:17:00","guid":{"rendered":"https:\/\/alex-elec.eu\/?post_type=product&#038;p=27822"},"modified":"2023-09-21T08:17:00","modified_gmt":"2023-09-21T08:17:00","slug":"bloc-sanitaire-sd1-neuf-avec-wc-douche-et-lave-mains","status":"publish","type":"product","link":"https:\/\/alex-elec.eu\/pt\/product\/bloc-sanitaire-sd1-neuf-avec-wc-douche-et-lave-mains\/","title":{"rendered":"Novo bloco sanit\u00e1rio SD1 com WC, duche e lavat\u00f3rio"},"content":{"rendered":"<p>Le\u00a0<strong>unidade sanit\u00e1ria SD1 s\u00e9rie standard<\/strong>\u00a0\u00e9 um m\u00f3dulo sanit\u00e1rio com um WC com lavat\u00f3rio e uma cabina de duche.<\/p>\n<p>&nbsp;<\/p>\n<div>\n<div>Descri\u00e7\u00e3o<\/div>\n<div>\n<div>\n<p>SD1 Unidade sanit\u00e1ria padr\u00e3o Novo<\/p>\n<p>As nossas unidades sanit\u00e1rias respondem \u00e0s necessidades de instala\u00e7\u00f5es sanit\u00e1rias nos estaleiros, nos armaz\u00e9ns, nos restaurantes, nos parques de campismo ou nos espa\u00e7os p\u00fablicos. S\u00e3o concebidas para todos os tipos de entidades que necessitam de instalar rapidamente instala\u00e7\u00f5es sanit\u00e1rias no seu local de trabalho: autarquias, empresas, associa\u00e7\u00f5es. As unidades sanit\u00e1rias modulares podem ser instaladas muito rapidamente, a um pre\u00e7o muito competitivo, em compara\u00e7\u00e3o com uma solu\u00e7\u00e3o de constru\u00e7\u00e3o convencional.<\/p>\n<p>A nossa unidade sanit\u00e1ria SD1 \u00e9 um m\u00f3dulo sanit\u00e1rio com duas portas, uma abrindo para a outra.\u00a0<strong>uma zona de WC com lavat\u00f3rio<\/strong>o outro com vista para\u00a0<strong>uma zona de duche<\/strong>Tem quatro pernas na base. Tem quatro pernas de 16 cm na base.<\/p>\n<p><strong>O prazo de entrega deste m\u00f3dulo \u00e9 de, no m\u00e1ximo, 3 semanas a partir da data da encomenda.<\/strong>porque \u00e9 detido em stock<strong>.<\/strong>\u00a0Este m\u00f3dulo n\u00e3o pode ser modificado, mas tamb\u00e9m est\u00e1 dispon\u00edvel numa configura\u00e7\u00e3o com duas sanitas: unidade sanit\u00e1ria SS1<\/p>\n<p>A nossa s\u00e9rie standard corresponde ao nosso primeiro n\u00edvel de acabamento: estrutura standard e isolamento standard.<\/p>\n<p>Se necess\u00e1rio, este m\u00f3dulo pode ser produzido no nosso \"\u00a0<strong>Refor\u00e7ado<\/strong>\u00a0\"ou\u00a0<strong>Isoplus<\/strong>\" . Neste caso, o isolamento t\u00e9rmico e ac\u00fastico ser\u00e1 mais eficaz, mas o prazo de entrega ser\u00e1 mais longo.<\/p>\n<p><strong>As nossas casas de banho s\u00e3o montadas em Fran\u00e7a.<\/strong><\/p>\n<p>Descri\u00e7\u00e3o da nova unidade sanit\u00e1ria da s\u00e9rie \"Standard\" SD1<\/p>\n<p>O m\u00f3vel sanit\u00e1rio SD1 Standard tem uma estrutura em a\u00e7o galvanizado, lacado a cinzento claro RAL 9002.<\/p>\n<p>O perfil do telhado \u00e9 em a\u00e7o galvanizado lacado RAL 9002 cinzento claro,\u00a0<strong>espessura 1,5 mm - altura 154 mm<\/strong>com 4 pontos de lingagem para desloca\u00e7\u00e3o por grua.<\/p>\n<p>Os perfis de base s\u00e3o em a\u00e7o galvanizado, lacado a cinzento claro RAL 9002,\u00a0<strong>espessura 1,5 mm - altura 80 mm<\/strong>com 4 p\u00e9s de 16 cm na base.<\/p>\n<p>O telhado \u00e9 feito de pain\u00e9is em sandu\u00edche de espuma r\u00edgida de poliuretano<strong>30 mm de espessura,\u00a0<\/strong>Euroclasse Cs3d0. A cobertura do telhado \u00e9 feita de a\u00e7o galvanizado ondulado com drenagem de \u00e1guas pluviais na parte traseira.<\/p>\n<p>As paredes e divis\u00f3rias s\u00e3o feitas de pain\u00e9is em sandu\u00edche de espuma r\u00edgida de poliuretano,<strong>\u00a040 mm de espessura\u00a0<\/strong>(cinzento claro RAL 9002), Euroclasse Cs3d0.<\/p>\n<p>O ch\u00e3o \u00e9 feito de pain\u00e9is de aglomerado repelentes de \u00e1gua\u00a0<strong>18 mm de espessura<\/strong>com um revestimento em PVC.<\/p>\n<p>Caixilharia de alum\u00ednio lacado branco RAL 9010<\/p>\n<p>A unidade sanit\u00e1ria standard SD1 est\u00e1 equipada com duas portas maci\u00e7as de 78 x 220 cm (64 cm de passagem) com duas clarab\u00f3ias de 58 x 58 cm, de vidro simples.<\/p>\n<p>Equipamento sanit\u00e1rio conect\u00e1vel<\/p>\n<p>O WC tem uma sanita de descarga em cer\u00e2mica com um autoclismo em PVC, um suporte para papel higi\u00e9nico e um lavat\u00f3rio em PVC de 46 cm com torneira de \u00e1gua fria\/quente e espelho.<\/p>\n<p>A \u00e1rea de duche tem um chuveiro de cer\u00e2mica de 90 x 70 cm com cabe\u00e7a de chuveiro, torneira misturadora, saboneteira e cortina de PVC.<\/p>\n<p>A entrada de \u00e1gua est\u00e1 na parede (A) e os drenos est\u00e3o debaixo do ch\u00e3o, ligados numa \u00fanica sa\u00edda (E).<\/p>\n<p>Instala\u00e7\u00e3o el\u00e9ctrica de 220 V<\/p>\n<p>A unidade sanit\u00e1ria SD1 inclui um interrutor, um candeeiro de teto LED, um esquentador de 50 litros, um quadro el\u00e9trico com inter-diferencial e disjuntores (6 KW m\u00e1ximo) e uma caixa de deriva\u00e7\u00e3o externa.<\/p>\n<p>Especifica\u00e7\u00f5es t\u00e9cnicas<\/p>\n<p>DIMENS\u00d5ES<\/p>\n<ul>\n<li>Altura exterior: 256 cm<\/li>\n<li>Altura interior: 220 cm<\/li>\n<li>Largura: 242 cm<\/li>\n<li>Profundidade: 118 cm<\/li>\n<\/ul>\n<p>QUADRO<\/p>\n<ul>\n<li>Material: A\u00e7o galvanizado e lacado<\/li>\n<li>Cor: Cinzento claro RAL 9002<\/li>\n<li>Espessura: 1,5 mm<\/li>\n<li>Base: altura 80 mm<\/li>\n<li>Teto: 154 mm de altura<\/li>\n<li>Manuseamento: 4 tomadas no telhado para ganchos de eleva\u00e7\u00e3o. Pode ser utilizado um empilhador gra\u00e7as aos 4 p\u00e9s que elevam a subestrutura, tendo cuidado com a tubagem (ajustando a dist\u00e2ncia entre os garfos).<\/li>\n<\/ul>\n<p>JUN\u00c7\u00c3O<\/p>\n<ul>\n<li>Material: Alum\u00ednio lacado branco RAL 9010<\/li>\n<li>Porta(s): 2 portas maci\u00e7as, dim. 78 x 220 cm (64 cm de passagem)<\/li>\n<li>Janela(s): 2 vasistas, tamanho 58 x 58 cm, vidro simples moldado nas portas<\/li>\n<\/ul>\n<p>PAREDES, DIVIS\u00d3RIAS E TECTO<\/p>\n<ul>\n<li>Material: Pain\u00e9is tipo sandu\u00edche<\/li>\n<li>Isolamento: Espuma r\u00edgida de poliuretano<\/li>\n<li>Espessura das paredes e divis\u00f3rias: 40 mm<\/li>\n<li>Espessura do telhado: 30 mm<\/li>\n<li>Telhado: Chapa de a\u00e7o galvanizado Ondas gregas<\/li>\n<li>Cor da parede: Cinzento claro RAL 9002<\/li>\n<\/ul>\n<p>PISO<\/p>\n<ul>\n<li>Estrutura: aglomerado de part\u00edculas repelente de \u00e1gua<\/li>\n<li>Espessura: 18 mm<\/li>\n<li>Revestimento : PVC<\/li>\n<\/ul>\n<p>INSTALA\u00c7\u00c3O SANIT\u00c1RIA<\/p>\n<ul>\n<li>1 lavat\u00f3rio em PVC de 46 cm com torneira de \u00e1gua fria\/quente e espelho<\/li>\n<li>1 WC de descarga de cer\u00e2mica com autoclismo em PVC e suporte para papel higi\u00e9nico<\/li>\n<li>1 chuveiro cer\u00e2mico de 90 x 70 cm com cabe\u00e7a de chuveiro, torneira misturadora, saboneteira e cortina em PVC<\/li>\n<li>Entrada de \u00e1gua montada na parede (A) e drenos de pavimento ligados numa \u00fanica sa\u00edda (E)<\/li>\n<\/ul>\n<p>ELECTRICIDADE<\/p>\n<ul>\n<li>Ilumina\u00e7\u00e3o: 1 interrutor + 1 candeeiro de teto LED de 7,5 w<\/li>\n<li>\u00c1gua quente: 1 aquecedor de \u00e1gua de 50 L<\/li>\n<li>Quadro: 1 quadro el\u00e9trico incluindo inter-diferencial e disjuntores<\/li>\n<li>Liga\u00e7\u00e3o: 1 caixa de deriva\u00e7\u00e3o externa<\/li>\n<\/ul>\n<p>Op\u00e7\u00f5es poss\u00edveis<\/p>\n<ul>\n<li>Aquecedor el\u00e9trico com ventilador<\/li>\n<li>Vidros duplos<\/li>\n<li>4 tubos de queda de \u00e1guas pluviais<\/li>\n<li>Pavimento em PVC resistente em vez de pavimento normal, imita\u00e7\u00e3o de parquet ou ladrilho em PVC<\/li>\n<li>Pain\u00e9is lisos, pain\u00e9is alimentares, pain\u00e9is \u00e0 prova de fogo ou pain\u00e9is de l\u00e3 de rocha<\/li>\n<li>Tomadas el\u00e9ctricas<\/li>\n<li>Tomadas el\u00e9ctricas<\/li>\n<li>Extrator de ar de 90m3\/h com interrutor<\/li>\n<li>Pavimento em pain\u00e9is de cimento-madeira com 16 mm de espessura<\/li>\n<li>Estrutura inferior refor\u00e7ada (altura de 160 mm) com passagem de garfos (dist\u00e2ncia entre centros de 90 cm) para a desloca\u00e7\u00e3o de empilhadores sem risco para a tubagem<\/li>\n<li>Base sobre patins (2 vigas IPE de 16 cm)<\/li>\n<\/ul>\n<\/div>\n<\/div>\n<\/div>","protected":false},"excerpt":{"rendered":"<p>Le\u00a0bloc sanitaire SD1 s\u00e9rie standard\u00a0est un module sanitaire qui dispose d\u2019un WC avec lave-mains et d\u2019une cabine de douche. &nbsp; Description Bloc Sanitaire SD1 Standard Neuf Nos blocs sanitaires permettent de r\u00e9pondre aux besoins de mise en place de sanitaires sur les chantiers, dans les entrep\u00f4ts, dans les restaurants, dans les campings ou dans les [&hellip;]<\/p>","protected":false},"featured_media":27823,"comment_status":"open","ping_status":"closed","template":"","meta":{"_monsterinsights_skip_tracking":false,"_monsterinsights_sitenote_active":false,"_monsterinsights_sitenote_note":"","_monsterinsights_sitenote_category":0},"product_cat":[15,103],"product_tag":[],"aioseo_notices":[],"_links":{"self":[{"href":"https:\/\/alex-elec.eu\/pt\/wp-json\/wp\/v2\/product\/27822"}],"collection":[{"href":"https:\/\/alex-elec.eu\/pt\/wp-json\/wp\/v2\/product"}],"about":[{"href":"https:\/\/alex-elec.eu\/pt\/wp-json\/wp\/v2\/types\/product"}],"replies":[{"embeddable":true,"href":"https:\/\/alex-elec.eu\/pt\/wp-json\/wp\/v2\/comments?post=27822"}],"wp:featuredmedia":[{"embeddable":true,"href":"https:\/\/alex-elec.eu\/pt\/wp-json\/wp\/v2\/media\/27823"}],"wp:attachment":[{"href":"https:\/\/alex-elec.eu\/pt\/wp-json\/wp\/v2\/media?parent=27822"}],"wp:term":[{"taxonomy":"product_cat","embeddable":true,"href":"https:\/\/alex-elec.eu\/pt\/wp-json\/wp\/v2\/product_cat?post=27822"},{"taxonomy":"product_tag","embeddable":true,"href":"https:\/\/alex-elec.eu\/pt\/wp-json\/wp\/v2\/product_tag?post=27822"}],"curies":[{"name":"wp","href":"https:\/\/api.w.org\/{rel}","templated":true}]}}