{"id":27776,"date":"2023-09-21T07:46:55","date_gmt":"2023-09-21T07:46:55","guid":{"rendered":"https:\/\/alex-elec.eu\/?post_type=product&#038;p=27776"},"modified":"2023-09-21T07:46:55","modified_gmt":"2023-09-21T07:46:55","slug":"container-bar-pliable-4-x-2-metres-vert-ral-6005","status":"publish","type":"product","link":"https:\/\/alex-elec.eu\/pt\/product\/container-bar-pliable-4-x-2-metres-vert-ral-6005\/","title":{"rendered":"Contentor de barras dobr\u00e1vel 4 \u00d7 2 metros Verde RAL 6005"},"content":{"rendered":"<p>Barra de contentores desmont\u00e1vel e auto-constru\u00edda<br \/>\nDimens\u00f5es exteriores (CxLxA): 3880 x 2142 x 2088 mm<br \/>\nDimens\u00f5es interiores (CxLxA): 3802 x 2062 x 1950 mm<br \/>\nDimens\u00f5es da porta: (LxA): 1750 x 1850 mm<br \/>\nDispon\u00edvel em todas as cores RAL<br \/>\nO teto do contentor \u00e9 protegido por duas fechaduras de cilindro em ambos os lados.<br \/>\nConstru\u00e7\u00e3o totalmente autoportante, incluindo o pavimento<\/p>\n<p>&nbsp;<\/p>\n<p>Uma barra de contentores pode ser utilizada como um ponto de servi\u00e7o para uma variedade de fins.<\/p>\n<p>O contentor-bar \u00e9 um novo produto com um design inovador que dar\u00e1 \u00e0 sua casa ou escrit\u00f3rio um aspeto elegante que pode personalizar e adaptar ao seu gosto, de acordo com as suas necessidades. Este m\u00f3dulo pr\u00e9-fabricado n\u00e3o se destina apenas a uma \u00fanica utiliza\u00e7\u00e3o, mas pode tamb\u00e9m ser utilizado como bar, caf\u00e9, restaurante e muito mais. Com o contentor-bar, tem o privil\u00e9gio de transportar o seu espa\u00e7o ou o seu neg\u00f3cio para onde quiser. A grande vantagem deste contentor \u00e9 que n\u00e3o precisa de utilizar um estabelecimento ou instala\u00e7\u00f5es permanentes. Este m\u00f3dulo pr\u00e9-fabricado \u00e9 f\u00e1cil de transportar e, acima de tudo, beneficia de muitas vantagens e muito mais.<\/p>\n<p><em>\"Garantimos que o Container Bar far\u00e1 com que os seus clientes se sintam confort\u00e1veis e descontra\u00eddos.\"<\/em><\/p>\n<p>Vantagens da barra de contentores<\/p>\n<p>O Container Bar oferece-lhe vantagens como um local ideal para passar o tempo ou um local para desenvolver o seu neg\u00f3cio. Quando amigos e familiares visitam a sua casa, pode utilizar o m\u00f3dulo dobr\u00e1vel para atrair a sua aten\u00e7\u00e3o e criar um ambiente mais confort\u00e1vel e inovador. Outras vantagens deste produto incluem:<\/p>\n<ul>\n<li>\n<ul>\n<li>A sua durabilidade: o m\u00f3dulo dobr\u00e1vel tem um dos melhores pre\u00e7os do mercado sem sacrificar a qualidade. Isto torna o contentor ideal para uma vasta gama de utiliza\u00e7\u00f5es. Os nossos m\u00f3dulos s\u00e3o fabricados em a\u00e7o da mais alta qualidade, o que os torna extremamente dur\u00e1veis gra\u00e7as aos seus pain\u00e9is.<\/li>\n<li>Adaptabilidade. O m\u00f3dulo montado \u00e9 universal e n\u00e3o necessita de grua.<br \/>\nGrande versatilidade na escolha do m\u00f3dulo pr\u00e9-fabricado.<\/li>\n<\/ul>\n<\/li>\n<\/ul>\n<p>Quando compra um m\u00f3dulo pr\u00e9-fabricado, a nossa empresa oferece-lhe uma escolha de barras de contentores em diferentes tamanhos e cores RAL.<\/p>\n<p>A barra contentora d\u00e1-lhe a liberdade de a utilizar como barra ou como a sua imagina\u00e7\u00e3o o ditar. Como empresa, estamos dispon\u00edveis de segunda a sexta-feira para responder \u00e0s suas perguntas sobre como utilizar o contentor e tirar o m\u00e1ximo partido dele.<\/p>\n<p>Combinar recipientes!<\/p>\n<p>Os nossos contentores podem ser utilizados n\u00e3o s\u00f3 separadamente, mas tamb\u00e9m em conjunto! Gra\u00e7as a um kit de liga\u00e7\u00e3o especial, \u00e9 poss\u00edvel combinar v\u00e1rios contentores. As possibilidades de liga\u00e7\u00f5es longitudinais e transversais s\u00e3o infinitas.<\/p>","protected":false},"excerpt":{"rendered":"<p>Container bar d\u00e9montable et auto-construit Dimensions ext\u00e9rieures (LxlxH) : 3880 x 2142 x 2088 mm Dimensions int\u00e9rieures (LxlxH) : 3802 x 2062 x 1950 mm Dimensions de la porte : (LxH) : 1750 x 1850 mm Disponible dans toutes les couleurs RAL Le toit du conteneur est s\u00e9curis\u00e9 par deux serrures \u00e0 cylindre des deux [&hellip;]<\/p>","protected":false},"featured_media":27777,"comment_status":"open","ping_status":"closed","template":"","meta":{"_monsterinsights_skip_tracking":false,"_monsterinsights_sitenote_active":false,"_monsterinsights_sitenote_note":"","_monsterinsights_sitenote_category":0},"product_cat":[15,106],"product_tag":[],"aioseo_notices":[],"_links":{"self":[{"href":"https:\/\/alex-elec.eu\/pt\/wp-json\/wp\/v2\/product\/27776"}],"collection":[{"href":"https:\/\/alex-elec.eu\/pt\/wp-json\/wp\/v2\/product"}],"about":[{"href":"https:\/\/alex-elec.eu\/pt\/wp-json\/wp\/v2\/types\/product"}],"replies":[{"embeddable":true,"href":"https:\/\/alex-elec.eu\/pt\/wp-json\/wp\/v2\/comments?post=27776"}],"wp:featuredmedia":[{"embeddable":true,"href":"https:\/\/alex-elec.eu\/pt\/wp-json\/wp\/v2\/media\/27777"}],"wp:attachment":[{"href":"https:\/\/alex-elec.eu\/pt\/wp-json\/wp\/v2\/media?parent=27776"}],"wp:term":[{"taxonomy":"product_cat","embeddable":true,"href":"https:\/\/alex-elec.eu\/pt\/wp-json\/wp\/v2\/product_cat?post=27776"},{"taxonomy":"product_tag","embeddable":true,"href":"https:\/\/alex-elec.eu\/pt\/wp-json\/wp\/v2\/product_tag?post=27776"}],"curies":[{"name":"wp","href":"https:\/\/api.w.org\/{rel}","templated":true}]}}