{"id":27770,"date":"2023-09-21T07:45:33","date_gmt":"2023-09-21T07:45:33","guid":{"rendered":"https:\/\/alex-elec.eu\/?post_type=product&#038;p=27770"},"modified":"2023-09-21T07:45:33","modified_gmt":"2023-09-21T07:45:33","slug":"container-bar-pliable-xl-4-x-2-metres-noir-ral-9005","status":"publish","type":"product","link":"https:\/\/alex-elec.eu\/pt\/product\/container-bar-pliable-xl-4-x-2-metres-noir-ral-9005\/","title":{"rendered":"Contentor de barras dobr\u00e1vel XL 4 x 2 metros preto RAL 9005"},"content":{"rendered":"<p>Barra de contentores amov\u00edvel e de montagem autom\u00e1tica<br \/>\nDimens\u00f5es exteriores (CxLxA): 3882 x 2290 x 2240 mm<br \/>\nDimens\u00f5es interiores (CxLxA): 3802 x 2210 x 2100 mm<br \/>\nDimens\u00f5es da porta: (LxA): 1750 x 2050 mm<br \/>\nDispon\u00edvel em todas as cores RAL<br \/>\nA tampa do contentor \u00e9 fixada por dois fechos de cilindro em ambos os lados.<br \/>\nConstru\u00e7\u00e3o totalmente aut\u00f3noma, incluindo o ch\u00e3o.<\/p>\n<p>&nbsp;<\/p>\n<p>Bar contentor para venda concebido para ambi\u00e7\u00f5es maiores!<\/p>\n<p>Temos contentores para venda de todas as formas e tamanhos, incluindo contentores extra-grandes! Este contentor XL tem todas as carater\u00edsticas do seu irm\u00e3o (um contentor-bar de 4\u00d72 metros), mas com espa\u00e7o extra em comprimento e largura para conveni\u00eancia do cliente. Um contentor para barras simples mas s\u00f3lido! Tem todas as carater\u00edsticas dos outros contentores e muito mais.<\/p>\n<p><em>\"Que melhor maneira de passar uma noite divertida do que no seu pr\u00f3prio bar?\"<\/em><\/p>\n<p>Carater\u00edsticas do contentor amov\u00edvel XL 4\u00d72 metros<\/p>\n<p>O contentor-bar mede 4 metros e tem 2,3 metros de altura. Tem um toldo rebat\u00edvel e portas duplas, tanto do lado comprido como do lado curto. As dimens\u00f5es s\u00e3o semelhantes \u00e0s do contentor amov\u00edvel de 16 p\u00e9s, mas a largura e o comprimento s\u00e3o meio metro mais compridos.<\/p>\n<p>O toldo deste contentor \u00e9 muito resistente e disp\u00f5e de um sistema hidr\u00e1ulico. Gra\u00e7as a este sistema, o toldo pode ser levantado e fechado com seguran\u00e7a, de modo a que a barra do contentor possa ser deixada em seguran\u00e7a com todas as ferramentas no seu interior.<\/p>\n<p>Al\u00e9m disso, os objectos volumosos, como barris de cerveja, congeladores, mesas, etc., podem ser colocados nas portas duplas do contentor. \u00c9 a forma ideal de oferecer bebidas ou refei\u00e7\u00f5es ligeiras a visitantes ou amigos.<\/p>\n<p>Vantagens de uma barra de contentores dobr\u00e1vel<\/p>\n<p>Um bar contentor oferece-lhe vantagens como um local ideal para se divertir ou desenvolver o seu neg\u00f3cio. Se os membros da sua fam\u00edlia vierem para ficar consigo, pode utilizar o contentor XL para atrair a sua aten\u00e7\u00e3o e criar um ambiente mais confort\u00e1vel e inovador:<\/p>\n<ul>\n<li>Durabilidade: dispomos de contentores \u00e0 venda aos melhores pre\u00e7os do mercado sem comprometer a qualidade. Isto torna o contentor ideal para uma grande variedade de utiliza\u00e7\u00f5es. Os nossos m\u00f3dulos s\u00e3o fabricados com o melhor a\u00e7o, que \u00e9 altamente dur\u00e1vel.<\/li>\n<li>Adaptabilidade: o nosso contentor XL foi concebido para ser facilmente desmontado se for necess\u00e1rio transport\u00e1-lo ou, se n\u00e3o quiser desmont\u00e1-lo, pode desloc\u00e1-lo com um empilhador. Isto deve-se aos orif\u00edcios para empilhadores que se encontram por baixo. N\u00e3o \u00e9 necess\u00e1rio utilizar gruas, pelo que o contentor XL \u00e9 vers\u00e1til.<\/li>\n<\/ul>\n<p>O contentor XL tamb\u00e9m pode ser combinado!<\/p>\n<p>Se tem grandes contentores \u00e0 venda, tamb\u00e9m precisa de lhes dar toda a flexibilidade e versatilidade que os outros contentores t\u00eam. Kits de prateleiras, kits de liga\u00e7\u00e3o e seguros antirroubo s\u00e3o totalmente compat\u00edveis com este produto.<\/p>","protected":false},"excerpt":{"rendered":"<p>Container bar d\u00e9tachable \u00e0 monter soi-m\u00eame Dimensions ext\u00e9rieures (LxlxH) : 3882 x 2290 x 2240 mm Dimensions int\u00e9rieures (LxlxH) : 3802 x 2210 x 2100 mm Dimensions de la porte : (LxH) : 1750 x 2050 mm Disponible dans toutes les couleurs RAL Le couvercle du conteneur est s\u00e9curis\u00e9 par deux serrures \u00e0 cylindre des [&hellip;]<\/p>","protected":false},"featured_media":27771,"comment_status":"open","ping_status":"closed","template":"","meta":{"_monsterinsights_skip_tracking":false,"_monsterinsights_sitenote_active":false,"_monsterinsights_sitenote_note":"","_monsterinsights_sitenote_category":0},"product_cat":[15,106],"product_tag":[],"aioseo_notices":[],"_links":{"self":[{"href":"https:\/\/alex-elec.eu\/pt\/wp-json\/wp\/v2\/product\/27770"}],"collection":[{"href":"https:\/\/alex-elec.eu\/pt\/wp-json\/wp\/v2\/product"}],"about":[{"href":"https:\/\/alex-elec.eu\/pt\/wp-json\/wp\/v2\/types\/product"}],"replies":[{"embeddable":true,"href":"https:\/\/alex-elec.eu\/pt\/wp-json\/wp\/v2\/comments?post=27770"}],"wp:featuredmedia":[{"embeddable":true,"href":"https:\/\/alex-elec.eu\/pt\/wp-json\/wp\/v2\/media\/27771"}],"wp:attachment":[{"href":"https:\/\/alex-elec.eu\/pt\/wp-json\/wp\/v2\/media?parent=27770"}],"wp:term":[{"taxonomy":"product_cat","embeddable":true,"href":"https:\/\/alex-elec.eu\/pt\/wp-json\/wp\/v2\/product_cat?post=27770"},{"taxonomy":"product_tag","embeddable":true,"href":"https:\/\/alex-elec.eu\/pt\/wp-json\/wp\/v2\/product_tag?post=27770"}],"curies":[{"name":"wp","href":"https:\/\/api.w.org\/{rel}","templated":true}]}}