{"id":27745,"date":"2023-09-21T06:55:00","date_gmt":"2023-09-21T06:55:00","guid":{"rendered":"https:\/\/alex-elec.eu\/?post_type=product&#038;p=27745"},"modified":"2023-09-21T06:55:00","modified_gmt":"2023-09-21T06:55:00","slug":"container-bar-pliable-8-x-2-metres-noir-ral-9005","status":"publish","type":"product","link":"https:\/\/alex-elec.eu\/pt\/product\/container-bar-pliable-8-x-2-metres-noir-ral-9005\/","title":{"rendered":"Contentor de barras dobr\u00e1vel 8 \u00d7 2 metros preto RAL 9005"},"content":{"rendered":"<p>Barra de contentor desmont\u00e1vel para auto-constru\u00e7\u00e3o.<br \/>\nDimens\u00f5es exteriores (CxLxA): 7767 x 2142 x 2088 mm<br \/>\nDimens\u00f5es interiores (CxLxA): 7612 x 2062 x 1950 mm<br \/>\nDimens\u00f5es da porta: (LxA): 1750 x 1850 mm<br \/>\nDispon\u00edvel em todas as cores RAL.<br \/>\nA tampa do contentor \u00e9 fixada por dois fechos de cilindro em ambos os lados.<br \/>\nConstru\u00e7\u00e3o totalmente aut\u00f3noma, incluindo o ch\u00e3o.<br \/>\nO nosso design modular \u00fanico \u00e9 fornecido de s\u00e9rie com 2 pain\u00e9is de contentores de barras de 4 metros e 2 pain\u00e9is de portas duplas.<br \/>\nA imagem apresentada inclui um painel adicional personalizado de 2 metros. Se desejar um contentor-bar personalizado, contacte os nossos especialistas!<\/p>\n<p>&nbsp;<\/p>\n<p>&nbsp;<\/p>\n<p>Um contentor-bar feito \u00e0 medida para as suas maiores necessidades!<\/p>\n<p>A barra de contentores de 8 x 2 m tem um design novo e inovador. Cria um ambiente elegante e com estilo na sua casa ou no seu escrit\u00f3rio. Este contentor n\u00e3o \u00e9 de utiliza\u00e7\u00e3o \u00fanica e pode ser utilizado como bar, caf\u00e9 ou restaurante. A principal carater\u00edstica deste contentor \u00e9 o facto de poder ser utilizado de v\u00e1rias formas, ligando dois contentores de 4 x 2 metros. O seu design amov\u00edvel facilita o seu transporte e, sobretudo, a sua montagem.<\/p>\n<p><em>\"Garantimos que a barra de contentores trar\u00e1 comodidade e seguran\u00e7a aos nossos clientes.\"<\/em><\/p>\n<p>Principais carater\u00edsticas do contentor de barras 8\u00d72.<\/p>\n<p>Esta vers\u00e3o do contentor pode ser utilizada como um bar exterior num terra\u00e7o, por exemplo. \u00c9 composto por dois contentores diferentes de 4 x 2 metros unidos entre si. Isto significa que pode armazenar artigos para utilizar no bar ou criar um espa\u00e7o para servir os clientes se o utilizar como neg\u00f3cio. Estes contentores est\u00e3o dispon\u00edveis em tr\u00eas tipos: contentor-bar com uma cobertura, contentor-bar com duas coberturas e contentor-bar com tr\u00eas coberturas. Estes contentores podem ser utilizados livremente. Por exemplo, dois toldos podem ser colocados lado a lado no lado comprido ou tr\u00eas toldos podem ser colocados num dos lados do contentor.<\/p>\n<p>Vantagens de um contentor-bar<\/p>\n<p>Com um bar contentor, pode usufruir das vantagens de ter um parque infantil ou de desenvolver o seu neg\u00f3cio. Quando os amigos e a fam\u00edlia v\u00eam para ficar, um bar contentor pode tornar o espa\u00e7o mais confort\u00e1vel e inovador, tornando-o atrativo.<\/p>\n<ul>\n<li>Durabilidade: oferecemos os melhores pre\u00e7os do mercado sem sacrificar a qualidade. Isto torna os nossos contentores adequados a todos os tipos de aplica\u00e7\u00f5es. Os nossos contentores s\u00e3o fabricados com o melhor a\u00e7o e s\u00e3o extremamente dur\u00e1veis gra\u00e7as aos seus pain\u00e9is.<\/li>\n<li>Adaptabilidade: os nossos contentores s\u00e3o concebidos para serem facilmente desmontados e armazenados em cami\u00f5es, caso seja necess\u00e1rio transport\u00e1-los. Se n\u00e3o for desmontado, o contentor pode ser deslocado com um empilhador atrav\u00e9s das ranhuras no fundo. N\u00e3o \u00e9 necess\u00e1ria uma grua.<\/li>\n<\/ul>","protected":false},"excerpt":{"rendered":"<p>Container bar d\u00e9montable pour l\u2019auto-construction. Dimensions ext\u00e9rieures (LxlxH) : 7767 x 2142 x 2088 mm Dimensions int\u00e9rieures (LxlxH) : 7612 x 2062 x 1950 mm Dimensions de la porte : (LxH) : 1750 x 1850 mm Disponible dans toutes les couleurs RAL. Le couvercle du conteneur est s\u00e9curis\u00e9 par deux serrures \u00e0 cylindre des deux [&hellip;]<\/p>","protected":false},"featured_media":27746,"comment_status":"open","ping_status":"closed","template":"","meta":{"_monsterinsights_skip_tracking":false,"_monsterinsights_sitenote_active":false,"_monsterinsights_sitenote_note":"","_monsterinsights_sitenote_category":0},"product_cat":[15,106],"product_tag":[],"aioseo_notices":[],"_links":{"self":[{"href":"https:\/\/alex-elec.eu\/pt\/wp-json\/wp\/v2\/product\/27745"}],"collection":[{"href":"https:\/\/alex-elec.eu\/pt\/wp-json\/wp\/v2\/product"}],"about":[{"href":"https:\/\/alex-elec.eu\/pt\/wp-json\/wp\/v2\/types\/product"}],"replies":[{"embeddable":true,"href":"https:\/\/alex-elec.eu\/pt\/wp-json\/wp\/v2\/comments?post=27745"}],"wp:featuredmedia":[{"embeddable":true,"href":"https:\/\/alex-elec.eu\/pt\/wp-json\/wp\/v2\/media\/27746"}],"wp:attachment":[{"href":"https:\/\/alex-elec.eu\/pt\/wp-json\/wp\/v2\/media?parent=27745"}],"wp:term":[{"taxonomy":"product_cat","embeddable":true,"href":"https:\/\/alex-elec.eu\/pt\/wp-json\/wp\/v2\/product_cat?post=27745"},{"taxonomy":"product_tag","embeddable":true,"href":"https:\/\/alex-elec.eu\/pt\/wp-json\/wp\/v2\/product_tag?post=27745"}],"curies":[{"name":"wp","href":"https:\/\/api.w.org\/{rel}","templated":true}]}}