{"id":27725,"date":"2023-09-21T06:44:51","date_gmt":"2023-09-21T06:44:51","guid":{"rendered":"https:\/\/alex-elec.eu\/?post_type=product&#038;p=27725"},"modified":"2023-09-21T06:44:51","modified_gmt":"2023-09-21T06:44:51","slug":"bungalow-neuf-poste-de-garde-150-metres","status":"publish","type":"product","link":"https:\/\/alex-elec.eu\/pt\/product\/bungalow-neuf-poste-de-garde-150-metres\/","title":{"rendered":"Novo bungalow Casa de guarda 1,50 metros"},"content":{"rendered":"<p>Le\u00a0<strong>Bungalow Poste de Garde<\/strong>\u00a0est un petit module qui dispose de\u00a0<strong>quatre fa\u00e7ades toutes vitr\u00e9es<\/strong>, permettant une\u00a0<strong>vue \u00e0 360\u00b0<\/strong>\u00a0pour r\u00e9pondre au besoin de mise en place d\u2019une Poste de Garde.<\/p>\n<p>&nbsp;<\/p>\n<div>\n<div>Descri\u00e7\u00e3o<\/div>\n<div>\n<div>\n<p>Bungalow Poste de Garde Neuf<\/p>\n<p>Notre Bungalow Poste de Garde est un module \u00e9quip\u00e9 pour r\u00e9pondre au besoin de mise en place d\u2019un poste de surveillance sur les chantiers ou dans les lieux s\u00e9curis\u00e9s. Ce module est destin\u00e9 aux entit\u00e9s qui souhaitent disposer d\u2019un module de Poste de Garde avec une vue \u00e0 360\u00b0,\u00a0<strong>dans un d\u00e9lai imbattable et pour un tarif tr\u00e8s comp\u00e9titif<\/strong>, en comparaison avec une solution de construction classique.<br \/>\nIl peut \u00eatre implant\u00e9 d\u00e9finitivement ou d\u00e9plac\u00e9 fr\u00e9quemment. Nous pouvons ajouter une fen\u00eatre guichet avec hygiaphone et passe-documents, ainsi que le passage de fourches dans le soubassement pour manipulation avec un chariot \u00e9l\u00e9vateur.<\/p>\n<p>Notre Bungalow Poste de Garde est un module avec des menuiseries\u00a0blanches : une porte semi-vitr\u00e9e barreaud\u00e9e et trois fen\u00eatres coulissantes barreaud\u00e9es. Il dispose d\u2019un interrupteur et d\u2019un plafonnier LED. Il dispose aussi du plancher renforc\u00e9 en bois-ciment.<\/p>\n<p>Le d\u00e9lai de livraison est de\u00a0<strong>8 semaines maximum \u00e0 date de commande<\/strong>\u00a0para este m\u00f3dulo, uma vez que \u00e9 feito por encomenda.<\/p>\n<p>Ce module peut \u00eatre modifi\u00e9 et configur\u00e9 diff\u00e9remment, avec diff\u00e9rentes tailles, selon votre besoin.<\/p>\n<p>Ce module est propos\u00e9 dans notre s\u00e9rie \u00ab Standard \u00bb. La s\u00e9rie standard correspond \u00e0 notre premier niveau de finition : structure standard et isolation standard.<\/p>\n<p>Il est possible, si besoin, de r\u00e9aliser ce module dans nos s\u00e9ries \u00ab renforc\u00e9 \u00bb ou \u00ab Isoplus \u00bb. Dans ce cas, l\u2019isolation thermique et phonique sera plus performante et la structure sera renforc\u00e9e.<\/p>\n<p><strong>Os nossos bungalows s\u00e3o montados em Fran\u00e7a.<\/strong><\/p>\n<p>Descriptif Bungalow Poste de Garde<\/p>\n<p>Le bungalow Poste de Garde est constitu\u00e9 d&rsquo;une ossature en acier galvanis\u00e9 et laqu\u00e9 couleur gris clair RAL 9002.<\/p>\n<p>O perfil do telhado \u00e9 em a\u00e7o galvanizado lacado RAL 9002 cinzento claro,\u00a0<strong>espessura 1,5 mm, altura 150 mm,<\/strong>\u00a0com 4 pontos de lingagem para desloca\u00e7\u00e3o por grua.<\/p>\n<p>Os perfis de base s\u00e3o em a\u00e7o galvanizado, lacado a cinzento claro RAL 9002,\u00a0<strong>\u00e9paisseur 1,5 mm &#8211; hauteur 80 mm.<\/strong><\/p>\n<p>O telhado \u00e9 feito de pain\u00e9is em sandu\u00edche de espuma r\u00edgida de poliuretano,\u00a0<strong>30 mm de espessura,<\/strong>\u00a0Euroclasse Cs3d0. La couverture de toiture est en acier galvanis\u00e9 ondul\u00e9, avec \u00e9vacuation des eaux pluviales sur l&rsquo;arri\u00e8re.<\/p>\n<p>As paredes s\u00e3o constitu\u00eddas por pain\u00e9is em sandu\u00edche de espuma r\u00edgida de poliuretano,\u00a0<strong>40 mm de espessura<\/strong>\u00a0(cinzento claro RAL 9002), Euroclasse Cs3d0.<\/p>\n<p>O ch\u00e3o \u00e9 feito de\u00a0<strong>bois-ciment,<\/strong>\u00a0<strong>16 mm de espessura<\/strong>com um revestimento em PVC.<\/p>\n<p>Especifica\u00e7\u00f5es t\u00e9cnicas<\/p>\n<p>DIMENS\u00d5ES<\/p>\n<ul>\n<li>Altura exterior: 239 cm<\/li>\n<li>Altura interior: 220 cm<\/li>\n<li>Largeur : 150 cm<\/li>\n<li>Longueur: 150 cm<\/li>\n<\/ul>\n<p>QUADRO<\/p>\n<ul>\n<li>Material: A\u00e7o galvanizado e lacado<\/li>\n<li>Cor: Cinzento claro RAL 9002<\/li>\n<li>Espessura: 1,5 mm<\/li>\n<li>Base: altura 80 mm<\/li>\n<li>Teto: altura 150 mm<\/li>\n<li>Manuseamento: 4 tomadas no tejadilho para ganchos de eleva\u00e7\u00e3o<\/li>\n<\/ul>\n<p>JUN\u00c7\u00c3O<\/p>\n<ul>\n<li>Mati\u00e8re : Aluminium laqu\u00e9 Blanc RAL 9010<\/li>\n<li>Porte(s) : 1 porte semi-vitr\u00e9e dim. 94 x 220 cm (90 cm de passage) barreaud\u00e9e, simple vitrage clair<\/li>\n<li>Fen\u00eatre(s) : 3 fen\u00eatres coulissantes dim. 94 x 110 cm barreaud\u00e9es, simple vitrage clair<\/li>\n<\/ul>\n<p>PAREDES E TELHADO<\/p>\n<ul>\n<li>Material: Pain\u00e9is tipo sandu\u00edche<\/li>\n<li>Isolamento: Espuma r\u00edgida de poliuretano<\/li>\n<li>Espessura da parede: 40 mm<\/li>\n<li>Espessura do telhado: 30 mm<\/li>\n<li>Telhado: Chapa de a\u00e7o galvanizado Ondas gregas<\/li>\n<li>Cor da parede: Cinzento claro RAL 9002<\/li>\n<\/ul>\n<p>PISO<\/p>\n<ul>\n<li>Structure : panneaux de bois-ciment<\/li>\n<li>Espessura: 16 mm<\/li>\n<li>Revestimento : PVC<\/li>\n<\/ul>\n<p>ELECTRICIDADE<\/p>\n<ul>\n<li>\u00c9clairage : 1 interrupteurs + 1 plafonnier LED<\/li>\n<li>Quadro: 1 quadro el\u00e9trico incluindo inter-diferencial e disjuntores<\/li>\n<li>Liga\u00e7\u00e3o: 1 caixa de deriva\u00e7\u00e3o externa<\/li>\n<\/ul>\n<p>Options possibles:<\/p>\n<ul>\n<li>4 plaques de fixation au sol<\/li>\n<li>2 prises de courant + 1 convecteur 500 w (emplacement selon votre choix)<\/li>\n<li>Vidros duplos<\/li>\n<li>Altura do teto 2,40 m, altura da porta 2,20 m<\/li>\n<li>Choix de couleurs gratuits pour l\u2019ossature : blanc RAL 9010, gris clair RAL 9002 ou gris clair RAL 9002<\/li>\n<li>Outras cores est\u00e3o dispon\u00edveis como op\u00e7\u00e3o para os pain\u00e9is, moldura ou carpintaria.<\/li>\n<li>Isolamento do pavimento em l\u00e3 de vidro de 50 mm de espessura sobre chapas de prote\u00e7\u00e3o em a\u00e7o galvanizado<\/li>\n<li>Soubassement renforc\u00e9 avec passage de fourches (entraxe 90cm) pour d\u00e9placement avec chariot \u00e9l\u00e9vateur<\/li>\n<li>Base sobre patins (2 vigas de 16 cm de ip\u00ea)<\/li>\n<li>4 tubos de queda de \u00e1guas pluviais<\/li>\n<li>Sistema de ar condicionado revers\u00edvel UNICO R10 de 2300 w<\/li>\n<li>Ar condicionado de janela que arrefece apenas 12000 BTU<\/li>\n<li>Ar condicionado m\u00f3vel SHINY 12 Revers\u00edvel R290 3,5 KW + kit de janela<\/li>\n<li>Painel LED em vez de n\u00e9on<\/li>\n<li>Fen\u00eatre avec guichet et hygiaphone + tablette aluminium<\/li>\n<li>Persianas de alum\u00ednio ou PVC, cores especiais dispon\u00edveis<\/li>\n<li>Pavimento de madeira fen\u00f3lica com 18 mm de espessura em vez de cimento de madeira, capacidade de carga: 500 kg\/m\u00b2.<\/li>\n<li>Pavimento em PVC resistente em vez de pavimento normal, imita\u00e7\u00e3o de parquet ou ladrilho em PVC<\/li>\n<li>Pain\u00e9is lisos, pain\u00e9is alimentares, pain\u00e9is de l\u00e3 de rocha ou pain\u00e9is \u00e0 prova de fogo<\/li>\n<li>Remo\u00e7\u00e3o de grades de portas e janelas = gratuita<\/li>\n<li>Tomadas adicionais ou tomadas RJ45<\/li>\n<\/ul>\n<\/div>\n<\/div>\n<\/div>","protected":false},"excerpt":{"rendered":"<p>Le\u00a0Bungalow Poste de Garde\u00a0est un petit module qui dispose de\u00a0quatre fa\u00e7ades toutes vitr\u00e9es, permettant une\u00a0vue \u00e0 360\u00b0\u00a0pour r\u00e9pondre au besoin de mise en place d\u2019une Poste de Garde. &nbsp; Description Bungalow Poste de Garde Neuf Notre Bungalow Poste de Garde est un module \u00e9quip\u00e9 pour r\u00e9pondre au besoin de mise en place d\u2019un poste de [&hellip;]<\/p>","protected":false},"featured_media":27726,"comment_status":"open","ping_status":"closed","template":"","meta":{"_monsterinsights_skip_tracking":false,"_monsterinsights_sitenote_active":false,"_monsterinsights_sitenote_note":"","_monsterinsights_sitenote_category":0},"product_cat":[15,99],"product_tag":[],"aioseo_notices":[],"_links":{"self":[{"href":"https:\/\/alex-elec.eu\/pt\/wp-json\/wp\/v2\/product\/27725"}],"collection":[{"href":"https:\/\/alex-elec.eu\/pt\/wp-json\/wp\/v2\/product"}],"about":[{"href":"https:\/\/alex-elec.eu\/pt\/wp-json\/wp\/v2\/types\/product"}],"replies":[{"embeddable":true,"href":"https:\/\/alex-elec.eu\/pt\/wp-json\/wp\/v2\/comments?post=27725"}],"wp:featuredmedia":[{"embeddable":true,"href":"https:\/\/alex-elec.eu\/pt\/wp-json\/wp\/v2\/media\/27726"}],"wp:attachment":[{"href":"https:\/\/alex-elec.eu\/pt\/wp-json\/wp\/v2\/media?parent=27725"}],"wp:term":[{"taxonomy":"product_cat","embeddable":true,"href":"https:\/\/alex-elec.eu\/pt\/wp-json\/wp\/v2\/product_cat?post=27725"},{"taxonomy":"product_tag","embeddable":true,"href":"https:\/\/alex-elec.eu\/pt\/wp-json\/wp\/v2\/product_tag?post=27725"}],"curies":[{"name":"wp","href":"https:\/\/api.w.org\/{rel}","templated":true}]}}