{"id":27720,"date":"2023-09-21T06:42:53","date_gmt":"2023-09-21T06:42:53","guid":{"rendered":"https:\/\/alex-elec.eu\/?post_type=product&#038;p=27720"},"modified":"2023-09-21T06:42:53","modified_gmt":"2023-09-21T06:42:53","slug":"bungalow-neuf-guerite-de-gardien-3-metres","status":"publish","type":"product","link":"https:\/\/alex-elec.eu\/pt\/product\/bungalow-neuf-guerite-de-gardien-3-metres\/","title":{"rendered":"Novo bungalow Gu\u00e9rite de Gardien 3 metros"},"content":{"rendered":"<p>Le\u00a0<strong>Bungalow Gu\u00e9rite do Guardi\u00e3o<\/strong>\u00a0\u00e9 um m\u00f3dulo com tr\u00eas frentes totalmente envidra\u00e7adas com caixilharia em cinzento antracite, permitindo uma vis\u00e3o mais clara.\u00a0<strong>Vista de 180\u00b0,<\/strong>\u00a0para satisfazer a necessidade de criar uma Gu\u00e9rite de Gardien ou um posto de guarda.<\/p>\n<p>&nbsp;<\/p>\n<div>\n<div>Descri\u00e7\u00e3o<\/div>\n<div>\n<div>\n<p>Bungalow Gu\u00e9rite de Gardien Neuf<\/p>\n<p>A nossa Casa de Guarda Bungalow \u00e9 um m\u00f3dulo equipado para satisfazer as necessidades de uma casa de guarda. Este m\u00f3dulo foi concebido para as entidades que pretendem ter um m\u00f3dulo de Casa de Guarda, num prazo imbat\u00edvel e a um pre\u00e7o muito competitivo, em rela\u00e7\u00e3o a uma solu\u00e7\u00e3o de constru\u00e7\u00e3o convencional.<br \/>\nPode ser instalado de forma permanente ou deslocado frequentemente. Como op\u00e7\u00e3o, podemos acrescentar janelas ou uma janela de balc\u00e3o com higieniza\u00e7\u00e3o e passagem de documentos, bem como garfos na base para permitir que o m\u00f3dulo seja manuseado com um empilhador equipado com garfos de 250 cm.<\/p>\n<p>O nosso Bungalow de Cura Guardi\u00e3o \u00e9 um m\u00f3dulo com\u00a0<strong>caixilharia em cinzento antracite<\/strong>\u00a0RAL 7016: a\u00a0<strong>porta semi-envidra\u00e7ada<\/strong>\u00a0ripado e\u00a0<strong>tr\u00eas janelas de correr<\/strong>\u00a0com barras. As barras podem ser retiradas. Tem um interrutor de luz, uma luz de n\u00e9on LED, um aquecedor e duas tomadas.<\/p>\n<p>Este m\u00f3dulo pode ser modificado e configurado de forma diferente para se adaptar \u00e0s suas necessidades.<\/p>\n<p>Este m\u00f3dulo faz parte do nosso projeto \"\u00a0<strong>Padr\u00e3o<\/strong>\u00a0\". A s\u00e9rie standard corresponde ao nosso primeiro n\u00edvel de acabamento: estrutura standard e isolamento standard.<\/p>\n<p>Se necess\u00e1rio, este m\u00f3dulo pode ser produzido no nosso \"\u00a0<strong>Refor\u00e7ado<\/strong>\u00a0\"ou\u00a0<strong>Isoplus<\/strong>\u00a0\". Neste caso, o isolamento t\u00e9rmico e ac\u00fastico ser\u00e1 mais eficaz e a estrutura ser\u00e1 refor\u00e7ada.<\/p>\n<p><strong>Os nossos bungalows s\u00e3o montados em Fran\u00e7a<\/strong>.<\/p>\n<p>Descri\u00e7\u00e3o Bungalow Gu\u00e9rite de Gardien<\/p>\n<p>O bungalow Gu\u00e9rite de Gardien tem uma estrutura em a\u00e7o galvanizado, lacado a cinzento antracite RAL 7016.<\/p>\n<p>O perfil do telhado \u00e9 feito de a\u00e7o galvanizado pintado de cinzento antracite RAL 7016,<strong>\u00a0espessura 1,5 mm, altura 150 mm,<\/strong>\u00a0com 4 pontos de lingagem para desloca\u00e7\u00e3o por grua.<\/p>\n<p>Os perfis de base s\u00e3o em a\u00e7o galvanizado, lacado a cinzento antracite RAL 7016,\u00a0<strong>espessura 1,5 mm - altura 95 mm.<\/strong><\/p>\n<p>O telhado \u00e9 feito de pain\u00e9is em sandu\u00edche de espuma r\u00edgida de poliuretano,\u00a0<strong>30 mm de espessura<\/strong>Euroclasse Cs3d0. A cobertura do telhado \u00e9 feita de a\u00e7o galvanizado ondulado, com drenos de \u00e1guas pluviais nos lados.<\/p>\n<p>As paredes s\u00e3o constitu\u00eddas por pain\u00e9is em sandu\u00edche de espuma r\u00edgida de poliuretano,<strong>\u00a040 mm de espessura<\/strong>\u00a0(cinzento claro RAL 9002), Euroclasse Cs3d0.<\/p>\n<p>O ch\u00e3o \u00e9 feito de aglomerado de part\u00edculas repelente de \u00e1gua,<strong>\u00a018 mm de espessura,<\/strong>\u00a0Revestido a PVC.<\/p>\n<p>Caixilharia de alum\u00ednio lacada a cinzento antracite RAL 7016<\/p>\n<p>O Bungalow do Guardi\u00e3o est\u00e1 equipado com uma porta semi-encastrada de 104 x 220 cm (passagem de 90 cm), barrada com vidro transparente de uma s\u00f3 face, e tr\u00eas janelas de correr de 104 x 110 cm, barradas com vidro transparente de uma s\u00f3 face.<\/p>\n<p>Instala\u00e7\u00e3o el\u00e9ctrica de 220 V<\/p>\n<p>O Bungalow Gu\u00e9rite de Gardien inclui um interrutor, um n\u00e9on LED, duas tomadas, um convetor de 1500 watts, um quadro el\u00e9trico com interdiferencial e disjuntores (6 KW m\u00e1ximo) e uma caixa de deriva\u00e7\u00e3o exterior.<\/p>\n<p>Especifica\u00e7\u00f5es t\u00e9cnicas<\/p>\n<p>DIMENS\u00d5ES<\/p>\n<ul>\n<li>Altura exterior: 241 cm<\/li>\n<li>Altura interior: 220 cm<\/li>\n<li>Largura: 242 cm<\/li>\n<li>Comprimento: 309 cm<\/li>\n<\/ul>\n<p>QUADRO<\/p>\n<ul>\n<li>Material: A\u00e7o galvanizado e lacado<\/li>\n<li>Cor: Cinzento antracite RAL 7016<\/li>\n<li>Espessura: 1,5 mm<\/li>\n<li>Base: altura 95 mm<\/li>\n<li>Teto: altura 150 mm<\/li>\n<li>Manuseamento: 4 tomadas no tejadilho para ganchos de eleva\u00e7\u00e3o<\/li>\n<\/ul>\n<p>JUN\u00c7\u00c3O<\/p>\n<ul>\n<li>Material: Alum\u00ednio lacado cinzento antracite RAL 7016<\/li>\n<li>Porta(s): 1 porta de meia-luz, com 104 x 220 cm (passagem de 90 cm), gradeada, vidro transparente de uma s\u00f3 folha<\/li>\n<li>Janela(s): 3 janelas de correr de 104 x 110 cm com barras, vidros simples, janelas transparentes<\/li>\n<\/ul>\n<p>PAREDES E TELHADO<\/p>\n<ul>\n<li>Material: Pain\u00e9is tipo sandu\u00edche<\/li>\n<li>Isolamento: Espuma r\u00edgida de poliuretano<\/li>\n<li>Espessura da parede: 40 mm<\/li>\n<li>Espessura do telhado: 30 mm<\/li>\n<li>Telhado: Chapa de a\u00e7o galvanizado Ondas gregas<\/li>\n<li>Cor da parede: Cinzento claro RAL 9002<\/li>\n<\/ul>\n<p>PISO<\/p>\n<ul>\n<li>Estrutura: aglomerado de part\u00edculas repelente de \u00e1gua<\/li>\n<li>Espessura: 18 mm<\/li>\n<li>Revestimento : PVC<\/li>\n<\/ul>\n<p>ELECTRICIDADE<\/p>\n<ul>\n<li>Ilumina\u00e7\u00e3o: 1 interrutor + 1 LED de n\u00e9on<\/li>\n<li>Tomadas: 2 tomadas<\/li>\n<li>Aquecimento: 1 convetor 1500 w<\/li>\n<li>Quadro: 1 quadro el\u00e9trico incluindo inter-diferencial e disjuntores<\/li>\n<li>Liga\u00e7\u00e3o: 1 caixa de deriva\u00e7\u00e3o externa<\/li>\n<\/ul>\n<p>Op\u00e7\u00f5es poss\u00edveis<\/p>\n<ul>\n<li>Vidros duplos<\/li>\n<li>Escolha livre das cores da moldura: branco RAL 9010, cinzento claro RAL 9002 ou cinzento antracite RAL 7016<\/li>\n<li>Outras cores est\u00e3o dispon\u00edveis como op\u00e7\u00e3o para os pain\u00e9is, moldura ou carpintaria.<\/li>\n<li>Isolamento do pavimento em l\u00e3 de vidro de 50 mm de espessura sobre chapas de prote\u00e7\u00e3o em a\u00e7o galvanizado<\/li>\n<li>Altura do teto 2,40 m, altura da porta 2,20 m<\/li>\n<li>Estrutura inferior refor\u00e7ada com passagem de garfos (90 cm centro a centro) para desloca\u00e7\u00e3o com empilhadores equipados com garfos de 240 cm<\/li>\n<li>Base sobre patins (2 vigas de 16 cm de ip\u00ea)<\/li>\n<li>\u00c1rea de WC integrada com WC + lavat\u00f3rio + porta + divis\u00f3rias (\u00e1gua quente no lavat\u00f3rio poss\u00edvel mediante um custo adicional)<\/li>\n<li>Zona de duche incorporada (com \u00e1gua quente, claro) + porta + divis\u00f3rias<\/li>\n<li>4 tubos de queda de \u00e1guas pluviais<\/li>\n<li>Sistema de ar condicionado revers\u00edvel UNICO R10 de 2300 w<\/li>\n<li>Ar condicionado de janela que arrefece apenas 12000 BTU<\/li>\n<li>Ar condicionado m\u00f3vel SHINY 12 Revers\u00edvel R290 3,5 KW + kit de janela<\/li>\n<li>Painel LED em vez de n\u00e9on<\/li>\n<li>Porta adicional com semi-vidro, porta completa ou porta totalmente em vidro<\/li>\n<li>Janela suplementar, janela de sacada, janela de petiscar ou janela com postigo e higi\u00f3fono<\/li>\n<li>Persianas de alum\u00ednio ou PVC, cores especiais dispon\u00edveis<\/li>\n<li>Pavimento de cimento-madeira, 16 mm de espessura em vez de aglomerado de madeira, capacidade de carga: 400 kg\/m\u00b2.<\/li>\n<li>Pavimento de madeira fen\u00f3lica com 18 mm de espessura em vez de cimento de madeira, capacidade de carga: 500 kg\/m\u00b2.<\/li>\n<li>Pavimento em PVC resistente em vez de pavimento normal, imita\u00e7\u00e3o de parquet ou ladrilho em PVC<\/li>\n<li>Pain\u00e9is lisos, pain\u00e9is alimentares, pain\u00e9is de l\u00e3 de rocha ou pain\u00e9is \u00e0 prova de fogo<\/li>\n<li>Remo\u00e7\u00e3o de grades de portas e janelas = gratuita<\/li>\n<li>Tomadas adicionais ou tomadas RJ45<\/li>\n<\/ul>\n<p>Op\u00e7\u00f5es para acrescentar uma kitchenette<\/p>\n<ul>\n<li>Unidade de lava-loi\u00e7a 80x60cm 1 cuba fria<\/li>\n<li>Unidade de lava-loi\u00e7a 80x60cm 1 cuba com \u00e1gua quente<\/li>\n<li>Arm\u00e1rio lava-loi\u00e7a + \u00e1gua quente + 2 placas de fog\u00e3o + frigor\u00edfico<\/li>\n<\/ul>\n<\/div>\n<\/div>\n<\/div>","protected":false},"excerpt":{"rendered":"<p>Le\u00a0Bungalow Gu\u00e9rite de Gardien\u00a0est un module qui dispose de trois fa\u00e7ades toutes vitr\u00e9es avec menuiserie en gris anthracite, permettant une\u00a0vue \u00e0 180\u00b0,\u00a0pour r\u00e9pondre au besoin de mise en place d\u2019une Gu\u00e9rite de Gardien ou d&rsquo;un poste de garde. &nbsp; Description Bungalow Gu\u00e9rite de Gardien Neuf Notre Bungalow Gu\u00e9rite de Gardien est un module \u00e9quip\u00e9 pour [&hellip;]<\/p>","protected":false},"featured_media":27721,"comment_status":"open","ping_status":"closed","template":"","meta":{"_monsterinsights_skip_tracking":false,"_monsterinsights_sitenote_active":false,"_monsterinsights_sitenote_note":"","_monsterinsights_sitenote_category":0},"product_cat":[15,99],"product_tag":[],"aioseo_notices":[],"_links":{"self":[{"href":"https:\/\/alex-elec.eu\/pt\/wp-json\/wp\/v2\/product\/27720"}],"collection":[{"href":"https:\/\/alex-elec.eu\/pt\/wp-json\/wp\/v2\/product"}],"about":[{"href":"https:\/\/alex-elec.eu\/pt\/wp-json\/wp\/v2\/types\/product"}],"replies":[{"embeddable":true,"href":"https:\/\/alex-elec.eu\/pt\/wp-json\/wp\/v2\/comments?post=27720"}],"wp:featuredmedia":[{"embeddable":true,"href":"https:\/\/alex-elec.eu\/pt\/wp-json\/wp\/v2\/media\/27721"}],"wp:attachment":[{"href":"https:\/\/alex-elec.eu\/pt\/wp-json\/wp\/v2\/media?parent=27720"}],"wp:term":[{"taxonomy":"product_cat","embeddable":true,"href":"https:\/\/alex-elec.eu\/pt\/wp-json\/wp\/v2\/product_cat?post=27720"},{"taxonomy":"product_tag","embeddable":true,"href":"https:\/\/alex-elec.eu\/pt\/wp-json\/wp\/v2\/product_tag?post=27720"}],"curies":[{"name":"wp","href":"https:\/\/api.w.org\/{rel}","templated":true}]}}