{"id":27710,"date":"2023-09-21T06:35:40","date_gmt":"2023-09-21T06:35:40","guid":{"rendered":"https:\/\/alex-elec.eu\/?post_type=product&#038;p=27710"},"modified":"2023-09-21T06:35:41","modified_gmt":"2023-09-21T06:35:41","slug":"bungalow-neuf-type-snack-6-metres","status":"publish","type":"product","link":"https:\/\/alex-elec.eu\/pt\/product\/bungalow-neuf-type-snack-6-metres\/","title":{"rendered":"Novo bungalow Snack de 6 metros"},"content":{"rendered":"<p>Le\u00a0<strong>Bungalow Snack 6 m\u00e8tres<\/strong>\u00a0est un module qui dispose d\u2019une\u00a0<strong>porte pleine<\/strong>\u00a0et d\u2019une\u00a0<strong>fen\u00eatre snack<\/strong>\u00a0avec un\u00a0<strong>plancher renforc\u00e9 en bois-ciment<\/strong>, livr\u00e9 brut pour vous permettre de l\u2019adapter \u00e0 votre activit\u00e9.<\/p>\n<p>&nbsp;<\/p>\n<div>\n<div>Descri\u00e7\u00e3o<\/div>\n<div>\n<div>\n<p>Bungalow Snack 6 m\u00e8tres Renforc\u00e9 Neuf<\/p>\n<p>Notre Bungalow Snack 6 m\u00e8tres est un module \u00e9quip\u00e9 pour les activit\u00e9s de snacking. Ce module est destin\u00e9 \u00e0 ceux qui souhaitent disposer d\u2019un module Snack pouvant \u00eatre implant\u00e9 d\u00e9finitivement ou d\u00e9plac\u00e9 fr\u00e9quemment. Nous pouvons ajouter des portes, des fen\u00eatres, ainsi que le passage de fourches dans le soubassement pour manipulation avec un chariot \u00e9l\u00e9vateur \u00e9quip\u00e9 de fourches de 250 cm. Nous pouvons aussi l\u2019\u00e9quiper aux normes alimentaires.<\/p>\n<p>Notre Bungalow Snack 6 m\u00e8tres est un module avec l\u2019ossature en gris anthracite RAL 7016, une porte et une\u00a0<strong>fen\u00eatre type snack<\/strong>\u00a0sans vitrage avec\u00a0<strong>volet basculant<\/strong>\u00a0sur piston \u00e0 gaz, ainsi que le\u00a0<strong>plancher renforc\u00e9 en bois-ciment<\/strong>\u00a0sans rev\u00eatement. Il est livr\u00e9 sans installation \u00e9lectrique, afin de vous permettre de le configurer selon votre besoin.<\/p>\n<p>Le d\u00e9lai de livraison est de<strong>\u00a08 semaines maximum \u00e0 date de commande\u00a0<\/strong>pour ce module, car il est fabriqu\u00e9 sur commande. Ce module peut \u00eatre modifi\u00e9 et configur\u00e9 diff\u00e9remment selon votre besoin, sans allonger le d\u00e9lai de livraison.<\/p>\n<p>Este m\u00f3dulo faz parte do nosso projeto \"\u00a0<strong>Padr\u00e3o<\/strong>\u00a0\". A s\u00e9rie standard corresponde ao nosso primeiro n\u00edvel de acabamento: estrutura standard e isolamento standard.<\/p>\n<p>Se necess\u00e1rio, este m\u00f3dulo pode ser produzido no nosso \"\u00a0<strong>Refor\u00e7ado<\/strong>\u00a0\"ou\u00a0<strong>Isoplus<\/strong>\u00a0\". Neste caso, o isolamento t\u00e9rmico e ac\u00fastico ser\u00e1 mais eficaz e a estrutura ser\u00e1 refor\u00e7ada.<\/p>\n<p><strong>Os nossos bungalows s\u00e3o montados em Fran\u00e7a.<\/strong><\/p>\n<p>Descriptif Bungalow Snack 6 m\u00e8tres<\/p>\n<p>Le bungalow Snack 6 m\u00e8tres est constitu\u00e9 d&rsquo;une ossature en acier galvanis\u00e9 et laqu\u00e9 couleur gris anthracite RAL 7016.<\/p>\n<p>O perfil do telhado \u00e9 feito de a\u00e7o galvanizado pintado de cinzento antracite RAL 7016,\u00a0<strong>\u00e9paisseur 1,5 mm, hauteur 150 mm<\/strong>com 4 pontos de lingagem para desloca\u00e7\u00e3o por grua.<\/p>\n<p>Os perfis de base s\u00e3o em a\u00e7o galvanizado, lacado a cinzento antracite RAL 7016,<strong>\u00a0espessura 1,5 mm - altura 95 mm.<\/strong><\/p>\n<p>O telhado \u00e9 feito de pain\u00e9is em sandu\u00edche de espuma r\u00edgida de poliuretano,<strong>\u00a030 mm de espessura,<\/strong>\u00a0Euroclasse Cs3d0.<\/p>\n<p>As paredes s\u00e3o constitu\u00eddas por pain\u00e9is em sandu\u00edche de espuma r\u00edgida de poliuretano,\u00a0<strong>40 mm de espessura<\/strong>\u00a0(cinzento claro RAL 9002), Euroclasse Cs3d0.<\/p>\n<p>O ch\u00e3o \u00e9 feito de\u00a0<strong>cimento-madeira, 16 mm de espessura<\/strong>, sans rev\u00eatement, avec une port\u00e9e de\u00a0<strong>400 kg\/m\u00b2<\/strong>.<\/p>\n<p>Menuiseries en aluminium laqu\u00e9 Blanc RAL 9010<\/p>\n<p>Le Bungalow Snack 6 m\u00e8tres est \u00e9quip\u00e9 d\u2019une porte pleine dimensions 104 x 220 cm (90 cm de passage) et d\u2019une fen\u00eatre type snack sans vitrage dimensions 204 x 120 cm avec volet basculant sur piston \u00e0 gaz et loquet de condamnation int\u00e9rieur.<\/p>\n<p>Pas d\u2019installation \u00e9lectrique<\/p>\n<p>Le Bungalow Snack 6 m\u00e8tres est livr\u00e9 sans installation \u00e9lectrique, car nos clients ont souvent des besoins sp\u00e9cifiques et proc\u00e8dent \u00e0 l\u2019installation \u00e9lectrique lors de la mise en place de leurs \u00e9quipements. Nous pouvons proc\u00e9der si besoin \u00e0 une installation \u00e9lectrique standard: interrupteur, n\u00e9ons LED, prises de courant, convecteur, tableau \u00e9lectrique et bo\u00eete de raccordement.<\/p>\n<p>D\u00e9lai de livraison<\/p>\n<p>*En fonction des p\u00e9riodes ce d\u00e9lai peut varier, il sera toujours indiqu\u00e9 sur le devis que vous recevrez par nos \u00e9quipes d\u00e9di\u00e9es.<\/p>\n<p>Les modifications de la configuration ou des dimensions de ce module, ainsi que l\u2019ajout d\u2019options\u00a0<strong>n\u2019allongent pas le d\u00e9lai de livraison<\/strong>.<\/p>\n<p>Conditions de livraison<\/p>\n<p><strong>Le bungalow est livr\u00e9 mont\u00e9 et \u00e9quip\u00e9,\u00a0<\/strong>pr\u00eat \u00e0 \u00eatre \u00e9quip\u00e9 par soins.<\/p>\n<p>Le prix est indiqu\u00e9 d\u00e9part usine : les frais de transport sont \u00e0 pr\u00e9voir en suppl\u00e9ment (demander un devis).<\/p>\n<p>Pour le transport, nous vous proposerons deux solutions :<\/p>\n<ul>\n<li>Transport possible via camion grue, avec d\u00e9chargement sur place.<\/li>\n<li>Transport possible via camion plateau, sans d\u00e9chargement.<\/li>\n<\/ul>\n<p><strong>Le lieu de livraison doit \u00eatre accessible en semi-remorque<\/strong>. Nous proposons aussi une solution de livraison en camion porteur \u00e9quip\u00e9 d\u2019une grue plus puissante pour les acc\u00e8s difficiles.<\/p>\n<p>Nous vous conseillons d\u2019installer vos bungalows sur des plots (b\u00e9ton ou plastique) selon le plan de plots que nous pourrons vous envoyer. Nous proposons en option un kit de plots en plastique adapt\u00e9s pour les fortes charges. Ce kit comprend plusieurs plots de diff\u00e9rentes tailles afin vous permettre de r\u00e9gler le niveau et d\u2019installer votre module sur des plots parfaitement de niveau.<\/p>\n<p>Especifica\u00e7\u00f5es t\u00e9cnicas<\/p>\n<p>DIMENS\u00d5ES<\/p>\n<ul>\n<li>Altura exterior: 241 cm<\/li>\n<li>Altura interior: 220 cm<\/li>\n<li>Largura: 242 cm<\/li>\n<li>Comprimento: 609 cm<\/li>\n<\/ul>\n<p>QUADRO<\/p>\n<ul>\n<li>Material: A\u00e7o galvanizado e lacado<\/li>\n<li>Cor: Cinzento antracite RAL 7016<\/li>\n<li>Espessura: 1,5 mm<\/li>\n<li>Soubassement : hauteur 95 mm, \u00e9paisseur 1,5 mm<\/li>\n<li>Teto: altura 150 mm<\/li>\n<li>Manuseamento: 4 tomadas no tejadilho para ganchos de eleva\u00e7\u00e3o<\/li>\n<\/ul>\n<p>JUN\u00c7\u00c3O<\/p>\n<ul>\n<li>Mati\u00e8re : Aluminium laqu\u00e9 Blanc RAL 9010<\/li>\n<li>Porte(s) : 1 porte pleine dim. 104 x 220 cm (90 cm de passage), serrure 3 points<\/li>\n<li>Fen\u00eatre(s) : 1 fen\u00eatre type snack sans vitrage dim. 204 x 120 cm avec volet basculant sur piston \u00e0 gaz et loquet de condamnation int\u00e9rieur<\/li>\n<\/ul>\n<p>PAREDES E TELHADO<\/p>\n<ul>\n<li>Material: Pain\u00e9is tipo sandu\u00edche<\/li>\n<li>Isolamento: Espuma r\u00edgida de poliuretano<\/li>\n<li>Espessura da parede: 40 mm<\/li>\n<li>Espessura do telhado: 30 mm<\/li>\n<li>Telhado: Chapa de a\u00e7o galvanizado Ondas gregas<\/li>\n<li>Cor da parede: Cinzento claro RAL 9002<\/li>\n<\/ul>\n<p>PISO<\/p>\n<ul>\n<li>Structure : panneaux de bois-ciment, sans rev\u00eatement<\/li>\n<li>Espessura: 16 mm<\/li>\n<li>Port\u00e9e : 400 kg\/m\u00b2<\/li>\n<\/ul>\n<p>Op\u00e7\u00f5es poss\u00edveis<\/p>\n<ul>\n<li>2 vantaux coulissants sur la fen\u00eatre snack, simple vitrage<\/li>\n<li>Sol en PVC + 2 poutrelles IPE 16cm + bonde sol avec siphon raccord\u00e9<\/li>\n<li>Panneaux adapt\u00e9s au contexte alimentaire avec t\u00f4le gaufr\u00e9e<\/li>\n<li>Panneaux adapt\u00e9s au contexte alimentaire avec t\u00f4le lisse<\/li>\n<li>Altura do teto 2,40 m, altura da porta 2,20 m<\/li>\n<li>Installation \u00e9lectrique standard (tableau \u00e9lectrique + boite de raccordement + interrupteur + 2 n\u00e9ons + 2 prises + 1 connecteur 1500 watts<\/li>\n<li>Escolha livre das cores da moldura: branco RAL 9010, cinzento claro RAL 9002 ou cinzento antracite RAL 7016<\/li>\n<li>Outras cores est\u00e3o dispon\u00edveis como op\u00e7\u00e3o para os pain\u00e9is, moldura ou carpintaria.<\/li>\n<li>Isolamento do pavimento em l\u00e3 de vidro de 50 mm de espessura sobre chapas de prote\u00e7\u00e3o em a\u00e7o galvanizado<\/li>\n<li>Soubassement renforc\u00e9 avec passage de fourches (entraxe 90cm) pour d\u00e9placement avec chariot \u00e9l\u00e9vateur \u00e9quip\u00e9 de fourches de 250cm<\/li>\n<li>Base sobre patins (2 vigas de 16 cm de ip\u00ea)<\/li>\n<li>Coin WC raccordable int\u00e9gr\u00e9 avec WC + lave-mains + porte + cloisons (possible d\u2019avoir l\u2019eau chaude au lavabo en suppl\u00e9ment)<\/li>\n<li>4 tubos de queda de \u00e1guas pluviais<\/li>\n<li>Sistema de ar condicionado revers\u00edvel UNICO R10 de 2300 w<\/li>\n<li>Ar condicionado de janela que arrefece apenas 12000 BTU<\/li>\n<li>Ar condicionado m\u00f3vel SHINY 12 Revers\u00edvel R290 3,5 KW + kit de janela<\/li>\n<li>Dalles LED ou n\u00e9ons LED<\/li>\n<\/ul>\n<\/div>\n<\/div>\n<\/div>","protected":false},"excerpt":{"rendered":"<p>Le\u00a0Bungalow Snack 6 m\u00e8tres\u00a0est un module qui dispose d\u2019une\u00a0porte pleine\u00a0et d\u2019une\u00a0fen\u00eatre snack\u00a0avec un\u00a0plancher renforc\u00e9 en bois-ciment, livr\u00e9 brut pour vous permettre de l\u2019adapter \u00e0 votre activit\u00e9. &nbsp; Description Bungalow Snack 6 m\u00e8tres Renforc\u00e9 Neuf Notre Bungalow Snack 6 m\u00e8tres est un module \u00e9quip\u00e9 pour les activit\u00e9s de snacking. Ce module est destin\u00e9 \u00e0 ceux qui [&hellip;]<\/p>","protected":false},"featured_media":27711,"comment_status":"open","ping_status":"closed","template":"","meta":{"_monsterinsights_skip_tracking":false,"_monsterinsights_sitenote_active":false,"_monsterinsights_sitenote_note":"","_monsterinsights_sitenote_category":0},"product_cat":[15,99],"product_tag":[],"aioseo_notices":[],"_links":{"self":[{"href":"https:\/\/alex-elec.eu\/pt\/wp-json\/wp\/v2\/product\/27710"}],"collection":[{"href":"https:\/\/alex-elec.eu\/pt\/wp-json\/wp\/v2\/product"}],"about":[{"href":"https:\/\/alex-elec.eu\/pt\/wp-json\/wp\/v2\/types\/product"}],"replies":[{"embeddable":true,"href":"https:\/\/alex-elec.eu\/pt\/wp-json\/wp\/v2\/comments?post=27710"}],"wp:featuredmedia":[{"embeddable":true,"href":"https:\/\/alex-elec.eu\/pt\/wp-json\/wp\/v2\/media\/27711"}],"wp:attachment":[{"href":"https:\/\/alex-elec.eu\/pt\/wp-json\/wp\/v2\/media?parent=27710"}],"wp:term":[{"taxonomy":"product_cat","embeddable":true,"href":"https:\/\/alex-elec.eu\/pt\/wp-json\/wp\/v2\/product_cat?post=27710"},{"taxonomy":"product_tag","embeddable":true,"href":"https:\/\/alex-elec.eu\/pt\/wp-json\/wp\/v2\/product_tag?post=27710"}],"curies":[{"name":"wp","href":"https:\/\/api.w.org\/{rel}","templated":true}]}}