{"id":27696,"date":"2023-09-21T06:29:47","date_gmt":"2023-09-21T06:29:47","guid":{"rendered":"https:\/\/alex-elec.eu\/?post_type=product&#038;p=27696"},"modified":"2023-09-21T06:29:48","modified_gmt":"2023-09-21T06:29:48","slug":"bungalow-de-stockage-2m-neuf-pour-produits-phytosanitaires","status":"publish","type":"product","link":"https:\/\/alex-elec.eu\/pt\/product\/bungalow-de-stockage-2m-neuf-pour-produits-phytosanitaires\/","title":{"rendered":"Novo bungalow de armazenamento de 2M para produtos fitossanit\u00e1rios"},"content":{"rendered":"<p>Oferecemos um bungalow de armazenamento 2M adequado para\u00a0<strong>armazenamento de<\/strong>\u00a0<strong>produtos fitofarmac\u00eauticos.<\/strong><\/p>\n<p>&nbsp;<\/p>\n<div>\n<div>Descri\u00e7\u00e3o<\/div>\n<div>\n<div>\n<p>2M Bungalow de armazenamento para produtos fitossanit\u00e1rios<\/p>\n<p>Os nossos bungalows de armazenamento de produtos fitofarmac\u00eauticos podem satisfazer as necessidades de<strong>\u00a0armazenamento de produtos perigosos<\/strong>. Quer se trate de agricultores ou de empresas, podem ser utilizados para obter rapidamente\u00a0<strong>uma solu\u00e7\u00e3o de armazenamento isolado para produtos l\u00edquidos de alto risco<\/strong>.<\/p>\n<p>O nosso bungalow de armazenamento de produtos fitofarmac\u00eauticos tem um piso em a\u00e7o galvanizado com um tabuleiro de recolha de \u00e1gua coberto por uma grelha em a\u00e7o galvanizado. A base \u00e9 refor\u00e7ada, com uma ranhura para garfos para permitir a movimenta\u00e7\u00e3o do m\u00f3dulo por um empilhador equipado com garfos de 250 cm. O m\u00f3dulo est\u00e1 equipado com uma porta, duas grelhas de ventila\u00e7\u00e3o, ilumina\u00e7\u00e3o de n\u00e9on LED, aquecimento e uma tomada el\u00e9ctrica.<\/p>\n<p><strong>O prazo de entrega \u00e9 de 8 semanas, no m\u00e1ximo, a partir da data da encomenda.<\/strong>\u00a0para este m\u00f3dulo, independentemente do tamanho que escolher, uma vez que \u00e9 feito por encomenda.<\/p>\n<p>Para alguns clientes, cri\u00e1mos este m\u00f3dulo \u00e0 medida.<\/p>\n<p><strong>Os nossos bungalows s\u00e3o montados em Fran\u00e7a.<\/strong><\/p>\n<p>Descri\u00e7\u00e3o Novo bungalow de armazenamento de 2M para produtos fitofarmac\u00eauticos<\/p>\n<p>O bungalow fitossanit\u00e1rio tem uma estrutura em a\u00e7o galvanizado, lacado em cinzento claro RAL 9002.<\/p>\n<p>O perfil do telhado \u00e9 em a\u00e7o galvanizado lacado RAL 9002 cinzento claro,\u00a0<strong>espessura 1,5 mm - altura 150 mm<\/strong>com 4 pontos de lingagem para desloca\u00e7\u00e3o por grua.<\/p>\n<p>Os perfis de base s\u00e3o em a\u00e7o galvanizado, lacado a cinzento claro RAL 9002,\u00a0<strong>espessura 2 mm - altura 160 mm<\/strong>com\u00a0<strong>passagem de garfos<\/strong>\u00a0(90 cm de centro a centro) para desloca\u00e7\u00e3o com empilhador equipado com garfos de 250 cm.<\/p>\n<p>O telhado \u00e9 feito de pain\u00e9is em sandu\u00edche de espuma r\u00edgida de poliuretano,\u00a0<strong>30 mm de espessura<\/strong>Euroclasse Cs3d0. A cobertura do telhado \u00e9 feita de a\u00e7o galvanizado ondulado, com drenos de \u00e1guas pluviais nos lados.<\/p>\n<p>As paredes s\u00e3o constitu\u00eddas por pain\u00e9is em sandu\u00edche de espuma r\u00edgida de poliuretano,\u00a0<strong>40 mm de espessura<\/strong>\u00a0(cinzento claro RAL 9002), Euroclasse Cs3d0.<\/p>\n<p>O ch\u00e3o \u00e9 feito de a\u00e7o galvanizado espesso\u00a0<strong>1,2 mm - altura 120 mm<\/strong>com um tabuleiro de recolha de \u00e1gua, encimado por uma grelha de a\u00e7o galvanizado (malha de 35 x 76 mm). O v\u00e3o do pavimento \u00e9 de\u00a0<strong>500 kg\/m<\/strong>\u00a0(n\u00e3o utilizar um porta-paletes, este \u00e9 um extra opcional).<\/p>\n<p>Este m\u00f3dulo s\u00f3 pode ser levantado quando estiver vazio.<\/p>\n<p>Caixilharia de alum\u00ednio lacado branco RAL 9010<\/p>\n<p>O bungalow fitossanit\u00e1rio est\u00e1 equipado com uma porta s\u00f3lida isolada de 134 x 220 cm (120 cm de passagem), com 1 grelha de ventila\u00e7\u00e3o em PVC de 50 x 23 cm.<\/p>\n<p>O m\u00f3dulo possui uma segunda grelha de ventila\u00e7\u00e3o em PVC com 50 x 23 cm no painel traseiro.<\/p>\n<p>Instala\u00e7\u00e3o el\u00e9ctrica de 220 V<\/p>\n<p>O bungalow fitossanit\u00e1rio est\u00e1 equipado com um interrutor, uma l\u00e2mpada LED de n\u00e9on ou de teto, consoante o tamanho, um convetor de 1000 watts, uma tomada, um quadro el\u00e9trico com interdifusores e disjuntores (6 KW m\u00e1ximo) e uma caixa de liga\u00e7\u00e3o externa.<\/p>\n<p>Especifica\u00e7\u00f5es t\u00e9cnicas<\/p>\n<p>DIMENS\u00d5ES<\/p>\n<ul>\n<li>Altura exterior: 247 cm<\/li>\n<li>Altura interior: 202 cm<\/li>\n<li>Largura: 242 cm<\/li>\n<li>Comprimento: 209 cm<\/li>\n<\/ul>\n<p>QUADRO<\/p>\n<ul>\n<li>Material: A\u00e7o galvanizado e lacado<\/li>\n<li>Cor: Cinzento claro RAL 9002<\/li>\n<li>Espessura: 1,5 mm<\/li>\n<li>Base: altura 160 mm, espessura 2 mm<\/li>\n<li>Teto: altura 150 mm<\/li>\n<li>Manuseamento: 4 tomadas no tejadilho para ganchos de eleva\u00e7\u00e3o, estrutura inferior com garfos para manuseamento com um empilhador equipado com garfos de 250 cm.<\/li>\n<\/ul>\n<p>JUN\u00c7\u00c3O<\/p>\n<ul>\n<li>Material: Alum\u00ednio lacado branco RAL 9010<\/li>\n<li>Porta(s): 1 porta s\u00f3lida isolada, tamanho 134 x 220 cm (passagem de 120 cm)<\/li>\n<li>Ventila\u00e7\u00e3o(\u00f5es): 2 grelhas de ventila\u00e7\u00e3o em PVC, tamanho 50 x 23 cm, uma na porta, a outra no painel traseiro<\/li>\n<\/ul>\n<p>PAREDES E TELHADO<\/p>\n<ul>\n<li>Material: Pain\u00e9is tipo sandu\u00edche<\/li>\n<li>Isolamento: Espuma r\u00edgida de poliuretano<\/li>\n<li>Espessura da parede: 40 mm<\/li>\n<li>Espessura do telhado: 30 mm<\/li>\n<li>Telhado: Chapa de a\u00e7o galvanizado Ondas gregas<\/li>\n<li>Cor da parede: Cinzento claro RAL 9002<\/li>\n<\/ul>\n<p>PISO<\/p>\n<ul>\n<li>Estrutura: a\u00e7o galvanizado<\/li>\n<li>Espessura: 1,2 mm<\/li>\n<li>Equipamento: tabuleiro de recolha de \u00e1gua<\/li>\n<li>Pavimento: grelha de a\u00e7o galvanizado (malha de 35\u00d776 mm = n\u00e3o adequada para utiliza\u00e7\u00e3o com um porta-paletes \/ malha mais apertada opcional para utiliza\u00e7\u00e3o com um porta-paletes)<\/li>\n<li>Altura: 120 mm<\/li>\n<li>Capacidade: 500 kg\/m\u00b2.<\/li>\n<\/ul>\n<p>ELECTRICIDADE<\/p>\n<ul>\n<li>Ilumina\u00e7\u00e3o: 1 interrutor + 1 candeeiro de teto LED<\/li>\n<li>Aquecimento: 1 x convetor de 1000 W<\/li>\n<li>Tomada: 1 tomada<\/li>\n<li>Painel: 1 painel incluindo inter-diferenciais e disjuntores<\/li>\n<li>Liga\u00e7\u00e3o: 1 caixa de deriva\u00e7\u00e3o externa<\/li>\n<\/ul>\n<p>Op\u00e7\u00f5es poss\u00edveis<\/p>\n<ul>\n<li>Extrator de ar de 90m3\/h com interrutor<\/li>\n<li>Grelha de malha adequada para utiliza\u00e7\u00e3o com um porta-paletes<\/li>\n<li>Altura do teto 2,40 m, altura da porta 2,20 m<\/li>\n<\/ul>\n<\/div>\n<\/div>\n<\/div>","protected":false},"excerpt":{"rendered":"<p>Nous proposons un bungalow de stockage de 2M adapt\u00e9 pour le\u00a0stockage de\u00a0produits phytosanitaires. &nbsp; Description Bungalow de Stockage de 2M pour Produits Phytosanitaires Nos bungalows de stockage pour produits phytosanitaires permettent de r\u00e9pondre aux besoins de\u00a0stockage de produits dangereux. Que ce soit pour les agriculteurs ou les entreprises, ils permettent d\u2019obtenir rapidement\u00a0une solution de stockage [&hellip;]<\/p>","protected":false},"featured_media":27697,"comment_status":"open","ping_status":"closed","template":"","meta":{"_monsterinsights_skip_tracking":false,"_monsterinsights_sitenote_active":false,"_monsterinsights_sitenote_note":"","_monsterinsights_sitenote_category":0},"product_cat":[15,99],"product_tag":[],"aioseo_notices":[],"_links":{"self":[{"href":"https:\/\/alex-elec.eu\/pt\/wp-json\/wp\/v2\/product\/27696"}],"collection":[{"href":"https:\/\/alex-elec.eu\/pt\/wp-json\/wp\/v2\/product"}],"about":[{"href":"https:\/\/alex-elec.eu\/pt\/wp-json\/wp\/v2\/types\/product"}],"replies":[{"embeddable":true,"href":"https:\/\/alex-elec.eu\/pt\/wp-json\/wp\/v2\/comments?post=27696"}],"wp:featuredmedia":[{"embeddable":true,"href":"https:\/\/alex-elec.eu\/pt\/wp-json\/wp\/v2\/media\/27697"}],"wp:attachment":[{"href":"https:\/\/alex-elec.eu\/pt\/wp-json\/wp\/v2\/media?parent=27696"}],"wp:term":[{"taxonomy":"product_cat","embeddable":true,"href":"https:\/\/alex-elec.eu\/pt\/wp-json\/wp\/v2\/product_cat?post=27696"},{"taxonomy":"product_tag","embeddable":true,"href":"https:\/\/alex-elec.eu\/pt\/wp-json\/wp\/v2\/product_tag?post=27696"}],"curies":[{"name":"wp","href":"https:\/\/api.w.org\/{rel}","templated":true}]}}