{"id":27675,"date":"2023-09-21T06:19:33","date_gmt":"2023-09-21T06:19:33","guid":{"rendered":"https:\/\/alex-elec.eu\/?post_type=product&#038;p=27675"},"modified":"2023-09-21T06:19:33","modified_gmt":"2023-09-21T06:19:33","slug":"abri-barbecue-style-kota-grill-festival-8-95m2-21mm","status":"publish","type":"product","link":"https:\/\/alex-elec.eu\/pt\/product\/abri-barbecue-style-kota-grill-festival-8-95m2-21mm\/","title":{"rendered":"Festival 8 \/ 9.5M2 \/ 21MM kota grill style barbecue shelter"},"content":{"rendered":"<p>O abrigo para churrasco kota grill Festival 8 permite-lhe receber at\u00e9 15 pessoas com conforto e calor, em qualquer esta\u00e7\u00e3o do ano, para churrascos memor\u00e1veis!  O interior acolhedor em madeira, a lareira regul\u00e1vel, a mesa de corte em granito, o grelhador no meio dos convidados, os bancos em c\u00edrculo: este kit de abrigo para churrasco inclui tudo o que um aut\u00eantico grelhador kota tem.<\/p>\n<p>O recinto para churrasco Festival 8 vai certamente combinar com o estilo da sua propriedade. Pode reduzir o n\u00famero de janelas e coloc\u00e1-las onde quiser, sem custos adicionais. Pode escolher a cor do revestimento do teto e o tratamento da madeira.<\/p>\n<ul>\n<li>a cor do telhado e o tratamento que aplicar \u00e0 madeira criar\u00e3o o estilo que pretende<\/li>\n<li>o abeto n\u00f3rdico de crescimento lento tem uma excelente durabilidade a longo prazo<\/li>\n<\/ul>\n<p>&nbsp;<\/p>\n<p>Montagem completa do kit b\u00e1sico = (+\u20ac1.320,00)<\/p>\n<p>Revestimento do teto - material - Plano Noir Antracite = 320,00<\/p>\n<p>Revestimento do teto - material - Plano Gris Cendr\u00e9 = 320,00<\/p>\n<p>Revestimento do teto - material - Plano Marron = 320,00 euros<\/p>\n<p>Cobertura do telhado - material - Plano Vert For\u00eat = 320,00 euros<\/p>\n<p>Cobertura do telhado - material - Plano Rouge Brique = 320,00 euros<\/p>\n<p>&nbsp;<\/p>\n<p>Descri\u00e7\u00e3o<\/p>\n<p>&nbsp;<\/p>\n<table>\n<tbody>\n<tr>\n<td>Dimens\u00f5es exteriores:<\/td>\n<td>3,6 m<\/td>\n<\/tr>\n<tr>\n<td>Profundidade exterior:<\/td>\n<td>3,3 m<\/td>\n<\/tr>\n<tr>\n<td>Altura interior sob o teto :<\/td>\n<td>2,1 m<\/td>\n<\/tr>\n<tr>\n<td>Altura do cume:<\/td>\n<td>2,6 m<\/td>\n<\/tr>\n<tr>\n<td>Espessura da parede:<\/td>\n<td>21 mm<\/td>\n<\/tr>\n<tr>\n<td>Superf\u00edcie interior:<\/td>\n<td>9.5 m2<\/td>\n<\/tr>\n<tr>\n<td>Telhado:<\/td>\n<td>15 m\u00b2, escolher a cor das calhas como op\u00e7\u00e3o ou deixar sem calhas<\/td>\n<\/tr>\n<tr>\n<td>Espessura do pavimento:<\/td>\n<td>21 mm<\/td>\n<\/tr>\n<tr>\n<td>Tamanho da porta:<\/td>\n<td>exterior 115 x 170 cm<\/td>\n<\/tr>\n<tr>\n<td>Tipo de porta:<\/td>\n<td>Porta-janela com vidro duplo<\/td>\n<\/tr>\n<tr>\n<td>N\u00famero de janelas<\/td>\n<td>2 janelas de abrir e 5 janelas fixas com 115 x 110 cm, o n\u00famero de janelas pode ser reduzido para se adaptar \u00e0s suas necessidades, sem custos adicionais<\/td>\n<\/tr>\n<tr>\n<td>Vidros:<\/td>\n<td>Vidro simples de 3 mm (vidro duplo dispon\u00edvel a pedido)<\/td>\n<\/tr>\n<tr>\n<td>Materiais<\/td>\n<td>Chal\u00e9 feito de abeto n\u00f3rdico n\u00e3o tratado e de crescimento lento, em kit.<\/td>\n<\/tr>\n<tr>\n<td>Informa\u00e7\u00f5es adicionais<\/td>\n<td>Estrutura de base tratada, var\u00f5es met\u00e1licos de refor\u00e7o, kit de montagem, vidro temperado \"s\u00e9curit\" nas portas e janelas, fechadura de cilindro, manual de montagem, 5 anos de garantia. Categoria Abrigo para churrasco.<\/td>\n<\/tr>\n<\/tbody>\n<\/table>","protected":false},"excerpt":{"rendered":"<p>L\u2019abri barbecue kota grill\u00a0 Festival 8 vous permet de recevoir jusqu\u2019\u00e0 15 personnes confortablement et chaleureusement en toute saison autour de grillades m\u00e9morables!\u00a0 L\u2019int\u00e9rieur bois chaleureux, la chemin\u00e9e ajustable, la table de d\u00e9coupe en granit, le grill au centre des invit\u00e9s, les bancs en cercle: cet abri barcebue en kit comprend tout ce qu\u2019a un [&hellip;]<\/p>","protected":false},"featured_media":27676,"comment_status":"open","ping_status":"closed","template":"","meta":{"_monsterinsights_skip_tracking":false,"_monsterinsights_sitenote_active":false,"_monsterinsights_sitenote_note":"","_monsterinsights_sitenote_category":0},"product_cat":[15,99],"product_tag":[],"aioseo_notices":[],"_links":{"self":[{"href":"https:\/\/alex-elec.eu\/pt\/wp-json\/wp\/v2\/product\/27675"}],"collection":[{"href":"https:\/\/alex-elec.eu\/pt\/wp-json\/wp\/v2\/product"}],"about":[{"href":"https:\/\/alex-elec.eu\/pt\/wp-json\/wp\/v2\/types\/product"}],"replies":[{"embeddable":true,"href":"https:\/\/alex-elec.eu\/pt\/wp-json\/wp\/v2\/comments?post=27675"}],"wp:featuredmedia":[{"embeddable":true,"href":"https:\/\/alex-elec.eu\/pt\/wp-json\/wp\/v2\/media\/27676"}],"wp:attachment":[{"href":"https:\/\/alex-elec.eu\/pt\/wp-json\/wp\/v2\/media?parent=27675"}],"wp:term":[{"taxonomy":"product_cat","embeddable":true,"href":"https:\/\/alex-elec.eu\/pt\/wp-json\/wp\/v2\/product_cat?post=27675"},{"taxonomy":"product_tag","embeddable":true,"href":"https:\/\/alex-elec.eu\/pt\/wp-json\/wp\/v2\/product_tag?post=27675"}],"curies":[{"name":"wp","href":"https:\/\/api.w.org\/{rel}","templated":true}]}}