{"id":27660,"date":"2023-09-21T06:12:42","date_gmt":"2023-09-21T06:12:42","guid":{"rendered":"https:\/\/alex-elec.eu\/?post_type=product&#038;p=27660"},"modified":"2023-09-21T06:12:42","modified_gmt":"2023-09-21T06:12:42","slug":"bungalow-neuf-serie-speciale-6-metres","status":"publish","type":"product","link":"https:\/\/alex-elec.eu\/pt\/product\/bungalow-neuf-serie-speciale-6-metres\/","title":{"rendered":"Novo Bungalow S\u00e9rie Especial 6 metros"},"content":{"rendered":"<p>Les bungalows de la S\u00e9rie Sp\u00e9ciale pr\u00e9sentent\u00a0<strong>un parfait compromis prix\/confort d\u2019utilisation<\/strong>, ce qui les rend adapt\u00e9s pour la plupart des utilisations.<\/p>\n<div>\n<div>Descri\u00e7\u00e3o<\/div>\n<div>\n<div>\n<p>Bungalow S\u00e9rie Sp\u00e9ciale Neuf<\/p>\n<p>Si leur vocation premi\u00e8re est le confort du personnel de chantier (bureaux, r\u00e9fectoires, vestiaires, &#8230;), les\u00a0<strong>bungalows no local<\/strong>\u00a0sont aussi adapt\u00e9s \u00e0 de nombreuses autres utilisations dans l&rsquo;industrie ou les services (atelier, stockage, bureaux, abris de machines&#8230;). Ils permettent de b\u00e9n\u00e9ficier d&rsquo;une<strong>\u00a0structure isol\u00e9e<\/strong>,\u00a0<strong>lumineuse et confortable<\/strong>\u00a0qui r\u00e9pond \u00e0 de nombreux besoins.<\/p>\n<p>A vantagem do bungalow reside em dois factores principais: rapidez de instala\u00e7\u00e3o e um pre\u00e7o muito atrativo por m\u00b2.<br \/>\nDe nombreuses entreprises, associations, collectivit\u00e9s ou m\u00eame des particuliers se tournent aujourd&rsquo;hui vers cette solution, car elle permet d&rsquo;obtenir un b\u00e2timent isol\u00e9 dans un d\u00e9lai in\u00e9galable et pour un tarif imbattable en comparaison avec une solution de construction classique.<\/p>\n<p>Les bungalows de la s\u00e9rie \u00ab Sp\u00e9ciale \u00bb sont des modules qui disposent de\u00a0<strong>la structure la plus renforc\u00e9e de notre gamme<\/strong>, ainsi que d\u2019une\u00a0<strong>isolation thermique et phonique am\u00e9lior\u00e9e<\/strong>.<\/p>\n<p>Ce mod\u00e8le dispose d\u2019office de l\u2019option\u00a0<strong>passage de fourches int\u00e9gr\u00e9 au soubassement<\/strong>, afin de permettre une manipulation avec un\u00a0<strong>chariot \u00e9l\u00e9vateur \u00e9quip\u00e9 de fourches longues (250cm)<\/strong>. Par sa structure la plus renforc\u00e9e et son niveau d\u2019isolation interm\u00e9diaire, la s\u00e9rie sp\u00e9ciale est la s\u00e9rie pr\u00e9f\u00e9r\u00e9e des loueurs de bungalows.<\/p>\n<p>Notre bungalow s\u00e9rie \u00ab Sp\u00e9ciale \u00bb n\u00e9cessite un\u00a0<strong>d\u00e9lai de livraison de 3 semaines<\/strong>\u00a0gr\u00e2ce au fait que nous disposons d\u2019un stock permanent pour l\u2019ossature, les panneaux et les menuiseries.<\/p>\n<p><strong>Os nossos bungalows s\u00e3o montados em Fran\u00e7a.<\/strong><\/p>\n<p>Especifica\u00e7\u00f5es t\u00e9cnicas<\/p>\n<p>DIMENS\u00d5ES<\/p>\n<ul>\n<li>Altura exterior: 257 cm<\/li>\n<li>Altura interior: 220 cm<\/li>\n<li>Comprimento: 609 cm<\/li>\n<li>Largura: 242 cm<\/li>\n<\/ul>\n<p>QUADRO<\/p>\n<ul>\n<li>Descri\u00e7\u00e3o : A\u00e7o galvanizado e lacado<\/li>\n<li>Cor: Cinzento antracite RAL 7016<\/li>\n<li>Espessura: 2 mm<\/li>\n<li>Base: altura 160 mm<\/li>\n<li>Teto: altura 250 mm<\/li>\n<li>Manutention : 4 prises sur la toiture pour crochets de levage et passage de fourches dans le soubassement<\/li>\n<\/ul>\n<p>PAREDES E TELHADO<\/p>\n<ul>\n<li>Material: Pain\u00e9is tipo sandu\u00edche<\/li>\n<li>Isolamento: Espuma r\u00edgida de poliuretano<\/li>\n<li>Espessura da parede: 50 mm<\/li>\n<li>\u00c9paisseur Plafond : 40 mm<\/li>\n<li>Couverture Plafond : T\u00f4le d\u2019acier galvanis\u00e9 avec ondes grecques<\/li>\n<li>\u2022Couleur panneaux : Gris clair RAL 9002<\/li>\n<\/ul>\n<p>PISO<\/p>\n<ul>\n<li>Estrutura: Pain\u00e9is de aglomerado hidr\u00f3fugo<\/li>\n<li>Espessura: 18 mm<\/li>\n<li>Revestimento : PVC<\/li>\n<\/ul>\n<p>JUN\u00c7\u00c3O<\/p>\n<ul>\n<li>Material: Alum\u00ednio lacado branco RAL 9010<\/li>\n<li>Porta(s): 1 porta semi-envidra\u00e7ada, dim. 104 x 220 cm, vidro duplo com barras<\/li>\n<li>Janela(s): 1 janela de correr, tamanho 104 x 110 cm, com vidro duplo e barras<\/li>\n<\/ul>\n<p>ELECTRICIDADE<\/p>\n<ul>\n<li>Ilumina\u00e7\u00e3o: 2 LEDs de n\u00e9on<\/li>\n<li>Tomadas: 2 tomadas<\/li>\n<li>Aquecimento: 1 convetor de 1500 W<\/li>\n<li>Painel: 1 painel incluindo inter-diferenciais e disjuntores<\/li>\n<li>Liga\u00e7\u00e3o: 1 caixa de deriva\u00e7\u00e3o externa<\/li>\n<\/ul>\n<p>Op\u00e7\u00f5es poss\u00edveis<\/p>\n<ul>\n<li>Outras cores est\u00e3o dispon\u00edveis como op\u00e7\u00e3o para os pain\u00e9is, moldura ou carpintaria.<\/li>\n<li>Isolation sous le plancher en laine de verre 50mm d\u2019\u00e9paisseur\u00a0sur t\u00f4les de protection en acier galvanis\u00e9<\/li>\n<li>Altura do teto 2,40 m, altura da porta 2,20 m<\/li>\n<li>\u00c1rea de WC integrada com WC + lavat\u00f3rio + porta + divis\u00f3rias (\u00e1gua quente no lavat\u00f3rio poss\u00edvel mediante um custo adicional)<\/li>\n<li>Zona de duche incorporada (com \u00e1gua quente, claro) + porta + divis\u00f3rias<\/li>\n<li>4 tubos de queda de \u00e1guas pluviais<\/li>\n<li>Caixilharia de alum\u00ednio lacada a cinzento antracite RAL 7016<\/li>\n<li>Sistema de ar condicionado revers\u00edvel UNICO R10 de 2300 w<\/li>\n<li>Ar condicionado de janela que arrefece apenas 12000 BTU<\/li>\n<li>Ar condicionado m\u00f3vel SHINY 12 Revers\u00edvel R290 3,5 KW + kit de janela<\/li>\n<li>Pain\u00e9is LED em vez de luzes de n\u00e9on<\/li>\n<li>Porta adicional com semi-vidro, porta completa ou porta totalmente em vidro<\/li>\n<li>Janela suplementar, janela de sacada, janela de petiscar ou janela com postigo e higi\u00f3fono<\/li>\n<li>Persianas de alum\u00ednio ou PVC, cores especiais dispon\u00edveis<\/li>\n<li>Ch\u00e3o de madeira-bet\u00e3o, 16 mm de espessura, em vez de aglomerado de madeira (indispens\u00e1vel se o bungalow n\u00e3o for elevado alguns cm por blocos ou cunhas, e para ambientes h\u00famidos) capacidade de carga: 400 kg\/m\u00b2.<\/li>\n<li>Pavimento de madeira fen\u00f3lica com 18 mm de espessura em vez de aglomerado de madeira, capacidade de carga: 500 kg\/m\u00b2.<\/li>\n<li>Pavimento em PVC resistente em vez de pavimento normal, imita\u00e7\u00e3o de parquet ou ladrilho em PVC<\/li>\n<li>Pain\u00e9is lisos, pain\u00e9is alimentares, pain\u00e9is de l\u00e3 de rocha ou pain\u00e9is \u00e0 prova de fogo<\/li>\n<li>Remo\u00e7\u00e3o de grades de portas e janelas = gratuita<\/li>\n<li>Tomadas adicionais ou tomadas RJ45<\/li>\n<\/ul>\n<p>Op\u00e7\u00f5es para acrescentar uma kitchenette<\/p>\n<ul>\n<li>Unidade de lava-loi\u00e7a 80x60cm 1 cuba fria<\/li>\n<li>Unidade de lava-loi\u00e7a 80x60cm 1 cuba com \u00e1gua quente<\/li>\n<li>Arm\u00e1rio lava-loi\u00e7a + \u00e1gua quente + 2 placas de fog\u00e3o + frigor\u00edfico<\/li>\n<\/ul>\n<\/div>\n<\/div>\n<\/div>","protected":false},"excerpt":{"rendered":"<p>Les bungalows de la S\u00e9rie Sp\u00e9ciale pr\u00e9sentent\u00a0un parfait compromis prix\/confort d\u2019utilisation, ce qui les rend adapt\u00e9s pour la plupart des utilisations. Description Bungalow S\u00e9rie Sp\u00e9ciale Neuf Si leur vocation premi\u00e8re est le confort du personnel de chantier (bureaux, r\u00e9fectoires, vestiaires, &#8230;), les\u00a0bungalows de chantier\u00a0sont aussi adapt\u00e9s \u00e0 de nombreuses autres utilisations dans l&rsquo;industrie ou les [&hellip;]<\/p>","protected":false},"featured_media":27664,"comment_status":"open","ping_status":"closed","template":"","meta":{"_monsterinsights_skip_tracking":false,"_monsterinsights_sitenote_active":false,"_monsterinsights_sitenote_note":"","_monsterinsights_sitenote_category":0},"product_cat":[15,100],"product_tag":[],"aioseo_notices":[],"_links":{"self":[{"href":"https:\/\/alex-elec.eu\/pt\/wp-json\/wp\/v2\/product\/27660"}],"collection":[{"href":"https:\/\/alex-elec.eu\/pt\/wp-json\/wp\/v2\/product"}],"about":[{"href":"https:\/\/alex-elec.eu\/pt\/wp-json\/wp\/v2\/types\/product"}],"replies":[{"embeddable":true,"href":"https:\/\/alex-elec.eu\/pt\/wp-json\/wp\/v2\/comments?post=27660"}],"wp:featuredmedia":[{"embeddable":true,"href":"https:\/\/alex-elec.eu\/pt\/wp-json\/wp\/v2\/media\/27664"}],"wp:attachment":[{"href":"https:\/\/alex-elec.eu\/pt\/wp-json\/wp\/v2\/media?parent=27660"}],"wp:term":[{"taxonomy":"product_cat","embeddable":true,"href":"https:\/\/alex-elec.eu\/pt\/wp-json\/wp\/v2\/product_cat?post=27660"},{"taxonomy":"product_tag","embeddable":true,"href":"https:\/\/alex-elec.eu\/pt\/wp-json\/wp\/v2\/product_tag?post=27660"}],"curies":[{"name":"wp","href":"https:\/\/api.w.org\/{rel}","templated":true}]}}