{"id":27629,"date":"2023-09-20T23:17:54","date_gmt":"2023-09-20T23:17:54","guid":{"rendered":"https:\/\/alex-elec.eu\/?post_type=product&#038;p=27629"},"modified":"2023-09-20T23:17:54","modified_gmt":"2023-09-20T23:17:54","slug":"bungalow-de-chantier-refectoire-de-4-metres-serie-renforcee","status":"publish","type":"product","link":"https:\/\/alex-elec.eu\/pt\/product\/bungalow-de-chantier-refectoire-de-4-metres-serie-renforcee\/","title":{"rendered":"Bungalow de 4 metros para o local do refeit\u00f3rio - S\u00e9rie Refor\u00e7ada"},"content":{"rendered":"<p>Accueillez vos \u00e9quipes avec tout le confort moderne dans ce\u00a0<strong>Bungalow de 4 m\u00e8tres<\/strong>\u00a0d\u00e9di\u00e9 \u00e0 la mise en place d&rsquo;un\u00a0<strong>r\u00e9fectoire<\/strong>\u00a0pouvant accueillir\u00a0<strong>jusqu&rsquo;\u00e0 8 personnes.<\/strong><\/p>\n<p>&nbsp;<\/p>\n<div>\n<div>Descri\u00e7\u00e3o<\/div>\n<div>\n<div>\n<p>Besoin d&rsquo;un espace modulaire pour cr\u00e9er un r\u00e9fectoire de chantier qui soit optimis\u00e9 et convivial ?<\/p>\n<p>O nosso\u00a0<strong>Bungalow R\u00e9fectoire de 4 m\u00e8tres<\/strong>\u00a0r\u00e9pondra \u00e0 toutes vos attentes. Offrez \u00e0 vos \u00e9quipes\u00a0<strong>tout le confort n\u00e9cessaire<\/strong>\u00a0pour des pauses repas reposantes et ce, quelles que soient les conditions m\u00e9t\u00e9orologiques !<\/p>\n<p>De\u00a0<strong>nombreuses possibilit\u00e9s d&rsquo;am\u00e9nagement int\u00e9rieur<\/strong>\u00a0rendent notre Bungalow R\u00e9fectoire de 4 m\u00e8tres particuli\u00e8rement polyvalent.<\/p>\n<p><strong>Selon vos besoins de confort, ce Bungalow R\u00e9fectoire peut-\u00eatre \u00e9quip\u00e9 de sanitaires, d&rsquo;un syst\u00e8me de climatisation, d&rsquo;une kitchenette ou personnalis\u00e9 pour r\u00e9pondre \u00e0 100% vos attentes.<\/strong><\/p>\n<p>Vous souhaitez un Bungalow R\u00e9fectoire d\u00e9j\u00e0 \u00e9quip\u00e9 et pr\u00eat \u00e0 l&#8217;emploi ?<\/p>\n<p>En options, nous pouvons vous proposer un\u00a0<strong>Bungalow R\u00e9fectoire d\u00e9j\u00e0 tout \u00e9quip\u00e9<\/strong>\u00a0:<\/p>\n<ul>\n<li>Table en bois<\/li>\n<li>Banc pliant en bois de 2 m\u00e8tres<\/li>\n<li>Chaise coquille<\/li>\n<li>\u00c9vier sur meuble de 80&#215;60 cm avec bac \u00e0 eau chaude ou eau froide<\/li>\n<li>Cuisinette en bois 120&#215;160 avec \u00e9vier \u00e0 eau chaude, 2 plaques de cuisson et un r\u00e9frig\u00e9rateur<\/li>\n<\/ul>\n<p><strong>Notre \u00e9quip\u00e9 d\u00e9di\u00e9e se charge de tout !<\/strong><\/p>\n<p>DIMENSIONS D&rsquo;UN BUNGALOW R\u00c9FECTOIRE DE CHANTIER<\/p>\n<ul>\n<li>Altura exterior: 252 cm<\/li>\n<li>Altura interior: 220 cm<\/li>\n<li>Comprimento: 409 cm<\/li>\n<li>Largura: 242 cm<\/li>\n<\/ul>\n<p>QUADRO<\/p>\n<ul>\n<li>Material: A\u00e7o galvanizado e lacado<\/li>\n<li>Cor: Cinzento claro RAL 9002<\/li>\n<li>Espessura: 2 mm<\/li>\n<li>Base: altura 160 mm<\/li>\n<li>Teto: altura 200 mm<\/li>\n<li>Manuseamento: 4 tomadas no tejadilho para ganchos de eleva\u00e7\u00e3o<\/li>\n<\/ul>\n<p>PAREDES E TELHADO<\/p>\n<ul>\n<li>Material: Pain\u00e9is tipo sandu\u00edche<\/li>\n<li>Isolamento: Espuma r\u00edgida de poliuretano<\/li>\n<li>Espessura da parede: 50 mm<\/li>\n<li>Espessura do telhado: 40 mm<\/li>\n<li>Cobertura do telhado: chapa de a\u00e7o galvanizada com ondas gregas<\/li>\n<li>Cor: Cinzento claro RAL 9002<\/li>\n<\/ul>\n<p>PISO<\/p>\n<ul>\n<li>Estrutura: Pain\u00e9is de aglomerado hidr\u00f3fugo<\/li>\n<li>Espessura: 18 mm<\/li>\n<li>Revestimento : PVC<\/li>\n<\/ul>\n<p>JUN\u00c7\u00c3O<\/p>\n<ul>\n<li>Material: Alum\u00ednio lacado branco RAL 9010<\/li>\n<li>Porta(s): 1 porta semi-envidra\u00e7ada, dim. 104 x 220 cm, vidro duplo com barras<\/li>\n<li>Janela(s): 1 janela de correr, tamanho 104 x 110 cm, com vidro duplo e barras<\/li>\n<\/ul>\n<p>ELECTRICIDADE<\/p>\n<ul>\n<li>\u00c9clairage : 1 n\u00e9ons LED<\/li>\n<li>Tomadas: 2 tomadas<\/li>\n<li>Aquecimento: 1 convetor de 1500 W<\/li>\n<li>Painel: 1 painel incluindo inter-diferenciais e disjuntores<\/li>\n<li>Liga\u00e7\u00e3o: 1 caixa de deriva\u00e7\u00e3o externa<\/li>\n<\/ul>\n<p>Op\u00e7\u00f5es poss\u00edveis<\/p>\n<ul>\n<li>Escolha livre das cores da moldura: branco RAL 9010, cinzento claro RAL 9002 ou cinzento antracite RAL 7016<\/li>\n<li>Outras cores est\u00e3o dispon\u00edveis como op\u00e7\u00e3o para os pain\u00e9is, moldura ou carpintaria.<\/li>\n<li>Isolamento do pavimento em l\u00e3 de vidro de 50 mm de espessura sobre chapas de prote\u00e7\u00e3o em a\u00e7o galvanizado<\/li>\n<li>Altura do teto 2,40 m, altura da porta 2,20 m<\/li>\n<li>Estrutura inferior com passagem de garfos (dist\u00e2ncia entre centros de 90 cm) para desloca\u00e7\u00e3o com empilhador equipado com garfos de 250 cm<\/li>\n<li>Base sobre patins (2 vigas de 16 cm de ip\u00ea)<\/li>\n<li>\u00c1rea de WC integrada com WC + lavat\u00f3rio + porta + divis\u00f3rias (\u00e1gua quente no lavat\u00f3rio poss\u00edvel mediante um custo adicional)<\/li>\n<li>Zona de duche incorporada (com \u00e1gua quente, claro) + porta + divis\u00f3rias<\/li>\n<li>4 tubos de queda de \u00e1guas pluviais<\/li>\n<li>Caixilharia de alum\u00ednio lacada a cinzento antracite RAL 7016<\/li>\n<li>Sistema de ar condicionado revers\u00edvel UNICO R10 de 2300 w<\/li>\n<li>Ar condicionado de janela que arrefece apenas 12000 BTU<\/li>\n<li>Ar condicionado m\u00f3vel SHINY 12 Revers\u00edvel R290 3,5 KW + kit de janela<\/li>\n<li>Pain\u00e9is LED em vez de luzes de n\u00e9on<\/li>\n<li>Porta adicional com semi-vidro, porta completa ou porta totalmente em vidro<\/li>\n<li>Janela, janela saliente, janela para refei\u00e7\u00f5es ligeiras ou janela com postigo e higr\u00f3fono adicional<\/li>\n<li>Persianas de alum\u00ednio ou PVC, cores especiais dispon\u00edveis<\/li>\n<li>Ch\u00e3o de madeira-bet\u00e3o, 16 mm de espessura, em vez de aglomerado de madeira (indispens\u00e1vel se o bungalow n\u00e3o for elevado alguns cm por blocos ou cunhas, e para ambientes h\u00famidos) capacidade de carga: 400 kg\/m\u00b2.<\/li>\n<li>Pavimento de madeira fen\u00f3lica com 18 mm de espessura em vez de aglomerado de madeira, capacidade de carga: 500 kg\/m\u00b2.<\/li>\n<li>Pavimento em PVC resistente em vez de pavimento normal, imita\u00e7\u00e3o de parquet ou ladrilho em PVC<\/li>\n<li>Pain\u00e9is lisos, pain\u00e9is alimentares, pain\u00e9is de l\u00e3 de rocha ou pain\u00e9is \u00e0 prova de fogo<\/li>\n<li>Remo\u00e7\u00e3o de grades de portas e janelas = gratuita<\/li>\n<li>Tomadas adicionais ou tomadas RJ45<\/li>\n<\/ul>\n<\/div>\n<\/div>\n<\/div>","protected":false},"excerpt":{"rendered":"<p>Accueillez vos \u00e9quipes avec tout le confort moderne dans ce\u00a0Bungalow de 4 m\u00e8tres\u00a0d\u00e9di\u00e9 \u00e0 la mise en place d&rsquo;un\u00a0r\u00e9fectoire\u00a0pouvant accueillir\u00a0jusqu&rsquo;\u00e0 8 personnes. &nbsp; Description Besoin d&rsquo;un espace modulaire pour cr\u00e9er un r\u00e9fectoire de chantier qui soit optimis\u00e9 et convivial ? Notre\u00a0Bungalow R\u00e9fectoire de 4 m\u00e8tres\u00a0r\u00e9pondra \u00e0 toutes vos attentes. Offrez \u00e0 vos \u00e9quipes\u00a0tout le confort [&hellip;]<\/p>","protected":false},"featured_media":27630,"comment_status":"open","ping_status":"closed","template":"","meta":{"_monsterinsights_skip_tracking":false,"_monsterinsights_sitenote_active":false,"_monsterinsights_sitenote_note":"","_monsterinsights_sitenote_category":0},"product_cat":[15,100],"product_tag":[],"aioseo_notices":[],"_links":{"self":[{"href":"https:\/\/alex-elec.eu\/pt\/wp-json\/wp\/v2\/product\/27629"}],"collection":[{"href":"https:\/\/alex-elec.eu\/pt\/wp-json\/wp\/v2\/product"}],"about":[{"href":"https:\/\/alex-elec.eu\/pt\/wp-json\/wp\/v2\/types\/product"}],"replies":[{"embeddable":true,"href":"https:\/\/alex-elec.eu\/pt\/wp-json\/wp\/v2\/comments?post=27629"}],"wp:featuredmedia":[{"embeddable":true,"href":"https:\/\/alex-elec.eu\/pt\/wp-json\/wp\/v2\/media\/27630"}],"wp:attachment":[{"href":"https:\/\/alex-elec.eu\/pt\/wp-json\/wp\/v2\/media?parent=27629"}],"wp:term":[{"taxonomy":"product_cat","embeddable":true,"href":"https:\/\/alex-elec.eu\/pt\/wp-json\/wp\/v2\/product_cat?post=27629"},{"taxonomy":"product_tag","embeddable":true,"href":"https:\/\/alex-elec.eu\/pt\/wp-json\/wp\/v2\/product_tag?post=27629"}],"curies":[{"name":"wp","href":"https:\/\/api.w.org\/{rel}","templated":true}]}}