{"id":27625,"date":"2023-09-20T23:15:59","date_gmt":"2023-09-20T23:15:59","guid":{"rendered":"https:\/\/alex-elec.eu\/?post_type=product&#038;p=27625"},"modified":"2023-09-20T23:15:59","modified_gmt":"2023-09-20T23:15:59","slug":"bungalow-de-chantier-vestiaires-de-5-metres-serie-renforcee","status":"publish","type":"product","link":"https:\/\/alex-elec.eu\/pt\/product\/bungalow-de-chantier-vestiaires-de-5-metres-serie-renforcee\/","title":{"rendered":"Balne\u00e1rio Bungalow de 5 metros - S\u00e9rie Refor\u00e7ada"},"content":{"rendered":"<p>O nosso bungalow de vesti\u00e1rio de 5 metros \u00e9 ideal para equipar o seu vesti\u00e1rio pr\u00e9-fabricado, seja ele tempor\u00e1rio ou permanente.\u00a0<strong>O 100% pode ser personalizado.<\/strong><\/p>\n<p>&nbsp;<\/p>\n<div>\n<div>Descri\u00e7\u00e3o<\/div>\n<div>\n<div>\n<p>Balne\u00e1rios confort\u00e1veis e personaliz\u00e1veis para todas as utiliza\u00e7\u00f5es, do desporto ao sector dos servi\u00e7os, mas tamb\u00e9m para a ind\u00fastria.<\/p>\n<p>O nosso bungalow vesti\u00e1rio assegura a higiene e o conforto em numerosos dom\u00ednios de atividade. Muito pr\u00e1tico, por exemplo, nos sectores da constru\u00e7\u00e3o e das obras p\u00fablicas, para as institui\u00e7\u00f5es de solidariedade social ou ONG, este bungalow vesti\u00e1rio possui pain\u00e9is imperme\u00e1veis e isolantes.<\/p>\n<p>Para uma utiliza\u00e7\u00e3o simples e eficaz do seu bungalow com bengaleiro, podemos fornecer-lhe\u00a0<strong>uma vasta gama de equipamentos opcionais :<\/strong><\/p>\n<ul>\n<li>Ar condicionado revers\u00edvel<\/li>\n<li>Banco rebat\u00edvel de 2 metros<\/li>\n<li>Cacifos de bengaleiro Cinzento\/Azul<\/li>\n<li>Lava-loi\u00e7a com arm\u00e1rio de 80\u00d760 cm com dep\u00f3sito de \u00e1gua fria ou quente<\/li>\n<\/ul>\n<p><strong>Diga-nos quais s\u00e3o os seus requisitos, por mais exigentes que sejam, e a nossa equipa dedicada tratar\u00e1 do resto.<\/strong><\/p>\n<p>A arquitetura modular do nosso bungalow de vesti\u00e1rio significa que pode ser atualizado de acordo com as suas necessidades.<\/p>\n<p>DIMENS\u00d5ES DE UM BUNGALOW COM VESTI\u00c1RIO NO LOCAL<\/p>\n<ul>\n<li>Altura exterior: 252 cm<\/li>\n<li>Altura interior: 220 cm<\/li>\n<li>Comprimento: 509 cm<\/li>\n<li>Largura: 242 cm<\/li>\n<\/ul>\n<p>QUADRO<\/p>\n<ul>\n<li>Material: A\u00e7o galvanizado e lacado<\/li>\n<li>Cor: Cinzento claro RAL 9002<\/li>\n<li>Espessura: 2 mm<\/li>\n<li>Base: altura 160 mm<\/li>\n<li>Teto: altura 200 mm<\/li>\n<li>Manuseamento: 4 tomadas no tejadilho para ganchos de eleva\u00e7\u00e3o<\/li>\n<\/ul>\n<p>PAREDES E TELHADO<\/p>\n<ul>\n<li>Material: Pain\u00e9is tipo sandu\u00edche<\/li>\n<li>Isolamento: Espuma r\u00edgida de poliuretano<\/li>\n<li>Espessura da parede: 50 mm<\/li>\n<li>Espessura do telhado: 40 mm<\/li>\n<li>Cobertura do telhado: chapa de a\u00e7o galvanizada com ondas gregas<\/li>\n<li>Cor: Cinzento claro RAL 9002<\/li>\n<\/ul>\n<p>PISO<\/p>\n<ul>\n<li>Estrutura: Pain\u00e9is de aglomerado hidr\u00f3fugo<\/li>\n<li>Espessura: 18 mm<\/li>\n<li>Revestimento : PVC<\/li>\n<\/ul>\n<p>JUN\u00c7\u00c3O<\/p>\n<ul>\n<li>Material: Alum\u00ednio lacado branco RAL 9010<\/li>\n<li>Porta(s): 1 porta semi-envidra\u00e7ada, dim. 104 x 220 cm, vidro duplo com barras<\/li>\n<li>Janela(s): 1 janela de correr, tamanho 104 x 110 cm, com vidro duplo e barras<\/li>\n<\/ul>\n<p>ELECTRICIDADE<\/p>\n<ul>\n<li>Ilumina\u00e7\u00e3o: 2 LEDs de n\u00e9on<\/li>\n<li>Tomadas: 2 tomadas<\/li>\n<li>Aquecimento: 1 convetor de 1500 W<\/li>\n<li>Painel: 1 painel incluindo inter-diferenciais e disjuntores<\/li>\n<li>Liga\u00e7\u00e3o: 1 caixa de deriva\u00e7\u00e3o externa<\/li>\n<\/ul>\n<p>Op\u00e7\u00f5es poss\u00edveis<\/p>\n<ul>\n<li>Escolha livre das cores da moldura: branco RAL 9010, cinzento claro RAL 9002 ou cinzento antracite RAL 7016<\/li>\n<li>Outras cores est\u00e3o dispon\u00edveis como op\u00e7\u00e3o para os pain\u00e9is, moldura ou carpintaria.<\/li>\n<li>Isolamento do pavimento em l\u00e3 de vidro de 50 mm de espessura sobre chapas de prote\u00e7\u00e3o em a\u00e7o galvanizado<\/li>\n<li>Altura do teto 2,40 m, altura da porta 2,20 m<\/li>\n<li>Estrutura inferior com passagem de garfos (dist\u00e2ncia entre centros de 90 cm) para desloca\u00e7\u00e3o com empilhador equipado com garfos de 250 cm<\/li>\n<li>Base sobre patins (2 vigas de 16 cm de ip\u00ea)<\/li>\n<li>\u00c1rea de WC integrada com WC + lavat\u00f3rio + porta + divis\u00f3rias (\u00e1gua quente no lavat\u00f3rio poss\u00edvel mediante um custo adicional)<\/li>\n<li>Zona de duche incorporada (com \u00e1gua quente, claro) + porta + divis\u00f3rias<\/li>\n<li>4 tubos de queda de \u00e1guas pluviais<\/li>\n<li>Caixilharia de alum\u00ednio lacada a cinzento antracite RAL 7016<\/li>\n<li>Sistema de ar condicionado revers\u00edvel UNICO R10 de 2300 w<\/li>\n<li>Ar condicionado de janela que arrefece apenas 12000 BTU<\/li>\n<li>Ar condicionado m\u00f3vel SHINY 12 Revers\u00edvel R290 3,5 KW + kit de janela<\/li>\n<li>Pain\u00e9is LED em vez de luzes de n\u00e9on<\/li>\n<li>Porta adicional com semi-vidro, porta completa ou porta totalmente em vidro<\/li>\n<li>Janela, janela saliente, janela para refei\u00e7\u00f5es ligeiras ou janela com postigo e higr\u00f3fono adicional<\/li>\n<li>Persianas de alum\u00ednio ou PVC, cores especiais dispon\u00edveis<\/li>\n<li>Ch\u00e3o de madeira-bet\u00e3o, 16 mm de espessura, em vez de aglomerado de madeira (indispens\u00e1vel se o bungalow n\u00e3o for elevado alguns cm por blocos ou cunhas, e para ambientes h\u00famidos) capacidade de carga: 400 kg\/m\u00b2.<\/li>\n<li>Pavimento de madeira fen\u00f3lica com 18 mm de espessura em vez de aglomerado de madeira, capacidade de carga: 500 kg\/m\u00b2.<\/li>\n<li>Pavimento em PVC resistente em vez de pavimento normal, imita\u00e7\u00e3o de parquet ou ladrilho em PVC<\/li>\n<li>Pain\u00e9is lisos, pain\u00e9is alimentares, pain\u00e9is de l\u00e3 de rocha ou pain\u00e9is \u00e0 prova de fogo<\/li>\n<li>Remo\u00e7\u00e3o de grades de portas e janelas = gratuita<\/li>\n<li>Tomadas adicionais ou tomadas RJ45<\/li>\n<\/ul>\n<p>Op\u00e7\u00f5es para acrescentar uma kitchenette<\/p>\n<ul>\n<li>Unidade de lava-loi\u00e7a 80x60cm 1 cuba fria<\/li>\n<li>Unidade de lava-loi\u00e7a 80x60cm 1 cuba com \u00e1gua quente<\/li>\n<li>Arm\u00e1rio lava-loi\u00e7a + \u00e1gua quente + 2 placas de fog\u00e3o + frigor\u00edfico<\/li>\n<\/ul>\n<\/div>\n<\/div>\n<\/div>","protected":false},"excerpt":{"rendered":"<p>Notre Bungalow Vestiaires de 5 m\u00e8tres est id\u00e9alement adapt\u00e9 pour l\u2019am\u00e9nagement de votre vestiaire pr\u00e9fabriqu\u00e9, qu\u2019il soit temporaire ou permanent.\u00a0100% personnalisable. &nbsp; Description Bungalow Vestiaires de chantier confortable, personnalisable pour tous les usages qu&rsquo;ils soient sportifs ou pour le secteur tertiaire, mais \u00e9galement pour le secteur de l&rsquo;industrie. Notre bungalow vestiaires permet d\u2019assurer hygi\u00e8ne et [&hellip;]<\/p>","protected":false},"featured_media":27626,"comment_status":"open","ping_status":"closed","template":"","meta":{"_monsterinsights_skip_tracking":false,"_monsterinsights_sitenote_active":false,"_monsterinsights_sitenote_note":"","_monsterinsights_sitenote_category":0},"product_cat":[15,100],"product_tag":[],"aioseo_notices":[],"_links":{"self":[{"href":"https:\/\/alex-elec.eu\/pt\/wp-json\/wp\/v2\/product\/27625"}],"collection":[{"href":"https:\/\/alex-elec.eu\/pt\/wp-json\/wp\/v2\/product"}],"about":[{"href":"https:\/\/alex-elec.eu\/pt\/wp-json\/wp\/v2\/types\/product"}],"replies":[{"embeddable":true,"href":"https:\/\/alex-elec.eu\/pt\/wp-json\/wp\/v2\/comments?post=27625"}],"wp:featuredmedia":[{"embeddable":true,"href":"https:\/\/alex-elec.eu\/pt\/wp-json\/wp\/v2\/media\/27626"}],"wp:attachment":[{"href":"https:\/\/alex-elec.eu\/pt\/wp-json\/wp\/v2\/media?parent=27625"}],"wp:term":[{"taxonomy":"product_cat","embeddable":true,"href":"https:\/\/alex-elec.eu\/pt\/wp-json\/wp\/v2\/product_cat?post=27625"},{"taxonomy":"product_tag","embeddable":true,"href":"https:\/\/alex-elec.eu\/pt\/wp-json\/wp\/v2\/product_tag?post=27625"}],"curies":[{"name":"wp","href":"https:\/\/api.w.org\/{rel}","templated":true}]}}