{"id":27605,"date":"2023-09-20T23:08:02","date_gmt":"2023-09-20T23:08:02","guid":{"rendered":"https:\/\/alex-elec.eu\/?post_type=product&#038;p=27605"},"modified":"2023-09-20T23:08:02","modified_gmt":"2023-09-20T23:08:02","slug":"bungalow-bureau-neuf-serie-isoplus-6-metres","status":"publish","type":"product","link":"https:\/\/alex-elec.eu\/pt\/product\/bungalow-bureau-neuf-serie-isoplus-6-metres\/","title":{"rendered":"Bungalow Office Nova S\u00e9rie Isoplus 6 metros"},"content":{"rendered":"<p>Se desejar um\u00a0<strong>bungalow para fazer escrit\u00f3rios,<\/strong>\u00a0O Bungalow ISOPLUS tem 6 m de comprimento e \u00e9 particularmente adequado para este fim. Tem uma\u00a0<strong>elevado isolamento<\/strong>\u00a0gra\u00e7as \u00e0 sua\u00a0<strong>estrutura refor\u00e7ada<\/strong>\u00a0e \u00e9 particularmente\u00a0<strong>confort\u00e1vel e luminoso<\/strong>. A vantagem deste\u00a0<strong>Bungalow concebido para escrit\u00f3rios,\u00a0<\/strong>baseia-se em dois factores principais: a rapidez com que pode ser montado e a sua\u00a0<strong>pre\u00e7o por m\u00b2 muito atrativo.<\/strong><\/p>\n<p>&nbsp;<\/p>\n<div>\n<div>Descri\u00e7\u00e3o<\/div>\n<div>\n<div>\n<p>Est\u00e1 \u00e0 procura de uma solu\u00e7\u00e3o de espa\u00e7o flex\u00edvel? O nosso Bungalow ISOPLUS de 6 metros \u00e9 a solu\u00e7\u00e3o econ\u00f3mica para a cria\u00e7\u00e3o de escrit\u00f3rios modulares.<\/p>\n<p>Por exemplo, se quiser criar um\u00a0<strong>escrit\u00f3rio de vendas<\/strong>Este bungalow \u00e9 a solu\u00e7\u00e3o que a nossa equipa de especialistas lhe recomenda. Muitas empresas, associa\u00e7\u00f5es, colectividades locais e mesmo particulares est\u00e3o agora a recorrer a esta solu\u00e7\u00e3o, porque lhes permite<strong>obter um edif\u00edcio isolado para criar escrit\u00f3rios modulares<\/strong>\u00a0num prazo imbat\u00edvel e por um pre\u00e7o imbat\u00edvel em compara\u00e7\u00e3o com uma solu\u00e7\u00e3o de constru\u00e7\u00e3o convencional.<\/p>\n<p>Em termos de espa\u00e7o interior, pode desfrutar de um\u00a0<strong>espa\u00e7o de venda de cerca de 13 m\u00b2.<\/strong>. Pode ser totalmente personalizado de acordo com as suas necessidades, com a op\u00e7\u00e3o de acrescentar um\u00a0<strong>ar condicionado revers\u00edvel<\/strong>J\u00e1 tem\u00a0<strong>Luzes de n\u00e9on LED<\/strong>e uma porta com semi-vidro.\u00a0<strong>estrutura refor\u00e7ada<\/strong>\u00a0Cinzento antracite RAL 7016.<\/p>\n<p>Se pretende ter instala\u00e7\u00f5es onde as suas equipas possam\u00a0<strong>trabalhar a tempo inteiro, com o m\u00e1ximo conforto<\/strong>Este bungalow para escrit\u00f3rios responder\u00e1 a todas as suas necessidades.<\/p>\n<p>Al\u00e9m disso, beneficiar\u00e1 de\u00a0<strong>isolamento t\u00e9rmico eficaz<\/strong>\u00a0utilizando l\u00e3 de vidro de\u00a0<strong>8 cm de espessura.<\/strong><\/p>\n<p>Al\u00e9m disso, sendo o modelo com\u00a0<strong>o isolamento mais forte da nossa gama<\/strong>Este bungalow para escrit\u00f3rios no local tem a melhor insonoriza\u00e7\u00e3o poss\u00edvel, dando-lhe a tranquilidade que espera de uma solu\u00e7\u00e3o modular.<\/p>\n<p>DIMENS\u00d5ES DO BUNGALOW DE ESCRIT\u00d3RIO ISOPLUS<\/p>\n<ul>\n<li>Altura exterior: 257 cm<\/li>\n<li>Altura interior: 220 cm<\/li>\n<li>Comprimento: 609 cm<\/li>\n<li>Largura: 242 cm<\/li>\n<\/ul>\n<p>DETALHES DA ARMA\u00c7\u00c3O<\/p>\n<ul>\n<li>Descri\u00e7\u00e3o : A\u00e7o galvanizado e lacado<\/li>\n<li>Cor: Cinzento antracite RAL 7016<\/li>\n<li>Espessura: 2 mm<\/li>\n<li>Base: altura 160 mm<\/li>\n<li>Teto: altura 250 mm<\/li>\n<li>Manuseamento: 4 tomadas no tejadilho para ganchos de eleva\u00e7\u00e3o<\/li>\n<\/ul>\n<p>PAREDES E TELHADO<\/p>\n<ul>\n<li>Material: Pain\u00e9is tipo sandu\u00edche<\/li>\n<li>Isolamento: Espuma r\u00edgida de poliuretano<\/li>\n<li>Espessura da parede: 80 mm<\/li>\n<li>Espessura do telhado: 80 mm<\/li>\n<li>Telhado: chapa de a\u00e7o galvanizado com ondas gregas<\/li>\n<li>Cor do painel: Cinzento claro RAL 9002<\/li>\n<\/ul>\n<p>PISO<\/p>\n<ul>\n<li>Estrutura: Pain\u00e9is de aglomerado hidr\u00f3fugo<\/li>\n<li>Espessura: 18 mm<\/li>\n<li>Revestimento : PVC<\/li>\n<li>Isolamento: Isolamento de l\u00e3 de vidro sob o pavimento, com 80 mm de espessura, sobre chapas de prote\u00e7\u00e3o em a\u00e7o galvanizado.<\/li>\n<\/ul>\n<p>JUN\u00c7\u00c3O<\/p>\n<ul>\n<li>Material: Alum\u00ednio lacado branco RAL 9010<\/li>\n<li>Porta(s): 1 porta semi-envidra\u00e7ada, dim. 104 x 220 cm, vidro duplo com barras<\/li>\n<li>Janela(s): 1 janela de correr, tamanho 104 x 110 cm, com vidro duplo e barras<\/li>\n<\/ul>\n<p>ELECTRICIDADE<\/p>\n<ul>\n<li>Ilumina\u00e7\u00e3o: 2 LEDs de n\u00e9on<\/li>\n<li>Tomadas: 2 tomadas<\/li>\n<li>Aquecimento: 1 convetor de 1500 W<\/li>\n<li>Painel: 1 painel incluindo inter-diferenciais e disjuntores<\/li>\n<li>Liga\u00e7\u00e3o: 1 caixa de deriva\u00e7\u00e3o externa<\/li>\n<\/ul>\n<p>Op\u00e7\u00f5es poss\u00edveis para acrescentar ao seu ISOPLUS Office Bungalow<\/p>\n<ul>\n<li>Escolha livre das cores da moldura: branco RAL 9010, cinzento claro RAL 9002 ou cinzento antracite RAL 7016<\/li>\n<li>Outras cores est\u00e3o dispon\u00edveis como op\u00e7\u00e3o para os pain\u00e9is, moldura ou carpintaria.<\/li>\n<li>Estrutura inferior com passagem de garfos (dist\u00e2ncia entre centros de 90 cm) para desloca\u00e7\u00e3o com empilhador equipado com garfos de 250 cm<\/li>\n<li>Altura do teto 2,40 m, altura da porta 2,20 m<\/li>\n<li>Base sobre patins (2 vigas de 16 cm de ip\u00ea)<\/li>\n<li>\u00c1rea de WC integrada com WC + lavat\u00f3rio + porta + divis\u00f3rias (\u00e1gua quente no lavat\u00f3rio poss\u00edvel mediante um custo adicional)<\/li>\n<li>Zona de duche incorporada (com \u00e1gua quente, claro) + porta + divis\u00f3rias<\/li>\n<li>4 tubos de queda de \u00e1guas pluviais<\/li>\n<li>Caixilharia de alum\u00ednio lacada a cinzento antracite RAL 7016<\/li>\n<li>Sistema de ar condicionado revers\u00edvel UNICO R10 de 2300 w<\/li>\n<li>Ar condicionado de janela que arrefece apenas 12000 BTU<\/li>\n<li>Ar condicionado m\u00f3vel SHINY 12 Revers\u00edvel R290 3,5 KW + kit de janela<\/li>\n<li>Pain\u00e9is LED em vez de luzes de n\u00e9on<\/li>\n<li>Porta adicional com semi-vidro, porta completa ou porta totalmente em vidro<\/li>\n<li>Janela suplementar, janela de sacada, janela de petiscar ou janela com postigo e higi\u00f3fono<\/li>\n<li>Persianas de alum\u00ednio ou PVC, cores especiais dispon\u00edveis<\/li>\n<li>Ch\u00e3o de madeira-bet\u00e3o, 16 mm de espessura, em vez de aglomerado de madeira (indispens\u00e1vel se o bungalow n\u00e3o for elevado alguns cm por blocos ou cunhas, e para ambientes h\u00famidos) capacidade de carga: 400 kg\/m\u00b2.<\/li>\n<li>Pavimento de madeira fen\u00f3lica com 18 mm de espessura em vez de aglomerado de madeira, capacidade de carga: 500 kg\/m\u00b2.<\/li>\n<li>Pavimento em PVC resistente em vez de pavimento normal, imita\u00e7\u00e3o de parquet ou ladrilho em PVC<\/li>\n<li>Pain\u00e9is lisos, pain\u00e9is alimentares, pain\u00e9is de l\u00e3 de rocha ou pain\u00e9is \u00e0 prova de fogo<\/li>\n<li>Remo\u00e7\u00e3o de grades de portas e janelas = gratuita<\/li>\n<li>Tomadas adicionais ou tomadas RJ45<\/li>\n<\/ul>\n<p>Op\u00e7\u00f5es para acrescentar uma kitchenette<\/p>\n<ul>\n<li>Unidade de lava-loi\u00e7a 80x60cm 1 cuba fria<\/li>\n<li>Unidade de lava-loi\u00e7a 80x60cm 1 cuba com \u00e1gua quente<\/li>\n<li>Arm\u00e1rio lava-loi\u00e7a + \u00e1gua quente + 2 placas de fog\u00e3o + frigor\u00edfico<\/li>\n<\/ul>\n<\/div>\n<\/div>\n<\/div>","protected":false},"excerpt":{"rendered":"<p>Si vous souhaitez un\u00a0bungalow pour faire des bureaux,\u00a0le Bungalow ISOPLUS d&rsquo;une longueur de 6m est particuli\u00e8rement adapt\u00e9 \u00e0 cette vocation. En effet, il dispose d&rsquo;une\u00a0haute isolation\u00a0gr\u00e2ce \u00e0 sa\u00a0structure\u00a0renforc\u00e9e\u00a0et est particuli\u00e8rement\u00a0confortable et lumineux.\u00a0L&rsquo;avantage\u00a0de ce\u00a0Bungalow con\u00e7u pour la cr\u00e9ation de bureaux,\u00a0se situe sur deux \u00e9l\u00e9ments principaux : sa rapidit\u00e9 de mise en place et son\u00a0prix au m\u00b2 [&hellip;]<\/p>","protected":false},"featured_media":27606,"comment_status":"open","ping_status":"closed","template":"","meta":{"_monsterinsights_skip_tracking":false,"_monsterinsights_sitenote_active":false,"_monsterinsights_sitenote_note":"","_monsterinsights_sitenote_category":0},"product_cat":[15,100],"product_tag":[],"aioseo_notices":[],"_links":{"self":[{"href":"https:\/\/alex-elec.eu\/pt\/wp-json\/wp\/v2\/product\/27605"}],"collection":[{"href":"https:\/\/alex-elec.eu\/pt\/wp-json\/wp\/v2\/product"}],"about":[{"href":"https:\/\/alex-elec.eu\/pt\/wp-json\/wp\/v2\/types\/product"}],"replies":[{"embeddable":true,"href":"https:\/\/alex-elec.eu\/pt\/wp-json\/wp\/v2\/comments?post=27605"}],"wp:featuredmedia":[{"embeddable":true,"href":"https:\/\/alex-elec.eu\/pt\/wp-json\/wp\/v2\/media\/27606"}],"wp:attachment":[{"href":"https:\/\/alex-elec.eu\/pt\/wp-json\/wp\/v2\/media?parent=27605"}],"wp:term":[{"taxonomy":"product_cat","embeddable":true,"href":"https:\/\/alex-elec.eu\/pt\/wp-json\/wp\/v2\/product_cat?post=27605"},{"taxonomy":"product_tag","embeddable":true,"href":"https:\/\/alex-elec.eu\/pt\/wp-json\/wp\/v2\/product_tag?post=27605"}],"curies":[{"name":"wp","href":"https:\/\/api.w.org\/{rel}","templated":true}]}}