{"id":27572,"date":"2023-09-20T13:07:55","date_gmt":"2023-09-20T13:07:55","guid":{"rendered":"https:\/\/alex-elec.eu\/?post_type=product&#038;p=27572"},"modified":"2023-09-20T13:07:55","modified_gmt":"2023-09-20T13:07:55","slug":"bureau-container-prefabrique-v5-132m2","status":"publish","type":"product","link":"https:\/\/alex-elec.eu\/pt\/product\/bureau-container-prefabrique-v5-132m2\/","title":{"rendered":"Contentor escrit\u00f3rio pr\u00e9-fabricado V5 \/ 13.2M2"},"content":{"rendered":"<p><strong>Este escrit\u00f3rio pr\u00e9-fabricado \u00e9 proveniente da reciclagem de um contentor mar\u00edtimo e tem uma superf\u00edcie interior total de 13,2 m2.<\/strong><\/p>\n<p><strong>O contentor-escrit\u00f3rio pr\u00e9-fabricado V5 \u00e9 entregue pronto a ser utilizado.<\/strong>\u00a0Assim que \u00e9 descarregado no local escolhido, liga-se e come\u00e7a-se a utiliz\u00e1-lo.<\/p>\n<p>Este contentor-escrit\u00f3rio para todo o ano est\u00e1 equipado de s\u00e9rie com componentes topo de gama para conforto e durabilidade:<\/p>\n<ul>\n<li>revestimento de madeira<\/li>\n<li>parquet de carvalho maci\u00e7o<\/li>\n<li>janelas e portas com vidros duplos de qualidade superior<\/li>\n<li>tomadas el\u00e9ctricas<\/li>\n<li>Lumin\u00e1ria LED<\/li>\n<li>revestimentos de madeira para interiores<\/li>\n<\/ul>\n<p>\u00c9 por isso que, ao contr\u00e1rio dos escrit\u00f3rios pr\u00e9-fabricados \"baratos\", envelhece bem e pode ser facilmente deslocado. J\u00e1 n\u00e3o tem de escolher entre um aluguer tempor\u00e1rio que dura demasiado tempo e uma compra precipitada e irreflectida de um im\u00f3vel.<\/p>\n<p>A cor do contentor-escrit\u00f3rio pr\u00e9-fabricado V5 pode ser personalizada, para que se integre harmoniosamente no seu ambiente. Al\u00e9m disso, a sua versatilidade permite transform\u00e1-lo numa sala de reuni\u00f5es, num showroom ou mesmo num quarto de h\u00f3spedes ou num est\u00fadio de jardim, de acordo com as suas necessidades e desejos!<\/p>\n<p>&nbsp;<\/p>\n<p>Descri\u00e7\u00e3o<\/p>\n<table>\n<tbody>\n<tr>\n<td><strong>Comprimento exterior:<\/strong><\/td>\n<td>6,03 m<\/td>\n<td><strong>Profundidade exterior:<\/strong><\/td>\n<td>2,48 m<\/td>\n<\/tr>\n<tr>\n<td><strong>Altura interior:<\/strong><\/td>\n<td>2,59 m<\/td>\n<td><strong>Superf\u00edcie interior:<\/strong><\/td>\n<td>13,2 m2<\/td>\n<\/tr>\n<tr>\n<td><strong>Superf\u00edcie exterior:<\/strong><\/td>\n<td>14,6 m2<\/td>\n<td><strong>Volume:<\/strong><\/td>\n<td>32.12 m3<\/td>\n<\/tr>\n<tr>\n<td><strong>Peso:<\/strong><\/td>\n<td>3,1 toneladas<\/td>\n<td><strong>Entrega:<\/strong><\/td>\n<td>Montagem<\/td>\n<\/tr>\n<\/tbody>\n<\/table>","protected":false},"excerpt":{"rendered":"<p>Ce bureau pr\u00e9fabriqu\u00e9 provient du recyclage d\u2019un container maritime et totalise 13.2 m2 de surface int\u00e9rieur. Le bureau container pr\u00e9fabriqu\u00e9 V5 est livr\u00e9 pr\u00eat \u00e0 l\u2019emploi.\u00a0D\u00e8s son d\u00e9chargement sur le lieu choisi, vous le branchez et pouvez le mettre en fonction. Ce mod\u00e8le de bureau container habitable toute l\u2019ann\u00e9e est \u00e9quip\u00e9 de s\u00e9rie de composants [&hellip;]<\/p>","protected":false},"featured_media":27573,"comment_status":"open","ping_status":"closed","template":"","meta":{"_monsterinsights_skip_tracking":false,"_monsterinsights_sitenote_active":false,"_monsterinsights_sitenote_note":"","_monsterinsights_sitenote_category":0},"product_cat":[15,104],"product_tag":[],"aioseo_notices":[],"_links":{"self":[{"href":"https:\/\/alex-elec.eu\/pt\/wp-json\/wp\/v2\/product\/27572"}],"collection":[{"href":"https:\/\/alex-elec.eu\/pt\/wp-json\/wp\/v2\/product"}],"about":[{"href":"https:\/\/alex-elec.eu\/pt\/wp-json\/wp\/v2\/types\/product"}],"replies":[{"embeddable":true,"href":"https:\/\/alex-elec.eu\/pt\/wp-json\/wp\/v2\/comments?post=27572"}],"wp:featuredmedia":[{"embeddable":true,"href":"https:\/\/alex-elec.eu\/pt\/wp-json\/wp\/v2\/media\/27573"}],"wp:attachment":[{"href":"https:\/\/alex-elec.eu\/pt\/wp-json\/wp\/v2\/media?parent=27572"}],"wp:term":[{"taxonomy":"product_cat","embeddable":true,"href":"https:\/\/alex-elec.eu\/pt\/wp-json\/wp\/v2\/product_cat?post=27572"},{"taxonomy":"product_tag","embeddable":true,"href":"https:\/\/alex-elec.eu\/pt\/wp-json\/wp\/v2\/product_tag?post=27572"}],"curies":[{"name":"wp","href":"https:\/\/api.w.org\/{rel}","templated":true}]}}