{"id":27535,"date":"2023-09-20T12:52:57","date_gmt":"2023-09-20T12:52:57","guid":{"rendered":"https:\/\/alex-elec.eu\/?post_type=product&#038;p=27535"},"modified":"2023-09-20T12:52:57","modified_gmt":"2023-09-20T12:52:57","slug":"conteneur-maritime-sauna-cabin-v7","status":"publish","type":"product","link":"https:\/\/alex-elec.eu\/pt\/product\/conteneur-maritime-sauna-cabin-v7\/","title":{"rendered":"Contentor mar\u00edtimo Cabina de sauna V7"},"content":{"rendered":"<p>A sauna em contentor V-7, totalmente isolada, tem uma sala de sauna familiar que pode facilmente acomodar quatro a cinco pessoas. \u00c9 entregue pronta a utilizar, n\u00e3o montada. Basta ligar a sauna em contentor e a sauna pode come\u00e7ar a funcionar imediatamente. A vers\u00e3o standard tem um exterior em madeira, um bonito pavimento em parquet de carvalho na sala de entrada e pavimento em teca na sauna e no duche. Al\u00e9m disso, h\u00e1 portas e janelas com vidros duplos de alta qualidade, tomadas, ilumina\u00e7\u00e3o LED, forro de madeira, uma sala de sauna totalmente equipada com porta de vidro e fog\u00e3o de sauna, bem como um duche com chuveiro Adora e aquecedor de \u00e1gua de 30 litros.<\/p>\n<p>&nbsp;<\/p>\n<p>Cozinha (+\u20ac2.700,00)<\/p>\n<p>&nbsp;<\/p>\n<p>Dados t\u00e9cnicos:<\/p>\n<table>\n<tbody>\n<tr>\n<td>P\u00e1tio de entrada:<\/td>\n<td>14.6m\u00b2<\/td>\n<td>Altura:<\/td>\n<td>2,59 milh\u00f5es de euros<\/td>\n<\/tr>\n<tr>\n<td>Interior:<\/td>\n<td>13.2m\u00b2<\/td>\n<td>Volume:<\/td>\n<td>32.12m\u00b3<\/td>\n<\/tr>\n<tr>\n<td>Comprimento:<\/td>\n<td>6,03 milh\u00f5es de euros<\/td>\n<td>Peso:<\/td>\n<td>3,5 toneladas<\/td>\n<\/tr>\n<tr>\n<td>Profundidade:<\/td>\n<td>2,48 milh\u00f5es de euros<\/td>\n<td>Entrega:<\/td>\n<td>Totalmente montado<\/td>\n<\/tr>\n<\/tbody>\n<\/table>\n<p>Mais informa\u00e7\u00f5es<\/p>\n<p>Todos os anos, milhares de toneladas de a\u00e7o s\u00e3o desperdi\u00e7adas em todo o mundo em contentores de transporte descart\u00e1veis. Encontr\u00e1mos uma forma de os reutilizar, transformando-os em belos telheiros de jardim. Isto d\u00e1 ao contentor uma nova fun\u00e7\u00e3o na vida e evita a polui\u00e7\u00e3o dos res\u00edduos. Todo o a\u00e7o que cortamos para as janelas e portas \u00e9 reciclado. Cada contentor teve uma vida no transporte mar\u00edtimo e percorreu um longo caminho. Tal como as linhas de riso que aparecem nos rostos humanos, os contentores tamb\u00e9m t\u00eam arranh\u00f5es e imperfei\u00e7\u00f5es ao longo do caminho. Cada contentor \u00e9 \u00fanico e estas imperfei\u00e7\u00f5es s\u00e3o vis\u00edveis na cabina, mas n\u00e3o lhe retiram nada da sua beleza.<\/p>\n<p>&nbsp;<\/p>\n<table>\n<tbody>\n<tr>\n<td>Revestimento exterior:<\/td>\n<\/tr>\n<tr>\n<td><\/td>\n<td>Revestimento exterior em lari\u00e7o siberiano de 20 x 95 mm<\/td>\n<\/tr>\n<tr>\n<td>A madeira de lari\u00e7o siberiano \u00e9 muito resinosa e extremamente resistente. \u00c9 uma das madeiras macias mais dur\u00e1veis e duradouras do mundo. O lar\u00edcio siberiano beneficia de uma estabilidade dimensional impressionante, de baixos custos, de uma manuten\u00e7\u00e3o reduzida e de elevados padr\u00f5es de produ\u00e7\u00e3o.<\/td>\n<\/tr>\n<tr>\n<td>Janela:<\/td>\n<\/tr>\n<tr>\n<td>Portas e janelas com caixilharia em PVC preto. Vidro duplo temperado com \u00e1rgon de 6 + 6 mm. A cor dos caixilhos \u00e9 vari\u00e1vel no \u00e2mbito das ofertas dos fabricantes de janelas.<\/td>\n<\/tr>\n<tr>\n<td>Isolamento:<\/td>\n<\/tr>\n<tr>\n<td>Foi utilizada espuma de poliuretano de c\u00e9lulas fechadas como isolamento. A espuma de poliuretano fecha todos os espa\u00e7os de ar. Assim, a cabina de sauna V7 mant\u00e9m-se fresca no ver\u00e3o e quente no inverno, sem sobrecarregar as suas finan\u00e7as. O teto \u00e9 isolado a partir do interior com uma camada de 150 mm de espessura, as paredes a partir do interior com uma camada de 50 mm de espessura e o ch\u00e3o com uma camada de 100 mm de espessura.<\/td>\n<\/tr>\n<tr>\n<td>Acabamento interior:<\/td>\n<\/tr>\n<tr>\n<td><\/td>\n<td>As paredes interiores e o teto s\u00e3o revestidos de abeto escandinavo. A madeira de abeto \u00e9 protegida com cera para madeira OSMO, o que lhe confere uma superf\u00edcie resistente \u00e0 \u00e1gua e \u00e0 sujidade.<\/td>\n<\/tr>\n<tr>\n<td>Terra:<\/td>\n<\/tr>\n<tr>\n<td>O pavimento do contentor foi removido e substitu\u00eddo por um novo pavimento com isolamento t\u00e9rmico. O ch\u00e3o de carvalho foi utilizado como pavimento. Para si, isto significa conforto, estilo e durabilidade que perdurar\u00e1 por gera\u00e7\u00f5es.<\/td>\n<\/tr>\n<tr>\n<td>Instala\u00e7\u00e3o de ilumina\u00e7\u00e3o e tomadas :<\/td>\n<\/tr>\n<tr>\n<td>\n<ul>\n<li>Luzes de teto LED em toda a Tiny-House<\/li>\n<li>Um candeeiro de exterior<\/li>\n<li>Tr\u00eas tomadas externas<\/li>\n<li>Seis tomadas internas<\/li>\n<\/ul>\n<\/td>\n<\/tr>\n<tr>\n<td>Casa de banho:<\/td>\n<\/tr>\n<tr>\n<td><\/td>\n<td>Caldeira 50L, torneira de duche Adora. A cor da torneira de duche pode ser escolhida - dourada, cromada ou preta.<\/td>\n<\/tr>\n<tr>\n<td><\/td>\n<td>A sauna est\u00e1 equipada com madeira de amieiro. O aquecedor de sauna HUUM \u00e9 um projeto premiado<\/td>\n<\/tr>\n<\/tbody>\n<\/table>","protected":false},"excerpt":{"rendered":"<p>Le sauna \u00e0 conteneurs enti\u00e8rement isol\u00e9 V-7 dispose d\u2019une salle de sauna familiale pouvant accueillir facilement quatre \u00e0 cinq personnes. Il est livr\u00e9 cl\u00e9 en main d\u00e9mont\u00e9. Il vous suffit de connecter votre sauna en conteneur et vous pouvez d\u00e9marrer le sauna imm\u00e9diatement. La version standard dispose d\u2019un rev\u00eatement ext\u00e9rieur en bois, d\u2019un magnifique parquet [&hellip;]<\/p>","protected":false},"featured_media":27536,"comment_status":"open","ping_status":"closed","template":"","meta":{"_monsterinsights_skip_tracking":false,"_monsterinsights_sitenote_active":false,"_monsterinsights_sitenote_note":"","_monsterinsights_sitenote_category":0},"product_cat":[15,104],"product_tag":[],"aioseo_notices":[],"_links":{"self":[{"href":"https:\/\/alex-elec.eu\/pt\/wp-json\/wp\/v2\/product\/27535"}],"collection":[{"href":"https:\/\/alex-elec.eu\/pt\/wp-json\/wp\/v2\/product"}],"about":[{"href":"https:\/\/alex-elec.eu\/pt\/wp-json\/wp\/v2\/types\/product"}],"replies":[{"embeddable":true,"href":"https:\/\/alex-elec.eu\/pt\/wp-json\/wp\/v2\/comments?post=27535"}],"wp:featuredmedia":[{"embeddable":true,"href":"https:\/\/alex-elec.eu\/pt\/wp-json\/wp\/v2\/media\/27536"}],"wp:attachment":[{"href":"https:\/\/alex-elec.eu\/pt\/wp-json\/wp\/v2\/media?parent=27535"}],"wp:term":[{"taxonomy":"product_cat","embeddable":true,"href":"https:\/\/alex-elec.eu\/pt\/wp-json\/wp\/v2\/product_cat?post=27535"},{"taxonomy":"product_tag","embeddable":true,"href":"https:\/\/alex-elec.eu\/pt\/wp-json\/wp\/v2\/product_tag?post=27535"}],"curies":[{"name":"wp","href":"https:\/\/api.w.org\/{rel}","templated":true}]}}