{"id":27501,"date":"2023-09-20T06:10:02","date_gmt":"2023-09-20T06:10:02","guid":{"rendered":"https:\/\/alex-elec.eu\/?post_type=product&#038;p=27501"},"modified":"2023-09-20T06:10:02","modified_gmt":"2023-09-20T06:10:02","slug":"conteneur-40-pieds-hc-reefer-doccasion-67-56-m3","status":"publish","type":"product","link":"https:\/\/alex-elec.eu\/pt\/product\/conteneur-40-pieds-hc-reefer-doccasion-67-56-m3\/","title":{"rendered":"CONTENTOR FRIGOR\u00cdFICO HC DE 40 P\u00c9S USADO - 67,56 M3"},"content":{"rendered":"<p>O contentor frigor\u00edfico 40 FEET HC est\u00e1 equipado com uma unidade de refrigera\u00e7\u00e3o que mant\u00e9m e controla a temperatura para conservar as mercadorias em \u00f3ptimas condi\u00e7\u00f5es. Estanque e herm\u00e9tico, a sua conce\u00e7\u00e3o em a\u00e7o CORTEN garante a conserva\u00e7\u00e3o e a seguran\u00e7a do seu conte\u00fado.<\/p>\n<p>&nbsp;<\/p>\n<p>CARACTER\u00cdSTICAS<\/p>\n<p><strong>Dimens\u00f5es totais :<\/strong>\u00a0L 244 x P 1219 x A 290 cm<\/p>\n<p><strong>Dimens\u00f5es interiores :<\/strong>\u00a0L229 x P1158 x A 256 cm<\/p>\n<p><strong>Volume :<\/strong>\u00a067.56 m3<\/p>\n<p><strong>\u00c1rea \u00fatil :<\/strong>\u00a026.50 m\u00b2<\/p>\n<p><strong>Moldura :<\/strong>\u00a0 A\u00e7o corten 5 a 8 mm<\/p>\n<p><strong>Paredes de arrefecimento :<\/strong>\u00a0Poliuretano 70 mm<\/p>\n<p><strong>Cores :<\/strong>\u00a0Branco<\/p>\n<p><strong>Porta :<\/strong>\u00a0Duplo e com dobradi\u00e7as<\/p>\n<p><strong>Dimens\u00f5es da porta :<\/strong>\u00a0L 228 x A 256,7 cm<\/p>\n<p><strong>Encerramento :<\/strong>\u00a04 Parafusos de a\u00e7o galvanizado para espagnolette<\/p>\n<p><strong>Pegas :<\/strong>\u00a0Posi\u00e7\u00e3o baixa<\/p>\n<p><strong>Piso :<\/strong>\u00a0Carril de alum\u00ednio<\/p>\n<p><strong>Carga m\u00e1xima :<\/strong>\u00a029,30 toneladas<\/p>\n<p><strong>Sobreposi\u00e7\u00e3o :<\/strong>\u00a0Empilh\u00e1vel, cantos iso<\/p>\n<p>&nbsp;<\/p>\n<p>O SEU CONTENTOR FRIGOR\u00cdFICO ESTANQUE DE 40 P\u00c9S COM CUBO ALTO E REVISTO!<\/p>\n<p>Os contentores usados s\u00e3o\u00a0<strong>vendido revisto<\/strong>. As portas est\u00e3o a funcionar corretamente e s\u00e3o estanques. O motor de refrigera\u00e7\u00e3o est\u00e1 a funcionar. \u00c9 um contentor que j\u00e1 existe h\u00e1 muito tempo.\u00a0<strong>cont\u00e9m vest\u00edgios de utiliza\u00e7\u00e3o<\/strong>. Custa menos do que um novo e pode transportar os seus bens nas melhores condi\u00e7\u00f5es de armazenamento.<\/p>\n<p>Le\u00a0<strong>O contentor \"High Cube\" tem uma altura superior \u00e0 do contentor \"Low Cube\".<\/strong>\u00a0o mesmo tamanho de contentor. Semelhante em todos os aspectos a um contentor de 40 p\u00e9s, mas 30 cm mais alto. Ou seja, uma altura de 2,90 m. Pr\u00e1tico para o transporte de mercadorias ligeiras mas volumosas.<\/p>\n<p><strong>O contentor 40 FEET HC REEFER \u00e9 fabricado em a\u00e7o Corten com paredes de poliuretano,<\/strong>\u00a0\u00e9 imperme\u00e1vel e altamente resistente \u00e0s varia\u00e7\u00f5es de temperatura e \u00e0 corros\u00e3o.\u00a0<strong>Empilh\u00e1vel em v\u00e1rios n\u00edveis gra\u00e7as aos seus cantos ISO,<\/strong>\u00a0colocados em cada canto do contentor para facilitar o manuseamento.<\/p>\n<p>Uma porta dupla refor\u00e7ada com abertura de 270\u00b0 facilita o carregamento. Uma junta de veda\u00e7\u00e3o assegura a estanquidade ao ar e \u00e0 \u00e1gua. As folhas s\u00e3o mantidas fechadas por\u00a0<strong>Parafusos de espagnolette em a\u00e7o galvanizado com garras em a\u00e7o forjado,<\/strong>\u00a0em cima e em baixo. O\u00a0<strong>pegas baixas,<\/strong>\u00a0facilitam a abertura do contentor quando este \u00e9 carregado num reboque.<\/p>\n<p>&nbsp;<\/p>\n<p>O QUE \u00c9 UM CONTENTOR REFRIGERADO?<\/p>\n<p>O contentor reefer deve ser visto como um grande frigor\u00edfico utilizado para transportar carga com temperatura controlada. Um reefer \u00e9 um contentor mar\u00edtimo refrigerado. O termo significa \"Contentor de Transporte Refrigerado\". Na maioria das vezes, estes contentores s\u00e3o utilizados para transportar produtos alimentares, tais como frutas, legumes, carne, peixe, marisco ou produtos l\u00e1cteos. Os contentores frigor\u00edficos s\u00e3o tamb\u00e9m ideais para o transporte de produtos n\u00e3o alimentares \"fr\u00e1geis\", como flores ou produtos farmac\u00eauticos. No mar ou em terra, estes contentores frigor\u00edficos podem percorrer milhares de quil\u00f3metros para transportar a sua carga, mantendo sempre a temperatura necess\u00e1ria.<\/p>\n<p>&nbsp;<\/p>\n<p><strong>FUNCIONAMENTO DE UM CONTENTOR FRIGOR\u00cdFICO<\/strong><\/p>\n<p>Assemelhando-se aos contentores mar\u00edtimos normais, o contentor frigor\u00edfico est\u00e1 equipado com uma unidade de distribui\u00e7\u00e3o de ar com motor. O ar refrigerado \u00e9 distribu\u00eddo a partir do solo, atrav\u00e9s de um piso espec\u00edfico em forma de T, com a vantagem de produzir um fluxo de ar constante e uniforme sobre toda a carga. Este \u00e9 suficientemente potente para garantir uma permuta de ar perfeita para as mercadorias. Para um contentor frigor\u00edfico \"cl\u00e1ssico\", a temperatura interior pode ser gerida entre -40\u00b0C e +30\u00b0C.<\/p>\n<ul>\n<li>Motor : Carrier \/ Thermo King \/ Daikin<\/li>\n<li>Pot\u00eancia: 5kw \/ 7,5 hp \/ 15,5 A<\/li>\n<li>Sistema el\u00e9trico: 380 V<\/li>\n<\/ul>\n<p>&nbsp;<\/p>\n<p>ENTREGA DE CONTENTOR FRIGOR\u00cdFICO HC DE 40 P\u00c9S USADO<\/p>\n<p>Entregue pronto a ser utilizado num cami\u00e3o-grua, este contentor de 67,56 m3 pode ser utilizado imediatamente ap\u00f3s a sua rece\u00e7\u00e3o. A sua tara \u00e9 de 4700 kg. O transportador utilizar\u00e1 um cami\u00e3o-grua para entregar, mediante marca\u00e7\u00e3o, no endere\u00e7o indicado.<\/p>\n<p><strong>Prever a acessibilidade para este tipo de cami\u00e3o com reboque<\/strong>e\u00a0<strong>um per\u00edmetro de cerca de 10 metros \u00e0 volta do cami\u00e3o<\/strong>. Se quiser deslocar o seu contentor, \u00e9 essencial que disponha de uma log\u00edstica adequada.<\/p>\n<p>&nbsp;<\/p>\n<p>VANTAGENS DO PRODUTO<\/p>\n<ul>\n<li>Um pre\u00e7o inferior ao da constru\u00e7\u00e3o nova<\/li>\n<li>Unidade de refrigera\u00e7\u00e3o aut\u00f3noma, operacional em condi\u00e7\u00f5es ambientais dif\u00edceis<\/li>\n<li>Adapt\u00e1vel ao transporte rodovi\u00e1rio, mar\u00edtimo ou a\u00e9reo<\/li>\n<li>Evita que os produtos amadure\u00e7am demasiado depressa<\/li>\n<li>Uma estrutura entregue revista para um transporte seguro ou uma armazenagem frigor\u00edfica<\/li>\n<li>1 recipiente s\u00f3lido, resistente \u00e0 corros\u00e3o, estanque ao ar e \u00e0 \u00e1gua, em a\u00e7o Corten<\/li>\n<li>O pavimento de alum\u00ednio pode suportar um peso de 29 300 kg<\/li>\n<li>Portas duplas para facilitar o carregamento<\/li>\n<li>Parafusos robustos para espagnolette em a\u00e7o galvanizado com garras em a\u00e7o forjado e pegas baixas<\/li>\n<li>Os cantos iso tornam os contentores empilh\u00e1veis<\/li>\n<li>Um espa\u00e7o de armazenamento estanque com uma grande capacidade que pode ser transportado e empilhado<\/li>\n<\/ul>\n<p>&nbsp;<\/p>\n<p>CARACTER\u00cdSTICAS T\u00c9CNICAS DO CONTENTOR-ARMAZ\u00c9M HC REEFER 67,56 M3<\/p>\n<p><strong>Dimens\u00f5es totais :<\/strong>\u00a0L 244 x P 1219 x A 290 cm<\/p>\n<p><strong>Dimens\u00f5es interiores :<\/strong>\u00a0L229 x P1158 x A 256 cm<\/p>\n<p><strong>Volume :<\/strong>\u00a067.56 m3<\/p>\n<p><strong>\u00c1rea \u00fatil :<\/strong>\u00a026.50 m\u00b2<\/p>\n<p><strong>Moldura :<\/strong>\u00a0 A\u00e7o corten 5 a 8 mm<\/p>\n<p><strong>Paredes de arrefecimento :<\/strong>\u00a0Poliuretano 70 mm<\/p>\n<p><strong>Grupo Froid :<\/strong>\u00a0Motor : Carrier \/ Thermo King \/ Daikin, Pot\u00eancia 5kw \/ 7,5 hp \/ 15,5 A - 380 V<\/p>\n<p><strong>Cores :<\/strong>\u00a0Branco RAL9010<\/p>\n<p><strong>Portas :<\/strong>\u00a0Folha dupla, L 228 x A 256,7 cm - abertura 270<\/p>\n<p><strong>Sistema de fecho de portas :<\/strong>\u00a0Parafusos de espagnolette em a\u00e7o galvanizado. 4 barras de fecho com garras e puxadores inferiores em a\u00e7o forjado + veda\u00e7\u00e3o da porta para garantir a estanquidade.<\/p>\n<p><strong>Piso :<\/strong>\u00a0Carril de alum\u00ednio, carga m\u00e1xima 29.300 kg<\/p>\n<p><strong>Peso sem carga :<\/strong>\u00a04.700 kg<\/p>\n<p><strong>Sobreposi\u00e7\u00e3o :<\/strong>\u00a0Cantos ISO<\/p>","protected":false},"excerpt":{"rendered":"<p>Le conteneur reefer 40 PIEDS HC est constitu\u00e9 d&rsquo;un groupe froid qui va maintenir et contr\u00f4ler la temp\u00e9rature afin de conserver la marchandise dans des conditions optimales. \u00c9tanche \u00e0 l&rsquo;eau et \u00e0 l&rsquo;air, sa conception en acier CORTEN permet de garantir la conservation et la s\u00e9curit\u00e9 de son contenu. &nbsp; CARACT\u00c9RISTIQUES Dimensions hors tout :\u00a0L\u00a0244 [&hellip;]<\/p>","protected":false},"featured_media":27502,"comment_status":"open","ping_status":"closed","template":"","meta":{"_monsterinsights_skip_tracking":false,"_monsterinsights_sitenote_active":false,"_monsterinsights_sitenote_note":"","_monsterinsights_sitenote_category":0},"product_cat":[15,105],"product_tag":[],"aioseo_notices":[],"_links":{"self":[{"href":"https:\/\/alex-elec.eu\/pt\/wp-json\/wp\/v2\/product\/27501"}],"collection":[{"href":"https:\/\/alex-elec.eu\/pt\/wp-json\/wp\/v2\/product"}],"about":[{"href":"https:\/\/alex-elec.eu\/pt\/wp-json\/wp\/v2\/types\/product"}],"replies":[{"embeddable":true,"href":"https:\/\/alex-elec.eu\/pt\/wp-json\/wp\/v2\/comments?post=27501"}],"wp:featuredmedia":[{"embeddable":true,"href":"https:\/\/alex-elec.eu\/pt\/wp-json\/wp\/v2\/media\/27502"}],"wp:attachment":[{"href":"https:\/\/alex-elec.eu\/pt\/wp-json\/wp\/v2\/media?parent=27501"}],"wp:term":[{"taxonomy":"product_cat","embeddable":true,"href":"https:\/\/alex-elec.eu\/pt\/wp-json\/wp\/v2\/product_cat?post=27501"},{"taxonomy":"product_tag","embeddable":true,"href":"https:\/\/alex-elec.eu\/pt\/wp-json\/wp\/v2\/product_tag?post=27501"}],"curies":[{"name":"wp","href":"https:\/\/api.w.org\/{rel}","templated":true}]}}