{"id":27469,"date":"2023-09-20T05:32:09","date_gmt":"2023-09-20T05:32:09","guid":{"rendered":"https:\/\/alex-elec.eu\/?post_type=product&#038;p=27469"},"modified":"2023-09-20T05:32:09","modified_gmt":"2023-09-20T05:32:09","slug":"container-10-pieds-frigorifique-reefer-occasion-classe-a","status":"publish","type":"product","link":"https:\/\/alex-elec.eu\/pt\/product\/container-10-pieds-frigorifique-reefer-occasion-classe-a\/","title":{"rendered":"Contentor refrigerado Reefer de 10 p\u00e9s usado (classe A)"},"content":{"rendered":"<p>Le\u00a0<strong>novo contentor frigor\u00edfico de 10 p\u00e9s<\/strong>\u00a0tamb\u00e9m conhecido como\u00a0<strong>Contentor frigor\u00edfico de 3m<\/strong>\u00a0pode armazenar uma grande variedade de produtos alimentares e n\u00e3o alimentares numa atmosfera controlada. Como este contentor \u00e9 bastante raro no mercado de segunda m\u00e3o, \u00e9 fabricado por medida a partir de um contentor frigor\u00edfico de 20 p\u00e9s.<\/p>\n<p>Estas transforma\u00e7\u00f5es requerem uma visita \u00e0 oficina e justificam o pre\u00e7o mais elevado do que um contentor normal de 20' ou 40'. Muito resistente aos choques e \u00e0s intemp\u00e9ries, estanque e herm\u00e9tico, satisfaz todas as condi\u00e7\u00f5es exigidas para o transporte fora de Fran\u00e7a (normas CSC, homologa\u00e7\u00e3o, etc.).<\/p>\n<p>&nbsp;<\/p>\n<p>&nbsp;<\/p>\n<p>Especifica\u00e7\u00f5es t\u00e9cnicas.<\/p>\n<p><strong>Dimens\u00f5es interiores<\/strong><\/p>\n<p>-Comprimento: 2.389 mm<\/p>\n<p>-Largura: 2 294 mm<\/p>\n<p>-Altura: 2,273 mm<\/p>\n<p>-Altura interior (at\u00e9 ao limite de carga): 2.173 mm<\/p>\n<p>&nbsp;<\/p>\n<p><strong>Dimens\u00f5es exteriores<\/strong><\/p>\n<p>-Comprimento: 2.991 mm<\/p>\n<p>-Largura: 2.438 mm<\/p>\n<p>-Altura: 2 591 mm<\/p>\n<p>&nbsp;<\/p>\n<p><strong>Dimens\u00f5es da porta<\/strong><\/p>\n<p>-Largura: 2.292 mm<\/p>\n<p>-Altura: 2,264 mm<\/p>\n<p>&nbsp;<\/p>\n<p><strong>Temperatura :\u00a0\u00a0<\/strong>-25 a 25\u00b0C<\/p>\n<p>&nbsp;<\/p>\n<p><strong>Refrigerante<\/strong><\/p>\n<p>-R134 A<\/p>\n<p>-R404<\/p>\n<p>-R442 a pedido<\/p>\n<p>&nbsp;<\/p>\n<p><strong>Estrutura :\u00a0<\/strong>CORTEN e A\u00c7O INOXID\u00c1VEL<\/p>\n<p><strong>Piso<\/strong><\/p>\n<p>CALHA DE ALUM\u00cdNIO EM FORMA DE T<\/p>\n<p>Gest\u00e3o atrav\u00e9s de um painel de controlo Daikin, Thermoking ou Carrier<\/p>\n<p>Abertura em folha dupla num dos lados<\/p>\n<p>Abertura da porta a 270<\/p>\n<p>&nbsp;<\/p>\n<p><strong>Mais informa\u00e7\u00f5es<\/strong><\/p>\n<p>-Carga m\u00e1xima: 12.400 kg<\/p>\n<p>-Peso em vazio: 2.600 kg<\/p>\n<p>-Peso m\u00e1ximo: 15.000 kg<\/p>\n<p>-Volume interno utiliz\u00e1vel (at\u00e9 \u00e0 linha de ventila\u00e7\u00e3o m\u00e1xima): 11,91 m3<\/p>\n<p>-Volume interior total: 12,45 m3<\/p>\n<p>&nbsp;<\/p>\n<p>Vantagens :<\/p>\n<p>&nbsp;<\/p>\n<p>-Ajuste da temperatura de -25 a +25\u00b0 por term\u00f3stato<\/p>\n<p>-Cur\u00e1cia de +\/- 0,1\u00b0c<\/p>\n<p>-F\u00e1cil de utilizar<\/p>\n<p>-Entregue e pronto a utilizar<\/p>\n<p>-Unidade de refrigera\u00e7\u00e3o controlada<\/p>\n<p>-70 mm de espessura de isolamento<\/p>\n<p>-Conformidade ISO Tipo 12R1 - Grupo ISO 12RT<\/p>\n<p>-Adequado para planos HACCP (An\u00e1lise de Perigos e Pontos Cr\u00edticos de Controlo)<\/p>","protected":false},"excerpt":{"rendered":"<p>Le\u00a0container 10 pieds reefer neuf\u00a0, appel\u00e9 aussi\u00a0conteneur 3m frigorifique\u00a0permet de stocker une multitude de produits alimentaires ou non-alimentaires dans une atmosph\u00e8re contr\u00f4l\u00e9e. Ce container \u00e9tant assez rare sur le march\u00e9 de l\u2019occasion, il est alors fabriqu\u00e9 sur mesure \u00e0 partir d\u2019un container 20 pieds reefer. Ces transformations n\u00e9cessitent un passage en atelier et justifient le [&hellip;]<\/p>","protected":false},"featured_media":27470,"comment_status":"open","ping_status":"closed","template":"","meta":{"_monsterinsights_skip_tracking":false,"_monsterinsights_sitenote_active":false,"_monsterinsights_sitenote_note":"","_monsterinsights_sitenote_category":0},"product_cat":[15,105],"product_tag":[],"aioseo_notices":[],"_links":{"self":[{"href":"https:\/\/alex-elec.eu\/pt\/wp-json\/wp\/v2\/product\/27469"}],"collection":[{"href":"https:\/\/alex-elec.eu\/pt\/wp-json\/wp\/v2\/product"}],"about":[{"href":"https:\/\/alex-elec.eu\/pt\/wp-json\/wp\/v2\/types\/product"}],"replies":[{"embeddable":true,"href":"https:\/\/alex-elec.eu\/pt\/wp-json\/wp\/v2\/comments?post=27469"}],"wp:featuredmedia":[{"embeddable":true,"href":"https:\/\/alex-elec.eu\/pt\/wp-json\/wp\/v2\/media\/27470"}],"wp:attachment":[{"href":"https:\/\/alex-elec.eu\/pt\/wp-json\/wp\/v2\/media?parent=27469"}],"wp:term":[{"taxonomy":"product_cat","embeddable":true,"href":"https:\/\/alex-elec.eu\/pt\/wp-json\/wp\/v2\/product_cat?post=27469"},{"taxonomy":"product_tag","embeddable":true,"href":"https:\/\/alex-elec.eu\/pt\/wp-json\/wp\/v2\/product_tag?post=27469"}],"curies":[{"name":"wp","href":"https:\/\/api.w.org\/{rel}","templated":true}]}}