{"id":27449,"date":"2023-09-20T05:20:39","date_gmt":"2023-09-20T05:20:39","guid":{"rendered":"https:\/\/alex-elec.eu\/?post_type=product&#038;p=27449"},"modified":"2023-09-20T05:20:39","modified_gmt":"2023-09-20T05:20:39","slug":"container-45-pieds-frigorifique-reefer-neuf","status":"publish","type":"product","link":"https:\/\/alex-elec.eu\/pt\/product\/container-45-pieds-frigorifique-reefer-neuf\/","title":{"rendered":"Contentor refrigerado Reefer 45ft Novo"},"content":{"rendered":"<p>Le\u00a0<strong>novo contentor frigor\u00edfico de 45 p\u00e9s<\/strong>\u00a0tamb\u00e9m conhecido como\u00a0<strong>Contentor frigor\u00edfico de 45 p\u00e9s<\/strong>\u00c9 muito utilizado para a armazenagem de produtos frescos.<\/p>\n<p>O contentor refrigerado ICE 45 proporciona armazenamento a longo prazo para uma variedade de bens: alimentares ou n\u00e3o alimentares. O contentor refrigerado de 45\u2032 funciona com uma tomada de 380V. Est\u00e1 equipado com m\u00e1quinas que funcionam numa gama de temperaturas de +25\u00b0C a -25\u00b0C.<\/p>\n<p>&nbsp;<\/p>\n<p>&nbsp;<\/p>\n<p>Especifica\u00e7\u00f5es t\u00e9cnicas.<\/p>\n<p><strong>Dimens\u00f5es interiores<\/strong><\/p>\n<p>-Comprimento: 13,316 mm<\/p>\n<p>-Largura: 2 440 mm<\/p>\n<p>-Altura: 2.569 mm<\/p>\n<p>-Altura interior (at\u00e9 ao limite de carga): 2.469 mm<\/p>\n<p>&nbsp;<\/p>\n<p><strong>Dimens\u00f5es exteriores<\/strong><\/p>\n<p>-Comprimento: 13,716 mm<\/p>\n<p>-Largura: 2.580 mm<\/p>\n<p>-Altura: 2.896 mm<\/p>\n<p>&nbsp;<\/p>\n<p><strong>Dimens\u00f5es da porta<\/strong><\/p>\n<p>-Largura: 2 440 mm<\/p>\n<p>-Altura: 2.562 mm<\/p>\n<p>&nbsp;<\/p>\n<p><strong>Temperatura :\u00a0\u00a0<\/strong>-25 a 25\u00b0C<\/p>\n<p>&nbsp;<\/p>\n<p><strong>Refrigerante<\/strong><\/p>\n<p>-R134 A<\/p>\n<p>-R404<\/p>\n<p>-R442 a pedido<\/p>\n<p>&nbsp;<\/p>\n<p><strong>Estrutura :\u00a0<\/strong>CORTEN e A\u00c7O INOXID\u00c1VEL<\/p>\n<p><strong>Piso<\/strong><\/p>\n<p>PAVIMENTO PLANO DE ALUM\u00cdNIO<\/p>\n<p>Gest\u00e3o atrav\u00e9s de um painel de controlo Daikin, Thermoking ou Carrier<\/p>\n<p>Armazenamento de at\u00e9 33 paletes Euro<\/p>\n<p>Abertura em folha dupla num dos lados<\/p>\n<p>Abertura da porta a 270<\/p>\n<p>&nbsp;<\/p>\n<p><strong>Mais informa\u00e7\u00f5es<\/strong><\/p>\n<p>-Carga m\u00e1xima: 27,820 kgs<\/p>\n<p>-Peso em vazio: 6,180 kg<\/p>\n<p>-Peso m\u00e1ximo: 34.000 kg<\/p>\n<p>-Volume interior utiliz\u00e1vel (at\u00e9 \u00e0 linha de ventila\u00e7\u00e3o m\u00e1xima): 83,14 m3<\/p>\n<p>&nbsp;<\/p>\n<p>Vantagens :<\/p>\n<p>&nbsp;<\/p>\n<p>-Ajuste da temperatura de -25 a +25\u00b0 por term\u00f3stato<\/p>\n<p>-Cur\u00e1cia de +\/- 0,1\u00b0c<\/p>\n<p>-F\u00e1cil de utilizar<\/p>\n<p>-Entregue e pronto a utilizar<\/p>\n<p>-Unidade de refrigera\u00e7\u00e3o controlada<\/p>\n<p>-70 mm de espessura de isolamento<\/p>\n<p>-Conformidade com as normas ISO<\/p>\n<p>-Tipo 45R1 - Grupo ISO 45RT<\/p>\n<p>-Adequado para planos HACCP (An\u00e1lise de Perigos e Pontos Cr\u00edticos de Controlo)<\/p>","protected":false},"excerpt":{"rendered":"<p>Le\u00a0container 45 pieds reefer neuf\u00a0ou appel\u00e9 \u00e9galement\u00a0conteneur 45 pieds frigorifique reefer, est tr\u00e8s utilis\u00e9 pour l\u2019activit\u00e9 de stockage de produits frais. Le conteneur frigorifique ICE 45 permet de stocker durablement des marchandises diverses : alimentaires ou non alimentaires. Le conteneur 45\u2032 r\u00e9frig\u00e9r\u00e9 fonctionne avec une prise en 380V. Il vient \u00e9quip\u00e9 de machinerie fonctionnant avec [&hellip;]<\/p>","protected":false},"featured_media":27450,"comment_status":"open","ping_status":"closed","template":"","meta":{"_monsterinsights_skip_tracking":false,"_monsterinsights_sitenote_active":false,"_monsterinsights_sitenote_note":"","_monsterinsights_sitenote_category":0},"product_cat":[15,105],"product_tag":[],"aioseo_notices":[],"_links":{"self":[{"href":"https:\/\/alex-elec.eu\/pt\/wp-json\/wp\/v2\/product\/27449"}],"collection":[{"href":"https:\/\/alex-elec.eu\/pt\/wp-json\/wp\/v2\/product"}],"about":[{"href":"https:\/\/alex-elec.eu\/pt\/wp-json\/wp\/v2\/types\/product"}],"replies":[{"embeddable":true,"href":"https:\/\/alex-elec.eu\/pt\/wp-json\/wp\/v2\/comments?post=27449"}],"wp:featuredmedia":[{"embeddable":true,"href":"https:\/\/alex-elec.eu\/pt\/wp-json\/wp\/v2\/media\/27450"}],"wp:attachment":[{"href":"https:\/\/alex-elec.eu\/pt\/wp-json\/wp\/v2\/media?parent=27449"}],"wp:term":[{"taxonomy":"product_cat","embeddable":true,"href":"https:\/\/alex-elec.eu\/pt\/wp-json\/wp\/v2\/product_cat?post=27449"},{"taxonomy":"product_tag","embeddable":true,"href":"https:\/\/alex-elec.eu\/pt\/wp-json\/wp\/v2\/product_tag?post=27449"}],"curies":[{"name":"wp","href":"https:\/\/api.w.org\/{rel}","templated":true}]}}