{"id":27423,"date":"2023-09-19T23:39:05","date_gmt":"2023-09-19T23:39:05","guid":{"rendered":"https:\/\/alex-elec.eu\/?post_type=product&#038;p=27423"},"modified":"2023-09-19T23:39:05","modified_gmt":"2023-09-19T23:39:05","slug":"container-reefer-frigorifique-20ft-classe-a","status":"publish","type":"product","link":"https:\/\/alex-elec.eu\/pt\/product\/container-reefer-frigorifique-20ft-classe-a\/","title":{"rendered":"REEFER Contentor \"Frigorifique\" 20 p\u00e9s classe A"},"content":{"rendered":"<p><strong>Equipamento:<\/strong>\u00a0Contentor mar\u00edtimo<br \/>\n<strong>Modelo:<\/strong>\u00a020\u2032 ft Reefer<br \/>\n<strong>Vers\u00e3o:<\/strong>\u00a0Classe A (Conformidade mec\u00e2nica revista +20\u00b0 -20\u00b0)<br \/>\n<strong>Ano :<\/strong>\u00a02001<br \/>\n<strong>Refer\u00eancia:<\/strong>\u00a0DEVCONTREEF20B+<br \/>\n<strong>Dimens\u00f5es exteriores:<\/strong>\u00a06,05m X 2,43m X 2,59m<br \/>\n<strong>Dimens\u00f5es interiores :<\/strong>\u00a05,32m X 2,27m X 2,23m<br \/>\n<strong>Peso:<\/strong>\u00a02999 kg<br \/>\n<strong>Volume:<\/strong>\u00a027 m3<br \/>\n<strong>\u00c1rea de superf\u00edcie:<\/strong>\u00a012 m2<br \/>\n<strong>Carga m\u00e1xima<\/strong>\u00a027500 kg<\/p>","protected":false},"excerpt":{"rendered":"<p>Mat\u00e9riel:\u00a0Container maritime Mod\u00e8le:\u00a020\u2032 ft Reefer Version:\u00a0Classe A (M\u00e9canique r\u00e9vis\u00e9e conforme +20\u00b0 -20\u00b0) Ann\u00e9e\u00a0 :\u00a02001 R\u00e9f\u00e9rence:\u00a0DEVCONTREEF20B+ Dimensions ext\u00e9rieures:\u00a06.05m X 2.43m X 2.59m Dimensions int\u00e9rieures :\u00a05.32m X 2.27m X 2.23m Poids:\u00a02999 kg Volume:\u00a027 m3 Surface:\u00a012 m2 Charge max:\u00a027500 kg<\/p>","protected":false},"featured_media":27425,"comment_status":"open","ping_status":"closed","template":"","meta":{"_monsterinsights_skip_tracking":false,"_monsterinsights_sitenote_active":false,"_monsterinsights_sitenote_note":"","_monsterinsights_sitenote_category":0},"product_cat":[15,105],"product_tag":[],"aioseo_notices":[],"_links":{"self":[{"href":"https:\/\/alex-elec.eu\/pt\/wp-json\/wp\/v2\/product\/27423"}],"collection":[{"href":"https:\/\/alex-elec.eu\/pt\/wp-json\/wp\/v2\/product"}],"about":[{"href":"https:\/\/alex-elec.eu\/pt\/wp-json\/wp\/v2\/types\/product"}],"replies":[{"embeddable":true,"href":"https:\/\/alex-elec.eu\/pt\/wp-json\/wp\/v2\/comments?post=27423"}],"wp:featuredmedia":[{"embeddable":true,"href":"https:\/\/alex-elec.eu\/pt\/wp-json\/wp\/v2\/media\/27425"}],"wp:attachment":[{"href":"https:\/\/alex-elec.eu\/pt\/wp-json\/wp\/v2\/media?parent=27423"}],"wp:term":[{"taxonomy":"product_cat","embeddable":true,"href":"https:\/\/alex-elec.eu\/pt\/wp-json\/wp\/v2\/product_cat?post=27423"},{"taxonomy":"product_tag","embeddable":true,"href":"https:\/\/alex-elec.eu\/pt\/wp-json\/wp\/v2\/product_tag?post=27423"}],"curies":[{"name":"wp","href":"https:\/\/api.w.org\/{rel}","templated":true}]}}