{"id":28090,"date":"2023-09-21T19:02:59","date_gmt":"2023-09-21T19:02:59","guid":{"rendered":"https:\/\/alex-elec.eu\/?page_id=28090"},"modified":"2023-09-22T01:29:03","modified_gmt":"2023-09-22T01:29:03","slug":"fiches-techniques-containers","status":"publish","type":"page","link":"https:\/\/alex-elec.eu\/pt\/fiches-techniques-containers\/","title":{"rendered":"Fichas de dados do contentor"},"content":{"rendered":"<div data-elementor-type=\"wp-page\" data-elementor-id=\"28090\" class=\"elementor elementor-28090\">\n\t\t\t\t\t\t\t<div class=\"elementor-element elementor-element-4029283 e-flex e-con-boxed e-con e-parent\" data-id=\"4029283\" data-element_type=\"container\" data-settings=\"{&quot;content_width&quot;:&quot;boxed&quot;}\" data-core-v316-plus=\"true\">\n\t\t\t\t\t<div class=\"e-con-inner\">\n\t\t\t\t<div class=\"elementor-element elementor-element-01a319a elementor-widget elementor-widget-text-editor\" data-id=\"01a319a\" data-element_type=\"widget\" data-settings=\"{&quot;ekit_we_effect_on&quot;:&quot;none&quot;}\" data-widget_type=\"text-editor.default\">\n\t\t\t\t<div class=\"elementor-widget-container\">\n\t\t\t<style>\/*! elementor - v3.16.0 - 09-10-2023 *\/\n.elementor-widget-text-editor.elementor-drop-cap-view-stacked .elementor-drop-cap{background-color:#69727d;color:#fff}.elementor-widget-text-editor.elementor-drop-cap-view-framed .elementor-drop-cap{color:#69727d;border:3px solid;background-color:transparent}.elementor-widget-text-editor:not(.elementor-drop-cap-view-default) .elementor-drop-cap{margin-top:8px}.elementor-widget-text-editor:not(.elementor-drop-cap-view-default) .elementor-drop-cap-letter{width:1em;height:1em}.elementor-widget-text-editor .elementor-drop-cap{float:left;text-align:center;line-height:1;font-size:50px}.elementor-widget-text-editor .elementor-drop-cap-letter{display:inline-block}<\/style>\t\t\t\t<section class=\"elementor-section elementor-top-section elementor-element elementor-element-1569a8e8 elementor-section-boxed elementor-section-height-default elementor-section-height-default\" data-id=\"1569a8e8\" data-element_type=\"section\"><div class=\"elementor-container elementor-column-gap-default\"><div class=\"elementor-row\"><div class=\"elementor-column elementor-col-100 elementor-top-column elementor-element elementor-element-6ed61a5e\" data-id=\"6ed61a5e\" data-element_type=\"column\"><div class=\"elementor-column-wrap elementor-element-populated\"><div class=\"elementor-widget-wrap\"><div class=\"elementor-element elementor-element-5f8a29be elementor-widget elementor-widget-heading\" data-id=\"5f8a29be\" data-element_type=\"widget\" data-widget_type=\"heading.default\"><div class=\"elementor-widget-container\"><h2 class=\"elementor-heading-title elementor-size-large\">o que cont\u00eam as fichas t\u00e9cnicas?<\/h2><\/div><\/div><div class=\"elementor-element elementor-element-5959f8bf elementor-widget elementor-widget-spacer\" data-id=\"5959f8bf\" data-element_type=\"widget\" data-widget_type=\"spacer.default\"><div class=\"elementor-widget-container\"><div class=\"elementor-spacer\"><div class=\"elementor-spacer-inner\">\u00a0<\/div><\/div><\/div><\/div><\/div><\/div><\/div><\/div><\/div><\/section><section class=\"elementor-section elementor-top-section elementor-element elementor-element-36e4ae46 elementor-section-boxed elementor-section-height-default elementor-section-height-default\" data-id=\"36e4ae46\" data-element_type=\"section\"><div class=\"elementor-background-overlay\">\u00a0<\/div><div class=\"elementor-container elementor-column-gap-default\"><div class=\"elementor-row\"><div class=\"elementor-column elementor-col-100 elementor-top-column elementor-element elementor-element-7661e410\" data-id=\"7661e410\" data-element_type=\"column\"><div class=\"elementor-column-wrap elementor-element-populated\"><div class=\"elementor-widget-wrap\"><section class=\"elementor-section elementor-inner-section elementor-element elementor-element-343a418b elementor-section-boxed elementor-section-height-default elementor-section-height-default\" data-id=\"343a418b\" data-element_type=\"section\"><div class=\"elementor-container elementor-column-gap-wide\"><div class=\"elementor-row\"><div class=\"elementor-column elementor-col-50 elementor-inner-column elementor-element elementor-element-2d641db\" data-id=\"2d641db\" data-element_type=\"column\" data-settings=\"{&quot;animation&quot;:&quot;none&quot;}\"><div class=\"elementor-column-wrap elementor-element-populated\"><div class=\"elementor-widget-wrap\"><div class=\"elementor-element elementor-element-784a085e elementor-widget elementor-widget-image\" data-id=\"784a085e\" data-element_type=\"widget\" data-widget_type=\"image.default\"><div class=\"elementor-widget-container\"><div class=\"elementor-image\"><picture class=\"attachment-medium_large size-medium_large wp-image-7323\"><source srcset=\"https:\/\/www.goliat.fr\/wp-content\/uploads\/2020\/05\/bungalow-768x346.jpg.webp 768w, https:\/\/www.goliat.fr\/wp-content\/uploads\/2020\/05\/bungalow-300x135.jpg.webp 300w, https:\/\/www.goliat.fr\/wp-content\/uploads\/2020\/05\/bungalow-1024x461.jpg.webp 1024w, https:\/\/www.goliat.fr\/wp-content\/uploads\/2020\/05\/bungalow-1536x691.jpg.webp 1536w, https:\/\/www.goliat.fr\/wp-content\/uploads\/2020\/05\/bungalow.jpg.webp 2000w\" type=\"image\/webp\" sizes=\"(max-width: 768px) 100vw, 768px\" data-lazy-srcset=\"https:\/\/www.goliat.fr\/wp-content\/uploads\/2020\/05\/bungalow-768x346.jpg.webp 768w, https:\/\/www.goliat.fr\/wp-content\/uploads\/2020\/05\/bungalow-300x135.jpg.webp 300w, https:\/\/www.goliat.fr\/wp-content\/uploads\/2020\/05\/bungalow-1024x461.jpg.webp 1024w, https:\/\/www.goliat.fr\/wp-content\/uploads\/2020\/05\/bungalow-1536x691.jpg.webp 1536w, https:\/\/www.goliat.fr\/wp-content\/uploads\/2020\/05\/bungalow.jpg.webp 2000w\" data-lazy-sizes=\"(max-width: 768px) 100vw, 768px\" \/><img loading=\"lazy\" decoding=\"async\" class=\"entered lazyloaded\" src=\"https:\/\/www.goliat.fr\/wp-content\/uploads\/2020\/05\/bungalow-768x346.jpg\" sizes=\"(max-width: 768px) 100vw, 768px\" srcset=\"https:\/\/www.goliat.fr\/wp-content\/uploads\/2020\/05\/bungalow-768x346.jpg 768w, https:\/\/www.goliat.fr\/wp-content\/uploads\/2020\/05\/bungalow-300x135.jpg 300w, https:\/\/www.goliat.fr\/wp-content\/uploads\/2020\/05\/bungalow-1024x461.jpg 1024w, https:\/\/www.goliat.fr\/wp-content\/uploads\/2020\/05\/bungalow-1536x691.jpg 1536w, https:\/\/www.goliat.fr\/wp-content\/uploads\/2020\/05\/bungalow.jpg 2000w\" alt=\"bungalows\" width=\"768\" height=\"346\" data-lazy-srcset=\"https:\/\/www.goliat.fr\/wp-content\/uploads\/2020\/05\/bungalow-768x346.jpg 768w, https:\/\/www.goliat.fr\/wp-content\/uploads\/2020\/05\/bungalow-300x135.jpg 300w, https:\/\/www.goliat.fr\/wp-content\/uploads\/2020\/05\/bungalow-1024x461.jpg 1024w, https:\/\/www.goliat.fr\/wp-content\/uploads\/2020\/05\/bungalow-1536x691.jpg 1536w, https:\/\/www.goliat.fr\/wp-content\/uploads\/2020\/05\/bungalow.jpg 2000w\" data-lazy-sizes=\"(max-width: 768px) 100vw, 768px\" data-lazy-src=\"https:\/\/www.goliat.fr\/wp-content\/uploads\/2020\/05\/bungalow-768x346.jpg\" data-ll-status=\"loaded\" \/><\/picture><\/div><\/div><\/div><\/div><\/div><\/div><div class=\"elementor-column elementor-col-50 elementor-inner-column elementor-element elementor-element-4fef8e9e\" data-id=\"4fef8e9e\" data-element_type=\"column\"><div class=\"elementor-column-wrap elementor-element-populated\"><div class=\"elementor-widget-wrap\"><div class=\"elementor-element elementor-element-663e5b07 elementor-widget elementor-widget-text-editor\" data-id=\"663e5b07\" data-element_type=\"widget\" data-widget_type=\"text-editor.default\"><div class=\"elementor-widget-container\"><div class=\"elementor-text-editor elementor-clearfix\"><p>Descarregue gratuitamente a descri\u00e7\u00e3o t\u00e9cnica de um bungalow ou m\u00f3dulo Alex-elec: escrit\u00f3rio, estaleiro, sanit\u00e1rio, ... e encontre todas as informa\u00e7\u00f5es seguintes:<\/p><\/div><\/div><\/div><div class=\"elementor-element elementor-element-495f6a04 elementor-icon-list--layout-traditional elementor-list-item-link-full_width elementor-widget elementor-widget-icon-list\" data-id=\"495f6a04\" data-element_type=\"widget\" data-widget_type=\"icon-list.default\"><div class=\"elementor-widget-container\"><ul class=\"elementor-icon-list-items\"><li class=\"elementor-icon-list-item\"><span class=\"elementor-icon-list-text\">Dimens\u00f5es exteriores do bungalow<\/span><\/li><li class=\"elementor-icon-list-item\"><span class=\"elementor-icon-list-text\">Dimens\u00f5es internas do bungalow<\/span><\/li><li class=\"elementor-icon-list-item\"><span class=\"elementor-icon-list-text\">Peso do bungalow<\/span><\/li><li class=\"elementor-icon-list-item\"><span class=\"elementor-icon-list-text\">Volume do bungalow<\/span><\/li><li class=\"elementor-icon-list-item\"><span class=\"elementor-icon-list-text\">Capacidade dos bungalows<\/span><\/li><li class=\"elementor-icon-list-item\"><span class=\"elementor-icon-list-text\">Pre\u00e7os<\/span><\/li><li class=\"elementor-icon-list-item\"><span class=\"elementor-icon-list-text\">Isolamento<\/span><\/li><li class=\"elementor-icon-list-item\"><span class=\"elementor-icon-list-text\">Especifica\u00e7\u00f5es el\u00e9ctricas<\/span><\/li><\/ul><\/div><\/div><\/div><\/div><\/div><\/div><\/div><\/section><\/div><\/div><\/div><\/div><\/div><\/section>\t\t\t\t\t\t<\/div>\n\t\t\t\t<\/div>\n\t\t\t\t\t<\/div>\n\t\t\t\t<\/div>\n\t\t\t\t\t\t\t<\/div>","protected":false},"excerpt":{"rendered":"<p>que contiennent les fiches techniques ? \u00a0 \u00a0 T\u00e9l\u00e9chargez gratuitement la description technique d\u2019un bungalow ou module Alex-elec soit : de bureau, de chantier, sanitaire, \u2026 et, retrouvez-y toutes les informations suivantes : Dimension externe du bungalow Dimension interne du bungalow Poids du bungalow Volume du bungalow Capacit\u00e9 du bungalow Prix Isolations Sp\u00e9cifications \u00e9lectriques<\/p>","protected":false},"author":1,"featured_media":0,"parent":0,"menu_order":0,"comment_status":"closed","ping_status":"closed","template":"","meta":{"_monsterinsights_skip_tracking":false,"_monsterinsights_sitenote_active":false,"_monsterinsights_sitenote_note":"","_monsterinsights_sitenote_category":0,"footnotes":""},"aioseo_notices":[],"_links":{"self":[{"href":"https:\/\/alex-elec.eu\/pt\/wp-json\/wp\/v2\/pages\/28090"}],"collection":[{"href":"https:\/\/alex-elec.eu\/pt\/wp-json\/wp\/v2\/pages"}],"about":[{"href":"https:\/\/alex-elec.eu\/pt\/wp-json\/wp\/v2\/types\/page"}],"author":[{"embeddable":true,"href":"https:\/\/alex-elec.eu\/pt\/wp-json\/wp\/v2\/users\/1"}],"replies":[{"embeddable":true,"href":"https:\/\/alex-elec.eu\/pt\/wp-json\/wp\/v2\/comments?post=28090"}],"version-history":[{"count":4,"href":"https:\/\/alex-elec.eu\/pt\/wp-json\/wp\/v2\/pages\/28090\/revisions"}],"predecessor-version":[{"id":28314,"href":"https:\/\/alex-elec.eu\/pt\/wp-json\/wp\/v2\/pages\/28090\/revisions\/28314"}],"wp:attachment":[{"href":"https:\/\/alex-elec.eu\/pt\/wp-json\/wp\/v2\/media?parent=28090"}],"curies":[{"name":"wp","href":"https:\/\/api.w.org\/{rel}","templated":true}]}}