{"id":28053,"date":"2023-09-21T18:26:43","date_gmt":"2023-09-21T18:26:43","guid":{"rendered":"https:\/\/alex-elec.eu\/?post_type=product&#038;p=28053"},"modified":"2023-09-23T16:54:12","modified_gmt":"2023-09-23T16:54:12","slug":"20-pieds-standard-6m","status":"publish","type":"product","link":"https:\/\/alex-elec.eu\/nl\/product\/20-pieds-standard-6m\/","title":{"rendered":"20 standaard voet - 6m"},"content":{"rendered":"<p><strong>Standaard 20-voet container<\/strong><br \/>\nOnze standaard 20-voets container is de koning van het intermodale paneel. Geen wonder: hij heeft alles om in de smaak te vallen. Met CSC-certificering is hij geschikt voor intermodaal transport. Hij biedt veel ruimte en is toch gemakkelijk te vervoeren. Het voldoet aan de ISO-norm en kan dus worden gestapeld. Dankzij de stevige vloer is het de beste verzend- en opslagoplossing ter wereld.<\/p>\n<p>&nbsp;<\/p>\n<p>Kenmerken<\/p>\n<ul>\n<li>ISO-certificering<\/li>\n<li>CSC certificering<\/li>\n<li>Wind- en waterdicht<\/li>\n<li>Vrachtwaardig<\/li>\n<li>Houten vloer<\/li>\n<\/ul>\n<p>&nbsp;<\/p>\n<p>Afmetingen<\/p>\n<table>\n<tbody>\n<tr>\n<th><\/th>\n<th>Uitwendige afmetingen<\/th>\n<th>Afmetingen binnen<\/th>\n<\/tr>\n<tr>\n<th>Lengte<\/th>\n<td>6036 mm<\/td>\n<td>5898 mm<\/td>\n<\/tr>\n<tr>\n<th>Breedte<\/th>\n<td>2438 mm<\/td>\n<td>2362 mm<\/td>\n<\/tr>\n<tr>\n<th>Hoogte<\/th>\n<td>2591 mm<\/td>\n<td>2393 mm<\/td>\n<\/tr>\n<tr>\n<th>Tarra<\/th>\n<th>Max. laadvermogen<\/th>\n<th>MMA<\/th>\n<\/tr>\n<tr>\n<td>2280 kg<\/td>\n<td>28.200 kg<\/td>\n<td>30480 kg<\/td>\n<\/tr>\n<\/tbody>\n<\/table>","protected":false},"excerpt":{"rendered":"<p>Conteneur de 20 pieds standard Notre conteneur de 20 pieds standard est le roi du panel intermodal. Rien d&rsquo;\u00e9tonnant : il a tout pour plaire. Certifi\u00e9 CSC, il est apte au transport intermodal. Il offre plein d&rsquo;espace, tout en \u00e9tant facilement transportable. Il est conforme \u00e0 la norme ISO et donc empilable. Gr\u00e2ce \u00e0 son [&hellip;]<\/p>","protected":false},"featured_media":28055,"comment_status":"open","ping_status":"closed","template":"","meta":{"_monsterinsights_skip_tracking":false,"_monsterinsights_sitenote_active":false,"_monsterinsights_sitenote_note":"","_monsterinsights_sitenote_category":0},"product_cat":[15,101],"product_tag":[],"aioseo_notices":[],"_links":{"self":[{"href":"https:\/\/alex-elec.eu\/nl\/wp-json\/wp\/v2\/product\/28053"}],"collection":[{"href":"https:\/\/alex-elec.eu\/nl\/wp-json\/wp\/v2\/product"}],"about":[{"href":"https:\/\/alex-elec.eu\/nl\/wp-json\/wp\/v2\/types\/product"}],"replies":[{"embeddable":true,"href":"https:\/\/alex-elec.eu\/nl\/wp-json\/wp\/v2\/comments?post=28053"}],"wp:featuredmedia":[{"embeddable":true,"href":"https:\/\/alex-elec.eu\/nl\/wp-json\/wp\/v2\/media\/28055"}],"wp:attachment":[{"href":"https:\/\/alex-elec.eu\/nl\/wp-json\/wp\/v2\/media?parent=28053"}],"wp:term":[{"taxonomy":"product_cat","embeddable":true,"href":"https:\/\/alex-elec.eu\/nl\/wp-json\/wp\/v2\/product_cat?post=28053"},{"taxonomy":"product_tag","embeddable":true,"href":"https:\/\/alex-elec.eu\/nl\/wp-json\/wp\/v2\/product_tag?post=28053"}],"curies":[{"name":"wp","href":"https:\/\/api.w.org\/{rel}","templated":true}]}}