{"id":28046,"date":"2023-09-21T18:23:25","date_gmt":"2023-09-21T18:23:25","guid":{"rendered":"https:\/\/alex-elec.eu\/?post_type=product&#038;p=28046"},"modified":"2023-09-21T18:23:25","modified_gmt":"2023-09-21T18:23:25","slug":"40ft-open-top-high-cube-rebuild-%e2%89%88-122-m","status":"publish","type":"product","link":"https:\/\/alex-elec.eu\/nl\/product\/40ft-open-top-high-cube-rebuild-%e2%89%88-122-m\/","title":{"rendered":"40ft Open Top Hoge Kubus Verbouwing \u2248 12,2 m"},"content":{"rendered":"<p>Container<br \/>\nkubusreconstructie van\u00a0<strong>40 voet hoog gebruikt<\/strong>\u00a0Onze 40-voet hoge kubus ombouwcontainer heeft al een leven achter de rug. Hij begon als hard-top container, maar veranderde van carri\u00e8re. We hebben het dak verwijderd zodat je hem van bovenaf kunt laden. Span het bijgeleverde dekzeil over de bovenkant van de kameleoncontainer om je goederen veilig en droog te houden. Er is veel te doen, want deze 40ft hoge kubuscontainer is een voet hoger dan onze gewone 40ft containers. Hij heeft nog een Lloyds certificaat voor 18 maanden en is daarna perfect geschikt als opslagcontainer. Deze container is klaar voor zijn nieuwe leven: ben jij klaar voor deze container? Koop hem direct in onze online shop.<\/p>\n<p>&nbsp;<\/p>\n<p>Specificaties<\/p>\n<ul>\n<li>ISO-gecertificeerd<\/li>\n<li>CSC gecertificeerd<\/li>\n<li>Wind- en waterdicht<\/li>\n<li>Vrachtwaardig<\/li>\n<li>Parket<\/li>\n<\/ul>\n<p>Maat<\/p>\n<table>\n<tbody>\n<tr>\n<th><\/th>\n<th>Externe grootte<\/th>\n<th>Interne grootte<\/th>\n<\/tr>\n<tr>\n<th>Lengte<\/th>\n<td>12192 mm<\/td>\n<td>12040 mm<\/td>\n<\/tr>\n<tr>\n<th>Breedte<\/th>\n<td>2438 mm<\/td>\n<td>2170 mm<\/td>\n<\/tr>\n<tr>\n<th>Hoogte<\/th>\n<td>2890 mm<\/td>\n<td>2530 mm<\/td>\n<\/tr>\n<tr>\n<th>Tara<\/th>\n<th>Max. laadvermogen<\/th>\n<th>Max. gewicht<\/th>\n<\/tr>\n<tr>\n<td>3980 kg<\/td>\n<td>26500 kg<\/td>\n<td>30480 kg<\/td>\n<\/tr>\n<\/tbody>\n<\/table>","protected":false},"excerpt":{"rendered":"<p>Conteneur de reconstruction de cube de\u00a040 pieds de haut usag\u00e9\u00a0Notre conteneur de reconstruction de cube de 40 pieds de haut a d\u00e9j\u00e0 eu une vie derri\u00e8re lui. Il a commenc\u00e9 comme conteneur \u00e0 toit rigide, mais a chang\u00e9 de carri\u00e8re. Nous avons enlev\u00e9 le toit afin que vous puissiez le charger d\u2019en haut. Tendez la [&hellip;]<\/p>","protected":false},"featured_media":28047,"comment_status":"open","ping_status":"closed","template":"","meta":{"_monsterinsights_skip_tracking":false,"_monsterinsights_sitenote_active":false,"_monsterinsights_sitenote_note":"","_monsterinsights_sitenote_category":0},"product_cat":[15,101],"product_tag":[],"aioseo_notices":[],"_links":{"self":[{"href":"https:\/\/alex-elec.eu\/nl\/wp-json\/wp\/v2\/product\/28046"}],"collection":[{"href":"https:\/\/alex-elec.eu\/nl\/wp-json\/wp\/v2\/product"}],"about":[{"href":"https:\/\/alex-elec.eu\/nl\/wp-json\/wp\/v2\/types\/product"}],"replies":[{"embeddable":true,"href":"https:\/\/alex-elec.eu\/nl\/wp-json\/wp\/v2\/comments?post=28046"}],"wp:featuredmedia":[{"embeddable":true,"href":"https:\/\/alex-elec.eu\/nl\/wp-json\/wp\/v2\/media\/28047"}],"wp:attachment":[{"href":"https:\/\/alex-elec.eu\/nl\/wp-json\/wp\/v2\/media?parent=28046"}],"wp:term":[{"taxonomy":"product_cat","embeddable":true,"href":"https:\/\/alex-elec.eu\/nl\/wp-json\/wp\/v2\/product_cat?post=28046"},{"taxonomy":"product_tag","embeddable":true,"href":"https:\/\/alex-elec.eu\/nl\/wp-json\/wp\/v2\/product_tag?post=28046"}],"curies":[{"name":"wp","href":"https:\/\/api.w.org\/{rel}","templated":true}]}}