{"id":28035,"date":"2023-09-21T18:15:18","date_gmt":"2023-09-21T18:15:18","guid":{"rendered":"https:\/\/alex-elec.eu\/?post_type=product&#038;p=28035"},"modified":"2023-09-21T18:15:19","modified_gmt":"2023-09-21T18:15:19","slug":"container-high-cube-pallet-wide-45-pieds-occasion-classe-a","status":"publish","type":"product","link":"https:\/\/alex-elec.eu\/nl\/product\/container-high-cube-pallet-wide-45-pieds-occasion-classe-a\/","title":{"rendered":"Container Hoog Kubus Pallet Breed 45 Pieds Gelegenheid (Klasse A)"},"content":{"rendered":"<p><strong>De 45-voet High Cube gebruikte container<\/strong>\u00a0is geschikt voor zeevracht, opslag en inrichting. De 45 voet hoge kubuscontainer is bijzonder sterk, omdat de gehele Cortenstalen structuur bestaat uit wanden van geribbeld plaatstaal en zijrails waarop een 28 mm multiplex vloer is gelegd.<\/p>\n<p>&nbsp;<\/p>\n<p>&nbsp;<\/p>\n<p>Technische specificaties.<\/p>\n<p>Binnenmaten:<\/p>\n<p>- Lengte: 13.557 mm<br \/>\n- Breedte: 2.414 mm<br \/>\n- Hoogte: 2.690 mm<\/p>\n<p>Afmetingen buitenkant:<\/p>\n<p>- Lengte: 13.716 mm<br \/>\n- Breedte: 2.438 mm<br \/>\n- Hoogte: 2.896 mm<\/p>\n<p>Afmetingen deur:<\/p>\n<p>- Breedte: 2 340 mm<br \/>\n- Hoogte: 2.580 mm<\/p>\n<p>Structuur: Volledig gelast CORTEN<\/p>\n<p>Vloer: 28 mm MARINE multiplex<\/p>\n<p>Twee stevige deuren openen naar buiten<br \/>\nRobuuste sloten met 4 verticale espagnoletbouten<br \/>\nDeuren gaan open tot 270\u00b0.<\/p>\n<p>Meer informatie:<\/p>\n<p>- Maximale belasting: 25.600 kg<br \/>\n- Leeggewicht: 4.820 kg<br \/>\n- Maximaal gewicht: 30.420 kg<\/p>\n<p>&nbsp;<\/p>\n<p>Voordelen :<\/p>\n<p>- Plus 30cm hoog<br \/>\n- Veilig en waterdicht<br \/>\n- Extra opslag<br \/>\n- Stapelbaar tot 7 hoogtes<br \/>\n- Eenvoudige, onbeperkte installatie<br \/>\n- Zelfdragende structuur<br \/>\n- Conformiteit met ISO type 42G1 - ISO groep 42GP<\/p>\n<p>&nbsp;<\/p>\n<p>De mening van de deskundige :<\/p>\n<p>De 45 HC zeecontainer opent aan \u00e9\u00e9n kant naar buiten en is voorzien van een dubbele deur die kan worden afgesloten met twee bouten op elke opening.<br \/>\nHet is een multimodale oplossing: weg, spoor, binnenvaart en zee. Het kan op verschillende manieren worden vervoerd en geleverd.<br \/>\nDe 45-voet container is verkrijgbaar in een versie met brede pallets, waardoor hij breder wordt en de lay-outcapaciteit of het aantal europallets kan worden vergroot (33 pallets of 25% extra opslag).<br \/>\nAl onze nieuwe 45-voets hoge kubuscontainers (eerste reizen) en tweedehands containers (laatste reizen) voldoen aan de CSC-standaard (Container Safety Certificate - CSC-plaatje), die certificeert en garandeert dat de containers waterdicht zijn.<\/p>","protected":false},"excerpt":{"rendered":"<p>Le Container 45 pieds High Cube occasion\u00a0est adapt\u00e9 pour le fret maritime, le stockage et l\u2019am\u00e9nagement. Le conteneur 45 pieds high cube est particuli\u00e8rement r\u00e9sistant car l\u2019int\u00e9gralit\u00e9 de sa structure en acier Corten est compos\u00e9e de parois en t\u00f4le ondul\u00e9e et de longerons sur lequel r\u00e9side un plancher en contreplaqu\u00e9 marine en 28mm. &nbsp; &nbsp; [&hellip;]<\/p>","protected":false},"featured_media":28036,"comment_status":"open","ping_status":"closed","template":"","meta":{"_monsterinsights_skip_tracking":false,"_monsterinsights_sitenote_active":false,"_monsterinsights_sitenote_note":"","_monsterinsights_sitenote_category":0},"product_cat":[15,101],"product_tag":[],"aioseo_notices":[],"_links":{"self":[{"href":"https:\/\/alex-elec.eu\/nl\/wp-json\/wp\/v2\/product\/28035"}],"collection":[{"href":"https:\/\/alex-elec.eu\/nl\/wp-json\/wp\/v2\/product"}],"about":[{"href":"https:\/\/alex-elec.eu\/nl\/wp-json\/wp\/v2\/types\/product"}],"replies":[{"embeddable":true,"href":"https:\/\/alex-elec.eu\/nl\/wp-json\/wp\/v2\/comments?post=28035"}],"wp:featuredmedia":[{"embeddable":true,"href":"https:\/\/alex-elec.eu\/nl\/wp-json\/wp\/v2\/media\/28036"}],"wp:attachment":[{"href":"https:\/\/alex-elec.eu\/nl\/wp-json\/wp\/v2\/media?parent=28035"}],"wp:term":[{"taxonomy":"product_cat","embeddable":true,"href":"https:\/\/alex-elec.eu\/nl\/wp-json\/wp\/v2\/product_cat?post=28035"},{"taxonomy":"product_tag","embeddable":true,"href":"https:\/\/alex-elec.eu\/nl\/wp-json\/wp\/v2\/product_tag?post=28035"}],"curies":[{"name":"wp","href":"https:\/\/api.w.org\/{rel}","templated":true}]}}