{"id":28033,"date":"2023-09-21T18:13:30","date_gmt":"2023-09-21T18:13:30","guid":{"rendered":"https:\/\/alex-elec.eu\/?post_type=product&#038;p=28033"},"modified":"2023-09-21T18:13:31","modified_gmt":"2023-09-21T18:13:31","slug":"container-high-cube-pallet-wide-40-pieds-occasion-classe-a","status":"publish","type":"product","link":"https:\/\/alex-elec.eu\/nl\/product\/container-high-cube-pallet-wide-40-pieds-occasion-classe-a\/","title":{"rendered":"Container Hoge Kubus Pallet Breed 40 Voet Gebruikt (Klasse A)"},"content":{"rendered":"<p><strong>De Container hoge kubus pallet breed 40 voet tweedehands\u00a0<\/strong>wordt ook gebruikt voor opslag, magazijnbouw en woonruimtes. De 40-voet container is bijzonder sterk, omdat de hele cortenstalen structuur bestaat uit metalen golfplaten wanden en zijrails waarop een multiplex vloer van 28 mm is gelegd.<\/p>\n<p>&nbsp;<\/p>\n<p>&nbsp;<\/p>\n<p>Technische specificaties.<\/p>\n<p>Binnenmaten:<\/p>\n<p>- Lengte: 12.029 mm<br \/>\n- Breedte: 2 350 mm<br \/>\n- Hoogte: 2.690 mm<\/p>\n<p>Afmetingen buitenkant:<\/p>\n<p>- Lengte:12.192 mm<br \/>\n- Breedte: 2.438 mm<br \/>\n- Hoogte: 2890 mm<\/p>\n<p>Afmetingen deur:<\/p>\n<p>- Breedte: 2 340 mm<br \/>\n- Hoogte: 2.580 mm<\/p>\n<p>Structuur: Volledig gelast CORTEN<\/p>\n<p>Vloer: 28 mm MARINE multiplex<\/p>\n<p>Twee stevige deuren openen naar buiten<br \/>\nRobuuste sloten met 4 verticale espagnoletbouten<br \/>\nDeuren gaan open tot 270\u00b0.<\/p>\n<p>Meer informatie:<\/p>\n<p>- Maximale belasting: 26.460 kg<br \/>\n- Leeggewicht: 3.940 kg<br \/>\n- Maximaal gewicht: 30,480 kg<\/p>","protected":false},"excerpt":{"rendered":"<p>Le Container high cube pallet wide 40 pieds occasion\u00a0est \u00e9galement utilis\u00e9 pour l\u2019activit\u00e9 de stockage, pour la construction d\u2019entrep\u00f4t et de base de vie. Le conteneur 40 pieds est particuli\u00e8rement r\u00e9sistant, car l\u2019int\u00e9gralit\u00e9 de sa structure en acier Corten est compos\u00e9e de parois en t\u00f4le ondul\u00e9e et de longerons sur lesquels r\u00e9side un plancher en [&hellip;]<\/p>","protected":false},"featured_media":28034,"comment_status":"open","ping_status":"closed","template":"","meta":{"_monsterinsights_skip_tracking":false,"_monsterinsights_sitenote_active":false,"_monsterinsights_sitenote_note":"","_monsterinsights_sitenote_category":0},"product_cat":[15,101],"product_tag":[],"aioseo_notices":[],"_links":{"self":[{"href":"https:\/\/alex-elec.eu\/nl\/wp-json\/wp\/v2\/product\/28033"}],"collection":[{"href":"https:\/\/alex-elec.eu\/nl\/wp-json\/wp\/v2\/product"}],"about":[{"href":"https:\/\/alex-elec.eu\/nl\/wp-json\/wp\/v2\/types\/product"}],"replies":[{"embeddable":true,"href":"https:\/\/alex-elec.eu\/nl\/wp-json\/wp\/v2\/comments?post=28033"}],"wp:featuredmedia":[{"embeddable":true,"href":"https:\/\/alex-elec.eu\/nl\/wp-json\/wp\/v2\/media\/28034"}],"wp:attachment":[{"href":"https:\/\/alex-elec.eu\/nl\/wp-json\/wp\/v2\/media?parent=28033"}],"wp:term":[{"taxonomy":"product_cat","embeddable":true,"href":"https:\/\/alex-elec.eu\/nl\/wp-json\/wp\/v2\/product_cat?post=28033"},{"taxonomy":"product_tag","embeddable":true,"href":"https:\/\/alex-elec.eu\/nl\/wp-json\/wp\/v2\/product_tag?post=28033"}],"curies":[{"name":"wp","href":"https:\/\/api.w.org\/{rel}","templated":true}]}}