{"id":27995,"date":"2023-09-21T17:53:42","date_gmt":"2023-09-21T17:53:42","guid":{"rendered":"https:\/\/alex-elec.eu\/?post_type=product&#038;p=27995"},"modified":"2023-09-21T17:53:42","modified_gmt":"2023-09-21T17:53:42","slug":"snack-box-20%e2%80%b2-3-faces","status":"publish","type":"product","link":"https:\/\/alex-elec.eu\/nl\/product\/snack-box-20%e2%80%b2-3-faces\/","title":{"rendered":"Snack-BOX 20\u2032 \"3 gezichten"},"content":{"rendered":"<p><strong>Uitrusting:<\/strong>\u00a0Snack-BOX houder<br \/>\n<strong>Model:<\/strong>\u00a020\u2032 ft DROOG Getransformeerd<br \/>\n<strong>Staat:<\/strong>\u00a0EX 1e reis<br \/>\n<strong>Het jaar:<\/strong>\u00a02017<\/p>\n<p><strong>Kleur:<\/strong>\u00a09010 (wit)<br \/>\n<strong>Referentie:<\/strong>\u00a0FAMU202168-5<br \/>\n<strong>Opties inbegrepen:<\/strong>\u00a0Hangslotbeveiliging + beslag + aluminium gepantserde plaatvloer<br \/>\n<strong>Details van de lay-out:<\/strong><br \/>\n- 5 Opklapbare bladen 2,50m x 1,10m<br \/>\n- Buitenhoogte: 1,10m Binnenhoogte: 0,90m<br \/>\n- De bladeren van binnenuit vergrendelen<br \/>\n- 4 Verstelbare cilinders (negatieve compressie)<br \/>\n- 3 Verhoogbare balksteunen 0,30 m inclusief PMR<br \/>\n- 1 Montage voor PRM-ontvangst<br \/>\n- Bekleding van roestvaststalen staafsteunen<br \/>\n- Toegangspoort opgenomen in PRM-sectie<br \/>\n- De gewijzigde elementen schilderen<br \/>\n<strong>Afmetingen buitenkant:<\/strong>\u00a06,05m X 2,43m X 2,59m<br \/>\n<strong>Gewicht:<\/strong>\u00a02350 kg<br \/>\n<strong>Volume:<\/strong>\u00a033 m3<br \/>\n<strong>Oppervlak:\u00a0<\/strong>15 m2<br \/>\n<strong>Max. belasting<\/strong>\u00a028.000 kg<\/p>","protected":false},"excerpt":{"rendered":"<p>Mat\u00e9riel:\u00a0Container Snack-BOX Mod\u00e8le:\u00a020\u2032 ft DRY Transform\u00e9 Etat:\u00a0EX 1er voyage Ann\u00e9e:\u00a02017 Couleur:\u00a09010 (blanc) R\u00e9f\u00e9rence:\u00a0FAMU202168-5 Options incluses:\u00a0Protection cadenas + Am\u00e9nagement + rev\u00eatement de sol en t\u00f4le larm\u00e9e aluminium D\u00e9tails de l\u2019am\u00e9nagement: \u2013 5 Vantaux relevables 2.50m x 1.10m \u2013 \u00c9l\u00e9vation ext: 1.10m int: 0.90m \u2013 Verrouillage des vantaux depuis l\u2019int\u00e9rieur \u2013 4 V\u00e9rins r\u00e9glables (en compression n\u00e9gative) [&hellip;]<\/p>","protected":false},"featured_media":27996,"comment_status":"open","ping_status":"closed","template":"","meta":{"_monsterinsights_skip_tracking":false,"_monsterinsights_sitenote_active":false,"_monsterinsights_sitenote_note":"","_monsterinsights_sitenote_category":0},"product_cat":[15,101],"product_tag":[],"aioseo_notices":[],"_links":{"self":[{"href":"https:\/\/alex-elec.eu\/nl\/wp-json\/wp\/v2\/product\/27995"}],"collection":[{"href":"https:\/\/alex-elec.eu\/nl\/wp-json\/wp\/v2\/product"}],"about":[{"href":"https:\/\/alex-elec.eu\/nl\/wp-json\/wp\/v2\/types\/product"}],"replies":[{"embeddable":true,"href":"https:\/\/alex-elec.eu\/nl\/wp-json\/wp\/v2\/comments?post=27995"}],"wp:featuredmedia":[{"embeddable":true,"href":"https:\/\/alex-elec.eu\/nl\/wp-json\/wp\/v2\/media\/27996"}],"wp:attachment":[{"href":"https:\/\/alex-elec.eu\/nl\/wp-json\/wp\/v2\/media?parent=27995"}],"wp:term":[{"taxonomy":"product_cat","embeddable":true,"href":"https:\/\/alex-elec.eu\/nl\/wp-json\/wp\/v2\/product_cat?post=27995"},{"taxonomy":"product_tag","embeddable":true,"href":"https:\/\/alex-elec.eu\/nl\/wp-json\/wp\/v2\/product_tag?post=27995"}],"curies":[{"name":"wp","href":"https:\/\/api.w.org\/{rel}","templated":true}]}}