{"id":27935,"date":"2023-09-21T17:08:36","date_gmt":"2023-09-21T17:08:36","guid":{"rendered":"https:\/\/alex-elec.eu\/?post_type=product&#038;p=27935"},"modified":"2023-09-21T17:08:37","modified_gmt":"2023-09-21T17:08:37","slug":"conteneur-40-pieds-double-portes-neuf","status":"publish","type":"product","link":"https:\/\/alex-elec.eu\/nl\/product\/conteneur-40-pieds-double-portes-neuf\/","title":{"rendered":"40ft Double Door Container Nieuw"},"content":{"rendered":"<p>Le\u00a0<strong>conteneur 40 pieds double portes<\/strong>\u00a0est id\u00e9al pour le chargement et le d\u00e9chargement des marchandises en FIFO (First In \/ First Out).Ce conteneur poss\u00e8de une double porte \u00e0 chacune des deux extr\u00e9mit\u00e9s qui s\u2019ouvre vers l\u2019ext\u00e9rieur.<\/p>\n<p>&nbsp;<\/p>\n<p>&nbsp;<\/p>\n<p>Technische specificaties.<\/p>\n<p>Binnenmaten:<\/p>\n<p>&#8211; Longueur : 11 578 mm<br \/>\n&#8211; Largeur :\u00a0 \u00a0 \u00a02 350 mm<br \/>\n&#8211; Hauteur :\u00a0 \u00a0 \u00a02 398 mm<\/p>\n<p>Afmetingen buitenkant:<\/p>\n<p>&#8211; Longueur : 12 192 mm<br \/>\n&#8211; Largeur :\u00a0 \u00a0 \u00a02 438 mm<br \/>\n&#8211; Hauteur :\u00a0 \u00a0 \u00a02 591 mm<\/p>\n<p>Afmetingen deur:<\/p>\n<p>- Breedte: 2 340 mm<br \/>\n&#8211; Hauteur : 2 280 mm<\/p>\n<p>Structuur: Volledig gelast CORTEN<\/p>\n<p>Plancher : Contre plaqu\u00e9 Marine 28 mm.<\/p>\n<p>Fermeture r\u00e9sistantes par 4 cr\u00e9mones verticales sur chaque porte.<\/p>\n<p>Deuren gaan open tot 270\u00b0.<\/p>\n<p>Meer informatie:<\/p>\n<p>-Charge max : 26 630 kg<\/p>\n<p>-Poids max : 30 480 kg<\/p>\n<p>-Poids vide :\u00a0 3 900 kg<\/p>\n<p>&nbsp;<\/p>\n<p><strong>Avantages<\/strong><\/p>\n<p>&#8211; Double porte \u00e0 chaque extr\u00e9mit\u00e9<\/p>\n<p>- Veilig en waterdicht<\/p>\n<p>&#8211; Chargement facile en tunnel<\/p>\n<p>&#8211; Optimis\u00e9 stockage FIFO<\/p>\n<p>- Eenvoudige, onbeperkte installatie<\/p>\n<p>&#8211; Structure autoportante<\/p>\n<p>- Conformiteit met ISO type 42G1 - ISO groep 42GP<\/p>\n<p>&nbsp;<\/p>\n<p><strong>\u00a0L\u2019 avis de l&rsquo;expert<\/strong><\/p>\n<p>Ce conteneur poss\u00e8de une double porte \u00e0 chacune des deux extr\u00e9mit\u00e9s qui s\u2019ouvre vers l\u2019ext\u00e9rieur.\u00a0 Il peut \u00eatre utilis\u00e9 comme un tunnel (tunnel-tainer), une passerelle entre deux bases-vie ou un acc\u00e8s ext\u00e9rieur \u00e0 un b\u00e2timent (couloir d\u2019acc\u00e8s). Il facilite la manipulation et le d\u00e9chargement de vos mat\u00e9riels et engins de chantier.<\/p>\n<p>Gagnez 30 cm de hauteur et 10 % de volume en prenant un mod\u00e8le 40 pieds high cube (40 HC DD).Tous nos containers r\u00e9pondent \u00e0 la norme CSC (Container Safety Certificat \u2013 CSC plate), certifiant et garantissant un contr\u00f4le de l\u2019\u00e9tanch\u00e9it\u00e9.<\/p>","protected":false},"excerpt":{"rendered":"<p>Le\u00a0conteneur 40 pieds double portes\u00a0est id\u00e9al pour le chargement et le d\u00e9chargement des marchandises en FIFO (First In \/ First Out).Ce conteneur poss\u00e8de une double porte \u00e0 chacune des deux extr\u00e9mit\u00e9s qui s\u2019ouvre vers l\u2019ext\u00e9rieur. &nbsp; &nbsp; Caract\u00e9ristiques techniques. Dimensions int\u00e9rieures: &#8211; Longueur : 11 578 mm &#8211; Largeur :\u00a0 \u00a0 \u00a02 350 mm &#8211; [&hellip;]<\/p>","protected":false},"featured_media":27936,"comment_status":"open","ping_status":"closed","template":"","meta":{"_monsterinsights_skip_tracking":false,"_monsterinsights_sitenote_active":false,"_monsterinsights_sitenote_note":"","_monsterinsights_sitenote_category":0},"product_cat":[15,102],"product_tag":[],"aioseo_notices":[],"_links":{"self":[{"href":"https:\/\/alex-elec.eu\/nl\/wp-json\/wp\/v2\/product\/27935"}],"collection":[{"href":"https:\/\/alex-elec.eu\/nl\/wp-json\/wp\/v2\/product"}],"about":[{"href":"https:\/\/alex-elec.eu\/nl\/wp-json\/wp\/v2\/types\/product"}],"replies":[{"embeddable":true,"href":"https:\/\/alex-elec.eu\/nl\/wp-json\/wp\/v2\/comments?post=27935"}],"wp:featuredmedia":[{"embeddable":true,"href":"https:\/\/alex-elec.eu\/nl\/wp-json\/wp\/v2\/media\/27936"}],"wp:attachment":[{"href":"https:\/\/alex-elec.eu\/nl\/wp-json\/wp\/v2\/media?parent=27935"}],"wp:term":[{"taxonomy":"product_cat","embeddable":true,"href":"https:\/\/alex-elec.eu\/nl\/wp-json\/wp\/v2\/product_cat?post=27935"},{"taxonomy":"product_tag","embeddable":true,"href":"https:\/\/alex-elec.eu\/nl\/wp-json\/wp\/v2\/product_tag?post=27935"}],"curies":[{"name":"wp","href":"https:\/\/api.w.org\/{rel}","templated":true}]}}