{"id":27893,"date":"2023-09-21T12:24:50","date_gmt":"2023-09-21T12:24:50","guid":{"rendered":"https:\/\/alex-elec.eu\/?post_type=product&#038;p=27893"},"modified":"2023-09-21T12:24:50","modified_gmt":"2023-09-21T12:24:50","slug":"container-flat-40-neuf","status":"publish","type":"product","link":"https:\/\/alex-elec.eu\/nl\/product\/container-flat-40-neuf\/","title":{"rendered":"Container Flat 40 Nieuw"},"content":{"rendered":"<p><strong>Les Containers flat 40 pieds<\/strong>\u00a0existent avec des parois d&rsquo;extr\u00e9mit\u00e9 fixes ou rabattables. Ils sont utilis\u00e9s pour empoter des cargaisons lourdes.<\/p>\n<p>Les conteneurs sont minutieusement contr\u00f4l\u00e9s avant la livraison et qu&rsquo;ils ont un CSC-date valide, ce qui garantit la qualit\u00e9 et la s\u00e9curit\u00e9 des normes internationales;<\/p>\n<p>Les conteneurs peuvent \u00eatre exp\u00e9di\u00e9s dans le monde entier.<\/p>\n<p>&nbsp;<\/p>\n<p>&nbsp;<\/p>\n<p>Technische specificaties.<\/p>\n<p>Binnenmaten:<\/p>\n<p>&#8211; Longueur : 11 650 mm<br \/>\n&#8211; Largeur :\u00a0 \u00a0 \u00a02 350 mm<br \/>\n&#8211; Hauteur :\u00a0 \u00a0 \u00a01 960 mm<\/p>\n<p>Afmetingen buitenkant:<\/p>\n<p>&#8211; Longueur : 12 192 mm<br \/>\n&#8211; Largeur :\u00a0 \u00a0 \u00a02 438 mm<br \/>\n&#8211; Hauteur :\u00a0 \u00a0 \u00a02 591 mm<\/p>\n<p>Meer informatie:<\/p>\n<p>-Capacit\u00e9 de chargement : 44 650 kg<\/p>\n<p>&nbsp;<\/p>\n<p>Voordelen :<\/p>\n<p>&#8211; D\u00e9di\u00e9 aux mat\u00e9riels hors gabarit standard<\/p>\n<p>&#8211; Charges lourdes jusqu\u2019\u00e0 50 tonnes<br \/>\n&#8211; Fait pour l\u2019import-export<br \/>\n&#8211; Solution multimodale<br \/>\n&#8211; Transport facile et sans limite<br \/>\n&nbsp;<\/p>\n<p>De mening van de deskundige :<\/p>\n<p>Le container maritime 40 Flat est utilis\u00e9 pour le chargement de marchandises encombrantes telles que des v\u00e9hicules, des grumes de bois, engins agricoles, machinerie lourde, engins miniers, cuve de stockage, couronne de tuyauterie, tourets de c\u00e2bles, bobines d\u2019acier, etc.<\/p>\n<p>D\u00e9passant la largeur, la hauteur standard et non-sensible aux intemp\u00e9ries, le container flat est fait pour vous !<\/p>\n<p>Le container Flat existe sous 3 formes :<\/p>\n<p>Le container 40 pieds Flat platform : Plateformes simple avec un passage de fourches pour manipuler le container.<\/p>\n<p>Le container 40 pieds Flat Fix Hands : Plateformes avec 4 poteaux ou deux parois fixes avec des coins iso.<\/p>\n<p>Le container 40\u00a0 pieds Flat Rack Collapsible : Plateformes avec 2 parois amovibles et encastrables. C\u2019est une solution id\u00e9ale pour stocker un grand nombre de containers flat sur un espace restreint.<\/p>\n<p>Il est particuli\u00e8rement r\u00e9sistant car l\u2019int\u00e9gralit\u00e9 de sa structure est en acier Corten. Il ne dispose d\u2019aucune paroi, hors sur les c\u00f4t\u00e9s sur certains produits. Le plancher est constitu\u00e9 en t\u00f4le larm\u00e9e ou en bois renforc\u00e9..<\/p>\n<p>C\u2019est une solution multimodale, route, rail, barge, et maritime. Il peut \u00eatre transport\u00e9 et livr\u00e9 par diff\u00e9rents moyens.<\/p>","protected":false},"excerpt":{"rendered":"<p>Les Containers flat 40 pieds\u00a0existent avec des parois d&rsquo;extr\u00e9mit\u00e9 fixes ou rabattables. Ils sont utilis\u00e9s pour empoter des cargaisons lourdes. Les conteneurs sont minutieusement contr\u00f4l\u00e9s avant la livraison et qu&rsquo;ils ont un CSC-date valide, ce qui garantit la qualit\u00e9 et la s\u00e9curit\u00e9 des normes internationales; Les conteneurs peuvent \u00eatre exp\u00e9di\u00e9s dans le monde entier. &nbsp; [&hellip;]<\/p>","protected":false},"featured_media":27894,"comment_status":"open","ping_status":"closed","template":"","meta":{"_monsterinsights_skip_tracking":false,"_monsterinsights_sitenote_active":false,"_monsterinsights_sitenote_note":"","_monsterinsights_sitenote_category":0},"product_cat":[15,102],"product_tag":[],"aioseo_notices":[],"_links":{"self":[{"href":"https:\/\/alex-elec.eu\/nl\/wp-json\/wp\/v2\/product\/27893"}],"collection":[{"href":"https:\/\/alex-elec.eu\/nl\/wp-json\/wp\/v2\/product"}],"about":[{"href":"https:\/\/alex-elec.eu\/nl\/wp-json\/wp\/v2\/types\/product"}],"replies":[{"embeddable":true,"href":"https:\/\/alex-elec.eu\/nl\/wp-json\/wp\/v2\/comments?post=27893"}],"wp:featuredmedia":[{"embeddable":true,"href":"https:\/\/alex-elec.eu\/nl\/wp-json\/wp\/v2\/media\/27894"}],"wp:attachment":[{"href":"https:\/\/alex-elec.eu\/nl\/wp-json\/wp\/v2\/media?parent=27893"}],"wp:term":[{"taxonomy":"product_cat","embeddable":true,"href":"https:\/\/alex-elec.eu\/nl\/wp-json\/wp\/v2\/product_cat?post=27893"},{"taxonomy":"product_tag","embeddable":true,"href":"https:\/\/alex-elec.eu\/nl\/wp-json\/wp\/v2\/product_tag?post=27893"}],"curies":[{"name":"wp","href":"https:\/\/api.w.org\/{rel}","templated":true}]}}