{"id":27857,"date":"2023-09-21T08:44:11","date_gmt":"2023-09-21T08:44:11","guid":{"rendered":"https:\/\/alex-elec.eu\/?post_type=product&#038;p=27857"},"modified":"2023-09-21T08:44:11","modified_gmt":"2023-09-21T08:44:11","slug":"conteneur-dexpedition-de-30-pi-x-8-pi-1er-voyage-reduit","status":"publish","type":"product","link":"https:\/\/alex-elec.eu\/nl\/product\/conteneur-dexpedition-de-30-pi-x-8-pi-1er-voyage-reduit\/","title":{"rendered":"30' X 8' zeecontainer (1e reis) - Afgeprijsd"},"content":{"rendered":"<p>PRODUCTGEGEVENS<\/p>\n<p>Conteneurs maritimes de 30 pieds \u00e0 vendre en ligne ou contactez notre \u00e9quipe de vente de conteneurs sp\u00e9cialis\u00e9s.<\/p>\n<p>Il s\u2019agit d\u2019un nouveau conteneur (un voyage) qui a \u00e9t\u00e9 r\u00e9duit \u00e0 30 pieds. C\u2019est un excellent conteneur de stockage pour les endroits qui ne peuvent pas prendre un conteneur complet de 40 pieds.<\/p>\n<p>CARACT\u00c9RISTIQUES DU CONTENEUR D\u2019EXP\u00c9DITION COUP\u00c9 DE 30 PIEDS<\/p>\n<ul>\n<li>Construction m\u00e9tallique<\/li>\n<li>Couper le nouveau conteneur d\u2019exp\u00e9dition (un voyage)<\/li>\n<li>Ex-compagnies maritimes<\/li>\n<li>Couper selon les exigences de taille et de longueur exacte<\/li>\n<li>Portes doubles<\/li>\n<li>Panneaux arri\u00e8re et poteaux d\u2019angle fabriqu\u00e9s<\/li>\n<li>Pr\u00e9par\u00e9 et re-pulv\u00e9ris\u00e9 \u00e0 l\u2019int\u00e9rieur et \u00e0 l\u2019ext\u00e9rieur<\/li>\n<li>Coffre-fort ajust\u00e9<\/li>\n<\/ul>\n<p>INFORMATIONS IMPORTANTES<\/p>\n<p>Ce conteneur de 30 pieds ne peut pas \u00eatre utilis\u00e9 pour l\u2019exp\u00e9dition.<\/p>\n<p>&nbsp;<\/p>\n<p>PRODUCTSPECIFICATIES<\/p>\n<table>\n<tbody>\n<tr>\n<th>Uitwendige lengte (m)<\/th>\n<td>9.12<\/td>\n<\/tr>\n<tr>\n<th>Buitenbreedte (m)<\/th>\n<td>2.44<\/td>\n<\/tr>\n<tr>\n<th>Externe hoogte (m)<\/th>\n<td>2.59<\/td>\n<\/tr>\n<tr>\n<th>Inwendige lengte (m)<\/th>\n<td>9.00<\/td>\n<\/tr>\n<tr>\n<th>Inwendige breedte (m)<\/th>\n<td>2.35<\/td>\n<\/tr>\n<tr>\n<th>Inwendige hoogte (m)<\/th>\n<td>2.39<\/td>\n<\/tr>\n<tr>\n<th>Deurbreedte (m)<\/th>\n<td>2.34<\/td>\n<\/tr>\n<tr>\n<th>Hoogte deur (m)<\/th>\n<td>2.28<\/td>\n<\/tr>\n<tr>\n<th>Gewicht (kg)<\/th>\n<td>3190<\/td>\n<\/tr>\n<tr>\n<th>Type vloer<\/th>\n<td>28 mm zeevouw<\/td>\n<\/tr>\n<\/tbody>\n<\/table>","protected":false},"excerpt":{"rendered":"<p>D\u00c9TAILS DU PRODUIT Conteneurs maritimes de 30 pieds \u00e0 vendre en ligne ou contactez notre \u00e9quipe de vente de conteneurs sp\u00e9cialis\u00e9s. Il s\u2019agit d\u2019un nouveau conteneur (un voyage) qui a \u00e9t\u00e9 r\u00e9duit \u00e0 30 pieds. C\u2019est un excellent conteneur de stockage pour les endroits qui ne peuvent pas prendre un conteneur complet de 40 pieds. [&hellip;]<\/p>","protected":false},"featured_media":27858,"comment_status":"open","ping_status":"closed","template":"","meta":{"_monsterinsights_skip_tracking":false,"_monsterinsights_sitenote_active":false,"_monsterinsights_sitenote_note":"","_monsterinsights_sitenote_category":0},"product_cat":[15,102],"product_tag":[],"aioseo_notices":[],"_links":{"self":[{"href":"https:\/\/alex-elec.eu\/nl\/wp-json\/wp\/v2\/product\/27857"}],"collection":[{"href":"https:\/\/alex-elec.eu\/nl\/wp-json\/wp\/v2\/product"}],"about":[{"href":"https:\/\/alex-elec.eu\/nl\/wp-json\/wp\/v2\/types\/product"}],"replies":[{"embeddable":true,"href":"https:\/\/alex-elec.eu\/nl\/wp-json\/wp\/v2\/comments?post=27857"}],"wp:featuredmedia":[{"embeddable":true,"href":"https:\/\/alex-elec.eu\/nl\/wp-json\/wp\/v2\/media\/27858"}],"wp:attachment":[{"href":"https:\/\/alex-elec.eu\/nl\/wp-json\/wp\/v2\/media?parent=27857"}],"wp:term":[{"taxonomy":"product_cat","embeddable":true,"href":"https:\/\/alex-elec.eu\/nl\/wp-json\/wp\/v2\/product_cat?post=27857"},{"taxonomy":"product_tag","embeddable":true,"href":"https:\/\/alex-elec.eu\/nl\/wp-json\/wp\/v2\/product_tag?post=27857"}],"curies":[{"name":"wp","href":"https:\/\/api.w.org\/{rel}","templated":true}]}}