{"id":27753,"date":"2023-09-21T06:59:14","date_gmt":"2023-09-21T06:59:14","guid":{"rendered":"https:\/\/alex-elec.eu\/?post_type=product&#038;p=27753"},"modified":"2023-09-21T06:59:14","modified_gmt":"2023-09-21T06:59:14","slug":"container-bar-pliable-xl-4-x-2-metres-vert-ral-6005","status":"publish","type":"product","link":"https:\/\/alex-elec.eu\/nl\/product\/container-bar-pliable-xl-4-x-2-metres-vert-ral-6005\/","title":{"rendered":"XL opvouwbare bar container 4 x 2 meter Groen RAL 6005"},"content":{"rendered":"<p><main id=\"PAGES_CONTAINER\" class=\"PAGES_CONTAINER\" tabindex=\"-1\" data-main-content=\"true\"><\/p>\n<div id=\"SITE_PAGES\" class=\"JshATs SITE_PAGES\" data-page-transition=\"OutIn\">\n<div id=\"SITE_PAGES_TRANSITION_GROUP\" class=\"fcNEqv\">\n<div id=\"w8x9h\" class=\"dBAkHi w8x9h\">\n<div class=\"HT5ybB\">\n<div id=\"Containerw8x9h\" class=\"Containerw8x9h SPY_vo\">\n<div class=\"\" data-mesh-id=\"Containerw8x9hinlineContent\" data-testid=\"inline-content\">\n<div data-mesh-id=\"Containerw8x9hinlineContent-gridContainer\" data-testid=\"mesh-container-content\">\n<section id=\"comp-larmcurw\" class=\"Oqnisf comp-larmcurw wixui-section\" tabindex=\"-1\">\n<div class=\"\" data-mesh-id=\"comp-larmcurwinlineContent\" data-testid=\"inline-content\">\n<div data-mesh-id=\"comp-larmcurwinlineContent-gridContainer\" data-testid=\"mesh-container-content\">\n<div id=\"TPAMultiSection_larb4wbk\" class=\"TWFxr5\">\n<div class=\"TPAMultiSection_larb4wbk\">\n<div class=\"_1TImB layout__classic isDesktop\" data-hook=\"product-page\" data-layout-name=\"classic\">\n<article class=\"_30ZY-\">\n<div class=\"_12vNY\">\n<section class=\"_2h_HC\">\n<div class=\"_1FTz3 fggS- cell\">\n<section class=\"_2RbVQ\" data-hook=\"description-wrapper\">\n<div class=\"_3nbVj\">\n<div class=\"_3cRjW\" data-hook=\"content-wrapper\">\n<p>Demonteerbare, zelfbouw containerbar<br \/>\nExterne afmetingen (LxBxH): 3882 x 2290 x 2240 mm<br \/>\nBinnenafmetingen (LxBxH): 3802 x 2210 x 2100 mm<br \/>\nAfmetingen deur: (BxH): 1750 x 2050 mm<br \/>\nVerkrijgbaar in alle RAL-kleuren.<br \/>\nHet dak van de container is aan beide zijden beveiligd met twee cilindersloten.<br \/>\nVolledig zelfdragende constructie, inclusief de vloer.<\/p>\n<p>&nbsp;<\/p>\n<p>Containerbar te koop ontworpen voor grotere ambities!<\/p>\n<p>We hebben containers te koop in alle soorten en maten, inclusief extra grote containers! Deze XL container heeft alle kenmerken van zijn broer (een 4\u00d72 meter bar container), maar met extra ruimte in de lengte en breedte voor het gemak van de klant. Een eenvoudige maar solide barcontainer! Hij heeft alle kenmerken van de andere containers en nog veel meer.<\/p>\n<p><em>\"Wat is een betere manier om een leuke avond uit te hebben dan in je eigen bar?\"<\/em><\/p>\n<p>Kenmerken van de XL 4\u00d72 meter afneembare container:<\/p>\n<p>De barcontainer meet 4 meter en is 2,3 meter hoog. Hij heeft een opklapbare luifel en dubbele deuren, aan de lange of korte kant. De afmetingen zijn vergelijkbaar met die van de afneembare 16-voet container, maar de breedte en lengte zijn een halve meter langer.<\/p>\n<p>De luifel op deze container is zeer sterk en bevat een hydraulisch systeem. Dankzij dit systeem kan het dekzeil veilig omhoog en dicht worden gedaan, zodat de container veilig kan worden achtergelaten met al het gereedschap erin.<\/p>\n<p>Bovendien kunnen volumineuze voorwerpen zoals biervaten, diepvriezers, tafels enzovoort in de dubbele deuren van de container worden geplaatst. Het is de ideale manier om bezoekers of vrienden drankjes of snacks aan te bieden.<\/p>\n<p>Voordelen van een opvouwbare containerstang<\/p>\n<p>Een containerbar biedt je voordelen zoals een ideale plek om te entertainen of je bedrijf te ontwikkelen. Als familieleden bij je komen logeren, kun je de XL container gebruiken om hun aandacht te trekken en een meer comfortabele en innovatieve omgeving te cre\u00ebren.Andere voordelen van dit product zijn als volgt:<\/p>\n<ul>\n<li>Duurzaamheid: we hebben containers te koop tegen de beste prijzen op de markt zonder in te leveren op kwaliteit. Dit maakt de container ideaal voor verschillende toepassingen. Onze modules zijn gemaakt van het beste staal, dat zeer duurzaam is.<\/li>\n<li>Aanpasbaarheid: onze XL container is zo ontworpen dat hij gemakkelijk kan worden gedemonteerd als u hem moet vervoeren, of als u hem niet wilt demonteren, kunt u hem verplaatsen met een vorkheftruck. Dit komt door de heftruckgaten aan de onderkant. Je hoeft geen kranen te gebruiken, dus de XL container is veelzijdig.<\/li>\n<\/ul>\n<p>De XL container kan ook gecombineerd worden!<\/p>\n<p>Als je grote containers te koop hebt, moet je ze ook alle flexibiliteit en veelzijdigheid geven die andere containers hebben. Opbergkits, verbindingskits en diefstalverzekering zijn volledig compatibel met dit product.<\/p>\n<\/div>\n<\/div>\n<\/section>\n<\/div>\n<\/section>\n<section class=\"_2h_HC\">\n<div class=\"fggS- cell\">\n<h1 class=\"_2qrJF\" data-hook=\"product-title\">XL opvouwbare bar container 4 x 2 meter Groen RAL 6005<\/h1>\n<\/div>\n<div class=\"_3pyQl fggS- cell\">\n<div id=\"TPAMultiSection_larb4wbk.product-page-details-slot-1\" class=\"\" data-hook=\"slot-placeholder-TPAMultiSection_larb4wbk.product-page-details-slot-1\"><\/div>\n<\/div>\n<div class=\"_3v07J fggS- cell\">\n<div class=\"_1rwRc\" data-hook=\"sku\">SKU: CB87944020<\/div>\n<\/div>\n<div class=\"fggS- cell\">\n<div data-hook=\"details-placeholder\"><\/div>\n<\/div>\n<div class=\"_3bNb3 fggS- cell\">\n<div class=\"_2dNDU\" data-hook=\"product-prices-wrapper\">\n<div class=\"_2POY8\" data-hook=\"product-price\">\n<div class=\"_26qxh\"><span class=\"_19Hjy\" data-hook=\"formatted-secondary-price\" data-wix-original-price=\"\u20ac 2.999,00\"> \u20ac 2.999,00 <\/span><span class=\"sr-only\" data-hook=\"sr-formatted-secondary-price\">Oorspronkelijke prijs<\/span><\/div>\n<div class=\"_26qxh\"><span data-hook=\"formatted-primary-price\" data-wix-price=\"\u20ac 2.099,30\">\u20ac 2.099,30<\/span><span class=\"sr-only\" data-hook=\"sr-formatted-primary-price\">Promotieprijs<\/span><\/div>\n<\/div>\n<\/div>\n<\/div>\n<div class=\"fggS- cell\">\n<div class=\"d_6Yy\" data-hook=\"product-payment-breakdown\">\n<div data-hook=\"payment-methods-banner\"><\/div>\n<\/div>\n<\/div>\n<div class=\"fggS- cell\">\n<div class=\"_1xqPF\" data-hook=\"product-options\">\n<div data-hook=\"product-options-inputs\">\n<div class=\"fggS- cell\">\n<section class=\"_1W4ND\" data-hook=\"product-colors-title-section\" aria-labelledby=\"product-colors-title-1\">\n<div id=\"product-colors-title-1\" class=\"_1R_01\" data-hook=\"product-colors-title\">Kleur: Groen<\/div>\n<div class=\"CorePopover4063288344__root CoreTooltip383425514__root Tooltip2316028497__root Tooltip2316028497---skin-5-error\" data-content-hook=\"popover-content-error-tooltip-undefined\" data-hook=\"error-tooltip\">\n<div class=\"CorePopover4063288344__popoverElement\" data-hook=\"popover-element\">\n<div class=\"rwCDH\">\n<div class=\"ErrorMessageWrapper2702133723__root ColorPickerbase1985614943__root ColorPicker1824035473__root ColorOption2205205031__colorOption\" data-hook=\"product-options-color\">\n<fieldset class=\"ColorPickerbase1985614943__container\">\n<div class=\"ColorPickerbase1985614943__wrapper\">\n<div class=\"CoreRadioButton3453777138__root CoreRadioButton3453777138--checked ColorPickerItem3084768627__root ColorPickerItem3084768627--checked ColorPickerbase1985614943__item\" data-disabled=\"false\" data-checked=\"true\" data-focused=\"false\" data-focus-visible=\"false\" aria-checked=\"true\" data-crossed=\"false\" data-color-picker-item-checked=\"true\" data-hook=\"color-picker-item\" data-tooltip-hook=\"color-picker-item-tooltip\"><input class=\"CoreRadioButton3453777138__hiddenRadio\" checked=\"checked\" name=\"ColorPicker_group_z20xhh0g9\" type=\"radio\" value=\"#1d961d\" data-hook=\"hidden-radio\" aria-label=\"Groen\" \/><\/p>\n<div class=\"CorePopover4063288344__root CoreTooltip383425514__root Tooltip2316028497__root Tooltip2316028497---skin-8-standard\" data-content-hook=\"popover-content-color-picker-item-tooltip-undefined\" data-hook=\"color-picker-item-tooltip\">\n<div class=\"CorePopover4063288344__popoverElement\" data-hook=\"popover-element\">\n<div class=\"ColorPickerItem3084768627__radioOuter\">\n<div class=\"ColorPickerItem3084768627__radioInner\"><\/div>\n<\/div>\n<\/div>\n<\/div>\n<\/div>\n<\/div>\n<\/fieldset>\n<\/div>\n<\/div>\n<\/div>\n<\/div>\n<\/section>\n<\/div>\n<div class=\"_1ZOt- fggS- cell\">\n<div>\n<div>\n<div class=\"CorePopover4063288344__root CoreTooltip383425514__root Tooltip2316028497__root Tooltip2316028497---skin-5-error\" data-content-hook=\"popover-content-error-tooltip-undefined\" data-hook=\"error-tooltip\">\n<div class=\"CorePopover4063288344__popoverElement\" data-hook=\"popover-element\">\n<div><label><label><span class=\"_3N3nl\" data-hook=\"number-input-spinner-title\">Hoeveelheid<\/span><\/label><\/label><\/p>\n<div class=\"_2uERl\" data-hook=\"number-input-spinner-container\"><input max=\"99999\" min=\"1\" pattern=\"[0-9]*\" type=\"number\" value=\"1\" data-hook=\"number-input-spinner-input\" aria-label=\"Hoeveelheid\" \/><\/p>\n<div class=\"bKBvP\" data-hook=\"number-input-spinner-arrows-container\" aria-hidden=\"true\"><\/div>\n<\/div>\n<\/div>\n<\/div>\n<\/div>\n<\/div>\n<\/div>\n<\/div>\n<\/div>\n<\/div>\n<div class=\"_3j0qu fggS- cell\"><button class=\"CoreButtonNext960945004__root Focusable3808956756__root Button1804562635__root Button1804562635--fullWidth StatesButton1147620696__root AddToCartButton3061789056__addToCartButton\" tabindex=\"0\" type=\"button\" data-fullwidth=\"true\" data-mobile=\"false\" data-hook=\"add-to-cart\" aria-live=\"assertive\" aria-disabled=\"false\"><span class=\"CoreButtonNext960945004__content\">In winkelmand<\/span><\/button><\/div>\n<\/div>\n<div class=\"_3EQWi fggS- cell\">\n<div dir=\"ltr\"><\/div>\n<\/div>\n<div class=\"_2lJ_V fggS- cell\">\n<div class=\"_1cpNm\" data-hook=\"social-sharing\"><\/div>\n<\/div>\n<\/section>\n<\/div>\n<div class=\"fggS- cell\">\n<div id=\"TPAMultiSection_larb4wbk.product-page-bottom-slot\" class=\"\" data-hook=\"slot-placeholder-TPAMultiSection_larb4wbk.product-page-bottom-slot\"><\/div>\n<div data-hook=\"bottom-placeholder\"><\/div>\n<\/div>\n<\/article>\n<\/div>\n<\/div>\n<\/div>\n<\/div>\n<\/div>\n<\/section>\n<\/div>\n<\/div>\n<\/div>\n<\/div>\n<\/div>\n<\/div>\n<\/div>\n<p><\/main><\/p>\n<div id=\"soapAfterPagesContainer\" class=\"page-without-sosp page-without-sosp\">\n<div class=\"\" data-mesh-id=\"soapAfterPagesContainerinlineContent\" data-testid=\"inline-content\">\n<div data-mesh-id=\"soapAfterPagesContainerinlineContent-gridContainer\" data-testid=\"mesh-container-content\"><\/div>\n<\/div>\n<\/div>\n<footer id=\"SITE_FOOTER_WRAPPER\" class=\"SITE_FOOTER_WRAPPER\" tabindex=\"-1\">\n<div id=\"pinnedBottomRight\" class=\"pinnedBottomRight\">\n<div id=\"comp-larb52fs-pinned-layer\" class=\"comp-larb52fs-pinned-layer big2ZD\"><\/div>\n<\/div>\n<\/footer>","protected":false},"excerpt":{"rendered":"<p>Container bar d\u00e9montable et auto-construit Dimensions ext\u00e9rieures (LxlxH) : 3882 x 2290 x 2240 mm Dimensions int\u00e9rieures (LxlxH) : 3802 x 2210 x 2100 mm Dimensions de la porte : (LxH) : 1750 x 2050 mm Disponible dans toutes les couleurs RAL. Le toit du conteneur est s\u00e9curis\u00e9 des deux c\u00f4t\u00e9s par deux serrures \u00e0 [&hellip;]<\/p>","protected":false},"featured_media":27754,"comment_status":"open","ping_status":"closed","template":"","meta":{"_monsterinsights_skip_tracking":false,"_monsterinsights_sitenote_active":false,"_monsterinsights_sitenote_note":"","_monsterinsights_sitenote_category":0},"product_cat":[15,99],"product_tag":[],"aioseo_notices":[],"_links":{"self":[{"href":"https:\/\/alex-elec.eu\/nl\/wp-json\/wp\/v2\/product\/27753"}],"collection":[{"href":"https:\/\/alex-elec.eu\/nl\/wp-json\/wp\/v2\/product"}],"about":[{"href":"https:\/\/alex-elec.eu\/nl\/wp-json\/wp\/v2\/types\/product"}],"replies":[{"embeddable":true,"href":"https:\/\/alex-elec.eu\/nl\/wp-json\/wp\/v2\/comments?post=27753"}],"wp:featuredmedia":[{"embeddable":true,"href":"https:\/\/alex-elec.eu\/nl\/wp-json\/wp\/v2\/media\/27754"}],"wp:attachment":[{"href":"https:\/\/alex-elec.eu\/nl\/wp-json\/wp\/v2\/media?parent=27753"}],"wp:term":[{"taxonomy":"product_cat","embeddable":true,"href":"https:\/\/alex-elec.eu\/nl\/wp-json\/wp\/v2\/product_cat?post=27753"},{"taxonomy":"product_tag","embeddable":true,"href":"https:\/\/alex-elec.eu\/nl\/wp-json\/wp\/v2\/product_tag?post=27753"}],"curies":[{"name":"wp","href":"https:\/\/api.w.org\/{rel}","templated":true}]}}