{"id":27725,"date":"2023-09-21T06:44:51","date_gmt":"2023-09-21T06:44:51","guid":{"rendered":"https:\/\/alex-elec.eu\/?post_type=product&#038;p=27725"},"modified":"2023-09-21T06:44:51","modified_gmt":"2023-09-21T06:44:51","slug":"bungalow-neuf-poste-de-garde-150-metres","status":"publish","type":"product","link":"https:\/\/alex-elec.eu\/nl\/product\/bungalow-neuf-poste-de-garde-150-metres\/","title":{"rendered":"Nieuwe bungalow Wachthuisje 1,50 meter"},"content":{"rendered":"<p>Le\u00a0<strong>Bungalow Poste de Garde<\/strong>\u00a0est un petit module qui dispose de\u00a0<strong>quatre fa\u00e7ades toutes vitr\u00e9es<\/strong>, permettant une\u00a0<strong>vue \u00e0 360\u00b0<\/strong>\u00a0pour r\u00e9pondre au besoin de mise en place d\u2019une Poste de Garde.<\/p>\n<p>&nbsp;<\/p>\n<div>\n<div>Beschrijving<\/div>\n<div>\n<div>\n<p>Bungalow Poste de Garde Neuf<\/p>\n<p>Notre Bungalow Poste de Garde est un module \u00e9quip\u00e9 pour r\u00e9pondre au besoin de mise en place d\u2019un poste de surveillance sur les chantiers ou dans les lieux s\u00e9curis\u00e9s. Ce module est destin\u00e9 aux entit\u00e9s qui souhaitent disposer d\u2019un module de Poste de Garde avec une vue \u00e0 360\u00b0,\u00a0<strong>dans un d\u00e9lai imbattable et pour un tarif tr\u00e8s comp\u00e9titif<\/strong>, en comparaison avec une solution de construction classique.<br \/>\nIl peut \u00eatre implant\u00e9 d\u00e9finitivement ou d\u00e9plac\u00e9 fr\u00e9quemment. Nous pouvons ajouter une fen\u00eatre guichet avec hygiaphone et passe-documents, ainsi que le passage de fourches dans le soubassement pour manipulation avec un chariot \u00e9l\u00e9vateur.<\/p>\n<p>Notre Bungalow Poste de Garde est un module avec des menuiseries\u00a0blanches : une porte semi-vitr\u00e9e barreaud\u00e9e et trois fen\u00eatres coulissantes barreaud\u00e9es. Il dispose d\u2019un interrupteur et d\u2019un plafonnier LED. Il dispose aussi du plancher renforc\u00e9 en bois-ciment.<\/p>\n<p>De levertijd is\u00a0<strong>maximaal 8 weken vanaf besteldatum<\/strong>\u00a0voor deze module, omdat deze op bestelling wordt gemaakt.<\/p>\n<p>Ce module peut \u00eatre modifi\u00e9 et configur\u00e9 diff\u00e9remment, avec diff\u00e9rentes tailles, selon votre besoin.<\/p>\n<p>Deze module wordt aangeboden in onze \"Standaard\" serie. De standaardreeks komt overeen met ons eerste afwerkingsniveau: standaardstructuur en standaardisolatie.<\/p>\n<p>Il est possible, si besoin, de r\u00e9aliser ce module dans nos s\u00e9ries \u00ab renforc\u00e9 \u00bb ou \u00ab Isoplus \u00bb. Dans ce cas, l\u2019isolation thermique et phonique sera plus performante et la structure sera renforc\u00e9e.<\/p>\n<p><strong>Onze bungalows worden in Frankrijk gebouwd.<\/strong><\/p>\n<p>Descriptif Bungalow Poste de Garde<\/p>\n<p>Le bungalow Poste de Garde est constitu\u00e9 d&rsquo;une ossature en acier galvanis\u00e9 et laqu\u00e9 couleur gris clair RAL 9002.<\/p>\n<p>Het dakprofiel is van lichtgrijs RAL 9002 gelakt gegalvaniseerd staal,\u00a0<strong>dikte 1,5 mm, hoogte 150 mm,<\/strong>\u00a0met 4 hijspunten voor verplaatsing met een kraan.<\/p>\n<p>De basisprofielen zijn gemaakt van gegalvaniseerd staal, gelakt in lichtgrijs RAL 9002,\u00a0<strong>dikte 1,5 mm - hoogte 80 mm.<\/strong><\/p>\n<p>Het dak is gemaakt van sandwichpanelen van hard polyurethaanschuim,\u00a0<strong>30 mm dik,<\/strong>\u00a0Euroclasse Cs3d0. La couverture de toiture est en acier galvanis\u00e9 ondul\u00e9, avec \u00e9vacuation des eaux pluviales sur l&rsquo;arri\u00e8re.<\/p>\n<p>De muren zijn gemaakt van sandwichpanelen van hard polyurethaanschuim,\u00a0<strong>40 mm dik<\/strong>\u00a0(lichtgrijs RAL 9002), Euroklasse Cs3d0.<\/p>\n<p>De vloer is gemaakt van\u00a0<strong>bois-ciment,<\/strong>\u00a0<strong>16 mm dik<\/strong>met een PVC-coating.<\/p>\n<p>Technische specificaties<\/p>\n<p>AFMETINGEN<\/p>\n<ul>\n<li>Externe hoogte: 239 cm<\/li>\n<li>Hoogte interieur: 220 cm<\/li>\n<li>Largeur : 150 cm<\/li>\n<li>Longueur: 150 cm<\/li>\n<\/ul>\n<p>FRAME<\/p>\n<ul>\n<li>Materiaal: Verzinkt en gelakt staal<\/li>\n<li>Kleur: Lichtgrijs RAL 9002<\/li>\n<li>Dikte: 1,5 mm<\/li>\n<li>Voet: hoogte 80 mm<\/li>\n<li>Dak: hoogte 150 mm<\/li>\n<li>Hantering: 4 bussen op het dak voor hijshaken<\/li>\n<\/ul>\n<p>JOINERY<\/p>\n<ul>\n<li>Materiaal: Wit RAL 9010 gelakt aluminium<\/li>\n<li>Porte(s) : 1 porte semi-vitr\u00e9e dim. 94 x 220 cm (90 cm de passage) barreaud\u00e9e, simple vitrage clair<\/li>\n<li>Fen\u00eatre(s) : 3 fen\u00eatres coulissantes dim. 94 x 110 cm barreaud\u00e9es, simple vitrage clair<\/li>\n<\/ul>\n<p>WANDEN EN DAK<\/p>\n<ul>\n<li>Materiaal: sandwichpanelen<\/li>\n<li>Isolatie: Hard polyurethaanschuim<\/li>\n<li>Wanddikte: 40 mm<\/li>\n<li>Dakdikte: 30 mm<\/li>\n<li>Dak: Gegalvaniseerd plaatstaal Griekse golven<\/li>\n<li>Kleur muur: Lichtgrijs RAL 9002<\/li>\n<\/ul>\n<p>VLOER<\/p>\n<ul>\n<li>Structure : panneaux de bois-ciment<\/li>\n<li>Dikte: 16 mm<\/li>\n<li>Bekleding : PVC<\/li>\n<\/ul>\n<p>ELEKTRICITEIT<\/p>\n<ul>\n<li>\u00c9clairage : 1 interrupteurs + 1 plafonnier LED<\/li>\n<li>Paneel: 1 elektrisch paneel inclusief differentieel en stroomonderbrekers<\/li>\n<li>Aansluiting: 1 externe aansluitdoos<\/li>\n<\/ul>\n<p>Mogelijke opties:<\/p>\n<ul>\n<li>4 plaques de fixation au sol<\/li>\n<li>2 prises de courant + 1 convecteur 500 w (emplacement selon votre choix)<\/li>\n<li>Dubbele beglazing<\/li>\n<li>Plafondhoogte 2,40 m, deurhoogte 2,20 m<\/li>\n<li>Choix de couleurs gratuits pour l\u2019ossature : blanc RAL 9010, gris clair RAL 9002 ou gris clair RAL 9002<\/li>\n<li>Andere kleuren zijn verkrijgbaar als optie voor de panelen, het frame of het schrijnwerk.<\/li>\n<li>Vloerisolatie in 50 mm dikke glaswol op gegalvaniseerde stalen beschermplaten<\/li>\n<li>Soubassement renforc\u00e9 avec passage de fourches (entraxe 90cm) pour d\u00e9placement avec chariot \u00e9l\u00e9vateur<\/li>\n<li>Basis op sleden (2 ipe balken van 16 cm)<\/li>\n<li>4 regenpijpen<\/li>\n<li>2300 w UNICO R10 omkeerbare airconditioner<\/li>\n<li>Airconditioner met slechts 12000 BTU koeling<\/li>\n<li>Mobiele airconditioner SHINY 12 Omkeerbaar R290 3.5 KW + raamkit<\/li>\n<li>LED-paneel in plaats van neon<\/li>\n<li>Fen\u00eatre avec guichet et hygiaphone + tablette aluminium<\/li>\n<li>Aluminium of PVC rolluiken, speciale kleuren verkrijgbaar<\/li>\n<li>18 mm dikke fenolhouten vloer in plaats van houtcement, belastbaarheid: 500 kg\/m\u00b2.<\/li>\n<li>PVC vloeren voor zwaar gebruik in plaats van standaard PVC imitatieparket of tegelvloeren<\/li>\n<li>Gladde panelen, voedselpanelen, steenwolpanelen of brandwerende panelen<\/li>\n<li>Verwijderen van tralies voor deuren en ramen = gratis<\/li>\n<li>Extra aansluitingen of RJ45-aansluitingen<\/li>\n<\/ul>\n<\/div>\n<\/div>\n<\/div>","protected":false},"excerpt":{"rendered":"<p>Le\u00a0Bungalow Poste de Garde\u00a0est un petit module qui dispose de\u00a0quatre fa\u00e7ades toutes vitr\u00e9es, permettant une\u00a0vue \u00e0 360\u00b0\u00a0pour r\u00e9pondre au besoin de mise en place d\u2019une Poste de Garde. &nbsp; Description Bungalow Poste de Garde Neuf Notre Bungalow Poste de Garde est un module \u00e9quip\u00e9 pour r\u00e9pondre au besoin de mise en place d\u2019un poste de [&hellip;]<\/p>","protected":false},"featured_media":27726,"comment_status":"open","ping_status":"closed","template":"","meta":{"_monsterinsights_skip_tracking":false,"_monsterinsights_sitenote_active":false,"_monsterinsights_sitenote_note":"","_monsterinsights_sitenote_category":0},"product_cat":[15,99],"product_tag":[],"aioseo_notices":[],"_links":{"self":[{"href":"https:\/\/alex-elec.eu\/nl\/wp-json\/wp\/v2\/product\/27725"}],"collection":[{"href":"https:\/\/alex-elec.eu\/nl\/wp-json\/wp\/v2\/product"}],"about":[{"href":"https:\/\/alex-elec.eu\/nl\/wp-json\/wp\/v2\/types\/product"}],"replies":[{"embeddable":true,"href":"https:\/\/alex-elec.eu\/nl\/wp-json\/wp\/v2\/comments?post=27725"}],"wp:featuredmedia":[{"embeddable":true,"href":"https:\/\/alex-elec.eu\/nl\/wp-json\/wp\/v2\/media\/27726"}],"wp:attachment":[{"href":"https:\/\/alex-elec.eu\/nl\/wp-json\/wp\/v2\/media?parent=27725"}],"wp:term":[{"taxonomy":"product_cat","embeddable":true,"href":"https:\/\/alex-elec.eu\/nl\/wp-json\/wp\/v2\/product_cat?post=27725"},{"taxonomy":"product_tag","embeddable":true,"href":"https:\/\/alex-elec.eu\/nl\/wp-json\/wp\/v2\/product_tag?post=27725"}],"curies":[{"name":"wp","href":"https:\/\/api.w.org\/{rel}","templated":true}]}}