{"id":27713,"date":"2023-09-21T06:37:55","date_gmt":"2023-09-21T06:37:55","guid":{"rendered":"https:\/\/alex-elec.eu\/?post_type=product&#038;p=27713"},"modified":"2023-09-21T06:37:55","modified_gmt":"2023-09-21T06:37:55","slug":"bungalow-neuf-billetterie-3-metres","status":"publish","type":"product","link":"https:\/\/alex-elec.eu\/nl\/product\/bungalow-neuf-billetterie-3-metres\/","title":{"rendered":"Nieuwe bungalow Loket 3 meter"},"content":{"rendered":"<p>Le\u00a0<strong>Bungalow Billetterie<\/strong>\u00a0est un module qui dispose de\u00a0<strong>antracietgrijs schrijnwerk<\/strong>\u00a0: une\u00a0<strong>halfbeglaasde deur<\/strong>\u00a0et une<strong>\u00a0fen\u00eatre coulissante<\/strong>\u00a0avec\u00a0<strong>tablette inox<\/strong>, pour r\u00e9pondre au besoin de mise en place d\u2019une billetterie.<\/p>\n<p>&nbsp;<\/p>\n<div>\n<div>Beschrijving<\/div>\n<div>\n<div>\n<p>Bungalow Billetterie Renforc\u00e9 Neuf<\/p>\n<p>Notre Bungalow Billetterie est un module \u00e9quip\u00e9 pour r\u00e9pondre au besoin de\u00a0<strong>mise en place d\u2019une billetterie<\/strong>. Ce module est destin\u00e9 aux Parcs Naturels, Zoos, Festivals, F\u00eates foraines, Cirques, Parcs d\u2019attraction<strong>,\u00a0<\/strong>qui souhaitent disposer d\u2019un module de billetterie, qui peut \u00eatre implant\u00e9 d\u00e9finitivement ou d\u00e9plac\u00e9 fr\u00e9quemment. Nous pouvons ajouter en option un auvent, des fen\u00eatres ou une fen\u00eatre guichet avec hygiaphone et passe-documents, ainsi que le passage de fourches dans le soubassement pour manipulation avec un chariot \u00e9l\u00e9vateur \u00e9quip\u00e9 de fourches de 250 cm.<\/p>\n<p>Notre Bungalow Billetterie est un module avec des menuiseries en gris anthracite RAL 7016 : une porte semi-vitr\u00e9e non barreaud\u00e9e et une fen\u00eatre coulissante non barreaud\u00e9e , \u00e9quip\u00e9e d\u2019une tablette \u00e0 l\u2019ext\u00e9rieur.<\/p>\n<p>Deze module kan worden aangepast en geconfigureerd volgens uw behoeften.<\/p>\n<p>Deze module maakt deel uit van onze \"\u00a0<strong>Versterkt<\/strong>\u00a0\u00bb. Les bungalows de la s\u00e9rie \u00ab Renforc\u00e9 \u00bb sont des modules qui disposent d\u2019une structure renforc\u00e9e, ainsi que d\u2019une isolation thermique et phonique am\u00e9lior\u00e9e.<\/p>\n<p>Il est possible, si besoin, de r\u00e9aliser ce module dans notre s\u00e9rie \u00ab\u00a0<strong>Isoplus<\/strong>\u00ab\u00a0. Dans ce cas, le module disposera de panneaux de 8 cm d\u2019\u00e9paisseur et d\u2019un isolant sous plancher 8 cm d\u2019\u00e9paisseur.<\/p>\n<p><strong>Onze bungalows worden in Frankrijk gebouwd.<\/strong><\/p>\n<p>Descriptif Bungalow Billetterie \u00abRenforc\u00e9e\u00bb<\/p>\n<p>Le bungalow billetterie est constitu\u00e9 d&rsquo;une ossature en acier galvanis\u00e9 et laqu\u00e9 couleur gris anthracite RAL 7016.<\/p>\n<p>Het dakprofiel is gemaakt van gegalvaniseerd staal, gelakt in antracietgrijs RAL 7016,\u00a0<strong>\u00e9paisseur 2 mm, hauteur 200 mm<\/strong>met 4 hijspunten voor verplaatsing met een kraan.<\/p>\n<p>De basisprofielen zijn gemaakt van gegalvaniseerd staal, gelakt in antracietgrijs RAL 7016,\u00a0<strong>2 mm dik - 160 mm hoog.<\/strong><\/p>\n<p>Het dak is gemaakt van sandwichpanelen van hard polyurethaanschuim,\u00a0<strong>\u00e9paisseur 40 mm,<\/strong>\u00a0Euroklasse Cs3d0. De dakbedekking is gemaakt van gegalvaniseerd golfstaal, met regenwaterafvoeren aan de zijkanten.<\/p>\n<p>De muren zijn gemaakt van sandwichpanelen van hard polyurethaanschuim,<strong>\u00a050 mm dik<\/strong>\u00a0(lichtgrijs RAL 9002), Euroklasse Cs3d0.<\/p>\n<p>De vloer is gemaakt van houtcement<strong>,<\/strong>\u00a0<strong>16 mm dik<\/strong>\u00a0recouvert d\u2019un sol PVC, avec une port\u00e9e de 400 kg\/m\u00b2.<\/p>\n<p>Aluminium schrijnwerk antracietgrijs gelakt RAL 7016<\/p>\n<p>Le Bungalow Billetterie est \u00e9quip\u00e9 d\u2019une porte semi-vitr\u00e9e dimensions 104 x 220 cm (90 cm de passage),\u00a0<strong>double vitrage<\/strong>\u00a0clair, d\u2019une fen\u00eatre coulissante dimensions 104 x 110 cm,\u00a0<strong>double vitrage<\/strong>\u00a0clair, avec\u00a0<strong>tablette en inox<\/strong>\u00a0dimensions 104 x 30 cm.<\/p>\n<p>Elektrische installatie 220 V<\/p>\n<p>Le Bungalow Billetterie comprend deux interrupteurs, un n\u00e9on LED \u00e0 l\u2019int\u00e9rieur, deux prises de courant, un convecteur 1500 watts, un plafonnier LED sur la fa\u00e7ade, un tableau \u00e9lectrique incluant inter-diff\u00e9rentiel et disjoncteurs (6 KW maximum) et une bo\u00eete ext\u00e9rieure de raccordement.<\/p>\n<p>Technische specificaties<\/p>\n<p>AFMETINGEN<\/p>\n<ul>\n<li>Externe hoogte: 252 cm<\/li>\n<li>Hoogte interieur: 220 cm<\/li>\n<li>Breedte: 242 cm<\/li>\n<li>Lengte: 309 cm<\/li>\n<\/ul>\n<p>FRAME<\/p>\n<ul>\n<li>Materiaal: Verzinkt en gelakt staal<\/li>\n<li>Kleur: antracietgrijs RAL 7016<\/li>\n<li>Dikte: 2 mm<\/li>\n<li>Basis: hoogte 160 mm<\/li>\n<li>Dak: hoogte 200 mm<\/li>\n<li>Hantering: 4 bussen op het dak voor hijshaken<\/li>\n<\/ul>\n<p>JOINERY<\/p>\n<ul>\n<li>Materiaal: antracietgrijs RAL 7016 gelakt aluminium<\/li>\n<li>Porte(s) : 1 porte semi-vitr\u00e9e dim. 104 x 220 cm (90 cm de passage), double vitrage clair<\/li>\n<li>Fen\u00eatre(s) : 1 fen\u00eatre coulissante dim. 104 x 110 cm, double vitrage clair<\/li>\n<li>Equipement : 1 tablette en inox dim. 104 x 30 cm sous la fen\u00eatre<\/li>\n<\/ul>\n<p>WANDEN EN DAK<\/p>\n<ul>\n<li>Materiaal: sandwichpanelen<\/li>\n<li>Isolatie: Hard polyurethaanschuim<\/li>\n<li>Wanddikte: 50 mm<\/li>\n<li>Dakdikte: 40 mm<\/li>\n<li>Dak: Gegalvaniseerd plaatstaal Griekse golven<\/li>\n<li>Kleur muur: Lichtgrijs RAL 9002<\/li>\n<\/ul>\n<p>VLOER<\/p>\n<ul>\n<li>Structure : panneaux bois-ciment<\/li>\n<li>Dikte: 16 mm<\/li>\n<li>Bekleding : PVC<\/li>\n<\/ul>\n<p>\u00c9CLAIRAGE<\/p>\n<ul>\n<li>\u00c9clairage : 2 interrupteurs + 1 n\u00e9on LED + 1 plafonnier LED 7.5 w sur la fa\u00e7ade<\/li>\n<li>Stopcontacten: 2 stopcontacten<\/li>\n<li>Verwarming: 1 convector 1500 w<\/li>\n<li>Paneel: 1 elektrisch paneel inclusief differentieel en stroomonderbrekers<\/li>\n<li>Aansluiting: 1 externe aansluitdoos<\/li>\n<\/ul>\n<p>Options possibles :<\/p>\n<ul>\n<li>Auvent dim. 3,09 x 1,20 m (\u00e0 installer par vos soins une fois le module mis en place)<\/li>\n<li>Vrije keuze van framekleuren: wit RAL 9010, lichtgrijs RAL 9002 of antracietgrijs RAL 7016<\/li>\n<li>Andere kleuren zijn verkrijgbaar als optie voor de panelen, het frame of het schrijnwerk.<\/li>\n<li>Vloerisolatie in 50 mm dikke glaswol op gegalvaniseerde stalen beschermplaten<\/li>\n<li>Plafondhoogte 2,40 m, deurhoogte 2,20 m<\/li>\n<li>Soubassement avec passage de fourches (entraxe 90cm) pour d\u00e9placement avec chariot \u00e9l\u00e9vateur \u00e9quip\u00e9 de fourches de 240cm<\/li>\n<li>Basis op sleden (2 ipe balken van 16 cm)<\/li>\n<li>Ge\u00efntegreerde WC-ruimte met WC + wastafel + deur + scheidingswanden (warm water bij wastafel mogelijk tegen meerprijs)<\/li>\n<li>Ingebouwde doucheruimte (met warm water, natuurlijk) + deur + scheidingswanden<\/li>\n<li>4 regenpijpen<\/li>\n<li>2300 w UNICO R10 omkeerbare airconditioner<\/li>\n<li>Airconditioner met slechts 12000 BTU koeling<\/li>\n<li>Mobiele airconditioner SHINY 12 Omkeerbaar R290 3.5 KW + raamkit<\/li>\n<li>Dalles LED \u00e0 la place du n\u00e9on<\/li>\n<li>Extra deur met halve beglazing, volle deur of volledig glazen deur<\/li>\n<li>Extra raam, erker, snackraam of raam met loopdeur en hygiofoon<\/li>\n<li>Aluminium of PVC rolluiken, speciale kleuren verkrijgbaar<\/li>\n<li>18 mm dikke fenolhouten vloer in plaats van houtcement, belastbaarheid: 500 kg\/m\u00b2.<\/li>\n<li>PVC vloeren voor zwaar gebruik in plaats van standaard PVC imitatieparket of tegelvloeren<\/li>\n<li>Gladde panelen, voedselpanelen, steenwolpanelen of brandwerende panelen<\/li>\n<li>Verwijderen van tralies voor deuren en ramen = gratis<\/li>\n<li>Extra aansluitingen of RJ45-aansluitingen<\/li>\n<\/ul>\n<p>Possibilit\u00e9s pour ajouter une cuisinette :<\/p>\n<ul>\n<li>Spoelbak 80x60cm 1 koude kom<\/li>\n<li>Spoelbak 80x60cm 1 kom met warm water<\/li>\n<li>Aanrecht + warm water + 2 kookplaten + koelkast<\/li>\n<\/ul>\n<\/div>\n<\/div>\n<\/div>","protected":false},"excerpt":{"rendered":"<p>Le\u00a0Bungalow Billetterie\u00a0est un module qui dispose de\u00a0menuiseries en gris anthracite\u00a0: une\u00a0porte semi-vitr\u00e9e\u00a0et une\u00a0fen\u00eatre coulissante\u00a0avec\u00a0tablette inox, pour r\u00e9pondre au besoin de mise en place d\u2019une billetterie. &nbsp; Description Bungalow Billetterie Renforc\u00e9 Neuf Notre Bungalow Billetterie est un module \u00e9quip\u00e9 pour r\u00e9pondre au besoin de\u00a0mise en place d\u2019une billetterie. Ce module est destin\u00e9 aux Parcs Naturels, Zoos, [&hellip;]<\/p>","protected":false},"featured_media":27714,"comment_status":"open","ping_status":"closed","template":"","meta":{"_monsterinsights_skip_tracking":false,"_monsterinsights_sitenote_active":false,"_monsterinsights_sitenote_note":"","_monsterinsights_sitenote_category":0},"product_cat":[15,99],"product_tag":[],"aioseo_notices":[],"_links":{"self":[{"href":"https:\/\/alex-elec.eu\/nl\/wp-json\/wp\/v2\/product\/27713"}],"collection":[{"href":"https:\/\/alex-elec.eu\/nl\/wp-json\/wp\/v2\/product"}],"about":[{"href":"https:\/\/alex-elec.eu\/nl\/wp-json\/wp\/v2\/types\/product"}],"replies":[{"embeddable":true,"href":"https:\/\/alex-elec.eu\/nl\/wp-json\/wp\/v2\/comments?post=27713"}],"wp:featuredmedia":[{"embeddable":true,"href":"https:\/\/alex-elec.eu\/nl\/wp-json\/wp\/v2\/media\/27714"}],"wp:attachment":[{"href":"https:\/\/alex-elec.eu\/nl\/wp-json\/wp\/v2\/media?parent=27713"}],"wp:term":[{"taxonomy":"product_cat","embeddable":true,"href":"https:\/\/alex-elec.eu\/nl\/wp-json\/wp\/v2\/product_cat?post=27713"},{"taxonomy":"product_tag","embeddable":true,"href":"https:\/\/alex-elec.eu\/nl\/wp-json\/wp\/v2\/product_tag?post=27713"}],"curies":[{"name":"wp","href":"https:\/\/api.w.org\/{rel}","templated":true}]}}