{"id":27700,"date":"2023-09-21T06:31:45","date_gmt":"2023-09-21T06:31:45","guid":{"rendered":"https:\/\/alex-elec.eu\/?post_type=product&#038;p=27700"},"modified":"2023-09-21T06:31:45","modified_gmt":"2023-09-21T06:31:45","slug":"bungalow-neuf-de-stockage-6-metres","status":"publish","type":"product","link":"https:\/\/alex-elec.eu\/nl\/product\/bungalow-neuf-de-stockage-6-metres\/","title":{"rendered":"Nieuwe 6-meter opslagbungalow"},"content":{"rendered":"<p>Le\u00a0<strong>Bungalow de Stockage 6 m\u00e8tres<\/strong>\u00a0est un bungalow adapt\u00e9 pour permettre de\u00a0<strong>producten opslaan in een ge\u00efsoleerde module<\/strong>, afin de proposer une alternative au container de stockage.<\/p>\n<p>&nbsp;<\/p>\n<div>\n<div>Beschrijving<\/div>\n<div>\n<div>\n<p>Bungalow de Stockage 6 m\u00e8tres Neuf<\/p>\n<p>Notre Bungalow De Stockage 6 m\u00e8tres est un module \u00e9quip\u00e9 pour r\u00e9pondre au besoin de stockage de produits dans un environnement isol\u00e9. Ce module est destin\u00e9 aux entit\u00e9s qui souhaitent disposer d\u2019un module de stockage qui peut \u00eatre implant\u00e9 d\u00e9finitivement ou d\u00e9plac\u00e9 fr\u00e9quemment. Nous pouvons ajouter d\u2019autres menuiseries en options, ainsi qu\u2019un soubassement renforc\u00e9 avec passage de fourches pour la manipulation par le bas avec un chariot \u00e9l\u00e9vateur \u00e9quip\u00e9 de fourches de 250 cm.<\/p>\n<p>Notre Bungalow de Stockage 6 m\u00e8tres est un module qui dispose d\u2019une\u00a0<strong>porte pleine \u00e0 deux battants<\/strong>\u00a0sur le petit c\u00f4t\u00e9, d\u2019un interrupteur avec deux n\u00e9ons LED et d\u2019un plancher en\u00a0<strong>versterkt fenolhout<\/strong>met een bereik van\u00a0<strong>600 kg\/m2<\/strong>.<\/p>\n<p>Deze module kan worden aangepast en geconfigureerd volgens uw behoeften.<\/p>\n<p>Deze module wordt aangeboden in onze \"Standaard\" serie. De standaardreeks komt overeen met ons eerste afwerkingsniveau: standaardstructuur en standaardisolatie.<\/p>\n<p>Indien nodig kan deze module worden geproduceerd in onze \"\u00a0<strong>Versterkt<\/strong>\u00a0\"of\u00a0<strong>Isoplus<\/strong>\u00a0\". In dit geval zal de thermische en akoestische isolatie effectiever zijn en de structuur worden versterkt.<\/p>\n<p><strong>Onze bungalows worden in Frankrijk gebouwd.<\/strong><\/p>\n<p>Descriptif Bungalow De Stockage 6 m\u00e8tres<\/p>\n<p>Le bungalow De Stockage 6 m\u00e8tres est constitu\u00e9 d&rsquo;une ossature en acier galvanis\u00e9 et laqu\u00e9 couleur gris clair RAL 9002.<\/p>\n<p>Het dakprofiel is van lichtgrijs RAL 9002 gelakt gegalvaniseerd staal,\u00a0<strong>dikte 1,5 mm, hoogte 150 mm,<\/strong>\u00a0met 4 hijspunten voor verplaatsing met een kraan.<\/p>\n<p>De basisprofielen zijn gemaakt van gegalvaniseerd staal, gelakt in lichtgrijs RAL 9002,\u00a0<strong>dikte 1,5 mm - hoogte 80 mm.<\/strong><\/p>\n<p>Het dak is gemaakt van sandwichpanelen van hard polyurethaanschuim,\u00a0<strong>30 mm dik,<\/strong>\u00a0Euroklasse Cs3d0. De dakbedekking is gemaakt van gegalvaniseerd golfstaal, met regenwaterafvoeren aan de zijkanten.<\/p>\n<p>De muren zijn gemaakt van sandwichpanelen van hard polyurethaanschuim,\u00a0<strong>40 mm dik<\/strong>\u00a0(lichtgrijs RAL 9002), Euroklasse Cs3d0.<\/p>\n<p>Le plancher est en bois ph\u00e9nolique,\u00a0<strong>18 mm dik,<\/strong>\u00a0sans rev\u00eatement avec une port\u00e9e de\u00a0<strong>600 kg\/m2<\/strong>.<\/p>\n<p>Wit RAL 9010 gelakt aluminium schrijnwerk<\/p>\n<p>Le Bungalow De Stockage 6 m\u00e8tres est \u00e9quip\u00e9 d\u2019une porte pleine \u00e0 deux battants dimensions 184 x 220 cm.<\/p>\n<p>Elektrische installatie 220 V<\/p>\n<p>Le Bungalow De Stockage 6 m\u00e8tres comprend un interrupteur, deux n\u00e9ons LED, un tableau \u00e9lectrique incluant inter-diff\u00e9rentiel et disjoncteurs (6 KW maximum) et une bo\u00eete ext\u00e9rieure de raccordement.<\/p>\n<p>Technische specificaties<\/p>\n<p>AFMETINGEN<\/p>\n<ul>\n<li>Externe hoogte: 239 cm<\/li>\n<li>Hoogte interieur: 220 cm<\/li>\n<li>Breedte: 242 cm<\/li>\n<li>Lengte: 609 cm<\/li>\n<\/ul>\n<p>FRAME<\/p>\n<ul>\n<li>Materiaal: Verzinkt en gelakt staal<\/li>\n<li>Kleur: Lichtgrijs RAL 9002<\/li>\n<li>Dikte: 1,5 mm<\/li>\n<li>Voet: hoogte 80 mm<\/li>\n<li>Dak: hoogte 150 mm<\/li>\n<li>Hantering: 4 bussen op het dak voor hijshaken<\/li>\n<\/ul>\n<p>JOINERY<\/p>\n<ul>\n<li>Materiaal: Wit RAL 9010 gelakt aluminium<\/li>\n<li>Porte(s) : 1 porte pleine \u00e0 2 battants dim. 184 x 220 cm<\/li>\n<\/ul>\n<p>WANDEN EN DAK<\/p>\n<ul>\n<li>Materiaal: sandwichpanelen<\/li>\n<li>Isolatie: Hard polyurethaanschuim<\/li>\n<li>Wanddikte: 40 mm<\/li>\n<li>Dakdikte: 30 mm<\/li>\n<li>Dak: Gegalvaniseerd plaatstaal Griekse golven<\/li>\n<li>Kleur muur: Lichtgrijs RAL 9002<\/li>\n<\/ul>\n<p>VLOER<\/p>\n<ul>\n<li>Structuur: fenolhout<\/li>\n<li>Dikte: 18 mm<\/li>\n<li>Capaciteit: 600 kg\/m\u00b2.<\/li>\n<\/ul>\n<p>ELEKTRICITEIT<\/p>\n<ul>\n<li>Verlichting: 1 schakelaar + 2 neon LED's<\/li>\n<li>Paneel: 1 elektrisch paneel inclusief differentieel en stroomonderbrekers<\/li>\n<li>Aansluiting: 1 externe aansluitdoos<\/li>\n<\/ul>\n<p>Mogelijke opties<\/p>\n<ul>\n<li>2 stopcontacten + 1 convector 1500w<\/li>\n<li>Choix de couleurs gratuits pour l\u2019ossature : blanc RAL 9010, gris clair RAL 9002 ou gris clair RAL 9002<\/li>\n<li>Andere kleuren zijn verkrijgbaar als optie voor de panelen, het frame of het schrijnwerk.<\/li>\n<li>Plafondhoogte 2,40 m, deurhoogte 2,20 m<\/li>\n<li>Vloerisolatie in 50 mm dikke glaswol op gegalvaniseerde stalen beschermplaten<\/li>\n<li>Verstevigd onderframe met vorkdoorgang (90 cm hart op hart) voor verplaatsing met vorkheftruck uitgerust met vorken van 250 cm<\/li>\n<li>Basis op sleden (2 ipe balken van 16 cm)<\/li>\n<li>4 regenpijpen<\/li>\n<li>2300 w UNICO R10 omkeerbare airconditioner<\/li>\n<li>Airconditioner met slechts 12000 BTU koeling<\/li>\n<li>Mobiele airconditioner SHINY 12 Omkeerbaar R290 3.5 KW + raamkit<\/li>\n<li>LED tegels in plaats van neon LED's<\/li>\n<li>Extra deur met halve beglazing, volle deur of volledig glazen deur<\/li>\n<li>Fen\u00eatre, baie vitr\u00e9e, fen\u00eatre snack ou fen\u00eatre avec guichet et hygiaphone<\/li>\n<\/ul>\n<\/div>\n<\/div>\n<\/div>","protected":false},"excerpt":{"rendered":"<p>Le\u00a0Bungalow de Stockage 6 m\u00e8tres\u00a0est un bungalow adapt\u00e9 pour permettre de\u00a0stocker des produits dans un module isol\u00e9, afin de proposer une alternative au container de stockage. &nbsp; Description Bungalow de Stockage 6 m\u00e8tres Neuf Notre Bungalow De Stockage 6 m\u00e8tres est un module \u00e9quip\u00e9 pour r\u00e9pondre au besoin de stockage de produits dans un environnement [&hellip;]<\/p>","protected":false},"featured_media":27701,"comment_status":"open","ping_status":"closed","template":"","meta":{"_monsterinsights_skip_tracking":false,"_monsterinsights_sitenote_active":false,"_monsterinsights_sitenote_note":"","_monsterinsights_sitenote_category":0},"product_cat":[15],"product_tag":[],"aioseo_notices":[],"_links":{"self":[{"href":"https:\/\/alex-elec.eu\/nl\/wp-json\/wp\/v2\/product\/27700"}],"collection":[{"href":"https:\/\/alex-elec.eu\/nl\/wp-json\/wp\/v2\/product"}],"about":[{"href":"https:\/\/alex-elec.eu\/nl\/wp-json\/wp\/v2\/types\/product"}],"replies":[{"embeddable":true,"href":"https:\/\/alex-elec.eu\/nl\/wp-json\/wp\/v2\/comments?post=27700"}],"wp:featuredmedia":[{"embeddable":true,"href":"https:\/\/alex-elec.eu\/nl\/wp-json\/wp\/v2\/media\/27701"}],"wp:attachment":[{"href":"https:\/\/alex-elec.eu\/nl\/wp-json\/wp\/v2\/media?parent=27700"}],"wp:term":[{"taxonomy":"product_cat","embeddable":true,"href":"https:\/\/alex-elec.eu\/nl\/wp-json\/wp\/v2\/product_cat?post=27700"},{"taxonomy":"product_tag","embeddable":true,"href":"https:\/\/alex-elec.eu\/nl\/wp-json\/wp\/v2\/product_tag?post=27700"}],"curies":[{"name":"wp","href":"https:\/\/api.w.org\/{rel}","templated":true}]}}