{"id":27675,"date":"2023-09-21T06:19:33","date_gmt":"2023-09-21T06:19:33","guid":{"rendered":"https:\/\/alex-elec.eu\/?post_type=product&#038;p=27675"},"modified":"2023-09-21T06:19:33","modified_gmt":"2023-09-21T06:19:33","slug":"abri-barbecue-style-kota-grill-festival-8-95m2-21mm","status":"publish","type":"product","link":"https:\/\/alex-elec.eu\/nl\/product\/abri-barbecue-style-kota-grill-festival-8-95m2-21mm\/","title":{"rendered":"Festival 8 \/ 9.5M2 \/ 21MM barbecue schuilplaats in kota grill stijl"},"content":{"rendered":"<p>Met de kota grill Festival 8 barbecue shelter vermaak je tot 15 personen in alle comfort en warmte, ongeacht het seizoen, met onvergetelijke grillgerechten!  Het gezellige houten interieur, de verstelbare open haard, de granieten snijtafel, de grill in het midden van de gasten, de banken in een cirkel: deze kit barbecue shelter bevat alles wat een authentieke kota grill heeft.<\/p>\n<p>De Festival 8 barbecueoverdekking past zeker bij de stijl van je woning. Je kunt het aantal ramen verminderen en ze plaatsen waar je maar wilt, zonder extra kosten. De kleur van de dakbekleding en de houtbehandeling kun je zelf kiezen.<\/p>\n<ul>\n<li>de kleur van het dak en de behandeling die je op het hout aanbrengt cre\u00ebren de stijl die je wilt<\/li>\n<li>Langzaam groeiende fijnspar heeft uitstekende duurzaamheid op lange termijn<\/li>\n<\/ul>\n<p>&nbsp;<\/p>\n<p>Complete montage van het basispakket = (+\u20ac1.320,00)<\/p>\n<p>Dakbekleding - materiaal - Plano Noir Antraciet = \u20ac320,00<\/p>\n<p>Dakbekleding - materiaal - Plano Gris Cendr\u00e9 = \u20ac320,00<\/p>\n<p>Dakbekleding - materiaal - Plano Marron = \u20ac320,00<\/p>\n<p>Dakbedekking - materiaal - Plano Vert For\u00eat = \u20ac320,00<\/p>\n<p>Dakbedekking - materiaal - Plano Rouge Brique = \u20ac320,00<\/p>\n<p>&nbsp;<\/p>\n<p>Beschrijving<\/p>\n<p>&nbsp;<\/p>\n<table>\n<tbody>\n<tr>\n<td>Afmetingen buitenkant:<\/td>\n<td>3,6 m<\/td>\n<\/tr>\n<tr>\n<td>Buitendiepte:<\/td>\n<td>3,3 m<\/td>\n<\/tr>\n<tr>\n<td>Binnenhoogte onder dak :<\/td>\n<td>2,1 m<\/td>\n<\/tr>\n<tr>\n<td>Nokhoogte:<\/td>\n<td>2,6 m<\/td>\n<\/tr>\n<tr>\n<td>Wanddikte:<\/td>\n<td>21 mm<\/td>\n<\/tr>\n<tr>\n<td>Binnenoppervlak:<\/td>\n<td>9.5 m2<\/td>\n<\/tr>\n<tr>\n<td>Dak:<\/td>\n<td>15 m\u00b2, Kies de kleur van de schingels als optie of laat het zonder schingels<\/td>\n<\/tr>\n<tr>\n<td>Dikte van de vloer:<\/td>\n<td>21 mm<\/td>\n<\/tr>\n<tr>\n<td>Deurformaat:<\/td>\n<td>buitenkant 115 x 170 cm<\/td>\n<\/tr>\n<tr>\n<td>Type deur:<\/td>\n<td>Raamdeur met dubbele beglazing<\/td>\n<\/tr>\n<tr>\n<td>Aantal ramen<\/td>\n<td>2 opengaande en 5 vaste ramen van 115 x 110 cm, het aantal ramen kan zonder extra kosten naar wens worden aangepast<\/td>\n<\/tr>\n<tr>\n<td>Beglazing:<\/td>\n<td>3 mm enkel glas (dubbel glas beschikbaar op aanvraag)<\/td>\n<\/tr>\n<tr>\n<td>Materialen<\/td>\n<td>Chalet gemaakt van onbehandeld, langzaam groeiend Scandinavisch vurenhout, in bouwpakket.<\/td>\n<\/tr>\n<tr>\n<td>Aanvullende informatie<\/td>\n<td>Behandeld basisframe, metalen verstevigingsstangen, montagekit, \"s\u00e9curit\" gehard glas in deuren en ramen, cilinderslot, montagehandleiding, 5 jaar garantie. Categorie Barbecuehok.<\/td>\n<\/tr>\n<\/tbody>\n<\/table>","protected":false},"excerpt":{"rendered":"<p>L\u2019abri barbecue kota grill\u00a0 Festival 8 vous permet de recevoir jusqu\u2019\u00e0 15 personnes confortablement et chaleureusement en toute saison autour de grillades m\u00e9morables!\u00a0 L\u2019int\u00e9rieur bois chaleureux, la chemin\u00e9e ajustable, la table de d\u00e9coupe en granit, le grill au centre des invit\u00e9s, les bancs en cercle: cet abri barcebue en kit comprend tout ce qu\u2019a un [&hellip;]<\/p>","protected":false},"featured_media":27676,"comment_status":"open","ping_status":"closed","template":"","meta":{"_monsterinsights_skip_tracking":false,"_monsterinsights_sitenote_active":false,"_monsterinsights_sitenote_note":"","_monsterinsights_sitenote_category":0},"product_cat":[15,99],"product_tag":[],"aioseo_notices":[],"_links":{"self":[{"href":"https:\/\/alex-elec.eu\/nl\/wp-json\/wp\/v2\/product\/27675"}],"collection":[{"href":"https:\/\/alex-elec.eu\/nl\/wp-json\/wp\/v2\/product"}],"about":[{"href":"https:\/\/alex-elec.eu\/nl\/wp-json\/wp\/v2\/types\/product"}],"replies":[{"embeddable":true,"href":"https:\/\/alex-elec.eu\/nl\/wp-json\/wp\/v2\/comments?post=27675"}],"wp:featuredmedia":[{"embeddable":true,"href":"https:\/\/alex-elec.eu\/nl\/wp-json\/wp\/v2\/media\/27676"}],"wp:attachment":[{"href":"https:\/\/alex-elec.eu\/nl\/wp-json\/wp\/v2\/media?parent=27675"}],"wp:term":[{"taxonomy":"product_cat","embeddable":true,"href":"https:\/\/alex-elec.eu\/nl\/wp-json\/wp\/v2\/product_cat?post=27675"},{"taxonomy":"product_tag","embeddable":true,"href":"https:\/\/alex-elec.eu\/nl\/wp-json\/wp\/v2\/product_tag?post=27675"}],"curies":[{"name":"wp","href":"https:\/\/api.w.org\/{rel}","templated":true}]}}