{"id":27660,"date":"2023-09-21T06:12:42","date_gmt":"2023-09-21T06:12:42","guid":{"rendered":"https:\/\/alex-elec.eu\/?post_type=product&#038;p=27660"},"modified":"2023-09-21T06:12:42","modified_gmt":"2023-09-21T06:12:42","slug":"bungalow-neuf-serie-speciale-6-metres","status":"publish","type":"product","link":"https:\/\/alex-elec.eu\/nl\/product\/bungalow-neuf-serie-speciale-6-metres\/","title":{"rendered":"Nieuwe Bungalow Speciaal Serie 6 meter"},"content":{"rendered":"<p>De bungalows in de Special Series hebben\u00a0<strong>een perfect compromis tussen prijs en gebruiksgemak<\/strong>Hierdoor zijn ze geschikt voor de meeste toepassingen.<\/p>\n<div>\n<div>Beschrijving<\/div>\n<div>\n<div>\n<p>Bungalow S\u00e9rie Sp\u00e9ciale Neuf<\/p>\n<p>Hoewel ze in de eerste plaats bedoeld zijn om het personeel op de bouwplaats comfort te bieden (kantoren, eetzalen, kleedkamers, enz.), zijn de\u00a0<strong>locatie bungalows<\/strong>\u00a0zijn ook geschikt voor vele andere toepassingen in de industrie en de dienstensector (werkplaatsen, opslag, kantoren, machineoverkappingen, enz.) Ze bieden<strong>\u00a0ge\u00efsoleerde structuur<\/strong>,\u00a0<strong>helder en comfortabel<\/strong>\u00a0die in een breed scala aan behoeften voorziet.<\/p>\n<p>Het voordeel van de bungalow ligt in twee belangrijke factoren: snelle installatie en een zeer aantrekkelijke prijs per m\u00b2.<br \/>\nVeel bedrijven, verenigingen, lokale overheden en zelfs particulieren kiezen nu voor deze oplossing, omdat ze hiermee een ge\u00efsoleerd gebouw kunnen krijgen in een onge\u00ebvenaard tijdsbestek en voor een onverslaanbare prijs in vergelijking met een conventionele bouwoplossing.<\/p>\n<p>De bungalows van de serie \"Sp\u00e9ciale\" zijn modules met\u00a0<strong>de sterkste structuur in ons assortiment<\/strong>evenals een\u00a0<strong>verbeterde thermische isolatie en geluidsisolatie<\/strong>.<\/p>\n<p>Dit model wordt standaard geleverd met de\u00a0<strong>vorken ge\u00efntegreerd in het onderframe<\/strong>zodat het kan worden afgehandeld met een\u00a0<strong>vorkheftruck met lange vorken (250cm)<\/strong>. Met zijn versterkte structuur en gemiddeld isolatieniveau is de speciale serie de favoriete keuze van bungalowverhuurders.<\/p>\n<p>Onze bungalow uit de \"Special\" serie vereist een\u00a0<strong>3 weken levertijd<\/strong>\u00a0dankzij onze permanente voorraad raamwerken, panelen en schrijnwerk.<\/p>\n<p><strong>Onze bungalows worden in Frankrijk gebouwd.<\/strong><\/p>\n<p>Technische specificaties<\/p>\n<p>AFMETINGEN<\/p>\n<ul>\n<li>Externe hoogte: 257 cm<\/li>\n<li>Hoogte interieur: 220 cm<\/li>\n<li>Lengte: 609 cm<\/li>\n<li>Breedte: 242 cm<\/li>\n<\/ul>\n<p>FRAME<\/p>\n<ul>\n<li>Beschrijving : Verzinkt en gelakt staal<\/li>\n<li>Kleur: antracietgrijs RAL 7016<\/li>\n<li>Dikte: 2 mm<\/li>\n<li>Basis: hoogte 160 mm<\/li>\n<li>Dak: hoogte 250 mm<\/li>\n<li>Behandeling: 4 contactdozen op het dak voor hijshaken en vorken in de onderbouw<\/li>\n<\/ul>\n<p>WANDEN EN DAK<\/p>\n<ul>\n<li>Materiaal: sandwichpanelen<\/li>\n<li>Isolatie: Hard polyurethaanschuim<\/li>\n<li>Wanddikte: 50 mm<\/li>\n<li>Dikte plafond: 40 mm<\/li>\n<li>Plafondbekleding: Verzinkt plaatstaal met Griekse golven<\/li>\n<li>-Kleur paneel: Lichtgrijs RAL 9002<\/li>\n<\/ul>\n<p>VLOER<\/p>\n<ul>\n<li>Structuur : Waterafstotende spaanplaatpanelen<\/li>\n<li>Dikte: 18 mm<\/li>\n<li>Bekleding : PVC<\/li>\n<\/ul>\n<p>JOINERY<\/p>\n<ul>\n<li>Materiaal: Wit gelakt aluminium RAL 9010<\/li>\n<li>Deur(en): 1 deur met halve beglazing, afm. 104 x 220 cm, dubbele beglazing met tralies<\/li>\n<li>Raam(en): 1 schuifraam, afmeting 104 x 110 cm, dubbel glas met spijlen<\/li>\n<\/ul>\n<p>ELEKTRICITEIT<\/p>\n<ul>\n<li>Verlichting: 2 neon LED's<\/li>\n<li>Stopcontacten: 2 stopcontacten<\/li>\n<li>Verwarming: 1 convector 1500 W<\/li>\n<li>Paneel: 1 paneel inclusief interferentieel en stroomonderbrekers<\/li>\n<li>Aansluiting: 1 externe aansluitdoos<\/li>\n<\/ul>\n<p>Mogelijke opties<\/p>\n<ul>\n<li>Andere kleuren zijn verkrijgbaar als optie voor de panelen, het frame of het schrijnwerk.<\/li>\n<li>Vloerisolatie in 50 mm dikke glaswol op gegalvaniseerde stalen beschermplaten<\/li>\n<li>Plafondhoogte 2,40 m, deurhoogte 2,20 m<\/li>\n<li>Ge\u00efntegreerde WC-ruimte met WC + wastafel + deur + scheidingswanden (warm water bij wastafel mogelijk tegen meerprijs)<\/li>\n<li>Ingebouwde doucheruimte (met warm water, natuurlijk) + deur + scheidingswanden<\/li>\n<li>4 regenpijpen<\/li>\n<li>Aluminium schrijnwerk antracietgrijs gelakt RAL 7016<\/li>\n<li>2300 w UNICO R10 omkeerbare airconditioner<\/li>\n<li>Airconditioner met slechts 12000 BTU koeling<\/li>\n<li>Mobiele airconditioner SHINY 12 Omkeerbaar R290 3.5 KW + raamkit<\/li>\n<li>LED-panelen in plaats van neonlichten<\/li>\n<li>Extra deur met halve beglazing, volle deur of volledig glazen deur<\/li>\n<li>Extra raam, erker, snackraam of raam met loopdeur en hygiofoon<\/li>\n<li>Aluminium of PVC rolluiken, speciale kleuren verkrijgbaar<\/li>\n<li>Hout-betonvloer, 16 mm dik, in plaats van spaanplaat (essentieel als de bungalow niet een paar cm verhoogd is met noppen of wiggen, en voor vochtige omgevingen) Draagvermogen: 400 kg\/m\u00b2.<\/li>\n<li>18 mm dikke fenolhouten vloer in plaats van spaanplaat, belastbaarheid: 500 kg\/m\u00b2.<\/li>\n<li>PVC vloeren voor zwaar gebruik in plaats van standaard PVC imitatieparket of tegelvloeren<\/li>\n<li>Gladde panelen, voedselpanelen, steenwolpanelen of brandwerende panelen<\/li>\n<li>Verwijderen van tralies voor deuren en ramen = gratis<\/li>\n<li>Extra aansluitingen of RJ45-aansluitingen<\/li>\n<\/ul>\n<p>Opties voor het toevoegen van een kitchenette<\/p>\n<ul>\n<li>Spoelbak 80x60cm 1 koude kom<\/li>\n<li>Spoelbak 80x60cm 1 kom met warm water<\/li>\n<li>Aanrecht + warm water + 2 kookplaten + koelkast<\/li>\n<\/ul>\n<\/div>\n<\/div>\n<\/div>","protected":false},"excerpt":{"rendered":"<p>Les bungalows de la S\u00e9rie Sp\u00e9ciale pr\u00e9sentent\u00a0un parfait compromis prix\/confort d\u2019utilisation, ce qui les rend adapt\u00e9s pour la plupart des utilisations. Description Bungalow S\u00e9rie Sp\u00e9ciale Neuf Si leur vocation premi\u00e8re est le confort du personnel de chantier (bureaux, r\u00e9fectoires, vestiaires, &#8230;), les\u00a0bungalows de chantier\u00a0sont aussi adapt\u00e9s \u00e0 de nombreuses autres utilisations dans l&rsquo;industrie ou les [&hellip;]<\/p>","protected":false},"featured_media":27664,"comment_status":"open","ping_status":"closed","template":"","meta":{"_monsterinsights_skip_tracking":false,"_monsterinsights_sitenote_active":false,"_monsterinsights_sitenote_note":"","_monsterinsights_sitenote_category":0},"product_cat":[15,100],"product_tag":[],"aioseo_notices":[],"_links":{"self":[{"href":"https:\/\/alex-elec.eu\/nl\/wp-json\/wp\/v2\/product\/27660"}],"collection":[{"href":"https:\/\/alex-elec.eu\/nl\/wp-json\/wp\/v2\/product"}],"about":[{"href":"https:\/\/alex-elec.eu\/nl\/wp-json\/wp\/v2\/types\/product"}],"replies":[{"embeddable":true,"href":"https:\/\/alex-elec.eu\/nl\/wp-json\/wp\/v2\/comments?post=27660"}],"wp:featuredmedia":[{"embeddable":true,"href":"https:\/\/alex-elec.eu\/nl\/wp-json\/wp\/v2\/media\/27664"}],"wp:attachment":[{"href":"https:\/\/alex-elec.eu\/nl\/wp-json\/wp\/v2\/media?parent=27660"}],"wp:term":[{"taxonomy":"product_cat","embeddable":true,"href":"https:\/\/alex-elec.eu\/nl\/wp-json\/wp\/v2\/product_cat?post=27660"},{"taxonomy":"product_tag","embeddable":true,"href":"https:\/\/alex-elec.eu\/nl\/wp-json\/wp\/v2\/product_tag?post=27660"}],"curies":[{"name":"wp","href":"https:\/\/api.w.org\/{rel}","templated":true}]}}