{"id":27650,"date":"2023-09-21T06:06:19","date_gmt":"2023-09-21T06:06:19","guid":{"rendered":"https:\/\/alex-elec.eu\/?post_type=product&#038;p=27650"},"modified":"2023-09-21T06:06:19","modified_gmt":"2023-09-21T06:06:19","slug":"bungalow-neuf-bulle-de-vente-v1-serie-renforcee-4-metres","status":"publish","type":"product","link":"https:\/\/alex-elec.eu\/nl\/product\/bungalow-neuf-bulle-de-vente-v1-serie-renforcee-4-metres\/","title":{"rendered":"Bungalow Bulle de Vente V1 S\u00e9rie Renforc\u00e9e 4 meter"},"content":{"rendered":"<p>Onze\u00a0<strong>bungalow Bulle de Vente 4 meter V1<\/strong>\u00a0is een module met een volledig glazen gevel, om te voldoen aan de behoeften van\u00a0<strong>verkoopkantoren<\/strong>\u00a0voor een verscheidenheid aan activiteiten: projectontwikkelaars, autodealers, begrafenisondernemers, zelfstandige thuiswerkers, vrije beroepen, enz.<\/p>\n<p>&nbsp;<\/p>\n<div>\n<div>Beschrijving<\/div>\n<div>\n<div>\n<p>Bungalow Bulle de Vente V1 4 meter<\/p>\n<p>Met de Bulle de Vente bungalow heb je een comfortabel en aantrekkelijk kantoor of verkoopbalie voor\u00a0<strong>onverslaanbare tarieven en onverslaanbare levertijden<\/strong>\u00a0vergeleken met een conventionele bouwoplossing. We hebben 4 verkoopbellen gestandaardiseerd met verschillende afmetingen en verschillende optieniveaus.<\/p>\n<p><strong>Onze V1-verkoopbel van 4 meter wordt standaard geleverd in onze \"versterkte\" serie.<\/strong><\/p>\n<p>De bungalows van de serie \"Reinforced\" zijn modules met een versterkte structuur.<strong>,\u00a0<\/strong>evenals<strong>warmte-isolatie\u00a0<\/strong>en<strong>\u00a0verbeterde geluidsisolatie<\/strong>\u00a0(dikke isolatie en dubbele beglazing). Ze zijn comfortabeler in gebruik dan de standaard serie, waardoor ze bijvoorbeeld beter geschikt zijn voor gebruik in kantoren.<\/p>\n<p>Als je dezelfde module wilt met de meest versterkte structuur in ons assortiment, of de beste warmte- en geluidsisolatie, kun je een offerte aanvragen voor deze bungalow uit onze \"Isoplus\"-serie.<\/p>\n<p>Onze \"Sales Bubble V1\" bungalow heeft het volgende nodig\u00a0<strong>een productie- en levertijd van 8 weken<\/strong>. Voor een snellere doorlooptijd met een vergelijkbare configuratie kunt u onze bungalow uit de serie \"Bulle de vente 6 m\u00e8tres V2\" overwegen (alleen verkrijgbaar in de versie van 6 meter).<\/p>\n<p><strong>Onze bungalows worden in Frankrijk gebouwd.<\/strong><\/p>\n<p>Technische specificaties<\/p>\n<p>AFMETINGEN<\/p>\n<ul>\n<li>Externe hoogte: 252 cm<\/li>\n<li>Hoogte interieur: 220 cm<\/li>\n<li>Lengte: 409 cm<\/li>\n<li>Breedte: 242 cm<\/li>\n<\/ul>\n<p>FRAME<\/p>\n<ul>\n<li>Materiaal: Verzinkt en gelakt staal<\/li>\n<li>Kleur: antracietgrijs RAL 7016<\/li>\n<li>Dikte: 2 mm<\/li>\n<li>Basis: hoogte 160 mm<\/li>\n<li>Dak: hoogte 200 mm<\/li>\n<li>Behandeling: 4 contactdozen op het dak voor hijshaken en vorken in de onderbouw voor behandeling met een vorkheftruck<\/li>\n<\/ul>\n<p>WANDEN EN DAK<\/p>\n<ul>\n<li>Materiaal: sandwichpanelen<\/li>\n<li>Isolatie: Hard polyurethaanschuim<\/li>\n<li>Wanddikte: 50 mm<\/li>\n<li>Dakdikte: 40 mm<\/li>\n<li>Dakbedekking: Gegalvaniseerd plaatstaal met Griekse golven<\/li>\n<li>Kleur muur: Lichtgrijs RAL 9002<\/li>\n<\/ul>\n<p>VLOER<\/p>\n<ul>\n<li>Structuur : Waterafstotende spaanplaatpanelen<\/li>\n<li>Dikte: 18 mm<\/li>\n<li>Bekleding : PVC imitatieparket met zwarte plinten<\/li>\n<\/ul>\n<p>JOINERY<\/p>\n<ul>\n<li>Materiaal: Wit gelakt aluminium RAL 9010<\/li>\n<li>Deur(en): 1 volle ingangsdeur, afmeting 104 x 220 cm (90 cm doorgang)<\/li>\n<li>Venster(s): 2 vaste erkers, afmeting 174 x 220 cm, helder gelaagd veiligheidsglas 4+4 mm dik<\/li>\n<\/ul>\n<p>ELEKTRICITEIT<\/p>\n<ul>\n<li>Verlichting: 1 neon LED<\/li>\n<li>Stopcontacten: 2 stopcontacten<\/li>\n<li>Verwarming: 1 convector 1500 W<\/li>\n<li>Paneel: 1 paneel inclusief interferentieel en stroomonderbrekers<\/li>\n<li>Aansluiting: 1 externe aansluitdoos<\/li>\n<\/ul>\n<p>Mogelijke opties<\/p>\n<ul>\n<li>Vrije keuze van framekleuren: wit RAL 9010, lichtgrijs RAL 9002 of antracietgrijs RAL 7016<\/li>\n<li>Andere kleuren zijn verkrijgbaar als optie voor de panelen, het frame of het schrijnwerk.<\/li>\n<li>Vloerisolatie in 50 mm dikke glaswol op gegalvaniseerde stalen beschermplaten<\/li>\n<li>Plafondhoogte 2,40 m, deurhoogte 2,20 m<\/li>\n<li>Basis op sleden (2 ipe balken van 16 cm)<\/li>\n<li>Ge\u00efntegreerde WC-ruimte met WC + wastafel + deur + scheidingswanden (warm water bij wastafel mogelijk tegen meerprijs)<\/li>\n<li>Ingebouwde doucheruimte (met warm water, natuurlijk) + deur + scheidingswanden<\/li>\n<li>4 regenpijpen<\/li>\n<li>Aluminium schrijnwerk antracietgrijs gelakt RAL 7016<\/li>\n<li>2300 w UNICO R10 omkeerbare airconditioner<\/li>\n<li>Airconditioner met slechts 12000 BTU koeling<\/li>\n<li>Mobiele airconditioner SHINY 12 Omkeerbaar R290 3.5 KW + raamkit<\/li>\n<li>LED-panelen in plaats van neonlichten<\/li>\n<li>Extra deur met halve beglazing, volle deur of volledig glazen deur<\/li>\n<li>Extra raam, erker, snackraam of raam met loopdeur en hygiofoon<\/li>\n<li>Aluminium of PVC rolluiken, speciale kleuren verkrijgbaar<\/li>\n<li>Hout-betonvloer, 16 mm dik, in plaats van spaanplaat (essentieel als de bungalow niet een paar cm verhoogd is met noppen of wiggen, en voor vochtige omgevingen) Draagvermogen: 400 kg\/m\u00b2.<\/li>\n<li>18 mm dikke fenolhouten vloer in plaats van spaanplaat, belastbaarheid: 500 kg\/m\u00b2.<\/li>\n<li>PVC vloeren voor zwaar gebruik in plaats van imitatieparket of tegelvloeren<\/li>\n<li>Gladde panelen, voedselpanelen, steenwolpanelen of brandwerende panelen<\/li>\n<li>Extra aansluitingen of RJ45-aansluitingen<\/li>\n<\/ul>\n<p>Opties voor het toevoegen van een kitchenette<\/p>\n<ul>\n<li>Spoelbak 80x60cm 1 koude kom<\/li>\n<li>Spoelbak 80x60cm 1 kom met warm water<\/li>\n<li>Aanrecht + warm water + 2 kookplaten + koelkast<\/li>\n<\/ul>\n<\/div>\n<\/div>\n<\/div>","protected":false},"excerpt":{"rendered":"<p>Notre\u00a0bungalow Bulle de Vente 4 m\u00e8tres V1\u00a0est un module avec une fa\u00e7ade toute vitr\u00e9e, afin de r\u00e9pondre aux besoins de\u00a0bureaux de vente\u00a0pour diff\u00e9rentes activit\u00e9s : promoteurs immobiliers, vendeurs de v\u00e9hicules, marbreries, ind\u00e9pendants qui travaillent \u00e0 domicile, professions lib\u00e9rales, etc. &nbsp; Description Bungalow Neuf Bulle de Vente V1 4 m\u00e8tres Le bungalow Bulle de Vente vous [&hellip;]<\/p>","protected":false},"featured_media":27651,"comment_status":"open","ping_status":"closed","template":"","meta":{"_monsterinsights_skip_tracking":false,"_monsterinsights_sitenote_active":false,"_monsterinsights_sitenote_note":"","_monsterinsights_sitenote_category":0},"product_cat":[15,100],"product_tag":[],"aioseo_notices":[],"_links":{"self":[{"href":"https:\/\/alex-elec.eu\/nl\/wp-json\/wp\/v2\/product\/27650"}],"collection":[{"href":"https:\/\/alex-elec.eu\/nl\/wp-json\/wp\/v2\/product"}],"about":[{"href":"https:\/\/alex-elec.eu\/nl\/wp-json\/wp\/v2\/types\/product"}],"replies":[{"embeddable":true,"href":"https:\/\/alex-elec.eu\/nl\/wp-json\/wp\/v2\/comments?post=27650"}],"wp:featuredmedia":[{"embeddable":true,"href":"https:\/\/alex-elec.eu\/nl\/wp-json\/wp\/v2\/media\/27651"}],"wp:attachment":[{"href":"https:\/\/alex-elec.eu\/nl\/wp-json\/wp\/v2\/media?parent=27650"}],"wp:term":[{"taxonomy":"product_cat","embeddable":true,"href":"https:\/\/alex-elec.eu\/nl\/wp-json\/wp\/v2\/product_cat?post=27650"},{"taxonomy":"product_tag","embeddable":true,"href":"https:\/\/alex-elec.eu\/nl\/wp-json\/wp\/v2\/product_tag?post=27650"}],"curies":[{"name":"wp","href":"https:\/\/api.w.org\/{rel}","templated":true}]}}