{"id":27640,"date":"2023-09-21T06:01:25","date_gmt":"2023-09-21T06:01:25","guid":{"rendered":"https:\/\/alex-elec.eu\/?post_type=product&#038;p=27640"},"modified":"2023-09-21T06:01:25","modified_gmt":"2023-09-21T06:01:25","slug":"bungalow-neuf-bulle-de-vente-v2-serie-renforcee-4-metres","status":"publish","type":"product","link":"https:\/\/alex-elec.eu\/nl\/product\/bungalow-neuf-bulle-de-vente-v2-serie-renforcee-4-metres\/","title":{"rendered":"Bungalow Bulle de Vente V2 S\u00e9rie Renforc\u00e9e 4 m\u00e8tres"},"content":{"rendered":"<p>Notre bungalow Bulle de Vente 4 m\u00e8tres V2 est un module avec\u00a0<strong>deux fa\u00e7ades toutes vitr\u00e9es<\/strong>, afin de r\u00e9pondre aux besoins de bureaux de vente pour diff\u00e9rentes activit\u00e9s : promoteurs immobiliers, vendeurs de v\u00e9hicules, marbreries, ind\u00e9pendants qui travaillent \u00e0 domicile, professions lib\u00e9rales, etc.<\/p>\n<p>&nbsp;<\/p>\n<div>\n<div>Beschrijving<\/div>\n<div>\n<div>\n<p>Bungalow Neuf Bulle de Vente V2 4 m\u00e8tres<\/p>\n<p>Le bungalow Bulle de Vente vous permet de disposer d\u2019un bureau ou d\u2019un bureau de vente confortable et esth\u00e9tique\u00a0<strong>pour un tarif imbattable et dans un d\u00e9lai in\u00e9galable<\/strong>\u00a0par rapport \u00e0 une solution de construction classique. Nous avons standardis\u00e9 4 bulles de vente avec diff\u00e9rentes tailles et diff\u00e9rents niveaux d\u2019options.<\/p>\n<p><strong>Notre bulle de vente 4 m\u00e8tres V2 est propos\u00e9e de base dans notre s\u00e9rie \u00ab Renforc\u00e9e \u00bb.<\/strong><\/p>\n<p>Les bungalows de la s\u00e9rie \u00ab Renforc\u00e9e \u00bb sont des modules qui disposent d\u2019une structure renforc\u00e9e, ainsi que d\u2019<strong>une isolation thermique et phonique am\u00e9lior\u00e9e<\/strong>\u00a0(dikke isolatie en dubbele beglazing). Ze zijn comfortabeler in gebruik dan de standaard serie, waardoor ze bijvoorbeeld beter geschikt zijn voor gebruik in kantoren.<\/p>\n<p>La Bulle de vente V2 dispose de plusieurs options suppl\u00e9mentaires vis-\u00e0-vis de la V1 : Menuiseries en aluminium laqu\u00e9 Gris Anthracite RAL 7016, porte d\u2019entr\u00e9e toute vitr\u00e9e et isolation sous le plancher.<\/p>\n<p>Als je dezelfde module wilt met de meest versterkte structuur in ons assortiment, of de beste warmte- en geluidsisolatie, kun je een offerte aanvragen voor deze bungalow uit onze \"Isoplus\"-serie.<\/p>\n<p>Notre bungalow \u00ab Bulle de Vente V2 \u00bb n\u00e9cessite un d\u00e9lai de fabrication et de livraison de 8 semaines. Pour un d\u00e9lai plus rapide avec une configuration similaire, il faudra vous orienter sur notre bungalow s\u00e9rie \u00ab Bulle de vente 6 m\u00e8tres V2 \u00bb (disponible uniquement en 6 m\u00e8tres).<\/p>\n<p><strong>Onze bungalows worden in Frankrijk gebouwd.<\/strong><\/p>\n<p>Technische specificaties<\/p>\n<p>AFMETINGEN<\/p>\n<ul>\n<li>Externe hoogte: 252 cm<\/li>\n<li>Hoogte interieur: 220 cm<\/li>\n<li>Lengte: 409 cm<\/li>\n<li>Breedte: 242 cm<\/li>\n<\/ul>\n<p>FRAME<\/p>\n<ul>\n<li>Materiaal: Verzinkt en gelakt staal<\/li>\n<li>Kleur: antracietgrijs RAL 7016<\/li>\n<li>Dikte: 2 mm<\/li>\n<li>Dak: hoogte 200 mm<\/li>\n<li>Basis: hoogte 160 mm<\/li>\n<\/ul>\n<p>WANDEN EN DAK<\/p>\n<ul>\n<li>Materiaal: sandwichpanelen<\/li>\n<li>Isolatie: Hard polyurethaanschuim<\/li>\n<li>Wanddikte: 50 mm<\/li>\n<li>Dakdikte: 40 mm<\/li>\n<li>Dakbedekking: Gegalvaniseerd plaatstaal met Griekse golven<\/li>\n<li>Kleur muur: Lichtgrijs RAL 9002<\/li>\n<\/ul>\n<p>VLOER<\/p>\n<ul>\n<li>Structuur : Waterafstotende spaanplaatpanelen<\/li>\n<li>Dikte: 18 mm<\/li>\n<li>Bekleding : PVC imitatieparket met zwarte plinten<\/li>\n<li>Isolant : Isolation sous plancher en laine de verre \u00e9p. 50 mm sur t\u00f4les de protection<\/li>\n<\/ul>\n<p>JOINERY<\/p>\n<ul>\n<li>Materiaal: antracietgrijs RAL 7016 gelakt aluminium<\/li>\n<li>Porte(s) : 1 porte entr\u00e9e dim. 104 x 220 cm (90 cm de passage) toute vitr\u00e9e, vitrage de s\u00e9curit\u00e9 feuillet\u00e9 clair \u00e9p. 4+4 mm.<\/li>\n<li>Fen\u00eatre(s) : 1 baie vitr\u00e9e fixe dim. 204 x 220 cm vitrage de s\u00e9curit\u00e9 feuillet\u00e9 clair \u00e9p. 4+4 mm et 1 baie vitr\u00e9e fixe dim. 184 x 220 cm vitrage de s\u00e9curit\u00e9 feuillet\u00e9 clair \u00e9p. 4 + 4 mm<\/li>\n<\/ul>\n<p>ELEKTRICITEIT<\/p>\n<ul>\n<li>Verlichting: 1 neon LED<\/li>\n<li>Stopcontacten: 2 stopcontacten<\/li>\n<li>Verwarming: 1 convector 1500 W<\/li>\n<li>Paneel: 1 paneel inclusief interferentieel en stroomonderbrekers<\/li>\n<li>Aansluiting: 1 externe aansluitdoos<\/li>\n<\/ul>\n<p>Mogelijke opties<\/p>\n<ul>\n<li>Vrije keuze van framekleuren: wit RAL 9010, lichtgrijs RAL 9002 of antracietgrijs RAL 7016<\/li>\n<li>Andere kleuren zijn verkrijgbaar als optie voor de panelen, het frame of het schrijnwerk.<\/li>\n<li>Plafondhoogte 2,40 m, deurhoogte 2,20 m<\/li>\n<li>Basis op sleden (2 ipe balken van 16 cm)<\/li>\n<li>Ge\u00efntegreerde WC-ruimte met WC + wastafel + deur + scheidingswanden (warm water bij wastafel mogelijk tegen meerprijs)<\/li>\n<li>Ingebouwde doucheruimte (met warm water, natuurlijk) + deur + scheidingswanden<\/li>\n<li>4 regenpijpen<\/li>\n<li>2300 w UNICO R10 omkeerbare airconditioner<\/li>\n<li>Airconditioner met slechts 12000 BTU koeling<\/li>\n<li>Mobiele airconditioner SHINY 12 Omkeerbaar R290 3.5 KW + raamkit<\/li>\n<li>LED-paneel in plaats van neon<\/li>\n<li>Extra deur met halve beglazing, volle deur of volledig glazen deur<\/li>\n<li>Porte semi-vitr\u00e9e, porte pleine ou porte toute vitr\u00e9e suppl\u00e9mentaire<\/li>\n<li>Raam, erker, snackraam of raam met loopdeur en extra hygiofoon<\/li>\n<li>Aluminium of PVC rolluiken, speciale kleuren verkrijgbaar<\/li>\n<li>Plancher en bois-ciment \u00e9paisseur 16 mm \u00e0 la place de l&rsquo;agglom\u00e9r\u00e9 (indispensable si le bungalow n&rsquo;est pas sur\u00e9lev\u00e9 de quelques cm par des plots ou des cales, ainsi que pour les milieux humides) avec une port\u00e9e de 400 kg\/m\u00b2<\/li>\n<li>Plancher en bois ph\u00e9nolique \u00e9p. 18 mm \u00e0 la place de l&rsquo;agglom\u00e9r\u00e9, avec une port\u00e9e de 500 kg\/m\u00b2<\/li>\n<li>Rev\u00eatement de sol en PVC passage intensif \u00e0 la place du PVC imitation parquet ou un sol en carrelage<\/li>\n<li>Gladde panelen, voedselpanelen, steenwolpanelen of brandwerende panelen<\/li>\n<li>Extra aansluitingen of RJ45-aansluitingen<\/li>\n<\/ul>\n<p>Opties voor het toevoegen van een kitchenette<\/p>\n<ul>\n<li>Spoelbak 80x60cm 1 koude kom<\/li>\n<li>Spoelbak 80x60cm 1 kom met warm water<\/li>\n<li>Aanrecht + warm water + 2 kookplaten + koelkast<\/li>\n<\/ul>\n<\/div>\n<\/div>\n<\/div>","protected":false},"excerpt":{"rendered":"<p>Notre bungalow Bulle de Vente 4 m\u00e8tres V2 est un module avec\u00a0deux fa\u00e7ades toutes vitr\u00e9es, afin de r\u00e9pondre aux besoins de bureaux de vente pour diff\u00e9rentes activit\u00e9s : promoteurs immobiliers, vendeurs de v\u00e9hicules, marbreries, ind\u00e9pendants qui travaillent \u00e0 domicile, professions lib\u00e9rales, etc. &nbsp; Description Bungalow Neuf Bulle de Vente V2 4 m\u00e8tres Le bungalow Bulle [&hellip;]<\/p>","protected":false},"featured_media":27641,"comment_status":"open","ping_status":"closed","template":"","meta":{"_monsterinsights_skip_tracking":false,"_monsterinsights_sitenote_active":false,"_monsterinsights_sitenote_note":"","_monsterinsights_sitenote_category":0},"product_cat":[15,100],"product_tag":[],"aioseo_notices":[],"_links":{"self":[{"href":"https:\/\/alex-elec.eu\/nl\/wp-json\/wp\/v2\/product\/27640"}],"collection":[{"href":"https:\/\/alex-elec.eu\/nl\/wp-json\/wp\/v2\/product"}],"about":[{"href":"https:\/\/alex-elec.eu\/nl\/wp-json\/wp\/v2\/types\/product"}],"replies":[{"embeddable":true,"href":"https:\/\/alex-elec.eu\/nl\/wp-json\/wp\/v2\/comments?post=27640"}],"wp:featuredmedia":[{"embeddable":true,"href":"https:\/\/alex-elec.eu\/nl\/wp-json\/wp\/v2\/media\/27641"}],"wp:attachment":[{"href":"https:\/\/alex-elec.eu\/nl\/wp-json\/wp\/v2\/media?parent=27640"}],"wp:term":[{"taxonomy":"product_cat","embeddable":true,"href":"https:\/\/alex-elec.eu\/nl\/wp-json\/wp\/v2\/product_cat?post=27640"},{"taxonomy":"product_tag","embeddable":true,"href":"https:\/\/alex-elec.eu\/nl\/wp-json\/wp\/v2\/product_tag?post=27640"}],"curies":[{"name":"wp","href":"https:\/\/api.w.org\/{rel}","templated":true}]}}