{"id":27633,"date":"2023-09-20T23:21:44","date_gmt":"2023-09-20T23:21:44","guid":{"rendered":"https:\/\/alex-elec.eu\/?post_type=product&#038;p=27633"},"modified":"2023-09-20T23:21:44","modified_gmt":"2023-09-20T23:21:44","slug":"bungalow-neuf-bulle-de-vente-v2-serie-renforcee-6-metres","status":"publish","type":"product","link":"https:\/\/alex-elec.eu\/nl\/product\/bungalow-neuf-bulle-de-vente-v2-serie-renforcee-6-metres\/","title":{"rendered":"Bungalow Bulle de Vente V2 S\u00e9rie Renforc\u00e9e 6 meter"},"content":{"rendered":"<p>Notre bungalow Bulle de Vente 6 m\u00e8tres V2 avec coin WC est un module avec\u00a0<strong>une fa\u00e7ade toute vitr\u00e9e et \u00e9quip\u00e9 d\u2019un WC avec lave-mains<\/strong>, afin de r\u00e9pondre aux besoins de bureaux de vente pour diff\u00e9rentes activit\u00e9s : promoteurs immobiliers, vendeurs de v\u00e9hicules, marbreries, ind\u00e9pendants qui travaillent \u00e0 domicile, professions lib\u00e9rales, etc.<\/p>\n<p>&nbsp;<\/p>\n<div>\n<div>Beschrijving<\/div>\n<div>\n<div>\n<p>Bungalow Neuf Bulle de Vente V2 6 m\u00e8tres<\/p>\n<p>Met de Bulle de Vente bungalow heb je een comfortabel en aantrekkelijk kantoor of verkoopbalie voor\u00a0<strong>onverslaanbare tarieven en onverslaanbare levertijden<\/strong>\u00a0en comparaison avec une solution de construction. Nous avons standardis\u00e9 4 bulles de vente avec diff\u00e9rentes tailles et diff\u00e9rents niveaux d\u2019options.<\/p>\n<p><strong>Notre bulle de vente 6 m\u00e8tres V2 est propos\u00e9e de base dans notre s\u00e9rie \u00ab Renforc\u00e9e \u00bb.<\/strong><\/p>\n<p>Les bungalows de la s\u00e9rie \u00ab Renforc\u00e9e \u00bb sont des modules qui disposent d\u2019une structure renforc\u00e9e, ainsi que d\u2019une isolation thermique et phonique am\u00e9lior\u00e9e (isolant \u00e9pais et double vitrage). Ils pr\u00e9sentent un meilleur confort d\u2019utilisation vis-\u00e0-vis de la s\u00e9rie standard, donc sont plus adapt\u00e9s pour une utilisation \u00e0 destination par exemple de bureaux.<\/p>\n<p><strong>La Bulle de vente 6 m\u00e8tres V2 dispose de plusieurs options suppl\u00e9mentaires vis-\u00e0-vis de la V1 :<\/strong>\u00a0Menuiseries en aluminium laqu\u00e9 gris anthracite, Volets roulants en aluminium gris anthracite, isolation sous le plancher en laine de verre sur t\u00f4les de protection en acier galvanis\u00e9, 4 descentes d\u2019eau pluviale en acier galvanis\u00e9 couleur gris anthracite et pi\u00e8ce WC avec lave-mains.<\/p>\n<p>Ce module peut-\u00eatre assembl\u00e9 avec un autre module pour disposer d\u2019un espace plus grand : environ 27 m\u00b2 pour un ensemble de deux modules.<\/p>\n<p>Si vous souhaitez ce m\u00eame module avec la structure la plus renforc\u00e9e qu\u2019il existe dans notre gamme, ainsi que l\u2019isolation thermique et phonique la plus performante, vous pourrez demander un devis pour ce bungalow dans notre s\u00e9rie \u00ab\u00a0Isoplus\u00a0\u00bb.<\/p>\n<p>Notre bungalow \u00ab Bulle de Vente V2 \u00bb n\u00e9cessite\u00a0<strong>un d\u00e9lai de fabrication et de livraison de 4 semaines \u00e0 date de commande<\/strong>. C\u2019est notre mod\u00e8le Bulle de Vente que nous tenons en stock, donc qui dispose du d\u00e9lai de livraison le plus rapide.<\/p>\n<p><strong>Onze bungalows worden in Frankrijk gebouwd.<\/strong><\/p>\n<p>Technische specificaties<\/p>\n<p>AFMETINGEN<\/p>\n<ul>\n<li>Externe hoogte: 252 cm<\/li>\n<li>Hoogte interieur: 220 cm<\/li>\n<li>Lengte: 609 cm<\/li>\n<li>Breedte: 242 cm<\/li>\n<\/ul>\n<p>FRAME<\/p>\n<ul>\n<li>Materiaal: Verzinkt en gelakt staal<\/li>\n<li>Kleur: antracietgrijs RAL 7016<\/li>\n<li>Dikte: 2 mm<\/li>\n<li>Basis: hoogte 160 mm<\/li>\n<li>Dak: hoogte 200 mm<\/li>\n<li>Behandeling: 4 contactdozen op het dak voor hijshaken en vorken in de onderbouw<\/li>\n<\/ul>\n<p>WANDEN EN DAK<\/p>\n<ul>\n<li>Materiaal: sandwichpanelen<\/li>\n<li>Isolatie: Hard polyurethaanschuim<\/li>\n<li>Wanddikte: 50 mm<\/li>\n<li>Dakdikte: 40 mm<\/li>\n<li>Dakbedekking: Gegalvaniseerd plaatstaal met Griekse golven<\/li>\n<li>Kleur muur: Lichtgrijs RAL 9002<\/li>\n<\/ul>\n<p>VLOER<\/p>\n<ul>\n<li>Structuur : Waterafstotende spaanplaatpanelen<\/li>\n<li>Dikte: 18 mm<\/li>\n<li>Bekleding : PVC imitatieparket met zwarte plinten<\/li>\n<li>Isolant : Isolation sous plancher en laine de verre \u00e9p. 50 mm sur t\u00f4les de protection en acier galvanis\u00e9<\/li>\n<\/ul>\n<p>JOINERY<\/p>\n<ul>\n<li>Materiaal: antracietgrijs RAL 7016 gelakt aluminium<\/li>\n<li>Porte(s) : 1 porte entr\u00e9e dim. 104 x 220 cm (90 cm de passage) toute vitr\u00e9e, vitrage de s\u00e9curit\u00e9 feuillet\u00e9 clair \u00e9paisseur 4+4 mm avec volet roulant en aluminium couleur gris anthracite RAL 7016 + 1 porte int\u00e9rieure dim. 78 x 210 cm (64 cm de passage) pleine pour la pi\u00e8ce WC.<\/li>\n<li>Fen\u00eatre(s) : 2 baies vitr\u00e9es fixes dim. 204 x 220 cm vitrage de s\u00e9curit\u00e9 feuillet\u00e9 clair \u00e9paisseur 4+4 mm avec volets roulants en aluminium couleur gris anthracite RAL 7016 + 1 vasistas dim. 58 x 58 cm, double vitrage moul\u00e9 dans les WC.<\/li>\n<\/ul>\n<p>EQUIPEMENTS SANITAIRES<\/p>\n<ul>\n<li>1 lave-mains en c\u00e9ramique dimension 36 cm avec robinet et miroir<\/li>\n<li>1 WC \u00e0 l&rsquo;anglaise en c\u00e9ramique \u00e9quip\u00e9 d&rsquo;un r\u00e9servoir\u00a0PVC et d\u2019un porte-papier<\/li>\n<li>Arriv\u00e9e d&rsquo;eau en paroi (A), \u00e9vacuations raccord\u00e9es en une seule sortie en paroi (E)<\/li>\n<\/ul>\n<p>ELEKTRICITEIT<\/p>\n<ul>\n<li>Verlichting: 2 neon LED's<\/li>\n<li>Stopcontacten: 2 stopcontacten<\/li>\n<li>Verwarming: 1 convector 1500 W<\/li>\n<li>Paneel: 1 paneel inclusief interferentieel en stroomonderbrekers<\/li>\n<li>Aansluiting: 1 externe aansluitdoos<\/li>\n<\/ul>\n<p>Mogelijke opties<\/p>\n<ul>\n<li>Vrije keuze van framekleuren: wit RAL 9010, lichtgrijs RAL 9002 of antracietgrijs RAL 7016<\/li>\n<li>Plafondhoogte 2,40 m, deurhoogte 2,20 m<\/li>\n<li>Andere kleuren zijn verkrijgbaar als optie voor de panelen, het frame of het schrijnwerk.<\/li>\n<li>Basis op sleden (2 ipe balken van 16 cm)<\/li>\n<li>Ingebouwde doucheruimte (met warm water, natuurlijk) + deur + scheidingswanden<\/li>\n<li>2300 w UNICO R10 omkeerbare airconditioner<\/li>\n<li>Airconditioner met slechts 12000 BTU koeling<\/li>\n<li>Mobiele airconditioner SHINY 12 Omkeerbaar R290 3.5 KW + raamkit<\/li>\n<li>LED-panelen in plaats van neonlichten<\/li>\n<li>Extra deur met halve beglazing, volle deur of volledig glazen deur<\/li>\n<li>Extra raam, erker, snackraam of raam met loopdeur en hygiofoon<\/li>\n<li>Plancher en bois-ciment \u00e9paisseur 16 mm \u00e0 la place de l&rsquo;agglom\u00e9r\u00e9 (indispensable si le bungalow n&rsquo;est pas sur\u00e9lev\u00e9 de quelques cm par des plots ou des cales, ainsi que pour les milieux humides) port\u00e9e : 400 kg\/m\u00b2<\/li>\n<li>18 mm dikke fenolhouten vloer in plaats van spaanplaat, belastbaarheid: 500 kg\/m\u00b2.<\/li>\n<li>Rev\u00eatement de sol en PVC passage intensif \u00e0 la place PVC imitation parquet ou sol en carrelage<\/li>\n<li>Gladde panelen, voedselpanelen, steenwolpanelen of brandwerende panelen<\/li>\n<li>Extra aansluitingen of RJ45-aansluitingen<\/li>\n<\/ul>\n<p>Possibilit\u00e9 d&rsquo;ajouter une cuisinette<\/p>\n<ul>\n<li>Spoelbak 80x60cm 1 koude kom<\/li>\n<li>Spoelbak 80x60cm 1 kom met warm water<\/li>\n<li>Aanrecht + warm water + 2 kookplaten + koelkast<\/li>\n<\/ul>\n<\/div>\n<\/div>\n<\/div>","protected":false},"excerpt":{"rendered":"<p>Notre bungalow Bulle de Vente 6 m\u00e8tres V2 avec coin WC est un module avec\u00a0une fa\u00e7ade toute vitr\u00e9e et \u00e9quip\u00e9 d\u2019un WC avec lave-mains, afin de r\u00e9pondre aux besoins de bureaux de vente pour diff\u00e9rentes activit\u00e9s : promoteurs immobiliers, vendeurs de v\u00e9hicules, marbreries, ind\u00e9pendants qui travaillent \u00e0 domicile, professions lib\u00e9rales, etc. &nbsp; Description Bungalow Neuf [&hellip;]<\/p>","protected":false},"featured_media":27634,"comment_status":"open","ping_status":"closed","template":"","meta":{"_monsterinsights_skip_tracking":false,"_monsterinsights_sitenote_active":false,"_monsterinsights_sitenote_note":"","_monsterinsights_sitenote_category":0},"product_cat":[15,100],"product_tag":[],"aioseo_notices":[],"_links":{"self":[{"href":"https:\/\/alex-elec.eu\/nl\/wp-json\/wp\/v2\/product\/27633"}],"collection":[{"href":"https:\/\/alex-elec.eu\/nl\/wp-json\/wp\/v2\/product"}],"about":[{"href":"https:\/\/alex-elec.eu\/nl\/wp-json\/wp\/v2\/types\/product"}],"replies":[{"embeddable":true,"href":"https:\/\/alex-elec.eu\/nl\/wp-json\/wp\/v2\/comments?post=27633"}],"wp:featuredmedia":[{"embeddable":true,"href":"https:\/\/alex-elec.eu\/nl\/wp-json\/wp\/v2\/media\/27634"}],"wp:attachment":[{"href":"https:\/\/alex-elec.eu\/nl\/wp-json\/wp\/v2\/media?parent=27633"}],"wp:term":[{"taxonomy":"product_cat","embeddable":true,"href":"https:\/\/alex-elec.eu\/nl\/wp-json\/wp\/v2\/product_cat?post=27633"},{"taxonomy":"product_tag","embeddable":true,"href":"https:\/\/alex-elec.eu\/nl\/wp-json\/wp\/v2\/product_tag?post=27633"}],"curies":[{"name":"wp","href":"https:\/\/api.w.org\/{rel}","templated":true}]}}