{"id":27620,"date":"2023-09-20T23:13:58","date_gmt":"2023-09-20T23:13:58","guid":{"rendered":"https:\/\/alex-elec.eu\/?post_type=product&#038;p=27620"},"modified":"2023-09-20T23:13:58","modified_gmt":"2023-09-20T23:13:58","slug":"bungalow-de-chantier-salle-de-reunion-de-6-metres-serie-renforcee","status":"publish","type":"product","link":"https:\/\/alex-elec.eu\/nl\/product\/bungalow-de-chantier-salle-de-reunion-de-6-metres-serie-renforcee\/","title":{"rendered":"6 meter bungalow op bouwplaats - Versterkte serie"},"content":{"rendered":"<p>Deze Bungalow met vergaderruimte van 6 meter is perfect voor het ontvangen van uw teams en onderaannemers.\u00a0<strong>Het kan worden uitgerust met een grote tafel, stoelen of banken en alle apparatuur die je nodig hebt, afhankelijk van je werkelijke behoeften.<\/strong><\/p>\n<p>&nbsp;<\/p>\n<div>\n<div>Beschrijving<\/div>\n<div>\n<div>\n<p>Krijg een kant-en-klare, aanpasbare modulaire vergaderruimte met onze 6 meter lange bungalow!<\/p>\n<p>Wilt u de oppervlakte van uw bedrijfspand vergroten en tegelijkertijd de kosten verlagen? Weet u niet waar u uw prospects, klanten, leveranciers of personeel kunt ontvangen? Bezoek\u00a0<strong>Bungalow Vergaderzaal<\/strong>\u00a0is een oplossing\u00a0<strong>snel en effici\u00ebnt\u00a0<\/strong>te plaatsen.<\/p>\n<p>Onze\u00a0<strong>6-meter bungalow<\/strong>\u00a0toegewijd aan het cre\u00ebren van een<strong>\u00a0vergaderzaal<\/strong>\u00a0biedt superieur thermisch comfort tegen lagere investeringskosten dan traditionele constructies.<\/p>\n<p>Bij BTPMAT zetten we ons in om je te voorzien van\u00a0<strong>modulaire gebouwen aangepast aan uw wensen en eisen<\/strong>van ontwerp tot levering, en niet te vergeten de gewenste lay-out.<\/p>\n<p>AFMETINGEN VAN EEN VERGADERRUIMTE BUNGALOW<\/p>\n<ul>\n<li>Externe hoogte: 252 cm<\/li>\n<li>Hoogte interieur: 220 cm<\/li>\n<li>Lengte: 609 cm<\/li>\n<li>Breedte: 242 cm<\/li>\n<\/ul>\n<p>FRAME<\/p>\n<ul>\n<li>Materiaal: Verzinkt en gelakt staal<\/li>\n<li>Kleur: Lichtgrijs RAL 9002<\/li>\n<li>Dikte: 2 mm<\/li>\n<li>Basis: hoogte 160 mm<\/li>\n<li>Dak: hoogte 200 mm<\/li>\n<li>Hantering: 4 bussen op het dak voor hijshaken<\/li>\n<\/ul>\n<p>WANDEN EN DAK<\/p>\n<ul>\n<li>Materiaal: sandwichpanelen<\/li>\n<li>Isolatie: Hard polyurethaanschuim<\/li>\n<li>Wanddikte: 50 mm<\/li>\n<li>Dakdikte: 40 mm<\/li>\n<li>Dakbedekking: Gegalvaniseerd plaatstaal met Griekse golven<\/li>\n<li>Kleur: Lichtgrijs RAL 9002<\/li>\n<\/ul>\n<p>VLOER<\/p>\n<ul>\n<li>Structuur : Waterafstotende spaanplaatpanelen<\/li>\n<li>Dikte: 18 mm<\/li>\n<li>Bekleding : PVC<\/li>\n<\/ul>\n<p>JOINERY<\/p>\n<ul>\n<li>Materiaal: Wit gelakt aluminium RAL 9010<\/li>\n<li>Deur(en): 1 deur met halve beglazing, afm. 104 x 220 cm, dubbele beglazing met tralies<\/li>\n<li>Raam(en): 1 schuifraam, afmeting 104 x 110 cm, dubbel glas met spijlen<\/li>\n<\/ul>\n<p>ELEKTRICITEIT<\/p>\n<ul>\n<li>Verlichting: 2 neon LED's<\/li>\n<li>Stopcontacten: 2 stopcontacten<\/li>\n<li>Verwarming: 1 convector 1500 W<\/li>\n<li>Paneel: 1 paneel inclusief interferentieel en stroomonderbrekers<\/li>\n<li>Aansluiting: 1 externe aansluitdoos<\/li>\n<\/ul>\n<p>Mogelijke opties<\/p>\n<ul>\n<li>Vrije keuze van framekleuren: wit RAL 9010, lichtgrijs RAL 9002 of antracietgrijs RAL 7016<\/li>\n<li>Andere kleuren zijn verkrijgbaar als optie voor de panelen, het frame of het schrijnwerk.<\/li>\n<li>Vloerisolatie in 50 mm dikke glaswol op gegalvaniseerde stalen beschermplaten<\/li>\n<li>Plafondhoogte 2,40 m, deurhoogte 2,20 m<\/li>\n<li>Onderstel met vorkdoorgang (90 cm hartafstand) voor verplaatsing met vorkheftruck uitgerust met vorken van 250 cm<\/li>\n<li>Basis op sleden (2 ipe balken van 16 cm)<\/li>\n<li>Ge\u00efntegreerde WC-ruimte met WC + wastafel + deur + scheidingswanden (warm water bij wastafel mogelijk tegen meerprijs)<\/li>\n<li>Ingebouwde doucheruimte (met warm water, natuurlijk) + deur + scheidingswanden<\/li>\n<li>4 regenpijpen<\/li>\n<li>Aluminium schrijnwerk antracietgrijs gelakt RAL 7016<\/li>\n<li>2300 w UNICO R10 omkeerbare airconditioner<\/li>\n<li>Airconditioner met slechts 12000 BTU koeling<\/li>\n<li>Mobiele airconditioner SHINY 12 Omkeerbaar R290 3.5 KW + raamkit<\/li>\n<li>LED-panelen in plaats van neonlichten<\/li>\n<li>Extra deur met halve beglazing, volle deur of volledig glazen deur<\/li>\n<li>Raam, erker, snackraam of raam met loopdeur en extra hygiofoon<\/li>\n<li>Aluminium of PVC rolluiken, speciale kleuren verkrijgbaar<\/li>\n<li>Hout-betonvloer, 16 mm dik, in plaats van spaanplaat (essentieel als de bungalow niet een paar cm verhoogd is met noppen of wiggen, en voor vochtige omgevingen) Draagvermogen: 400 kg\/m\u00b2.<\/li>\n<li>18 mm dikke fenolhouten vloer in plaats van spaanplaat, belastbaarheid: 500 kg\/m\u00b2.<\/li>\n<li>PVC vloeren voor zwaar gebruik in plaats van standaard PVC imitatieparket of tegelvloeren<\/li>\n<li>Gladde panelen, voedselpanelen, steenwolpanelen of brandwerende panelen<\/li>\n<li>Verwijderen van tralies voor deuren en ramen = gratis<\/li>\n<li>Extra aansluitingen of RJ45-aansluitingen<\/li>\n<\/ul>\n<p>Opties voor het toevoegen van een kitchenette<\/p>\n<ul>\n<li>Spoelbak 80x60cm 1 koude kom<\/li>\n<li>Spoelbak 80x60cm 1 kom met warm water<\/li>\n<li>Aanrecht + warm water + 2 kookplaten + koelkast<\/li>\n<\/ul>\n<\/div>\n<\/div>\n<\/div>","protected":false},"excerpt":{"rendered":"<p>Ce Bungalow Salle De R\u00e9union de 6 m\u00e8tres est parfait pour accueillir vos \u00e9quipes et sous-traitants.\u00a0Il peut \u00eatre \u00e9quip\u00e9 d&rsquo;une grande table, de chaises ou de bancs et tout l&rsquo;\u00e9quipement qui sera n\u00e9cessaire en fonction de vos besoins r\u00e9els. &nbsp; Description Equipez-vous d&rsquo;une salle de r\u00e9union modulaire pr\u00eate \u00e0 l&#8217;emploi et personnalisable gr\u00e2ce \u00e0 notre [&hellip;]<\/p>","protected":false},"featured_media":27621,"comment_status":"open","ping_status":"closed","template":"","meta":{"_monsterinsights_skip_tracking":false,"_monsterinsights_sitenote_active":false,"_monsterinsights_sitenote_note":"","_monsterinsights_sitenote_category":0},"product_cat":[15,100],"product_tag":[],"aioseo_notices":[],"_links":{"self":[{"href":"https:\/\/alex-elec.eu\/nl\/wp-json\/wp\/v2\/product\/27620"}],"collection":[{"href":"https:\/\/alex-elec.eu\/nl\/wp-json\/wp\/v2\/product"}],"about":[{"href":"https:\/\/alex-elec.eu\/nl\/wp-json\/wp\/v2\/types\/product"}],"replies":[{"embeddable":true,"href":"https:\/\/alex-elec.eu\/nl\/wp-json\/wp\/v2\/comments?post=27620"}],"wp:featuredmedia":[{"embeddable":true,"href":"https:\/\/alex-elec.eu\/nl\/wp-json\/wp\/v2\/media\/27621"}],"wp:attachment":[{"href":"https:\/\/alex-elec.eu\/nl\/wp-json\/wp\/v2\/media?parent=27620"}],"wp:term":[{"taxonomy":"product_cat","embeddable":true,"href":"https:\/\/alex-elec.eu\/nl\/wp-json\/wp\/v2\/product_cat?post=27620"},{"taxonomy":"product_tag","embeddable":true,"href":"https:\/\/alex-elec.eu\/nl\/wp-json\/wp\/v2\/product_tag?post=27620"}],"curies":[{"name":"wp","href":"https:\/\/api.w.org\/{rel}","templated":true}]}}