{"id":27610,"date":"2023-09-20T23:09:47","date_gmt":"2023-09-20T23:09:47","guid":{"rendered":"https:\/\/alex-elec.eu\/?post_type=product&#038;p=27610"},"modified":"2023-09-20T23:09:47","modified_gmt":"2023-09-20T23:09:47","slug":"bungalow-bureau-neuf-serie-isoplus-5-metres","status":"publish","type":"product","link":"https:\/\/alex-elec.eu\/nl\/product\/bungalow-bureau-neuf-serie-isoplus-5-metres\/","title":{"rendered":"Bungalow Kantoor Nieuwe Serie Isoplus 5 meter"},"content":{"rendered":"<p>Le\u00a0<strong>5M bungalow uit de Isoplus-serie<\/strong>\u00a0biedt het ultieme gebruikerscomfort en is perfect geschikt voor gebruik als kantoor. Het is een topmodel, met een versterkte structuur en maximale warmte- en geluidsisolatie.<\/p>\n<p>&nbsp;<\/p>\n<div>\n<div>Beschrijving<\/div>\n<div>\n<div>\n<p>Nieuw 5M Isoplus Kantoor Bungalow<\/p>\n<p>Hoewel ze in de eerste plaats bedoeld zijn om het personeel op de bouwplaats comfort te bieden (kantoren, eetzalen, kleedkamers, enz.), zijn werfbungalows ook geschikt voor vele andere toepassingen in de industrie en de dienstensector (werkplaatsen, opslag, kantoren, machineoverkappingen, enz.). Ze bieden een ge\u00efsoleerde, lichte en comfortabele structuur die voldoet aan een groot aantal behoeften.<\/p>\n<p>Het voordeel van de bungalow ligt in twee belangrijke factoren: snelle installatie en een zeer aantrekkelijke prijs per m\u00b2.<br \/>\nVeel bedrijven, verenigingen, lokale overheden en zelfs particulieren kiezen nu voor deze oplossing, omdat het een ge\u00efsoleerd gebouw oplevert.\u00a0<strong>binnen een onverslaanbaar tijdsbestek en tegen een onverslaanbare prijs<\/strong>\u00a0vergeleken met een conventionele bouwoplossing.<\/p>\n<p>De bungalows van de serie \"Isoplus\" zijn modules met de meest versterkte structuur in ons assortiment en de beste warmte- en geluidsisolatie. Ze hebben de dikste versterkte structuur, 8 cm dikke isolatiepanelen, dubbele beglazing en 8 cm dikke glaswol ondervloerisolatie.<\/p>\n<p>Onze Isoplus bungalow heeft een\u00a0<strong>productie- en levertijd van 8 weken<\/strong>Welke maat je ook nodig hebt. Voor een snellere doorlooptijd kun je onze bungalow uit de \"Speciale\" serie overwegen (alleen verkrijgbaar in 6 meter), of onze bungalow uit de \"Standaard\" serie.<\/p>\n<p><strong>Onze bungalows worden in Frankrijk gebouwd.<\/strong><\/p>\n<p>AFMETINGEN<\/p>\n<ul>\n<li>Externe hoogte: 257 cm<\/li>\n<li>Hoogte interieur: 220 cm<\/li>\n<li>Lengte: 509 cm<\/li>\n<li>Breedte: 242 cm<\/li>\n<\/ul>\n<p>FRAME<\/p>\n<ul>\n<li>Beschrijving : Verzinkt en gelakt staal<\/li>\n<li>Kleur: antracietgrijs RAL 7016<\/li>\n<li>Dikte: 2 mm<\/li>\n<li>Basis: hoogte 160 mm<\/li>\n<li>Dak: hoogte 250 mm<\/li>\n<li>Hantering: 4 bussen op het dak voor hijshaken<\/li>\n<\/ul>\n<p>WANDEN EN DAK<\/p>\n<ul>\n<li>Materiaal: sandwichpanelen<\/li>\n<li>Isolatie: Hard polyurethaanschuim<\/li>\n<li>Wanddikte: 80 mm<\/li>\n<li>Dakdikte: 80 mm<\/li>\n<li>Dak: Gegalvaniseerd plaatstaal met Griekse golven<\/li>\n<li>Kleur paneel: Lichtgrijs RAL 9002<\/li>\n<\/ul>\n<p>VLOER<\/p>\n<ul>\n<li>Structuur : Waterafstotende spaanplaatpanelen<\/li>\n<li>Dikte: 18 mm<\/li>\n<li>Bekleding : PVC<\/li>\n<li>Isolatie: Isolatie van glaswol onder de vloer, 80 mm dik, op gegalvaniseerde stalen beschermplaten.<\/li>\n<\/ul>\n<p>JOINERY<\/p>\n<ul>\n<li>Materiaal: Wit gelakt aluminium RAL 9010<\/li>\n<li>Deur(en): 1 deur met halve beglazing, afm. 104 x 220 cm, dubbele beglazing met tralies<\/li>\n<li>Raam(en): 1 schuifraam, afmeting 104 x 110 cm, dubbel glas met spijlen<\/li>\n<\/ul>\n<p>ELEKTRICITEIT<\/p>\n<ul>\n<li>Verlichting: 2 neon LED's<\/li>\n<li>Stopcontacten: 2 stopcontacten<\/li>\n<li>Verwarming: 1 convector 1500 W<\/li>\n<li>Paneel: 1 paneel inclusief interferentieel en stroomonderbrekers<\/li>\n<li>Aansluiting: 1 externe aansluitdoos<\/li>\n<\/ul>\n<p>Mogelijke opties<\/p>\n<ul>\n<li>Vrije keuze van framekleuren: wit RAL 9010, lichtgrijs RAL 9002 of antracietgrijs RAL 7016<\/li>\n<li>Andere kleuren zijn verkrijgbaar als optie voor de panelen, het frame of het schrijnwerk.<\/li>\n<li>Onderstel met vorkdoorgang (90 cm hartafstand) voor verplaatsing met vorkheftruck uitgerust met vorken van 250 cm<\/li>\n<li>Plafondhoogte 2,40 m, deurhoogte 2,20 m<\/li>\n<li>Basis op sleden (2 ipe balken van 16 cm)<\/li>\n<li>Ge\u00efntegreerde WC-ruimte met WC + wastafel + deur + scheidingswanden (warm water bij wastafel mogelijk tegen meerprijs)<\/li>\n<li>Ingebouwde doucheruimte (met warm water, natuurlijk) + deur + scheidingswanden<\/li>\n<li>4 regenpijpen<\/li>\n<li>Aluminium schrijnwerk antracietgrijs gelakt RAL 7016<\/li>\n<li>2300 w UNICO R10 omkeerbare airconditioner<\/li>\n<li>Airconditioner met slechts 12000 BTU koeling<\/li>\n<li>Mobiele airconditioner SHINY 12 Omkeerbaar R290 3.5 KW + raamkit<\/li>\n<li>LED-panelen in plaats van neonlichten<\/li>\n<li>Extra deur met halve beglazing, volle deur of volledig glazen deur<\/li>\n<li>Extra raam, erker, snackraam of raam met loopdeur en hygiofoon<\/li>\n<li>Aluminium of PVC rolluiken, speciale kleuren verkrijgbaar<\/li>\n<li>Hout-betonvloer, 16 mm dik, in plaats van spaanplaat (essentieel als de bungalow niet een paar cm verhoogd is met noppen of wiggen, en voor vochtige omgevingen) Draagvermogen: 400 kg\/m\u00b2.<\/li>\n<li>18 mm dikke fenolhouten vloer in plaats van spaanplaat, belastbaarheid: 500 kg\/m\u00b2.<\/li>\n<li>PVC vloeren voor zwaar gebruik in plaats van standaard PVC imitatieparket of tegelvloeren<\/li>\n<li>Gladde panelen, voedselpanelen, steenwolpanelen of brandwerende panelen<\/li>\n<li>Verwijderen van tralies voor deuren en ramen = gratis<\/li>\n<li>Extra aansluitingen of RJ45-aansluitingen<\/li>\n<\/ul>\n<p>Opties voor het toevoegen van een kitchenette<\/p>\n<ul>\n<li>Spoelbak 80x60cm 1 koude kom<\/li>\n<li>Spoelbak 80x60cm 1 kom met warm water<\/li>\n<li>Aanrecht + warm water + 2 kookplaten + koelkast<\/li>\n<\/ul>\n<\/div>\n<\/div>\n<\/div>","protected":false},"excerpt":{"rendered":"<p>Le\u00a0Bungalow 5M de la s\u00e9rie Isoplus\u00a0pr\u00e9sente le meilleur confort d&rsquo;utilisation\u00a0et est parfaitement adapt\u00e9 pour \u00eatre utilis\u00e9 comme bureau. Il s&rsquo;agit d&rsquo;un mod\u00e8le haut-de-gamme, avec une structure renforc\u00e9e ainsi qu&rsquo;une isolation thermique et phonique maximale. &nbsp; Description Bungalow Bureau Isoplus Neuf de 5M Si leur vocation premi\u00e8re est le confort du personnel de chantier (bureaux, r\u00e9fectoires, [&hellip;]<\/p>","protected":false},"featured_media":27611,"comment_status":"open","ping_status":"closed","template":"","meta":{"_monsterinsights_skip_tracking":false,"_monsterinsights_sitenote_active":false,"_monsterinsights_sitenote_note":"","_monsterinsights_sitenote_category":0},"product_cat":[15,100],"product_tag":[],"aioseo_notices":[],"_links":{"self":[{"href":"https:\/\/alex-elec.eu\/nl\/wp-json\/wp\/v2\/product\/27610"}],"collection":[{"href":"https:\/\/alex-elec.eu\/nl\/wp-json\/wp\/v2\/product"}],"about":[{"href":"https:\/\/alex-elec.eu\/nl\/wp-json\/wp\/v2\/types\/product"}],"replies":[{"embeddable":true,"href":"https:\/\/alex-elec.eu\/nl\/wp-json\/wp\/v2\/comments?post=27610"}],"wp:featuredmedia":[{"embeddable":true,"href":"https:\/\/alex-elec.eu\/nl\/wp-json\/wp\/v2\/media\/27611"}],"wp:attachment":[{"href":"https:\/\/alex-elec.eu\/nl\/wp-json\/wp\/v2\/media?parent=27610"}],"wp:term":[{"taxonomy":"product_cat","embeddable":true,"href":"https:\/\/alex-elec.eu\/nl\/wp-json\/wp\/v2\/product_cat?post=27610"},{"taxonomy":"product_tag","embeddable":true,"href":"https:\/\/alex-elec.eu\/nl\/wp-json\/wp\/v2\/product_tag?post=27610"}],"curies":[{"name":"wp","href":"https:\/\/api.w.org\/{rel}","templated":true}]}}